{"id":1022,"date":"2024-08-20T18:22:23","date_gmt":"2024-08-20T16:22:23","guid":{"rendered":"https:\/\/dev.kerstinritter-knits.de\/?post_type=product&#038;p=1022"},"modified":"2026-04-15T16:02:44","modified_gmt":"2026-04-15T14:02:44","slug":"schutzengel-mit-silbernen-engelsfluegeln","status":"publish","type":"product","link":"https:\/\/kerstinritter-knits.de\/en\/product\/schutzengel-mit-silbernen-engelsfluegeln\/","title":{"rendered":"Schutzengel mit silbernen oder goldenen Engelsfl\u00fcgeln"},"content":{"rendered":"<p>wundersch\u00f6ne kleine Schutzengel mit silbernen oder goldenen Fl\u00fcgeln und Kr\u00f6nchen am Lederband.<\/p>\n<p>Die Schutzengel gibt es in verschiedenen Ausf\u00fchrungen: Lava, Amethyst, Rosenquarz, Lapislazuli, gr\u00fcne Jade, Jade pink, Perlmutt und Tigerauge.<\/p>\n<p>Die Perlen haben eine Gr\u00f6\u00dfe von 8mm und 6mm, mit kleinem Kr\u00f6nchen und die L\u00e4nge des Lederbands betr\u00e4gt doppelt ca. 9-10 cm. Passt ideal an den R\u00fcckspiegel des Autos (w\u00e4re ein ideales Geschenk f\u00fcr eine &#8222;allzeit gute Fahrt&#8220;)<\/p>\n<p>Das Lederband ist geknotet und kann daher von der L\u00e4nge individuell angepasst werden &#8211; z.B. als Schl\u00fcsselanh\u00e4nger oder f\u00fcr die Handtasche, Schulranzen, Strick- oder Kosmetiktasche etc.<\/p>\n<p>Die Schutzengel werden von meiner Tochter selbst hergestellt. Passend dazu gibt es f\u00fcr Strickerinnen\/H\u00e4klerinnen passende Maschenmarkierer und Reihenmarkierer.<\/p>\n<p>Wir freuen uns \u00fcber euren Besuch! Liebe Gr\u00fc\u00dfe Maya und Kerstin.<\/p>","protected":false},"excerpt":{"rendered":"<p>wundersch\u00f6ne kleine Schutzengel mit silbernen oder goldenen Fl\u00fcgeln und Kr\u00f6nchen am Lederband. Die Schutzengel gibt es in verschiedenen Ausf\u00fchrungen: Lava, Amethyst, Rosenquarz, Lapislazuli, gr\u00fcne Jade, Jade pink, Perlmutt und Tigerauge. Die Perlen haben eine Gr\u00f6\u00dfe von 8mm und 6mm, mit kleinem Kr\u00f6nchen und die L\u00e4nge des Lederbands betr\u00e4gt doppelt ca. 9-10 cm. Passt ideal an den R\u00fcckspiegel des Autos (w\u00e4re ein ideales Geschenk f\u00fcr eine &#8222;allzeit gute Fahrt&#8220;) Das Lederband ist geknotet und kann daher von der L\u00e4nge individuell angepasst werden &#8211; z.B. als Schl\u00fcsselanh\u00e4nger oder f\u00fcr die Handtasche, Schulranzen, Strick- oder Kosmetiktasche etc. Die Schutzengel werden von meiner Tochter selbst hergestellt. Passend dazu gibt es f\u00fcr Strickerinnen\/H\u00e4klerinnen passende Maschenmarkierer und Reihenmarkierer. Wir freuen uns \u00fcber euren Besuch! Liebe Gr\u00fc\u00dfe Maya und Kerstin.<\/p>","protected":false},"featured_media":1030,"comment_status":"open","ping_status":"closed","template":"","meta":{"_acf_changed":false},"product_brand":[],"product_cat":[101],"product_tag":[],"class_list":{"0":"post-1022","1":"product","2":"type-product","3":"status-publish","4":"has-post-thumbnail","6":"product_cat-schutzengel","7":"product_shipping_class-sonstiges","9":"first","10":"instock","11":"taxable","12":"shipping-taxable","13":"purchasable","14":"product-type-variable"},"acf":[],"_links":{"self":[{"href":"https:\/\/kerstinritter-knits.de\/en\/wp-json\/wp\/v2\/product\/1022","targetHints":{"allow":["GET"]}}],"collection":[{"href":"https:\/\/kerstinritter-knits.de\/en\/wp-json\/wp\/v2\/product"}],"about":[{"href":"https:\/\/kerstinritter-knits.de\/en\/wp-json\/wp\/v2\/types\/product"}],"replies":[{"embeddable":true,"href":"https:\/\/kerstinritter-knits.de\/en\/wp-json\/wp\/v2\/comments?post=1022"}],"wp:featuredmedia":[{"embeddable":true,"href":"https:\/\/kerstinritter-knits.de\/en\/wp-json\/wp\/v2\/media\/1030"}],"wp:attachment":[{"href":"https:\/\/kerstinritter-knits.de\/en\/wp-json\/wp\/v2\/media?parent=1022"}],"wp:term":[{"taxonomy":"product_brand","embeddable":true,"href":"https:\/\/kerstinritter-knits.de\/en\/wp-json\/wp\/v2\/product_brand?post=1022"},{"taxonomy":"product_cat","embeddable":true,"href":"https:\/\/kerstinritter-knits.de\/en\/wp-json\/wp\/v2\/product_cat?post=1022"},{"taxonomy":"product_tag","embeddable":true,"href":"https:\/\/kerstinritter-knits.de\/en\/wp-json\/wp\/v2\/product_tag?post=1022"}],"curies":[{"name":"wp","href":"https:\/\/api.w.org\/{rel}","templated":true}]}}