{"id":10228,"date":"2026-01-27T14:01:02","date_gmt":"2026-01-27T13:01:02","guid":{"rendered":"https:\/\/kerstinritter-knits.de\/?post_type=product&#038;p=10228"},"modified":"2026-02-04T06:11:30","modified_gmt":"2026-02-04T05:11:30","slug":"sansa-poncho-dt-engl","status":"publish","type":"product","link":"https:\/\/kerstinritter-knits.de\/en\/product\/sansa-poncho-dt-engl\/","title":{"rendered":"SANSA Poncho dt.\/engl."},"content":{"rendered":"<p>Der Sansa Poncho ist ein zeitloses Strickdesign, das Komfort und Struktur auf besondere Weise verbindet. Er wird nahtlos von oben nach unten gearbeitet und beginnt mit einem markanten Stehkragen, der nicht nur w\u00e4rmt, sondern auch Geborgenheit ausstrahlt.<\/p>\n<p>F\u00fcr einen optimalen Tragekomfort werden am Ende des Stehkragens verk\u00fcrzte Reihen gearbeitet. Anschlie\u00dfend geht das Design in eine durchdachte Raglan-Konstruktion \u00fcber \u2013 ausdrucksstarke Z\u00f6pfe, die ihr bereits vom Sansa Sweater kennt, flie\u00dfen dabei elegant \u00fcber den K\u00f6rper. Die bequeme Mehrweite sorgt f\u00fcr eine l\u00e4ssige Passform und macht den Sansa Poncho zu einem vielseitigen Begleiter \u2013 ideal zum \u00dcberziehen an k\u00fchlen Tagen und perfekt f\u00fcr entspannte, stilvolle Looks.<\/p>\n<p>Die sehr tief angesetzten \u00c4rmel verleihen Sansa seine entspannte, flie\u00dfende Form. Sie schenken diesem Design maximale Bewegungsfreiheit und sorgen daf\u00fcr, dass sich der Poncho beim Tragen weich um den K\u00f6rper legt, ohne einzuengen. Gleichzeitig entsteht eine l\u00e4ssige Silhouette, die das \u00dcberziehen erleichtert und mehrere Lagen darunter m\u00fchelos zul\u00e4sst. Du hast die M\u00f6glichkeit, Rumpf und \u00c4rmel zu verl\u00e4ngern, so dass du deinen eigenen Stil tragen kannst, damit der Sansa Poncho zu deinem perfekten Begleiter im Alltag wird.<\/p>\n<p>Alle Abk\u00fcrzungen, Techniken und Links zu Videotutorials sind in der Anleitung beschrieben bzw. hinterlegt.<\/p>\n<p>Maschenprobe\u00a0\u00a0\u00a0 nach dem Waschen und Spannen: 14Ma x 21Rh = 10 x 10 cm glatt rechts<\/p>\n<p>Nadeln\u00a0\u00a0\u00a0\u00a0\u00a0\u00a0\u00a0\u00a0\u00a0\u00a0\u00a0\u00a0\u00a0\u00a0 5,00 (4,0 f\u00fcr die B\u00fcndchen und 3,5 f\u00fcr den Halsausschnitt)<\/p>\n<p>Zubeh\u00f6r\u00a0\u00a0\u00a0\u00a0\u00a0\u00a0\u00a0\u00a0\u00a0\u00a0\u00a0\u00a0 8 Maschenmarkierer (gibts hier im Shop).<\/p>\n<p><strong>Material\/Garnempfehlung<\/strong><\/p>\n<p>Lamana: Como Grande<\/p>\n<p>(100% Superlight Merino Schurwolle, 50 gr. = 120 m Laufl\u00e4nge)<\/p>\n<p>oder:<\/p>\n<p>Gepard: Woolia &amp; Wild and Soft (s. Fotos von Claudine_strickt in dunkelblau)<\/p>\n<p>(Woolia: 100% Wolle, 50 gr. = 132 m, Wild and Soft: 60% Schurwolle, 40% Tussaseide, 50 gr. = 240 m LL)<\/p>\n<p><strong>Garnmenge \/ Verbrauch<\/strong><\/p>\n<table>\n<tbody>\n<tr>\n<td width=\"75\"><\/td>\n<td width=\"132\">Laufl\u00e4nge<\/td>\n<\/tr>\n<tr>\n<td width=\"75\">Gr. 1<\/td>\n<td width=\"132\">ca. 980 m<\/td>\n<\/tr>\n<tr>\n<td width=\"75\">Gr. 2<\/td>\n<td width=\"132\">ca. 1350 m<\/td>\n<\/tr>\n<\/tbody>\n<\/table>\n<p><em>Und ca. 30m Kontrastfarbe<\/em><\/p>\n<p><strong>Gr\u00f6\u00dfen-Tabelle<\/strong><\/p>\n<p>Um die f\u00fcr dich richtige Gr\u00f6\u00dfe zu finden, solltest du deinen Brustumfang messen. Der Sansa Poncho f\u00e4llt nach dem Waschen und Spannen mit einer gro\u00dfen Mehrweite (positive ease) von ca. 60 cm aus.<\/p>\n<p><strong>!!<\/strong> Die breiteste Stelle des Sansa Ponchos ist hier nicht der Brustumfang, sondern in H\u00fcfth\u00f6he!<\/p>\n<p>Beispiel: Wenn dein Brustumfang 93 cm misst, solltest du Gr\u00f6\u00dfe 1 w\u00e4hlen. Gr. 1 hat einen Brustumfang nach dem Waschen und Spannen von ca. 120-130 cm.<\/p>\n<table>\n<tbody>\n<tr>\n<td width=\"152\">Ma\u00dfe in cm<\/td>\n<td width=\"103\"><strong>Gr. 1 (S-M)<\/strong><\/td>\n<td width=\"94\"><strong>Gr. 2 (L-2XL)<\/strong><\/td>\n<\/tr>\n<tr>\n<td width=\"152\">Dein Brustumfang in cm<\/td>\n<td width=\"103\">75-108<\/td>\n<td width=\"94\">109-135<\/td>\n<\/tr>\n<tr>\n<td width=\"152\">Breiteste Stelle Poncho <strong>A<\/strong><\/td>\n<td width=\"103\">78<\/td>\n<td width=\"94\">90<\/td>\n<\/tr>\n<tr>\n<td width=\"152\">L\u00e4nge VT <strong>B<\/strong><\/td>\n<td width=\"103\">60<\/td>\n<td width=\"94\">64<\/td>\n<\/tr>\n<tr>\n<td width=\"152\">Arml\u00e4nge <strong>C<\/strong><\/td>\n<td width=\"103\">60<\/td>\n<td width=\"94\">65<\/td>\n<\/tr>\n<tr>\n<td width=\"152\">Armumfang <strong>D<\/strong><\/td>\n<td width=\"103\">36<\/td>\n<td width=\"94\">42<\/td>\n<\/tr>\n<tr>\n<td width=\"152\">Rumpf nach Trennung <strong>E<\/strong><\/td>\n<td width=\"103\">14<\/td>\n<td width=\"94\">18<\/td>\n<\/tr>\n<tr>\n<td width=\"152\">H\u00f6he Halsausschnitt <strong>F<\/strong><\/td>\n<td width=\"103\">11<\/td>\n<td width=\"94\">11<\/td>\n<\/tr>\n<\/tbody>\n<\/table>\n<p>Mein Modell habe ich in Gr. 1 aus Farbe Nr. 28 (schiefergrau) und Nr. 72 (Kirschbl\u00fcte) gestrickt, ich bin ca. 1,67m gro\u00df.<\/p>\n<p>Die Anleitung erh\u00e4ltst du nach Zahlungseingang per Download.<\/p>\n<p>&nbsp;<\/p>\n<p>Sansa Poncho is a timeless knit design that combines comfort and structure in a unique way. It is worked seamlessly top down and begins with a striking stand-up collar that not only keeps you warm, but also exudes a sense of coziness.<\/p>\n<p>For ultimate comfort, short rows are worked at the end of the collar. The design then transitions into a sophisticated raglan construction \u2013 expressive cables, which you already know from the Sansa Sweater, run elegantly down the body. The comfortable oversized fit ensures a casual look and makes the Sansa poncho a versatile companion \u2013 ideal for throwing on on cool days and perfect for relaxed, stylish looks.<\/p>\n<p>The very deep sleeves give Sansa its relaxed, flowing shape. They allow this design maximum freedom of movement and ensure that the poncho drapes softly around the body when worn, without feeling restrictive. At the same time, it creates a relaxed silhouette that makes it easy to slip on and allows for multiple layers underneath. You have the option of lengthening the body and sleeves so that you can wear your own style, making the Sansa Poncho your perfect everyday companion.<\/p>\n<p>All abbreviations, techniques and links to video tutorials can be found on page 7.<\/p>\n<p>Gauge\u00a0\u00a0 \u00a0\u00a0\u00a0\u00a0\u00a0\u00a0\u00a0\u00a0\u00a0\u00a0\u00a0\u00a0\u00a0\u00a0\u00a0 \u00a0\u00a0\u00a0\u00a0\u00a0\u00a0\u00a0\u00a0\u00a0\u00a0\u00a0\u00a0\u00a0\u00a0\u00a0 after washing and blocking: 14 stitches x 21 rows = 10 x 10 cm in stockinette stitch<\/p>\n<p>Recommended needles\u00a0\u00a0\u00a0\u00a0 5 mm (4 mm for the ribbing and 3,5 mm for the neckline)<\/p>\n<p>Supplies\u00a0\u00a0\u00a0\u00a0\u00a0\u00a0\u00a0\u00a0\u00a0\u00a0\u00a0\u00a0\u00a0\u00a0\u00a0\u00a0\u00a0\u00a0\u00a0\u00a0\u00a0\u00a0\u00a0\u00a0\u00a0 \u00a0\u00a0\u00a08 stitch markers<\/p>\n<p><strong>Material\/Recommended yarn<\/strong><\/p>\n<p>Lamana: Como Grande<\/p>\n<p>(100% Superlight Merino Schurwolle, 50 gr. = 120m)<\/p>\n<p>or:<\/p>\n<p>Gepard: Woolia &amp; Wild and Soft<\/p>\n<p>( Woolia: 100% Wolle, 50 gr. = 132m) Wild and Soft: 60% Schurwolle, 40% Tussaseide, 50 gr. = 240m)<\/p>\n<p><strong>Amount of yarn<\/strong><\/p>\n<table>\n<tbody>\n<tr>\n<td width=\"75\"><\/td>\n<td width=\"132\">meterage<\/td>\n<\/tr>\n<tr>\n<td width=\"75\">Size 1<\/td>\n<td width=\"132\">approx. 980 m<\/td>\n<\/tr>\n<tr>\n<td width=\"75\">Size 2<\/td>\n<td width=\"132\">approx. 1350 m<\/td>\n<\/tr>\n<\/tbody>\n<\/table>\n<p><em>And approx. 30m in contrasting colour\u00a0\u00a0\u00a0\u00a0\u00a0\u00a0\u00a0\u00a0\u00a0\u00a0\u00a0\u00a0<\/em><\/p>\n<p><strong>Size guide<\/strong><\/p>\n<p>To determine the right size for your, you should measure your chest circumference. Sansa Poncho is designed to be worn with a positive ease of approx. 60 cm, after washing and blocking.<\/p>\n<p><strong>!!<\/strong> The widest part of Sancha Poncho is not the chest circumference, but the hip height! For example: If your chest circumference measures 93 cm, you should choose size 1. After washing and blocking, size 1 has a chest circumference of approx. 120-130 cm.<\/p>\n<table>\n<tbody>\n<tr>\n<td width=\"198\">Measurements in cm<\/td>\n<td width=\"87\"><strong>Size 1 (S-M)<\/strong><\/td>\n<td width=\"102\"><strong>Size 2 (L-2XL)<\/strong><\/td>\n<\/tr>\n<tr>\n<td width=\"198\">Your chest circumference in cm<\/td>\n<td width=\"87\">75-108<\/td>\n<td width=\"102\">109-135<\/td>\n<\/tr>\n<tr>\n<td width=\"198\">Widest part (poncho) <strong>A<\/strong><\/td>\n<td width=\"87\">78<\/td>\n<td width=\"102\">90<\/td>\n<\/tr>\n<tr>\n<td width=\"198\">Length front <strong>B<\/strong><\/td>\n<td width=\"87\">60<\/td>\n<td width=\"102\">64<\/td>\n<\/tr>\n<tr>\n<td width=\"198\">Sleeve length <strong>C<\/strong><\/td>\n<td width=\"87\">60<\/td>\n<td width=\"102\">65<\/td>\n<\/tr>\n<tr>\n<td width=\"198\">Sleeve circumference <strong>D<\/strong><\/td>\n<td width=\"87\">36<\/td>\n<td width=\"102\">42<\/td>\n<\/tr>\n<tr>\n<td width=\"198\">Body after division <strong>E<\/strong><\/td>\n<td width=\"87\">14<\/td>\n<td width=\"102\">18<\/td>\n<\/tr>\n<tr>\n<td width=\"198\">Height collar <strong>F<\/strong><\/td>\n<td width=\"87\">11<\/td>\n<td width=\"102\">11<\/td>\n<\/tr>\n<\/tbody>\n<\/table>\n<p>I have worked my poncho in size 1 in col. 28 (schiefergrau) and col. 72 (Kirschbl\u00fcte). I am approx. 1,67 m tall.<\/p>\n<p>&nbsp;<\/p>","protected":false},"excerpt":{"rendered":"<p>Der Sansa Poncho ist ein zeitloses Strickdesign, das Komfort und Struktur auf besondere Weise verbindet. Er wird nahtlos von oben nach unten gearbeitet und beginnt mit einem markanten Stehkragen, der nicht nur w\u00e4rmt, sondern auch Geborgenheit ausstrahlt. F\u00fcr einen optimalen Tragekomfort werden am Ende des Stehkragens verk\u00fcrzte Reihen gearbeitet. Anschlie\u00dfend geht das Design in eine durchdachte Raglan-Konstruktion \u00fcber \u2013 ausdrucksstarke Z\u00f6pfe, die ihr bereits vom Sansa Sweater kennt, flie\u00dfen dabei elegant \u00fcber den K\u00f6rper. Die bequeme Mehrweite sorgt f\u00fcr eine l\u00e4ssige Passform und macht den Sansa Poncho zu einem vielseitigen Begleiter \u2013 ideal zum \u00dcberziehen an k\u00fchlen Tagen und perfekt f\u00fcr entspannte, stilvolle Looks. Die sehr tief angesetzten \u00c4rmel verleihen Sansa seine entspannte, flie\u00dfende Form. Sie schenken diesem Design maximale Bewegungsfreiheit und sorgen daf\u00fcr, dass sich der Poncho beim Tragen weich um den K\u00f6rper legt, ohne einzuengen. Gleichzeitig entsteht eine l\u00e4ssige Silhouette, die das \u00dcberziehen erleichtert und mehrere Lagen darunter m\u00fchelos zul\u00e4sst. Du hast die M\u00f6glichkeit, Rumpf und \u00c4rmel zu verl\u00e4ngern, so dass du deinen eigenen Stil tragen kannst, damit der Sansa Poncho zu deinem perfekten Begleiter im Alltag wird. Alle Abk\u00fcrzungen, Techniken und Links zu Videotutorials sind in der Anleitung beschrieben bzw. hinterlegt. Maschenprobe\u00a0\u00a0\u00a0 nach dem Waschen und Spannen: 14Ma x 21Rh = 10 x 10 cm glatt rechts Nadeln\u00a0\u00a0\u00a0\u00a0\u00a0\u00a0\u00a0\u00a0\u00a0\u00a0\u00a0\u00a0\u00a0\u00a0 5,00 (4,0 f\u00fcr die B\u00fcndchen und 3,5 f\u00fcr den Halsausschnitt) Zubeh\u00f6r\u00a0\u00a0\u00a0\u00a0\u00a0\u00a0\u00a0\u00a0\u00a0\u00a0\u00a0\u00a0 8 Maschenmarkierer (gibts hier im Shop). Material\/Garnempfehlung Lamana: Como Grande (100% Superlight Merino Schurwolle, 50 gr. = 120 m Laufl\u00e4nge) oder: Gepard: Woolia &amp; Wild and Soft (s. Fotos von Claudine_strickt in dunkelblau) (Woolia: 100% Wolle, 50 gr. = 132 m, Wild and Soft: 60% Schurwolle, 40% Tussaseide, 50 gr. = 240 m LL) Garnmenge \/ Verbrauch Laufl\u00e4nge Gr. 1 ca. 980 m Gr. 2 ca. 1350 m Und ca. 30m Kontrastfarbe Gr\u00f6\u00dfen-Tabelle Um die f\u00fcr dich richtige Gr\u00f6\u00dfe zu finden, solltest du deinen Brustumfang messen. Der Sansa Poncho f\u00e4llt nach dem Waschen und Spannen mit einer gro\u00dfen Mehrweite (positive ease) von ca. 60 cm aus. !! Die breiteste Stelle des Sansa Ponchos ist hier nicht der Brustumfang, sondern in H\u00fcfth\u00f6he! Beispiel: Wenn dein Brustumfang 93 cm misst, solltest du Gr\u00f6\u00dfe 1 w\u00e4hlen. Gr. 1 hat einen Brustumfang nach dem Waschen und Spannen von ca. 120-130 cm. Ma\u00dfe in cm Gr. 1 (S-M) Gr. 2 (L-2XL) Dein Brustumfang in cm 75-108 109-135 Breiteste Stelle Poncho A 78 90 L\u00e4nge VT B 60 64 Arml\u00e4nge C 60 65 Armumfang D 36 42 Rumpf nach Trennung E 14 18 H\u00f6he Halsausschnitt F 11 11 Mein Modell habe ich in Gr. 1 aus Farbe Nr. 28 (schiefergrau) und Nr. 72 (Kirschbl\u00fcte) gestrickt, ich bin ca. 1,67m gro\u00df. Die Anleitung erh\u00e4ltst du nach Zahlungseingang per Download. &nbsp; Sansa Poncho is a timeless knit design that combines comfort and structure in a unique way. It is worked seamlessly top down and begins with a striking stand-up collar that not only keeps you warm, but also exudes a sense of coziness. For ultimate comfort, short rows are worked at the end of the collar. The design then transitions into a sophisticated raglan construction \u2013 expressive cables, which you already know from the Sansa Sweater, run elegantly down the body. The comfortable oversized fit ensures a casual look and makes the Sansa poncho a versatile companion \u2013 ideal for throwing on on cool days and perfect for relaxed, stylish looks. The very deep sleeves give Sansa its relaxed, flowing shape. They allow this design maximum freedom of movement and ensure that the poncho drapes softly around the body when worn, without feeling restrictive. At the same time, it creates a relaxed silhouette that makes it easy to slip on and allows for multiple layers underneath. You have the option of lengthening the body and sleeves so that you can wear your own style, making the Sansa Poncho your perfect everyday companion. All abbreviations, techniques and links to video tutorials can be found on page 7. Gauge\u00a0\u00a0 \u00a0\u00a0\u00a0\u00a0\u00a0\u00a0\u00a0\u00a0\u00a0\u00a0\u00a0\u00a0\u00a0\u00a0\u00a0 \u00a0\u00a0\u00a0\u00a0\u00a0\u00a0\u00a0\u00a0\u00a0\u00a0\u00a0\u00a0\u00a0\u00a0\u00a0 after washing and blocking: 14 stitches x 21 rows = 10 x 10 cm in stockinette stitch Recommended needles\u00a0\u00a0\u00a0\u00a0 5 mm (4 mm for the ribbing and 3,5 mm for the neckline) Supplies\u00a0\u00a0\u00a0\u00a0\u00a0\u00a0\u00a0\u00a0\u00a0\u00a0\u00a0\u00a0\u00a0\u00a0\u00a0\u00a0\u00a0\u00a0\u00a0\u00a0\u00a0\u00a0\u00a0\u00a0\u00a0 \u00a0\u00a0\u00a08 stitch markers Material\/Recommended yarn Lamana: Como Grande (100% Superlight Merino Schurwolle, 50 gr. = 120m) or: Gepard: Woolia &amp; Wild and Soft ( Woolia: 100% Wolle, 50 gr. = 132m) Wild and Soft: 60% Schurwolle, 40% Tussaseide, 50 gr. = 240m) Amount of yarn meterage Size 1 approx. 980 m Size 2 approx. 1350 m And approx. 30m in contrasting colour\u00a0\u00a0\u00a0\u00a0\u00a0\u00a0\u00a0\u00a0\u00a0\u00a0\u00a0\u00a0 Size guide To determine the right size for your, you should measure your chest circumference. Sansa Poncho is designed to be worn with a positive ease of approx. 60 cm, after washing and blocking. !! The widest part of Sancha Poncho is not the chest circumference, but the hip height! For example: If your chest circumference measures 93 cm, you should choose size 1. After washing and blocking, size 1 has a chest circumference of approx. 120-130 cm. Measurements in cm Size 1 (S-M) Size 2 (L-2XL) Your chest circumference in cm 75-108 109-135 Widest part (poncho) A 78 90 Length front B 60 64 Sleeve length C 60 65 Sleeve circumference D 36 42 Body after division E 14 18 Height collar F 11 11 I have worked my poncho in size 1 in col. 28 (schiefergrau) and col. 72 (Kirschbl\u00fcte). I am approx. 1,67 m tall. &nbsp;<\/p>","protected":false},"featured_media":10225,"comment_status":"open","ping_status":"closed","template":"","meta":{"_acf_changed":false},"product_brand":[],"product_cat":[100,23],"product_tag":[315,77,316],"class_list":{"0":"post-10228","1":"product","2":"type-product","3":"status-publish","4":"has-post-thumbnail","6":"product_cat-kleidung-strickdesigns","7":"product_cat-strickdesigns","8":"product_tag-poncho","9":"product_tag-startseite","10":"product_tag-zopfmuster","11":"product_shipping_class-kostenfrei","13":"first","14":"instock","15":"downloadable","16":"taxable","17":"shipping-taxable","18":"purchasable","19":"product-type-simple"},"acf":[],"_links":{"self":[{"href":"https:\/\/kerstinritter-knits.de\/en\/wp-json\/wp\/v2\/product\/10228","targetHints":{"allow":["GET"]}}],"collection":[{"href":"https:\/\/kerstinritter-knits.de\/en\/wp-json\/wp\/v2\/product"}],"about":[{"href":"https:\/\/kerstinritter-knits.de\/en\/wp-json\/wp\/v2\/types\/product"}],"replies":[{"embeddable":true,"href":"https:\/\/kerstinritter-knits.de\/en\/wp-json\/wp\/v2\/comments?post=10228"}],"wp:featuredmedia":[{"embeddable":true,"href":"https:\/\/kerstinritter-knits.de\/en\/wp-json\/wp\/v2\/media\/10225"}],"wp:attachment":[{"href":"https:\/\/kerstinritter-knits.de\/en\/wp-json\/wp\/v2\/media?parent=10228"}],"wp:term":[{"taxonomy":"product_brand","embeddable":true,"href":"https:\/\/kerstinritter-knits.de\/en\/wp-json\/wp\/v2\/product_brand?post=10228"},{"taxonomy":"product_cat","embeddable":true,"href":"https:\/\/kerstinritter-knits.de\/en\/wp-json\/wp\/v2\/product_cat?post=10228"},{"taxonomy":"product_tag","embeddable":true,"href":"https:\/\/kerstinritter-knits.de\/en\/wp-json\/wp\/v2\/product_tag?post=10228"}],"curies":[{"name":"wp","href":"https:\/\/api.w.org\/{rel}","templated":true}]}}