{"id":1032,"date":"2024-08-20T19:19:50","date_gmt":"2024-08-20T17:19:50","guid":{"rendered":"https:\/\/dev.kerstinritter-knits.de\/?post_type=product&#038;p=1032"},"modified":"2024-09-25T20:27:20","modified_gmt":"2024-09-25T18:27:20","slug":"perlenarmband-aus-6-8-mm-lava-tigerauge-perlen","status":"publish","type":"product","link":"https:\/\/kerstinritter-knits.de\/en\/product\/perlenarmband-aus-6-8-mm-lava-tigerauge-perlen\/","title":{"rendered":"Perlenarmband  LAVA \/ TIGERAUGE"},"content":{"rendered":"<p>Edles Armband aus 6 und 8 mm LAVA und TIGERAUGE Perlen.<\/p>\n<p>Die Perlen sind auf einer hochwertigen, dehnbaren Silikonschnur zum leichten An-und Ausziehen gef\u00e4delt.<\/p>\n<p>Zur LAVA Perle: Lavastein\u00a0vermittelt Energie und st\u00e4rkt den gesamten Organismus. Der Lavastein entsteht aus dem flie\u00dfenden Magma aus der Mitte unserer Erde und hat schon seit Urzeiten eine gro\u00dfe spirituelle Bedeutung f\u00fcr uns Menschen. Er verbindet uns mit der Erde und z\u00e4hlt als Bindeglied zwischen dem Element Feuer und Erde. Als Schutzstein bietet Lava eine starke energetische Barriere gegen negative Einfl\u00fcsse und unerw\u00fcnschte Energien. Sie st\u00e4rkt das pers\u00f6nliche Energiefeld und hilft, sich vor emotionalen Belastungen zu sch\u00fctzen.<\/p>\n<p>Zur TIGERAUGE Perle: Einfach ausgedr\u00fcckt, bedeutet der Tigerauge-Stein\u00a0Mut, St\u00e4rke, Vitalit\u00e4t und Kraft. Die Bedeutung ist \u00e4hnlich wie die eines gro\u00dfen Tigers in der Wildnis. Das Tragen dieses Steins kann dabei helfen, schlechte Energie zu blockieren und deine innere Kraft zu steigern. \u00a0Durch die Assoziation zum Auge eines Tigers wurde der Stein als Gl\u00fccksstein f\u00fcr Sehkraft betrachtet.<\/p>","protected":false},"excerpt":{"rendered":"<p>Edles Armband aus 6 und 8 mm LAVA und TIGERAUGE Perlen. Die Perlen sind auf einer hochwertigen, dehnbaren Silikonschnur zum leichten An-und Ausziehen gef\u00e4delt. Zur LAVA Perle: Lavastein\u00a0vermittelt Energie und st\u00e4rkt den gesamten Organismus. Der Lavastein entsteht aus dem flie\u00dfenden Magma aus der Mitte unserer Erde und hat schon seit Urzeiten eine gro\u00dfe spirituelle Bedeutung f\u00fcr uns Menschen. Er verbindet uns mit der Erde und z\u00e4hlt als Bindeglied zwischen dem Element Feuer und Erde. Als Schutzstein bietet Lava eine starke energetische Barriere gegen negative Einfl\u00fcsse und unerw\u00fcnschte Energien. Sie st\u00e4rkt das pers\u00f6nliche Energiefeld und hilft, sich vor emotionalen Belastungen zu sch\u00fctzen. Zur TIGERAUGE Perle: Einfach ausgedr\u00fcckt, bedeutet der Tigerauge-Stein\u00a0Mut, St\u00e4rke, Vitalit\u00e4t und Kraft. Die Bedeutung ist \u00e4hnlich wie die eines gro\u00dfen Tigers in der Wildnis. Das Tragen dieses Steins kann dabei helfen, schlechte Energie zu blockieren und deine innere Kraft zu steigern. \u00a0Durch die Assoziation zum Auge eines Tigers wurde der Stein als Gl\u00fccksstein f\u00fcr Sehkraft betrachtet.<\/p>","protected":false},"featured_media":1037,"comment_status":"open","ping_status":"closed","template":"","meta":{"_acf_changed":false},"product_brand":[],"product_cat":[88,75],"product_tag":[],"class_list":{"0":"post-1032","1":"product","2":"type-product","3":"status-publish","4":"has-post-thumbnail","6":"product_cat-perlenarmbaender","7":"product_cat-schmuck","8":"product_shipping_class-sonstiges","10":"first","11":"instock","12":"taxable","13":"shipping-taxable","14":"purchasable","15":"product-type-variable"},"acf":[],"_links":{"self":[{"href":"https:\/\/kerstinritter-knits.de\/en\/wp-json\/wp\/v2\/product\/1032","targetHints":{"allow":["GET"]}}],"collection":[{"href":"https:\/\/kerstinritter-knits.de\/en\/wp-json\/wp\/v2\/product"}],"about":[{"href":"https:\/\/kerstinritter-knits.de\/en\/wp-json\/wp\/v2\/types\/product"}],"replies":[{"embeddable":true,"href":"https:\/\/kerstinritter-knits.de\/en\/wp-json\/wp\/v2\/comments?post=1032"}],"wp:featuredmedia":[{"embeddable":true,"href":"https:\/\/kerstinritter-knits.de\/en\/wp-json\/wp\/v2\/media\/1037"}],"wp:attachment":[{"href":"https:\/\/kerstinritter-knits.de\/en\/wp-json\/wp\/v2\/media?parent=1032"}],"wp:term":[{"taxonomy":"product_brand","embeddable":true,"href":"https:\/\/kerstinritter-knits.de\/en\/wp-json\/wp\/v2\/product_brand?post=1032"},{"taxonomy":"product_cat","embeddable":true,"href":"https:\/\/kerstinritter-knits.de\/en\/wp-json\/wp\/v2\/product_cat?post=1032"},{"taxonomy":"product_tag","embeddable":true,"href":"https:\/\/kerstinritter-knits.de\/en\/wp-json\/wp\/v2\/product_tag?post=1032"}],"curies":[{"name":"wp","href":"https:\/\/api.w.org\/{rel}","templated":true}]}}