{"id":1051,"date":"2024-08-21T12:35:31","date_gmt":"2024-08-21T10:35:31","guid":{"rendered":"https:\/\/dev.kerstinritter-knits.de\/?post_type=product&#038;p=1051"},"modified":"2025-12-06T15:08:42","modified_gmt":"2025-12-06T14:08:42","slug":"kinder-perlenarmband-4-mm","status":"publish","type":"product","link":"https:\/\/kerstinritter-knits.de\/en\/product\/kinder-perlenarmband-4-mm\/","title":{"rendered":"Kinder Perlenarmband 4 mm"},"content":{"rendered":"<p>Edles Armband aus 4mm ROSENQUARZ, LAPISLAZULI oder TIGERAUGE Perlen mit silberfarbenem Fisch als Abschluss.<\/p>\n<p>Die Perlen sind auf einer dehnbaren Silikonschnur zum leichten An-und Ausziehen gef\u00e4delt.<\/p>\n<p>weitere Gr\u00f6\u00dfen gerne auf Anfrage!<\/p>\n<p>Alle Armb\u00e4nder werden in einen Beutel aus Satin verschickt! Also auch ein ideales Geschenk!<\/p>\n<p>Zur ROSENQUARZ Perle: Rosenquarz gilt er als Liebesstein, der den Menschen Liebe und Fruchtbarkeit schenken soll. Er soll das Herz \u00f6ffnen, Beziehungs\u00e4ngste heilen, Streit schlichten und die Verbundenheit zweier Menschen st\u00e4rken.<\/p>\n<p>Zur LAPISLAZULI Perle: Unter anderem soll der Stein auch psychische Wirkungen auf den Menschen haben. Er verleiht dem Tr\u00e4ger einen gesteigerten Optimissmus und hilft somit bei Depressionen, \u00c4ngsten und Blockaden. Lapislazuli gilt als\u00a0Stein der Freundschaft und Stein der Wahrheit.<\/p>\n<p>Zur TIGERAUGE Perle: Einfach ausgedr\u00fcckt, bedeutet der Tigerauge-Stein\u00a0Mut, St\u00e4rke, Vitalit\u00e4t und Kraft. Die Bedeutung ist \u00e4hnlich wie die eines gro\u00dfen Tigers in der Wildnis. Das Tragen dieses Steins kann dabei helfen, schlechte Energie zu blockieren und deine innere Kraft zu steigern. \u00a0Durch die Assoziation zum Auge eines Tigers wurde der Stein als Gl\u00fccksstein f\u00fcr Sehkraft betrachtet.<\/p>\n<p>&nbsp;<\/p>","protected":false},"excerpt":{"rendered":"<p>Edles Armband aus 4mm ROSENQUARZ, LAPISLAZULI oder TIGERAUGE Perlen mit silberfarbenem Fisch als Abschluss. Die Perlen sind auf einer dehnbaren Silikonschnur zum leichten An-und Ausziehen gef\u00e4delt. weitere Gr\u00f6\u00dfen gerne auf Anfrage! Alle Armb\u00e4nder werden in einen Beutel aus Satin verschickt! Also auch ein ideales Geschenk! Zur ROSENQUARZ Perle: Rosenquarz gilt er als Liebesstein, der den Menschen Liebe und Fruchtbarkeit schenken soll. Er soll das Herz \u00f6ffnen, Beziehungs\u00e4ngste heilen, Streit schlichten und die Verbundenheit zweier Menschen st\u00e4rken. Zur LAPISLAZULI Perle: Unter anderem soll der Stein auch psychische Wirkungen auf den Menschen haben. Er verleiht dem Tr\u00e4ger einen gesteigerten Optimissmus und hilft somit bei Depressionen, \u00c4ngsten und Blockaden. Lapislazuli gilt als\u00a0Stein der Freundschaft und Stein der Wahrheit. Zur TIGERAUGE Perle: Einfach ausgedr\u00fcckt, bedeutet der Tigerauge-Stein\u00a0Mut, St\u00e4rke, Vitalit\u00e4t und Kraft. Die Bedeutung ist \u00e4hnlich wie die eines gro\u00dfen Tigers in der Wildnis. Das Tragen dieses Steins kann dabei helfen, schlechte Energie zu blockieren und deine innere Kraft zu steigern. \u00a0Durch die Assoziation zum Auge eines Tigers wurde der Stein als Gl\u00fccksstein f\u00fcr Sehkraft betrachtet. &nbsp;<\/p>","protected":false},"featured_media":1058,"comment_status":"open","ping_status":"closed","template":"","meta":{"_acf_changed":false},"product_brand":[],"product_cat":[88,75],"product_tag":[],"class_list":{"0":"post-1051","1":"product","2":"type-product","3":"status-publish","4":"has-post-thumbnail","6":"product_cat-perlenarmbaender","7":"product_cat-schmuck","8":"product_shipping_class-sonstiges","10":"first","11":"instock","12":"taxable","13":"shipping-taxable","14":"purchasable","15":"product-type-variable"},"acf":[],"_links":{"self":[{"href":"https:\/\/kerstinritter-knits.de\/en\/wp-json\/wp\/v2\/product\/1051","targetHints":{"allow":["GET"]}}],"collection":[{"href":"https:\/\/kerstinritter-knits.de\/en\/wp-json\/wp\/v2\/product"}],"about":[{"href":"https:\/\/kerstinritter-knits.de\/en\/wp-json\/wp\/v2\/types\/product"}],"replies":[{"embeddable":true,"href":"https:\/\/kerstinritter-knits.de\/en\/wp-json\/wp\/v2\/comments?post=1051"}],"wp:featuredmedia":[{"embeddable":true,"href":"https:\/\/kerstinritter-knits.de\/en\/wp-json\/wp\/v2\/media\/1058"}],"wp:attachment":[{"href":"https:\/\/kerstinritter-knits.de\/en\/wp-json\/wp\/v2\/media?parent=1051"}],"wp:term":[{"taxonomy":"product_brand","embeddable":true,"href":"https:\/\/kerstinritter-knits.de\/en\/wp-json\/wp\/v2\/product_brand?post=1051"},{"taxonomy":"product_cat","embeddable":true,"href":"https:\/\/kerstinritter-knits.de\/en\/wp-json\/wp\/v2\/product_cat?post=1051"},{"taxonomy":"product_tag","embeddable":true,"href":"https:\/\/kerstinritter-knits.de\/en\/wp-json\/wp\/v2\/product_tag?post=1051"}],"curies":[{"name":"wp","href":"https:\/\/api.w.org\/{rel}","templated":true}]}}