{"id":1062,"date":"2024-08-21T12:44:08","date_gmt":"2024-08-21T10:44:08","guid":{"rendered":"https:\/\/dev.kerstinritter-knits.de\/?post_type=product&#038;p=1062"},"modified":"2025-12-06T15:02:26","modified_gmt":"2025-12-06T14:02:26","slug":"perlenarmband-perlmutt-6-8-mm-mit-silberner-schnecke","status":"publish","type":"product","link":"https:\/\/kerstinritter-knits.de\/en\/product\/perlenarmband-perlmutt-6-8-mm-mit-silberner-schnecke\/","title":{"rendered":"Perlenarmband &#8222;PERLMUTT&#8220;"},"content":{"rendered":"<p>Edles Armband aus 6 und 8 mm PERLMUTT Perlen mit silberner Schnecke.<br \/>\nDie Perlen sind auf einer hochwertigen, dehnbaren Silikonschnur zum leichten An-und Ausziehen gef\u00e4delt.<\/p>\n<p>Zur PERLMUTT Perle: Perlmutt\u00a0macht in unruhigen Lebenssituationen gelassener und bringt seinem Tr\u00e4ger mehr Selbstbewusstsein. Durch den hohen Kalziumgehalt ist Perlmutt gut f\u00fcr die Muskeln, auch bei Kr\u00e4mpfen.<\/p>","protected":false},"excerpt":{"rendered":"<p>Edles Armband aus 6 und 8 mm PERLMUTT Perlen mit silberner Schnecke. Die Perlen sind auf einer hochwertigen, dehnbaren Silikonschnur zum leichten An-und Ausziehen gef\u00e4delt. Zur PERLMUTT Perle: Perlmutt\u00a0macht in unruhigen Lebenssituationen gelassener und bringt seinem Tr\u00e4ger mehr Selbstbewusstsein. Durch den hohen Kalziumgehalt ist Perlmutt gut f\u00fcr die Muskeln, auch bei Kr\u00e4mpfen.<\/p>","protected":false},"featured_media":1061,"comment_status":"open","ping_status":"closed","template":"","meta":{"_acf_changed":false},"product_brand":[],"product_cat":[88,75],"product_tag":[],"class_list":{"0":"post-1062","1":"product","2":"type-product","3":"status-publish","4":"has-post-thumbnail","6":"product_cat-perlenarmbaender","7":"product_cat-schmuck","8":"product_shipping_class-sonstiges","10":"first","11":"outofstock","12":"taxable","13":"shipping-taxable","14":"purchasable","15":"product-type-variable"},"acf":[],"_links":{"self":[{"href":"https:\/\/kerstinritter-knits.de\/en\/wp-json\/wp\/v2\/product\/1062","targetHints":{"allow":["GET"]}}],"collection":[{"href":"https:\/\/kerstinritter-knits.de\/en\/wp-json\/wp\/v2\/product"}],"about":[{"href":"https:\/\/kerstinritter-knits.de\/en\/wp-json\/wp\/v2\/types\/product"}],"replies":[{"embeddable":true,"href":"https:\/\/kerstinritter-knits.de\/en\/wp-json\/wp\/v2\/comments?post=1062"}],"wp:featuredmedia":[{"embeddable":true,"href":"https:\/\/kerstinritter-knits.de\/en\/wp-json\/wp\/v2\/media\/1061"}],"wp:attachment":[{"href":"https:\/\/kerstinritter-knits.de\/en\/wp-json\/wp\/v2\/media?parent=1062"}],"wp:term":[{"taxonomy":"product_brand","embeddable":true,"href":"https:\/\/kerstinritter-knits.de\/en\/wp-json\/wp\/v2\/product_brand?post=1062"},{"taxonomy":"product_cat","embeddable":true,"href":"https:\/\/kerstinritter-knits.de\/en\/wp-json\/wp\/v2\/product_cat?post=1062"},{"taxonomy":"product_tag","embeddable":true,"href":"https:\/\/kerstinritter-knits.de\/en\/wp-json\/wp\/v2\/product_tag?post=1062"}],"curies":[{"name":"wp","href":"https:\/\/api.w.org\/{rel}","templated":true}]}}