{"id":1088,"date":"2024-08-21T15:55:27","date_gmt":"2024-08-21T13:55:27","guid":{"rendered":"https:\/\/dev.kerstinritter-knits.de\/?post_type=product&#038;p=1088"},"modified":"2025-12-06T15:01:44","modified_gmt":"2025-12-06T14:01:44","slug":"perlenarmband-rosenquarz-6-8-mm-mit-silberner-schnecke","status":"publish","type":"product","link":"https:\/\/kerstinritter-knits.de\/en\/product\/perlenarmband-rosenquarz-6-8-mm-mit-silberner-schnecke\/","title":{"rendered":"Perlenarmband &#8222;ROSENQUARZ&#8220;"},"content":{"rendered":"<p>Edles Armband aus 6 und 8 mm ROSENQUARZ Perlen mit silberner Schnecke.<br \/>\nDie Perlen sind auf einer hochwertigen, dehnbaren Silikonschnur zum leichten An-und Ausziehen gef\u00e4delt.<\/p>\n<p>&nbsp;<\/p>\n<p>Zur ROSENQUARZ Perle: Rosenquarz gilt er als Liebesstein, der den Menschen Liebe und Fruchtbarkeit schenken soll. Er soll das Herz \u00f6ffnen, Beziehungs\u00e4ngste heilen, Streit schlichten und die Verbundenheit zweier Menschen st\u00e4rken.<\/p>","protected":false},"excerpt":{"rendered":"<p>Edles Armband aus 6 und 8 mm ROSENQUARZ Perlen mit silberner Schnecke. Die Perlen sind auf einer hochwertigen, dehnbaren Silikonschnur zum leichten An-und Ausziehen gef\u00e4delt. &nbsp; Zur ROSENQUARZ Perle: Rosenquarz gilt er als Liebesstein, der den Menschen Liebe und Fruchtbarkeit schenken soll. Er soll das Herz \u00f6ffnen, Beziehungs\u00e4ngste heilen, Streit schlichten und die Verbundenheit zweier Menschen st\u00e4rken.<\/p>","protected":false},"featured_media":1087,"comment_status":"open","ping_status":"closed","template":"","meta":{"_acf_changed":false},"product_brand":[],"product_cat":[88,75],"product_tag":[],"class_list":{"0":"post-1088","1":"product","2":"type-product","3":"status-publish","4":"has-post-thumbnail","6":"product_cat-perlenarmbaender","7":"product_cat-schmuck","8":"product_shipping_class-sonstiges","10":"first","11":"outofstock","12":"taxable","13":"shipping-taxable","14":"purchasable","15":"product-type-variable"},"acf":[],"_links":{"self":[{"href":"https:\/\/kerstinritter-knits.de\/en\/wp-json\/wp\/v2\/product\/1088","targetHints":{"allow":["GET"]}}],"collection":[{"href":"https:\/\/kerstinritter-knits.de\/en\/wp-json\/wp\/v2\/product"}],"about":[{"href":"https:\/\/kerstinritter-knits.de\/en\/wp-json\/wp\/v2\/types\/product"}],"replies":[{"embeddable":true,"href":"https:\/\/kerstinritter-knits.de\/en\/wp-json\/wp\/v2\/comments?post=1088"}],"wp:featuredmedia":[{"embeddable":true,"href":"https:\/\/kerstinritter-knits.de\/en\/wp-json\/wp\/v2\/media\/1087"}],"wp:attachment":[{"href":"https:\/\/kerstinritter-knits.de\/en\/wp-json\/wp\/v2\/media?parent=1088"}],"wp:term":[{"taxonomy":"product_brand","embeddable":true,"href":"https:\/\/kerstinritter-knits.de\/en\/wp-json\/wp\/v2\/product_brand?post=1088"},{"taxonomy":"product_cat","embeddable":true,"href":"https:\/\/kerstinritter-knits.de\/en\/wp-json\/wp\/v2\/product_cat?post=1088"},{"taxonomy":"product_tag","embeddable":true,"href":"https:\/\/kerstinritter-knits.de\/en\/wp-json\/wp\/v2\/product_tag?post=1088"}],"curies":[{"name":"wp","href":"https:\/\/api.w.org\/{rel}","templated":true}]}}