{"id":1120,"date":"2024-08-21T16:31:46","date_gmt":"2024-08-21T14:31:46","guid":{"rendered":"https:\/\/dev.kerstinritter-knits.de\/?post_type=product&#038;p=1120"},"modified":"2025-09-02T19:51:06","modified_gmt":"2025-09-02T17:51:06","slug":"perlenarmband-tigerauge-6mm-mit-silberfarbener-schildkroete","status":"publish","type":"product","link":"https:\/\/kerstinritter-knits.de\/en\/product\/perlenarmband-tigerauge-6mm-mit-silberfarbener-schildkroete\/","title":{"rendered":"Perlenarmband &#8222;TIGERAUGE&#8220;, 6mm mit Schildkr\u00f6te"},"content":{"rendered":"<p>Edles Armband aus 6mm TIGERAUGE Perlen inklusive silberfarbener Schildkr\u00f6rte als Abschluss.<\/p>\n<p>Die Perlen sind auf einer dehnbaren Silikonschnur zum leichten An-und Ausziehen gef\u00e4delt.<\/p>\n<p>Jedes Armband wird in liebevoller Handarbeit von meiner\u00a0 Tochter Maya angefertigt.<\/p>\n<p>Alle Armb\u00e4nder werden in einen Beutel aus Satin verschickt! Also auch ein ideales Geschenk!<\/p>\n<p>Zur TIGERAUGE Perle: Einfach ausgedr\u00fcckt, bedeutet der Tigerauge-Stein\u00a0Mut, St\u00e4rke, Vitalit\u00e4t und Kraft. Die Bedeutung ist \u00e4hnlich wie die eines gro\u00dfen Tigers in der Wildnis. Das Tragen dieses Steins kann dabei helfen, schlechte Energie zu blockieren und deine innere Kraft zu steigern. \u00a0Durch die Assoziation zum Auge eines Tigers wurde der Stein als Gl\u00fccksstein f\u00fcr Sehkraft betrachtet.<\/p>","protected":false},"excerpt":{"rendered":"<p>Edles Armband aus 6mm TIGERAUGE Perlen inklusive silberfarbener Schildkr\u00f6rte als Abschluss. Die Perlen sind auf einer dehnbaren Silikonschnur zum leichten An-und Ausziehen gef\u00e4delt. Jedes Armband wird in liebevoller Handarbeit von meiner\u00a0 Tochter Maya angefertigt. Alle Armb\u00e4nder werden in einen Beutel aus Satin verschickt! Also auch ein ideales Geschenk! Zur TIGERAUGE Perle: Einfach ausgedr\u00fcckt, bedeutet der Tigerauge-Stein\u00a0Mut, St\u00e4rke, Vitalit\u00e4t und Kraft. Die Bedeutung ist \u00e4hnlich wie die eines gro\u00dfen Tigers in der Wildnis. Das Tragen dieses Steins kann dabei helfen, schlechte Energie zu blockieren und deine innere Kraft zu steigern. \u00a0Durch die Assoziation zum Auge eines Tigers wurde der Stein als Gl\u00fccksstein f\u00fcr Sehkraft betrachtet.<\/p>","protected":false},"featured_media":1122,"comment_status":"open","ping_status":"closed","template":"","meta":{"_acf_changed":false},"product_brand":[],"product_cat":[88,75],"product_tag":[],"class_list":{"0":"post-1120","1":"product","2":"type-product","3":"status-publish","4":"has-post-thumbnail","6":"product_cat-perlenarmbaender","7":"product_cat-schmuck","8":"product_shipping_class-sonstiges","10":"first","11":"instock","12":"taxable","13":"shipping-taxable","14":"purchasable","15":"product-type-variable"},"acf":[],"_links":{"self":[{"href":"https:\/\/kerstinritter-knits.de\/en\/wp-json\/wp\/v2\/product\/1120","targetHints":{"allow":["GET"]}}],"collection":[{"href":"https:\/\/kerstinritter-knits.de\/en\/wp-json\/wp\/v2\/product"}],"about":[{"href":"https:\/\/kerstinritter-knits.de\/en\/wp-json\/wp\/v2\/types\/product"}],"replies":[{"embeddable":true,"href":"https:\/\/kerstinritter-knits.de\/en\/wp-json\/wp\/v2\/comments?post=1120"}],"wp:featuredmedia":[{"embeddable":true,"href":"https:\/\/kerstinritter-knits.de\/en\/wp-json\/wp\/v2\/media\/1122"}],"wp:attachment":[{"href":"https:\/\/kerstinritter-knits.de\/en\/wp-json\/wp\/v2\/media?parent=1120"}],"wp:term":[{"taxonomy":"product_brand","embeddable":true,"href":"https:\/\/kerstinritter-knits.de\/en\/wp-json\/wp\/v2\/product_brand?post=1120"},{"taxonomy":"product_cat","embeddable":true,"href":"https:\/\/kerstinritter-knits.de\/en\/wp-json\/wp\/v2\/product_cat?post=1120"},{"taxonomy":"product_tag","embeddable":true,"href":"https:\/\/kerstinritter-knits.de\/en\/wp-json\/wp\/v2\/product_tag?post=1120"}],"curies":[{"name":"wp","href":"https:\/\/api.w.org\/{rel}","templated":true}]}}