{"id":11263,"date":"2026-03-17T13:44:59","date_gmt":"2026-03-17T12:44:59","guid":{"rendered":"https:\/\/kerstinritter-knits.de\/?post_type=product&#038;p=11263"},"modified":"2026-04-03T08:21:23","modified_gmt":"2026-04-03T06:21:23","slug":"meera-scarf-dt-engl-franz-release-23-03-26","status":"publish","type":"product","link":"https:\/\/kerstinritter-knits.de\/en\/product\/meera-scarf-dt-engl-franz-release-23-03-26\/","title":{"rendered":"Meera Scarf &#8211; dt., engl., franz."},"content":{"rendered":"<p>Der Meera Scarf ist ein langer, schmaler Scarf, der durch das eingebaute \u201eChevron\u201c-Muster die Garne hervorragend zu Geltung bringt. Die Optik der beiden miteinander verstrickten Garne passt prima zusammen und verleiht dem Scarf ein verspieltes, aber strukturiertes Aussehen.<\/p>\n<p>Die Besonderheit liegt darin, beide Garne \u201enebeneinander\u201c zu pr\u00e4sentieren. Du arbeitest also immer einf\u00e4dig im Muster und wechselst in der Mitte lediglich die Garne durch verkreuzen der F\u00e4den. Somit kannst du neben \u201euni\u201c auch wunderbar zweifarbig in deinen Lieblingsfarben bzw. -kombis stricken und ganz nebenbei Deinen Stash abbauen und wundersch\u00f6ne einzelne Str\u00e4nge verarbeiten.<\/p>\n<p>Der Meera Scarf beginnt an einer Spitze. Es werden regelm\u00e4\u00dfig Maschen an beiden Seiten aufgenommen und nach Erreichen der Maschenanzahl wird weiter ohne Zunahmen gestrickt. Am Ende werden die Maschen an beiden Seiten wieder abgenommen und somit die Spitze gearbeitet. Dann werden die restlichen Maschen abgekettet.<\/p>\n<p>Der Meera Scarf sollte aufgrund seines Musters und des Garns unbedingt gewaschen und in Form gespannt werden. Damit entfaltet sich die ganze Sch\u00f6nheit der Garnkombi.<\/p>\n<p>In den Fotos findest du alle Teststrickerinnen inklusive ihrer Farbnummern. Viel Spa\u00df bei der Inspiration!<\/p>\n<p>Ma\u00dfe:\u00a0 \u00a0 \u00a0 \u00a0 \u00a0 \u00a0 \u00a0 \u00a0 \u00a0 \u00a0ca. 200cm lang, 15cm breit<\/p>\n<p>Maschenprobe:\u00a0 \u00a0 26Ma x 30Rh = 10 x 10 cm glatt rechts gestrickt nach dem Waschen <u>und<\/u> Spannen.<\/p>\n<p><em>Bei der Maschenprobe kannst du gerne schon das Verkreuzen der beiden F\u00e4den \u00fcben.<\/em><\/p>\n<p>Nadeln:\u00a0 \u00a0 \u00a0 \u00a0 \u00a0 \u00a0 \u00a0 \u00a0 \u00a03,5 (40-60cm L\u00e4nge)<\/p>\n<p><em>Wenn deine Maschenprobe nicht passt, \u00e4ndere die Nadelst\u00e4rke<\/em><\/p>\n<p>Zubeh\u00f6r:\u00a0\u00a0\u00a0\u00a0\u00a0\u00a0\u00a0\u00a0\u00a0\u00a0\u00a0\u00a0\u00a0\u00a0\u00a0\u00a0\u00a0\u00a0\u00a0\u00a0\u00a0\u00a0\u00a0\u00a0\u00a0\u00a0\u00a0\u00a0\u00a0\u00a0\u00a0\u00a0\u00a0\u00a0 4 Maschenmarkierer<\/p>\n<p><strong>Material\/Garnempfehlung<\/strong><\/p>\n<p>Pascuali \u2013 je ein Kn\u00e4uel Merino Baby &amp; Manada<\/p>\n<p>(hier uni: Farbe Rosenquarz 311, 211 und<\/p>\n<p>zweifarbig; schwarz\/schiefer: Farbe schwarz 326, Stein 201)<\/p>\n<p>Die Anleitung bekommst du nach erfolgtem Zahlungseingang per Email zum Download zugeschickt.<\/p>\n<p>&nbsp;<\/p>\n<p>Meera Scarf is a long, narrow scarf that beautifully showcases the yarns thanks to its built-in chevron pattern.<br \/>\nThe look of the two yarns worked together goes perfectly and gives the scarf a playful yet structured appearance.<\/p>\n<p>The distinctive feature is that both yarns are presented \u2018side by side\u2019. So you always work with a single thread in pattern and only change the yarns in the centre by crossing the threads. This means that, in addition to \u2018\u201csingle-coloured\u201d&#8216;, you can also work wonderfully with two colours in your favourite colours or combinations, and at the same time use up your stash and work with beautiful individual skeins.<\/p>\n<p>Meera Scarf starts at one tip. Stitches are regularly increased on both sides and, once the desired number of stitches has been reached, knitting continues without increases. At the end, the stitches are decreased again on both sides to form the other tip. Then the remaining stitches are bound off.<\/p>\n<p>Due to its pattern and yarn, Meera Scarf should definitely be washed and blocked into shape. This allows the beauty of the yarn combination to unfold.<\/p>\n<p>Measurements:\u00a0 \u00a0 \u00a0 approx. 200 cm long, 15 cm wide<\/p>\n<p>Gauge:\u00a0 \u00a0 \u00a0 \u00a0 \u00a0 \u00a0 \u00a0 \u00a0 \u00a0 \u00a026 stitches x 30 rows = 10 x 10 cm in stockinette stitch after washing <u>and<\/u> blocking.<\/p>\n<p><em>when working the gauge, you can already practice twisting the threads.<\/em><\/p>\n<p>&nbsp;<\/p>\n<p>Recommended needles:\u00a0 \u00a0 \u00a0 3,5 mm (40 &#8211; 60 cm) <em>or the needle size you need to obtain the correct gauge<\/em><\/p>\n<p>Supplies:\u00a0\u00a0\u00a0\u00a0\u00a0\u00a0\u00a0\u00a0\u00a0\u00a0\u00a0\u00a0\u00a0\u00a0\u00a0\u00a0\u00a0\u00a0\u00a0\u00a0\u00a0\u00a0\u00a0\u00a0\u00a0\u00a0\u00a0\u00a0\u00a0\u00a0\u00a0\u00a0\u00a0\u00a0 4 stitch markers<\/p>\n<p><strong>Material\/ Recommended yarn<\/strong><\/p>\n<p>Pascuali \u2013 1 skein each of Merino Baby &amp; Manada<\/p>\n<p>(here: single-coloured in col. Rosenquarz 311, 211. Double-coloured: black 326, stone 201)<\/p>\n<p>&nbsp;<\/p>\n<p>L\u2019\u00e9charpe Meera est une \u00e9charpe longue et fine qui met magnifiquement en valeur les fils gr\u00e2ce \u00e0 son motif chevron int\u00e9gr\u00e9.<\/p>\n<p>La texture des deux fils tricot\u00e9s ensemble fonctionne parfaitement et conf\u00e8re \u00e0 l\u2019\u00e9charpe un style \u00e0 la fois fun et structur\u00e9e.<\/p>\n<p>Sa particularit\u00e9 est que les deux fils sont pr\u00e9sent\u00e9s \u00ab c\u00f4te \u00e0 c\u00f4te \u00bb. Vous travaillez donc toujours avec un seul fil et ne changez de fil qu\u2019au centre, en croisant les fils. Cela signifie qu\u2019en plus d\u2019une version \u00ab unie \u00bb, vous pouvez \u00e9galement tricoter avec deux couleurs dans vos teintes ou associations pr\u00e9f\u00e9r\u00e9es, tout en utilisant votre stock de fils ou de jolis \u00e9cheveaux solitaires.<\/p>\n<p>L\u2019\u00e9charpe Meera commence par une pointe. Des augmentations sont effectu\u00e9es r\u00e9guli\u00e8rement de chaque c\u00f4t\u00e9 et une fois le nombre de mailles souhait\u00e9 atteint, le tricot se poursuit sans augmentation. \u00c0 la fin, des diminutions sont r\u00e9alis\u00e9es de chaque c\u00f4t\u00e9 afin de former l\u2019autre pointe. Les mailles restantes sont ensuite rabattues.<\/p>\n<p>En raison de son motif et du choix de fils, l\u2019\u00e9charpe Meera doit imp\u00e9rativement \u00eatre lav\u00e9e et mise en forme au blocage. Cela permet \u00e0 toute la beaut\u00e9 de la combinaison de fils de se r\u00e9v\u00e9ler.<\/p>\n<p>Dimensions :\u00a0 \u00a0 \u00a0 \u00a0 \u00a0 \u00a0 \u00a0 environ 200 cm de long, 15 cm de large\u00a0\u00a0\u00a0\u00a0\u00a0 \u00a0 \u00a0 \u00a0 \u00a0 \u00a0 \u00a0 \u00a0 \u00a0 \u00a0 \u00a0 \u00a0 \u00a0 \u00a0 \u00a0 \u00a0 \u00a0 \u00a0 \u00a0 \u00a0 \u00a0 \u00a0 \u00a0 \u00a0 \u00c9chantillon :\u00a0 \u00a0 \u00a0 \u00a0 \u00a0 \u00a0 \u00a0 \u00a026 mailles x 30 rangs = 10 x 10 cm en jersey, mesur\u00e9 apr\u00e8s lavage <u>et<\/u> blocage.<\/p>\n<p><em>Lorsque vous r\u00e9alisez l\u2019\u00e9chantillon, vous pouvez tester le croisement de fil.<\/em><\/p>\n<p>Aiguilles recommand\u00e9es :\u00a0\u00a0\u00a0\u00a0\u00a0\u00a0\u00a0\u00a0\u00a0\u00a0\u00a0\u00a0\u00a0 3,5 mm (40 &#8211; 60 cm) <em>ou la taille n\u00e9cessaire pour obtenir le bon \u00e9chantillon<\/em><\/p>\n<p>Mat\u00e9riel :\u00a0\u00a0\u00a0\u00a0\u00a0\u00a0\u00a0\u00a0\u00a0\u00a0\u00a0\u00a0\u00a0\u00a0\u00a0\u00a0\u00a0\u00a0\u00a0\u00a0\u00a0\u00a0\u00a0\u00a0\u00a0\u00a0\u00a0\u00a0\u00a0\u00a0\u00a0\u00a0\u00a0\u00a0 4 marqueurs<\/p>\n<p><strong>Fil recommand\u00e9<\/strong><\/p>\n<p>Pascuali \u2013 1 pelote de Merino Baby et 1 de Manada<\/p>\n<p>(ici : en uni coloris Rosenquarz 311, 211. En bicolor : black 326, stone 201)<\/p>","protected":false},"excerpt":{"rendered":"<p>Der Meera Scarf ist ein langer, schmaler Scarf, der durch das eingebaute \u201eChevron\u201c-Muster die Garne hervorragend zu Geltung bringt. Die Optik der beiden miteinander verstrickten Garne passt prima zusammen und verleiht dem Scarf ein verspieltes, aber strukturiertes Aussehen. Die Besonderheit liegt darin, beide Garne \u201enebeneinander\u201c zu pr\u00e4sentieren. Du arbeitest also immer einf\u00e4dig im Muster und wechselst in der Mitte lediglich die Garne durch verkreuzen der F\u00e4den. Somit kannst du neben \u201euni\u201c auch wunderbar zweifarbig in deinen Lieblingsfarben bzw. -kombis stricken und ganz nebenbei Deinen Stash abbauen und wundersch\u00f6ne einzelne Str\u00e4nge verarbeiten. Der Meera Scarf beginnt an einer Spitze. Es werden regelm\u00e4\u00dfig Maschen an beiden Seiten aufgenommen und nach Erreichen der Maschenanzahl wird weiter ohne Zunahmen gestrickt. Am Ende werden die Maschen an beiden Seiten wieder abgenommen und somit die Spitze gearbeitet. Dann werden die restlichen Maschen abgekettet. Der Meera Scarf sollte aufgrund seines Musters und des Garns unbedingt gewaschen und in Form gespannt werden. Damit entfaltet sich die ganze Sch\u00f6nheit der Garnkombi. In den Fotos findest du alle Teststrickerinnen inklusive ihrer Farbnummern. Viel Spa\u00df bei der Inspiration! Ma\u00dfe:\u00a0 \u00a0 \u00a0 \u00a0 \u00a0 \u00a0 \u00a0 \u00a0 \u00a0 \u00a0ca. 200cm lang, 15cm breit Maschenprobe:\u00a0 \u00a0 26Ma x 30Rh = 10 x 10 cm glatt rechts gestrickt nach dem Waschen und Spannen. Bei der Maschenprobe kannst du gerne schon das Verkreuzen der beiden F\u00e4den \u00fcben. Nadeln:\u00a0 \u00a0 \u00a0 \u00a0 \u00a0 \u00a0 \u00a0 \u00a0 \u00a03,5 (40-60cm L\u00e4nge) Wenn deine Maschenprobe nicht passt, \u00e4ndere die Nadelst\u00e4rke Zubeh\u00f6r:\u00a0\u00a0\u00a0\u00a0\u00a0\u00a0\u00a0\u00a0\u00a0\u00a0\u00a0\u00a0\u00a0\u00a0\u00a0\u00a0\u00a0\u00a0\u00a0\u00a0\u00a0\u00a0\u00a0\u00a0\u00a0\u00a0\u00a0\u00a0\u00a0\u00a0\u00a0\u00a0\u00a0\u00a0 4 Maschenmarkierer Material\/Garnempfehlung Pascuali \u2013 je ein Kn\u00e4uel Merino Baby &amp; Manada (hier uni: Farbe Rosenquarz 311, 211 und zweifarbig; schwarz\/schiefer: Farbe schwarz 326, Stein 201) Die Anleitung bekommst du nach erfolgtem Zahlungseingang per Email zum Download zugeschickt. &nbsp; Meera Scarf is a long, narrow scarf that beautifully showcases the yarns thanks to its built-in chevron pattern. The look of the two yarns worked together goes perfectly and gives the scarf a playful yet structured appearance. The distinctive feature is that both yarns are presented \u2018side by side\u2019. So you always work with a single thread in pattern and only change the yarns in the centre by crossing the threads. This means that, in addition to \u2018\u201csingle-coloured\u201d&#8216;, you can also work wonderfully with two colours in your favourite colours or combinations, and at the same time use up your stash and work with beautiful individual skeins. Meera Scarf starts at one tip. Stitches are regularly increased on both sides and, once the desired number of stitches has been reached, knitting continues without increases. At the end, the stitches are decreased again on both sides to form the other tip. Then the remaining stitches are bound off. Due to its pattern and yarn, Meera Scarf should definitely be washed and blocked into shape. This allows the beauty of the yarn combination to unfold. Measurements:\u00a0 \u00a0 \u00a0 approx. 200 cm long, 15 cm wide Gauge:\u00a0 \u00a0 \u00a0 \u00a0 \u00a0 \u00a0 \u00a0 \u00a0 \u00a0 \u00a026 stitches x 30 rows = 10 x 10 cm in stockinette stitch after washing and blocking. when working the gauge, you can already practice twisting the threads. &nbsp; Recommended needles:\u00a0 \u00a0 \u00a0 3,5 mm (40 &#8211; 60 cm) or the needle size you need to obtain the correct gauge Supplies:\u00a0\u00a0\u00a0\u00a0\u00a0\u00a0\u00a0\u00a0\u00a0\u00a0\u00a0\u00a0\u00a0\u00a0\u00a0\u00a0\u00a0\u00a0\u00a0\u00a0\u00a0\u00a0\u00a0\u00a0\u00a0\u00a0\u00a0\u00a0\u00a0\u00a0\u00a0\u00a0\u00a0\u00a0 4 stitch markers Material\/ Recommended yarn Pascuali \u2013 1 skein each of Merino Baby &amp; Manada (here: single-coloured in col. Rosenquarz 311, 211. Double-coloured: black 326, stone 201) &nbsp; L\u2019\u00e9charpe Meera est une \u00e9charpe longue et fine qui met magnifiquement en valeur les fils gr\u00e2ce \u00e0 son motif chevron int\u00e9gr\u00e9. La texture des deux fils tricot\u00e9s ensemble fonctionne parfaitement et conf\u00e8re \u00e0 l\u2019\u00e9charpe un style \u00e0 la fois fun et structur\u00e9e. Sa particularit\u00e9 est que les deux fils sont pr\u00e9sent\u00e9s \u00ab c\u00f4te \u00e0 c\u00f4te \u00bb. Vous travaillez donc toujours avec un seul fil et ne changez de fil qu\u2019au centre, en croisant les fils. Cela signifie qu\u2019en plus d\u2019une version \u00ab unie \u00bb, vous pouvez \u00e9galement tricoter avec deux couleurs dans vos teintes ou associations pr\u00e9f\u00e9r\u00e9es, tout en utilisant votre stock de fils ou de jolis \u00e9cheveaux solitaires. L\u2019\u00e9charpe Meera commence par une pointe. Des augmentations sont effectu\u00e9es r\u00e9guli\u00e8rement de chaque c\u00f4t\u00e9 et une fois le nombre de mailles souhait\u00e9 atteint, le tricot se poursuit sans augmentation. \u00c0 la fin, des diminutions sont r\u00e9alis\u00e9es de chaque c\u00f4t\u00e9 afin de former l\u2019autre pointe. Les mailles restantes sont ensuite rabattues. En raison de son motif et du choix de fils, l\u2019\u00e9charpe Meera doit imp\u00e9rativement \u00eatre lav\u00e9e et mise en forme au blocage. Cela permet \u00e0 toute la beaut\u00e9 de la combinaison de fils de se r\u00e9v\u00e9ler. Dimensions :\u00a0 \u00a0 \u00a0 \u00a0 \u00a0 \u00a0 \u00a0 environ 200 cm de long, 15 cm de large\u00a0\u00a0\u00a0\u00a0\u00a0 \u00a0 \u00a0 \u00a0 \u00a0 \u00a0 \u00a0 \u00a0 \u00a0 \u00a0 \u00a0 \u00a0 \u00a0 \u00a0 \u00a0 \u00a0 \u00a0 \u00a0 \u00a0 \u00a0 \u00a0 \u00a0 \u00a0 \u00a0 \u00c9chantillon :\u00a0 \u00a0 \u00a0 \u00a0 \u00a0 \u00a0 \u00a0 \u00a026 mailles x 30 rangs = 10 x 10 cm en jersey, mesur\u00e9 apr\u00e8s lavage et blocage. Lorsque vous r\u00e9alisez l\u2019\u00e9chantillon, vous pouvez tester le croisement de fil. Aiguilles recommand\u00e9es :\u00a0\u00a0\u00a0\u00a0\u00a0\u00a0\u00a0\u00a0\u00a0\u00a0\u00a0\u00a0\u00a0 3,5 mm (40 &#8211; 60 cm) ou la taille n\u00e9cessaire pour obtenir le bon \u00e9chantillon Mat\u00e9riel :\u00a0\u00a0\u00a0\u00a0\u00a0\u00a0\u00a0\u00a0\u00a0\u00a0\u00a0\u00a0\u00a0\u00a0\u00a0\u00a0\u00a0\u00a0\u00a0\u00a0\u00a0\u00a0\u00a0\u00a0\u00a0\u00a0\u00a0\u00a0\u00a0\u00a0\u00a0\u00a0\u00a0\u00a0 4 marqueurs Fil recommand\u00e9 Pascuali \u2013 1 pelote de Merino Baby et 1 de Manada (ici : en uni coloris Rosenquarz 311, 211. En bicolor : black 326, stone 201)<\/p>","protected":false},"featured_media":10700,"comment_status":"open","ping_status":"closed","template":"","meta":{"_acf_changed":false},"product_brand":[],"product_cat":[99,23],"product_tag":[322,294,295,293,77,321,320],"class_list":{"0":"post-11263","1":"product","2":"type-product","3":"status-publish","4":"has-post-thumbnail","6":"product_cat-accessoires-strickdesigns","7":"product_cat-strickdesigns","8":"product_tag-chevron-muster","9":"product_tag-scarf","10":"product_tag-schal","11":"product_tag-shawl","12":"product_tag-startseite","13":"product_tag-uni","14":"product_tag-zweifarbig","15":"product_shipping_class-kostenfrei","17":"first","18":"instock","19":"downloadable","20":"taxable","21":"shipping-taxable","22":"purchasable","23":"product-type-simple"},"acf":[],"_links":{"self":[{"href":"https:\/\/kerstinritter-knits.de\/en\/wp-json\/wp\/v2\/product\/11263","targetHints":{"allow":["GET"]}}],"collection":[{"href":"https:\/\/kerstinritter-knits.de\/en\/wp-json\/wp\/v2\/product"}],"about":[{"href":"https:\/\/kerstinritter-knits.de\/en\/wp-json\/wp\/v2\/types\/product"}],"replies":[{"embeddable":true,"href":"https:\/\/kerstinritter-knits.de\/en\/wp-json\/wp\/v2\/comments?post=11263"}],"wp:featuredmedia":[{"embeddable":true,"href":"https:\/\/kerstinritter-knits.de\/en\/wp-json\/wp\/v2\/media\/10700"}],"wp:attachment":[{"href":"https:\/\/kerstinritter-knits.de\/en\/wp-json\/wp\/v2\/media?parent=11263"}],"wp:term":[{"taxonomy":"product_brand","embeddable":true,"href":"https:\/\/kerstinritter-knits.de\/en\/wp-json\/wp\/v2\/product_brand?post=11263"},{"taxonomy":"product_cat","embeddable":true,"href":"https:\/\/kerstinritter-knits.de\/en\/wp-json\/wp\/v2\/product_cat?post=11263"},{"taxonomy":"product_tag","embeddable":true,"href":"https:\/\/kerstinritter-knits.de\/en\/wp-json\/wp\/v2\/product_tag?post=11263"}],"curies":[{"name":"wp","href":"https:\/\/api.w.org\/{rel}","templated":true}]}}