{"id":11654,"date":"2026-03-31T17:08:44","date_gmt":"2026-03-31T15:08:44","guid":{"rendered":"https:\/\/kerstinritter-knits.de\/?post_type=product&#038;p=11654"},"modified":"2026-04-13T06:12:04","modified_gmt":"2026-04-13T04:12:04","slug":"nymeria-scarf-dt-engl-coming-soon","status":"publish","type":"product","link":"https:\/\/kerstinritter-knits.de\/en\/product\/nymeria-scarf-dt-engl-coming-soon\/","title":{"rendered":"NYMERIA Scarf, dt. \/ engl."},"content":{"rendered":"<p>Der Nymeria Scarf ist ein edler, klassischer Scarf mit klarer Ausstrahlung und Charakter. Das Design ist bewusst zeitlos gehalten und \u00fcberzeugt durch seine elegante Schlichtheit \u2013 viele lieben das Muster bereits vom Abschlussb\u00fcndchen im Nazar\u00e9 Shawl.<\/p>\n<p>Das Unisex-Muster eignet sich gleicherma\u00dfen f\u00fcr M\u00e4nner und Frauen. Durch seine klare Formensprache l\u00e4sst er sich vielseitig kombinieren \u2013 ob l\u00e4ssig im Alltag oder stilvoll zu besonderen Anl\u00e4ssen. Er wird der Begleiter sein, der nicht laut sein muss, um aufzufallen.<\/p>\n<p>Diese Anleitung enth\u00e4lt 2 Gr\u00f6\u00dfen und passt sich damit unterschiedlichen Tragevorlieben perfekt an. Ob locker getragen, mehrfach geschlungen oder bewusst reduziert. Er eignet sich hervorragend als pers\u00f6nliches Geschenk, ist ideal f\u00fcr den Stashabbau und kann in allen Lieblingsfarben gestrickt werden.<\/p>\n<p>Der Nymeria Scarf ist ein Strickdesign f\u00fcr alle, die Wert auf Qualit\u00e4t, Stil und zeitlose Sch\u00f6nheit legen \u2013 ein Strickst\u00fcck, das bleibt.<\/p>\n<p>Die Anleitung erh\u00e4ltst du sofort nach Zahlungseingang per Email zum Download!<\/p>\n<p>Gr\u00f6\u00dfen und Ma\u00dfe\u00a0 \u00a0 \u00a0 \u00a0 \u00a0 \u00a0 \u00a0 Gr. 1 = ca. 130 x 9 cm (200 m LL),\u00a0Gr. 2 = ca. 150 x 15 cm (400 m LL)<\/p>\n<p>Nadeln\u00a0 \u00a0 \u00a0 \u00a0 \u00a0 \u00a0 \u00a0 \u00a0 \u00a0 \u00a0 \u00a0 \u00a0 \u00a0 \u00a0 \u00a0 \u00a03,0 bis 3,5 (probiere aus, welche Nadelst\u00e4rke f\u00fcr DEIN Garn am besten passt und am sch\u00f6nsten aussieht. Das Muster sollte\u00a0 \u00a0 \u00a0 \u00a0 \u00a0 \u00a0 \u00a0 \u00a0 \u00a0 \u00a0 \u00a0 \u00a0 \u00a0 \u00a0 \u00a0 \u00a0 \u00a0 \u00a0 \u00a0 \u00a0 \u00a0 \u00a0 \u00a0 \u00a0 \u00a0 \u00a0locker gearbeitet werden)<\/p>\n<p>Maschenprobe\u00a0\u00a0\u00a0\u00a0\u00a0\u00a0\u00a0\u00a0\u00a0\u00a0\u00a0\u00a0\u00a0\u00a0\u00a0\u00a0\u00a0\u00a0\u00a0 Fingering Garn: 22 Ma x 34 Rh glatt rechts, nach dem Waschen <u>und<\/u> vorsichtigem Spannen.<\/p>\n<p>Verbrauch\u00a0 \u00a0 \u00a0 \u00a0 \u00a0 \u00a0 \u00a0 \u00a0 \u00a0 \u00a0 \u00a0 \u00a0 \u00a0 \u00a0 Gr. 1 = ca. 200 m Laufl\u00e4nge, Gr. 2 = ca. 400 m Laufl\u00e4nge<\/p>\n<p>Zubeh\u00f6r\u00a0\u00a0\u00a0\u00a0\u00a0\u00a0\u00a0\u00a0\u00a0\u00a0\u00a0\u00a0\u00a0\u00a0\u00a0\u00a0\u00a0\u00a0\u00a0\u00a0\u00a0\u00a0\u00a0\u00a0\u00a0\u00a0\u00a0\u00a0\u00a0\u00a0\u00a0 1 Maschenmarkierer<\/p>\n<p><strong>Material\/Garnempfehlung<\/strong><\/p>\n<p>(Je nach Garn und Nadelst\u00e4rke kann die Gr\u00f6\u00dfe und das Gewicht variieren).<\/p>\n<p>Wei\u00df, \u00a0\u00a0\u00a0 \u00a0\u00a0Gr. 2, \u00a0\u00a0 400m LL (je 1x Fiberpassion Silkenmer &amp; Lang Lace, zweif\u00e4dig, Nd 3,0)<\/p>\n<p>Schwarz, Gr. 2: \u00a0\u00a0 400m LL (2x Saffira von Pascuali, einf\u00e4dig, Nd 3,25,)<\/p>\n<p>Grau,\u00a0\u00a0\u00a0\u00a0\u00a0 \u00a0Gr. 1: \u00a0\u00a0 200m LL (1x Saffira von Pascuali, einf\u00e4dig, Nd, 3,25)<\/p>\n<p>Pink,\u00a0 \u00a0 \u00a0 \u00a0 Gr. 1:\u00a0 \u00a0 200m LL (1\/2 KaschSilk von Zauberkunstgarne, Nadel 3,0)<\/p>\n<p>Caramell, Gr. 2:\u00a0 \u00a0 400m LL (1x Cahsmere Silk Deluxe von Zauberkunstgarne, Nadel 3,0)<\/p>\n<p>&nbsp;<\/p>\n<p>Nymeria Scarf is a sophisticated, classic scarf with a distinct presence and character. The design is deliberately timeless and impresses with its elegant simplicity\u2013 many already love the pattern from the hem of the Nazar\u00e9 Shawl.<\/p>\n<p>This unisex design is equally suited for men and women. Thanks to its clean lines, it can be styled in a variety of ways \u2013 whether for a casual everyday look or a stylish outfit for special occasions. It\u2019s the kind of piece that doesn\u2019t need to be loud to stand out.<\/p>\n<p>This instruction includes two sizes, perfect for a range of styles to wear. Whether worn loosely, wrapped around several times or kept deliberately simple, it makes an excellent personal gift, is ideal for using up your yarn stash and can be knitted in all your favourite colours.<\/p>\n<p>Nymeria Scarf is a knitwear design for anyone who values quality, style and timeless beauty \u2013 a piece that will stand the test of time.<\/p>\n<pre id=\"tw-target-text\" class=\"tw-data-text tw-text-large tw-ta\" dir=\"ltr\" tabindex=\"-1\" role=\"text\" data-placeholder=\"\u00dcbersetzung\" data-ved=\"2ahUKEwjK9cnauMqTAxUfVPEDHc1mE8IQ3ewLegQIDBAV\" aria-label=\"\u00dcbersetzter Text: You will receive the instructions immediately after payment via email for download.\"><span class=\"Y2IQFc\" lang=\"en\">You will receive the instructions immediately after payment via email for download<\/span>!<\/pre>\n<p>Sizes and measurements\u00a0 Size 1 = approx. 130 x 9 cm (200 m meterage), Size 2 = approx. 150 x 15 cm (400 m meterage)<\/p>\n<p>Recommended needles\u00a0\u00a0\u00a0 3 mm to 3,5 mm (try out, which needle size workes best with YOUR yarn. The pattern should be worked loosely).<\/p>\n<p>Gauge\u00a0\u00a0\u00a0\u00a0\u00a0\u00a0\u00a0\u00a0\u00a0\u00a0\u00a0\u00a0\u00a0\u00a0\u00a0\u00a0\u00a0\u00a0\u00a0\u00a0\u00a0\u00a0\u00a0\u00a0\u00a0\u00a0\u00a0\u00a0\u00a0\u00a0\u00a0\u00a0\u00a0\u00a0 Fingering yarn: 22 stitches x 34 rows in stockinette stitch, after washing <u>and<\/u> gentle blocking<\/p>\n<p>Amount of yarn\u00a0\u00a0\u00a0\u00a0\u00a0\u00a0\u00a0\u00a0\u00a0\u00a0\u00a0\u00a0\u00a0\u00a0\u00a0\u00a0\u00a0\u00a0\u00a0 Size 1 = approx. 200 m meterage, Size 2 = approx. 400 m meterage<\/p>\n<p>Supplies\u00a0\u00a0\u00a0\u00a0\u00a0\u00a0\u00a0\u00a0\u00a0\u00a0\u00a0\u00a0\u00a0\u00a0\u00a0\u00a0\u00a0\u00a0\u00a0\u00a0\u00a0\u00a0\u00a0\u00a0\u00a0\u00a0\u00a0\u00a0\u00a0\u00a0\u00a0 1 stitch marker<\/p>","protected":false},"excerpt":{"rendered":"<p>Der Nymeria Scarf ist ein edler, klassischer Scarf mit klarer Ausstrahlung und Charakter. Das Design ist bewusst zeitlos gehalten und \u00fcberzeugt durch seine elegante Schlichtheit \u2013 viele lieben das Muster bereits vom Abschlussb\u00fcndchen im Nazar\u00e9 Shawl. Das Unisex-Muster eignet sich gleicherma\u00dfen f\u00fcr M\u00e4nner und Frauen. Durch seine klare Formensprache l\u00e4sst er sich vielseitig kombinieren \u2013 ob l\u00e4ssig im Alltag oder stilvoll zu besonderen Anl\u00e4ssen. Er wird der Begleiter sein, der nicht laut sein muss, um aufzufallen. Diese Anleitung enth\u00e4lt 2 Gr\u00f6\u00dfen und passt sich damit unterschiedlichen Tragevorlieben perfekt an. Ob locker getragen, mehrfach geschlungen oder bewusst reduziert. Er eignet sich hervorragend als pers\u00f6nliches Geschenk, ist ideal f\u00fcr den Stashabbau und kann in allen Lieblingsfarben gestrickt werden. Der Nymeria Scarf ist ein Strickdesign f\u00fcr alle, die Wert auf Qualit\u00e4t, Stil und zeitlose Sch\u00f6nheit legen \u2013 ein Strickst\u00fcck, das bleibt. Die Anleitung erh\u00e4ltst du sofort nach Zahlungseingang per Email zum Download! Gr\u00f6\u00dfen und Ma\u00dfe\u00a0 \u00a0 \u00a0 \u00a0 \u00a0 \u00a0 \u00a0 Gr. 1 = ca. 130 x 9 cm (200 m LL),\u00a0Gr. 2 = ca. 150 x 15 cm (400 m LL) Nadeln\u00a0 \u00a0 \u00a0 \u00a0 \u00a0 \u00a0 \u00a0 \u00a0 \u00a0 \u00a0 \u00a0 \u00a0 \u00a0 \u00a0 \u00a0 \u00a03,0 bis 3,5 (probiere aus, welche Nadelst\u00e4rke f\u00fcr DEIN Garn am besten passt und am sch\u00f6nsten aussieht. Das Muster sollte\u00a0 \u00a0 \u00a0 \u00a0 \u00a0 \u00a0 \u00a0 \u00a0 \u00a0 \u00a0 \u00a0 \u00a0 \u00a0 \u00a0 \u00a0 \u00a0 \u00a0 \u00a0 \u00a0 \u00a0 \u00a0 \u00a0 \u00a0 \u00a0 \u00a0 \u00a0locker gearbeitet werden) Maschenprobe\u00a0\u00a0\u00a0\u00a0\u00a0\u00a0\u00a0\u00a0\u00a0\u00a0\u00a0\u00a0\u00a0\u00a0\u00a0\u00a0\u00a0\u00a0\u00a0 Fingering Garn: 22 Ma x 34 Rh glatt rechts, nach dem Waschen und vorsichtigem Spannen. Verbrauch\u00a0 \u00a0 \u00a0 \u00a0 \u00a0 \u00a0 \u00a0 \u00a0 \u00a0 \u00a0 \u00a0 \u00a0 \u00a0 \u00a0 Gr. 1 = ca. 200 m Laufl\u00e4nge, Gr. 2 = ca. 400 m Laufl\u00e4nge Zubeh\u00f6r\u00a0\u00a0\u00a0\u00a0\u00a0\u00a0\u00a0\u00a0\u00a0\u00a0\u00a0\u00a0\u00a0\u00a0\u00a0\u00a0\u00a0\u00a0\u00a0\u00a0\u00a0\u00a0\u00a0\u00a0\u00a0\u00a0\u00a0\u00a0\u00a0\u00a0\u00a0 1 Maschenmarkierer Material\/Garnempfehlung (Je nach Garn und Nadelst\u00e4rke kann die Gr\u00f6\u00dfe und das Gewicht variieren). Wei\u00df, \u00a0\u00a0\u00a0 \u00a0\u00a0Gr. 2, \u00a0\u00a0 400m LL (je 1x Fiberpassion Silkenmer &amp; Lang Lace, zweif\u00e4dig, Nd 3,0) Schwarz, Gr. 2: \u00a0\u00a0 400m LL (2x Saffira von Pascuali, einf\u00e4dig, Nd 3,25,) Grau,\u00a0\u00a0\u00a0\u00a0\u00a0 \u00a0Gr. 1: \u00a0\u00a0 200m LL (1x Saffira von Pascuali, einf\u00e4dig, Nd, 3,25) Pink,\u00a0 \u00a0 \u00a0 \u00a0 Gr. 1:\u00a0 \u00a0 200m LL (1\/2 KaschSilk von Zauberkunstgarne, Nadel 3,0) Caramell, Gr. 2:\u00a0 \u00a0 400m LL (1x Cahsmere Silk Deluxe von Zauberkunstgarne, Nadel 3,0) &nbsp; Nymeria Scarf is a sophisticated, classic scarf with a distinct presence and character. The design is deliberately timeless and impresses with its elegant simplicity\u2013 many already love the pattern from the hem of the Nazar\u00e9 Shawl. This unisex design is equally suited for men and women. Thanks to its clean lines, it can be styled in a variety of ways \u2013 whether for a casual everyday look or a stylish outfit for special occasions. It\u2019s the kind of piece that doesn\u2019t need to be loud to stand out. This instruction includes two sizes, perfect for a range of styles to wear. Whether worn loosely, wrapped around several times or kept deliberately simple, it makes an excellent personal gift, is ideal for using up your yarn stash and can be knitted in all your favourite colours. Nymeria Scarf is a knitwear design for anyone who values quality, style and timeless beauty \u2013 a piece that will stand the test of time. You will receive the instructions immediately after payment via email for download! Sizes and measurements\u00a0 Size 1 = approx. 130 x 9 cm (200 m meterage), Size 2 = approx. 150 x 15 cm (400 m meterage) Recommended needles\u00a0\u00a0\u00a0 3 mm to 3,5 mm (try out, which needle size workes best with YOUR yarn. The pattern should be worked loosely). Gauge\u00a0\u00a0\u00a0\u00a0\u00a0\u00a0\u00a0\u00a0\u00a0\u00a0\u00a0\u00a0\u00a0\u00a0\u00a0\u00a0\u00a0\u00a0\u00a0\u00a0\u00a0\u00a0\u00a0\u00a0\u00a0\u00a0\u00a0\u00a0\u00a0\u00a0\u00a0\u00a0\u00a0\u00a0 Fingering yarn: 22 stitches x 34 rows in stockinette stitch, after washing and gentle blocking Amount of yarn\u00a0\u00a0\u00a0\u00a0\u00a0\u00a0\u00a0\u00a0\u00a0\u00a0\u00a0\u00a0\u00a0\u00a0\u00a0\u00a0\u00a0\u00a0\u00a0 Size 1 = approx. 200 m meterage, Size 2 = approx. 400 m meterage Supplies\u00a0\u00a0\u00a0\u00a0\u00a0\u00a0\u00a0\u00a0\u00a0\u00a0\u00a0\u00a0\u00a0\u00a0\u00a0\u00a0\u00a0\u00a0\u00a0\u00a0\u00a0\u00a0\u00a0\u00a0\u00a0\u00a0\u00a0\u00a0\u00a0\u00a0\u00a0 1 stitch marker<\/p>","protected":false},"featured_media":11735,"comment_status":"open","ping_status":"closed","template":"","meta":{"_acf_changed":false},"product_brand":[],"product_cat":[99,23],"product_tag":[294,295,293,77,321,323],"class_list":{"0":"post-11654","1":"product","2":"type-product","3":"status-publish","4":"has-post-thumbnail","6":"product_cat-accessoires-strickdesigns","7":"product_cat-strickdesigns","8":"product_tag-scarf","9":"product_tag-schal","10":"product_tag-shawl","11":"product_tag-startseite","12":"product_tag-uni","13":"product_tag-unisex","14":"product_shipping_class-kostenfrei","16":"first","17":"instock","18":"downloadable","19":"taxable","20":"shipping-taxable","21":"purchasable","22":"product-type-simple"},"acf":[],"_links":{"self":[{"href":"https:\/\/kerstinritter-knits.de\/en\/wp-json\/wp\/v2\/product\/11654","targetHints":{"allow":["GET"]}}],"collection":[{"href":"https:\/\/kerstinritter-knits.de\/en\/wp-json\/wp\/v2\/product"}],"about":[{"href":"https:\/\/kerstinritter-knits.de\/en\/wp-json\/wp\/v2\/types\/product"}],"replies":[{"embeddable":true,"href":"https:\/\/kerstinritter-knits.de\/en\/wp-json\/wp\/v2\/comments?post=11654"}],"wp:featuredmedia":[{"embeddable":true,"href":"https:\/\/kerstinritter-knits.de\/en\/wp-json\/wp\/v2\/media\/11735"}],"wp:attachment":[{"href":"https:\/\/kerstinritter-knits.de\/en\/wp-json\/wp\/v2\/media?parent=11654"}],"wp:term":[{"taxonomy":"product_brand","embeddable":true,"href":"https:\/\/kerstinritter-knits.de\/en\/wp-json\/wp\/v2\/product_brand?post=11654"},{"taxonomy":"product_cat","embeddable":true,"href":"https:\/\/kerstinritter-knits.de\/en\/wp-json\/wp\/v2\/product_cat?post=11654"},{"taxonomy":"product_tag","embeddable":true,"href":"https:\/\/kerstinritter-knits.de\/en\/wp-json\/wp\/v2\/product_tag?post=11654"}],"curies":[{"name":"wp","href":"https:\/\/api.w.org\/{rel}","templated":true}]}}