{"id":1180,"date":"2024-08-26T19:05:02","date_gmt":"2024-08-26T17:05:02","guid":{"rendered":"https:\/\/dev.kerstinritter-knits.de\/?post_type=product&#038;p=1180"},"modified":"2025-12-08T23:45:41","modified_gmt":"2025-12-08T22:45:41","slug":"perlenarmband-silver-obsidian-mit-haematit","status":"publish","type":"product","link":"https:\/\/kerstinritter-knits.de\/en\/product\/perlenarmband-silver-obsidian-mit-haematit\/","title":{"rendered":"Perlenarmband &#8222;SILVER OBSIDIAN mit H\u00c4MATIT&#8220; (doppelt)"},"content":{"rendered":"<div data-appears-component-name=\"product_details\">\n<div id=\"product_details\" class=\"appears-ready\">\n<div class=\"wt-content-toggle\" data-selector=\"info-section-content-toggle\">\n<div id=\"product_details_content_toggle\" class=\"wt-content-toggle__body\" aria-hidden=\"false\">\n<div class=\"wt-mb-xs-6\">\n<div data-id=\"description-text\">\n<div id=\"content-toggle-product-details-read-more\" class=\"\" aria-hidden=\"false\">\n<p class=\"wt-text-body-01 wt-break-word\" data-product-details-description-text-content=\"\">Doppeltes Armband mit 6mm Perlen Silver Obsidian und dazwischen 4 mm facettierten H\u00e4matit Perlen. Unser Bestseller!<\/p>\n<p class=\"wt-text-body-01 wt-break-word\" data-product-details-description-text-content=\"\">Abschluss ist ein silberfarbener Lebensbaum.<\/p>\n<p data-product-details-description-text-content=\"\">Auf Wunsch k\u00f6nnen wir dieses Armband auch gerne in einer dreifach getragenen L\u00e4nge anbieten! Bitte schreiben Sie uns hierzu eine Nachricht.<\/p>\n<p data-product-details-description-text-content=\"\">Zur OBSIDIAN Perle: Obsidian hat eine\u00a0starke Wirkung, um Blockaden, Schockzust\u00e4nde, \u00c4ngste und Traumata zu l\u00f6sen. Dieser schwarze Edelstein unterst\u00fctzt dabei, sich mit vergangenen Erfahrungen auseinanderzusetzen und die damit verbundenen Schmerzen zu \u00fcberwinden.<\/p>\n<p data-product-details-description-text-content=\"\">Zur H\u00c4MATIT Perle: Dieser Stein\u00a0erh\u00f6ht die Regenerationsf\u00e4higkeit des K\u00f6rpers und hilft so bei der Rekonvaleszen<b>z<\/b>. Der H\u00e4matit wirkt zus\u00e4tzlich regenerierend auf die Leber und erleichtert unserem K\u00f6rper so die Entgiftung. Er f\u00f6rdert die Narbenverheilung.<\/p>\n<\/div>\n<\/div>\n<\/div>\n<\/div>\n<\/div>\n<\/div>\n<\/div>","protected":false},"excerpt":{"rendered":"<p>Doppeltes Armband mit 6mm Perlen Silver Obsidian und dazwischen 4 mm facettierten H\u00e4matit Perlen. Unser Bestseller! Abschluss ist ein silberfarbener Lebensbaum. Auf Wunsch k\u00f6nnen wir dieses Armband auch gerne in einer dreifach getragenen L\u00e4nge anbieten! Bitte schreiben Sie uns hierzu eine Nachricht. Zur OBSIDIAN Perle: Obsidian hat eine\u00a0starke Wirkung, um Blockaden, Schockzust\u00e4nde, \u00c4ngste und Traumata zu l\u00f6sen. Dieser schwarze Edelstein unterst\u00fctzt dabei, sich mit vergangenen Erfahrungen auseinanderzusetzen und die damit verbundenen Schmerzen zu \u00fcberwinden. Zur H\u00c4MATIT Perle: Dieser Stein\u00a0erh\u00f6ht die Regenerationsf\u00e4higkeit des K\u00f6rpers und hilft so bei der Rekonvaleszenz. Der H\u00e4matit wirkt zus\u00e4tzlich regenerierend auf die Leber und erleichtert unserem K\u00f6rper so die Entgiftung. Er f\u00f6rdert die Narbenverheilung.<\/p>","protected":false},"featured_media":1177,"comment_status":"open","ping_status":"closed","template":"","meta":{"_acf_changed":false},"product_brand":[],"product_cat":[88,75],"product_tag":[],"class_list":{"0":"post-1180","1":"product","2":"type-product","3":"status-publish","4":"has-post-thumbnail","6":"product_cat-perlenarmbaender","7":"product_cat-schmuck","8":"product_shipping_class-sonstiges","10":"first","11":"instock","12":"taxable","13":"shipping-taxable","14":"purchasable","15":"product-type-variable"},"acf":[],"_links":{"self":[{"href":"https:\/\/kerstinritter-knits.de\/en\/wp-json\/wp\/v2\/product\/1180","targetHints":{"allow":["GET"]}}],"collection":[{"href":"https:\/\/kerstinritter-knits.de\/en\/wp-json\/wp\/v2\/product"}],"about":[{"href":"https:\/\/kerstinritter-knits.de\/en\/wp-json\/wp\/v2\/types\/product"}],"replies":[{"embeddable":true,"href":"https:\/\/kerstinritter-knits.de\/en\/wp-json\/wp\/v2\/comments?post=1180"}],"wp:featuredmedia":[{"embeddable":true,"href":"https:\/\/kerstinritter-knits.de\/en\/wp-json\/wp\/v2\/media\/1177"}],"wp:attachment":[{"href":"https:\/\/kerstinritter-knits.de\/en\/wp-json\/wp\/v2\/media?parent=1180"}],"wp:term":[{"taxonomy":"product_brand","embeddable":true,"href":"https:\/\/kerstinritter-knits.de\/en\/wp-json\/wp\/v2\/product_brand?post=1180"},{"taxonomy":"product_cat","embeddable":true,"href":"https:\/\/kerstinritter-knits.de\/en\/wp-json\/wp\/v2\/product_cat?post=1180"},{"taxonomy":"product_tag","embeddable":true,"href":"https:\/\/kerstinritter-knits.de\/en\/wp-json\/wp\/v2\/product_tag?post=1180"}],"curies":[{"name":"wp","href":"https:\/\/api.w.org\/{rel}","templated":true}]}}