{"id":1199,"date":"2024-08-26T19:27:14","date_gmt":"2024-08-26T17:27:14","guid":{"rendered":"https:\/\/dev.kerstinritter-knits.de\/?post_type=product&#038;p=1199"},"modified":"2026-03-18T09:08:23","modified_gmt":"2026-03-18T08:08:23","slug":"perlenarmband-peachy-rose-4-3mm-mit-silberner-verbindungsperle","status":"publish","type":"product","link":"https:\/\/kerstinritter-knits.de\/en\/product\/perlenarmband-peachy-rose-4-3mm-mit-silberner-verbindungsperle\/","title":{"rendered":"Perlenarmband &#8222;PEACHY ROSE&#8220;"},"content":{"rendered":"<p>S\u00fc\u00dfes funkelndes Armband aus facettierten Glasperlen in einem peach-ros\u00e9-wei\u00df Aussehen!<\/p>\n<p><strong>Must have!<\/strong><\/p>\n<p>Das Armband ist auf einem hochwertigen Gummiband gef\u00e4delt.<\/p>","protected":false},"excerpt":{"rendered":"<p>S\u00fc\u00dfes funkelndes Armband aus facettierten Glasperlen in einem peach-ros\u00e9-wei\u00df Aussehen! Must have! Das Armband ist auf einem hochwertigen Gummiband gef\u00e4delt.<\/p>","protected":false},"featured_media":1200,"comment_status":"open","ping_status":"closed","template":"","meta":{"_acf_changed":false},"product_brand":[],"product_cat":[88,75],"product_tag":[],"class_list":{"0":"post-1199","1":"product","2":"type-product","3":"status-publish","4":"has-post-thumbnail","6":"product_cat-perlenarmbaender","7":"product_cat-schmuck","8":"product_shipping_class-sonstiges","10":"first","11":"instock","12":"taxable","13":"shipping-taxable","14":"purchasable","15":"product-type-variable"},"acf":[],"_links":{"self":[{"href":"https:\/\/kerstinritter-knits.de\/en\/wp-json\/wp\/v2\/product\/1199","targetHints":{"allow":["GET"]}}],"collection":[{"href":"https:\/\/kerstinritter-knits.de\/en\/wp-json\/wp\/v2\/product"}],"about":[{"href":"https:\/\/kerstinritter-knits.de\/en\/wp-json\/wp\/v2\/types\/product"}],"replies":[{"embeddable":true,"href":"https:\/\/kerstinritter-knits.de\/en\/wp-json\/wp\/v2\/comments?post=1199"}],"wp:featuredmedia":[{"embeddable":true,"href":"https:\/\/kerstinritter-knits.de\/en\/wp-json\/wp\/v2\/media\/1200"}],"wp:attachment":[{"href":"https:\/\/kerstinritter-knits.de\/en\/wp-json\/wp\/v2\/media?parent=1199"}],"wp:term":[{"taxonomy":"product_brand","embeddable":true,"href":"https:\/\/kerstinritter-knits.de\/en\/wp-json\/wp\/v2\/product_brand?post=1199"},{"taxonomy":"product_cat","embeddable":true,"href":"https:\/\/kerstinritter-knits.de\/en\/wp-json\/wp\/v2\/product_cat?post=1199"},{"taxonomy":"product_tag","embeddable":true,"href":"https:\/\/kerstinritter-knits.de\/en\/wp-json\/wp\/v2\/product_tag?post=1199"}],"curies":[{"name":"wp","href":"https:\/\/api.w.org\/{rel}","templated":true}]}}