{"id":1203,"date":"2024-08-26T20:02:54","date_gmt":"2024-08-26T18:02:54","guid":{"rendered":"https:\/\/dev.kerstinritter-knits.de\/?post_type=product&#038;p=1203"},"modified":"2025-12-06T14:53:33","modified_gmt":"2025-12-06T13:53:33","slug":"perlenarmband-granat-6mm-doppelt-mit-silbener-oder-goldener-schnecke","status":"publish","type":"product","link":"https:\/\/kerstinritter-knits.de\/en\/product\/perlenarmband-granat-6mm-doppelt-mit-silbener-oder-goldener-schnecke\/","title":{"rendered":"Perlenarmband &#8222;GRANAT&#8220; 6mm (doppelt)"},"content":{"rendered":"<p>Edles Armband aus 6mm Granat Perlen mit silberner oder goldener Schnecke. Das Armband wird doppelt getragen.<\/p>\n<p>(Beispiel: bei einer L\u00e4nge von 34cm passt es einem Handgelenk von 17cm).<\/p>\n<p>Die Perlen sind auf einer hochwertigen, dehnbaren Silikonschnur zum leichten An-und Ausziehen gef\u00e4delt.<\/p>\n<p>Zur GRANAT Perle: Der Granat ist der\u00a0<b>Stein der Liebe<\/b>. Der Granat Stein gilt als Edelstein der Leidenschaft, vor allem aufgrund seiner roten Farbe. Daher ist er ein beliebtes Geschenk zu Hochzeitstagen oder romantischen Liebeserkl\u00e4rungen. Die Granat Wirkung weckt Kreativit\u00e4t, positive Energie und f\u00f6rdert das Selbstbewusstsein.<\/p>","protected":false},"excerpt":{"rendered":"<p>Edles Armband aus 6mm Granat Perlen mit silberner oder goldener Schnecke. Das Armband wird doppelt getragen. (Beispiel: bei einer L\u00e4nge von 34cm passt es einem Handgelenk von 17cm). Die Perlen sind auf einer hochwertigen, dehnbaren Silikonschnur zum leichten An-und Ausziehen gef\u00e4delt. Zur GRANAT Perle: Der Granat ist der\u00a0Stein der Liebe. Der Granat Stein gilt als Edelstein der Leidenschaft, vor allem aufgrund seiner roten Farbe. Daher ist er ein beliebtes Geschenk zu Hochzeitstagen oder romantischen Liebeserkl\u00e4rungen. Die Granat Wirkung weckt Kreativit\u00e4t, positive Energie und f\u00f6rdert das Selbstbewusstsein.<\/p>","protected":false},"featured_media":1209,"comment_status":"open","ping_status":"closed","template":"","meta":{"_acf_changed":false},"product_brand":[],"product_cat":[88,75],"product_tag":[],"class_list":{"0":"post-1203","1":"product","2":"type-product","3":"status-publish","4":"has-post-thumbnail","6":"product_cat-perlenarmbaender","7":"product_cat-schmuck","8":"product_shipping_class-sonstiges","10":"first","11":"outofstock","12":"taxable","13":"shipping-taxable","14":"purchasable","15":"product-type-variable"},"acf":[],"_links":{"self":[{"href":"https:\/\/kerstinritter-knits.de\/en\/wp-json\/wp\/v2\/product\/1203","targetHints":{"allow":["GET"]}}],"collection":[{"href":"https:\/\/kerstinritter-knits.de\/en\/wp-json\/wp\/v2\/product"}],"about":[{"href":"https:\/\/kerstinritter-knits.de\/en\/wp-json\/wp\/v2\/types\/product"}],"replies":[{"embeddable":true,"href":"https:\/\/kerstinritter-knits.de\/en\/wp-json\/wp\/v2\/comments?post=1203"}],"wp:featuredmedia":[{"embeddable":true,"href":"https:\/\/kerstinritter-knits.de\/en\/wp-json\/wp\/v2\/media\/1209"}],"wp:attachment":[{"href":"https:\/\/kerstinritter-knits.de\/en\/wp-json\/wp\/v2\/media?parent=1203"}],"wp:term":[{"taxonomy":"product_brand","embeddable":true,"href":"https:\/\/kerstinritter-knits.de\/en\/wp-json\/wp\/v2\/product_brand?post=1203"},{"taxonomy":"product_cat","embeddable":true,"href":"https:\/\/kerstinritter-knits.de\/en\/wp-json\/wp\/v2\/product_cat?post=1203"},{"taxonomy":"product_tag","embeddable":true,"href":"https:\/\/kerstinritter-knits.de\/en\/wp-json\/wp\/v2\/product_tag?post=1203"}],"curies":[{"name":"wp","href":"https:\/\/api.w.org\/{rel}","templated":true}]}}