{"id":1213,"date":"2024-08-26T20:10:14","date_gmt":"2024-08-26T18:10:14","guid":{"rendered":"https:\/\/dev.kerstinritter-knits.de\/?post_type=product&#038;p=1213"},"modified":"2025-12-06T14:47:38","modified_gmt":"2025-12-06T13:47:38","slug":"perlenarmband-rosenquarz-6mm-doppelt-mit-silberner-schnecke","status":"publish","type":"product","link":"https:\/\/kerstinritter-knits.de\/en\/product\/perlenarmband-rosenquarz-6mm-doppelt-mit-silberner-schnecke\/","title":{"rendered":"Perlenarmband &#8222;ROSENQUARZ&#8220; 6mm (doppelt)"},"content":{"rendered":"<p>Edles Armband aus 6mm Rosenquarz Perlen mit silberner Schnecke.<\/p>\n<p>Das Armband wird doppelt getragen.<\/p>\n<p>(Beispiel: bei einer L\u00e4nge von 34cm passt es einem Handgelenk von 17cm).<\/p>\n<p>Die Perlen sind auf einer hochwertigen, dehnbaren Silikonschnur zum leichten An-und Ausziehen gef\u00e4delt.<\/p>\n<p>Zur ROSENQUARZ Perle: Rosenquarz gilt er als Liebesstein, der den Menschen Liebe und Fruchtbarkeit schenken soll. Er soll das Herz \u00f6ffnen, Beziehungs\u00e4ngste heilen, Streit schlichten und die Verbundenheit zweier Menschen st\u00e4rken.<\/p>","protected":false},"excerpt":{"rendered":"<p>Edles Armband aus 6mm Rosenquarz Perlen mit silberner Schnecke. Das Armband wird doppelt getragen. (Beispiel: bei einer L\u00e4nge von 34cm passt es einem Handgelenk von 17cm). Die Perlen sind auf einer hochwertigen, dehnbaren Silikonschnur zum leichten An-und Ausziehen gef\u00e4delt. Zur ROSENQUARZ Perle: Rosenquarz gilt er als Liebesstein, der den Menschen Liebe und Fruchtbarkeit schenken soll. Er soll das Herz \u00f6ffnen, Beziehungs\u00e4ngste heilen, Streit schlichten und die Verbundenheit zweier Menschen st\u00e4rken.<\/p>","protected":false},"featured_media":1211,"comment_status":"open","ping_status":"closed","template":"","meta":{"_acf_changed":false},"product_brand":[],"product_cat":[88,75],"product_tag":[],"class_list":{"0":"post-1213","1":"product","2":"type-product","3":"status-publish","4":"has-post-thumbnail","6":"product_cat-perlenarmbaender","7":"product_cat-schmuck","8":"product_shipping_class-sonstiges","10":"first","11":"outofstock","12":"taxable","13":"shipping-taxable","14":"purchasable","15":"product-type-variable"},"acf":[],"_links":{"self":[{"href":"https:\/\/kerstinritter-knits.de\/en\/wp-json\/wp\/v2\/product\/1213","targetHints":{"allow":["GET"]}}],"collection":[{"href":"https:\/\/kerstinritter-knits.de\/en\/wp-json\/wp\/v2\/product"}],"about":[{"href":"https:\/\/kerstinritter-knits.de\/en\/wp-json\/wp\/v2\/types\/product"}],"replies":[{"embeddable":true,"href":"https:\/\/kerstinritter-knits.de\/en\/wp-json\/wp\/v2\/comments?post=1213"}],"wp:featuredmedia":[{"embeddable":true,"href":"https:\/\/kerstinritter-knits.de\/en\/wp-json\/wp\/v2\/media\/1211"}],"wp:attachment":[{"href":"https:\/\/kerstinritter-knits.de\/en\/wp-json\/wp\/v2\/media?parent=1213"}],"wp:term":[{"taxonomy":"product_brand","embeddable":true,"href":"https:\/\/kerstinritter-knits.de\/en\/wp-json\/wp\/v2\/product_brand?post=1213"},{"taxonomy":"product_cat","embeddable":true,"href":"https:\/\/kerstinritter-knits.de\/en\/wp-json\/wp\/v2\/product_cat?post=1213"},{"taxonomy":"product_tag","embeddable":true,"href":"https:\/\/kerstinritter-knits.de\/en\/wp-json\/wp\/v2\/product_tag?post=1213"}],"curies":[{"name":"wp","href":"https:\/\/api.w.org\/{rel}","templated":true}]}}