{"id":1214,"date":"2024-08-26T20:13:56","date_gmt":"2024-08-26T18:13:56","guid":{"rendered":"https:\/\/dev.kerstinritter-knits.de\/?post_type=product&#038;p=1214"},"modified":"2025-12-06T14:54:01","modified_gmt":"2025-12-06T13:54:01","slug":"perlenarmband-onyx-6mm-doppelt-mit-goldener-schnecke","status":"publish","type":"product","link":"https:\/\/kerstinritter-knits.de\/en\/product\/perlenarmband-onyx-6mm-doppelt-mit-goldener-schnecke\/","title":{"rendered":"Perlenarmband &#8222;ONYX&#8220; 6 und 8mm (doppelt)"},"content":{"rendered":"<p>Edles Armband aus 6 und 8 mm ONYX Perlen mit verschiedenen Abschl\u00fcssen: Silberne Schnecke, goldene Schnecke oder rosegoldfarbener Lebensbaum.<\/p>\n<p>Das Armband wird doppelt getragen!<\/p>\n<p>(Beispiel: bei einer L\u00e4nge von 34cm passt es einem Handgelenk von 17cm).<\/p>\n<p>Die Perlen sind auf einer hochwertigen, dehnbaren Silikonschnur zum leichten An-und Ausziehen gef\u00e4delt.<\/p>\n<p>zur ONXY Perle: In der r\u00f6mischen Mythologie wurde Onyx als\u00a0<b>Symbol des Gl\u00fccks und des Erfolgs<\/b>\u00a0angesehen. Es wurde auch f\u00fcr magische Zwecke verwendet und man glaubt, dass es den Tr\u00e4ger vor b\u00f6sen Geistern und Unheil sch\u00fctzen konnte. Im Mittelalter wurde Onyx f\u00fcr die Herstellung von Schmuck und Amuletten verwendet.<\/p>\n<p>&nbsp;<\/p>","protected":false},"excerpt":{"rendered":"<p>Edles Armband aus 6 und 8 mm ONYX Perlen mit verschiedenen Abschl\u00fcssen: Silberne Schnecke, goldene Schnecke oder rosegoldfarbener Lebensbaum. Das Armband wird doppelt getragen! (Beispiel: bei einer L\u00e4nge von 34cm passt es einem Handgelenk von 17cm). Die Perlen sind auf einer hochwertigen, dehnbaren Silikonschnur zum leichten An-und Ausziehen gef\u00e4delt. zur ONXY Perle: In der r\u00f6mischen Mythologie wurde Onyx als\u00a0Symbol des Gl\u00fccks und des Erfolgs\u00a0angesehen. Es wurde auch f\u00fcr magische Zwecke verwendet und man glaubt, dass es den Tr\u00e4ger vor b\u00f6sen Geistern und Unheil sch\u00fctzen konnte. Im Mittelalter wurde Onyx f\u00fcr die Herstellung von Schmuck und Amuletten verwendet. &nbsp;<\/p>","protected":false},"featured_media":1215,"comment_status":"open","ping_status":"closed","template":"","meta":{"_acf_changed":false},"product_brand":[],"product_cat":[88,75],"product_tag":[],"class_list":{"0":"post-1214","1":"product","2":"type-product","3":"status-publish","4":"has-post-thumbnail","6":"product_cat-perlenarmbaender","7":"product_cat-schmuck","8":"product_shipping_class-sonstiges","10":"first","11":"outofstock","12":"taxable","13":"shipping-taxable","14":"purchasable","15":"product-type-variable"},"acf":[],"_links":{"self":[{"href":"https:\/\/kerstinritter-knits.de\/en\/wp-json\/wp\/v2\/product\/1214","targetHints":{"allow":["GET"]}}],"collection":[{"href":"https:\/\/kerstinritter-knits.de\/en\/wp-json\/wp\/v2\/product"}],"about":[{"href":"https:\/\/kerstinritter-knits.de\/en\/wp-json\/wp\/v2\/types\/product"}],"replies":[{"embeddable":true,"href":"https:\/\/kerstinritter-knits.de\/en\/wp-json\/wp\/v2\/comments?post=1214"}],"wp:featuredmedia":[{"embeddable":true,"href":"https:\/\/kerstinritter-knits.de\/en\/wp-json\/wp\/v2\/media\/1215"}],"wp:attachment":[{"href":"https:\/\/kerstinritter-knits.de\/en\/wp-json\/wp\/v2\/media?parent=1214"}],"wp:term":[{"taxonomy":"product_brand","embeddable":true,"href":"https:\/\/kerstinritter-knits.de\/en\/wp-json\/wp\/v2\/product_brand?post=1214"},{"taxonomy":"product_cat","embeddable":true,"href":"https:\/\/kerstinritter-knits.de\/en\/wp-json\/wp\/v2\/product_cat?post=1214"},{"taxonomy":"product_tag","embeddable":true,"href":"https:\/\/kerstinritter-knits.de\/en\/wp-json\/wp\/v2\/product_tag?post=1214"}],"curies":[{"name":"wp","href":"https:\/\/api.w.org\/{rel}","templated":true}]}}