{"id":1232,"date":"2024-08-26T20:25:12","date_gmt":"2024-08-26T18:25:12","guid":{"rendered":"https:\/\/dev.kerstinritter-knits.de\/?post_type=product&#038;p=1232"},"modified":"2025-10-16T13:06:53","modified_gmt":"2025-10-16T11:06:53","slug":"arya-slipover","status":"publish","type":"product","link":"https:\/\/kerstinritter-knits.de\/en\/product\/arya-slipover\/","title":{"rendered":"ARYA Slipover"},"content":{"rendered":"<p>Dieser Pullunder wird von unten nach oben gestrickt. Zuerst wird das R\u00fcckenteil angeschlagen, sp\u00e4ter das Vorderteil weil dieses vorne k\u00fcrzer ist. Danach werden sie mit einer sch\u00f6nen Variante zusammen auf eine Nadel genommen und in Runden hoch gestrickt. Die Armausschnitte und Halsausschnitte werden getrennt gearbeitet, so dass am Ende nur die beiden Schultern entweder zusammen gen\u00e4ht oder mit der 3-needle-bindoff-Methode zusammen gestrickt sind. Die Links zu Videotutorials sind in der Anleitung enthalten.<\/p>\n<p>Am Ende werden B\u00fcndchen an den Hals und die Armausschnitte gestrickt.<\/p>\n<p>Meine spezielle Art der Maschenaufnahme verhindert L\u00f6cher beim \u00dcbergang vom Rumpf zum B\u00fcndchen.<\/p>\n<p>Auch wenn du noch nie von unten nach oben gestrickt hast, wage dich dran &#8211; die Anleitung ist sehr ausf\u00fchrlich beschrieben.<\/p>\n<p>ARYA wird doppelf\u00e4dig gestrickt mit Nadel 4,0 (falls du fest strickst solltest du 0,5 gr\u00f6\u00dfer nehmen).<\/p>\n<p>Gr\u00f6\u00dfen XS, S, M, L, XL, 2XL<br \/>\nBrustweite: ca 86, 96, 106, 116, 126, 136 cm (gemessen am fertigen Pullunder mit einer Mehrweite von ca. 6-8cm)<\/p>\n<p>Verbrauch:<br \/>\nPascuali Merino Baby 150 (150) 200 (200) 250 (250) g zusammen mit Manada 75 (75) 100 (100) 125 (125)<br \/>\noder<br \/>\nLana Grossa Ecopuno 150 (150) 200 (200) 250 (250) g<br \/>\nzusammen mit Setasuri 75 (75) 100 (100) 125 (125) g<\/p>\n<p>Der Download-Link f\u00fcr die Anleitung wird dir nach Bezahlung per Mail an die angegebene E-Mailadresse gesendet.<\/p>\n<p>The ARYA slipover is worked bottom up. First, the back piece\u2019s hem is worked in rib, then a small part in stockinette stitch incl. You then work the front piece the same way and close both pieces to the round.<br \/>\nSide slits have been shaped at the body\u2019s sides.<br \/>\nWork in stockinette stitch in rounds to the armhole openings. While ARYA has a deep, round neckline, the body has a rather short fit, so that a blouse underneath is excellently accentuated. However, depending on body size or preference, the body can simply be worked longer!<br \/>\nAt the end, you sew the shoulder stitches together with the Kitchener stitch or the 3 needle bind off.<br \/>\nYou will work ribbings with slip stitches at neckline and both armhole openings.<\/p>","protected":false},"excerpt":{"rendered":"<p>Dieser Pullunder wird von unten nach oben gestrickt. Zuerst wird das R\u00fcckenteil angeschlagen, sp\u00e4ter das Vorderteil weil dieses vorne k\u00fcrzer ist. Danach werden sie mit einer sch\u00f6nen Variante zusammen auf eine Nadel genommen und in Runden hoch gestrickt. Die Armausschnitte und Halsausschnitte werden getrennt gearbeitet, so dass am Ende nur die beiden Schultern entweder zusammen gen\u00e4ht oder mit der 3-needle-bindoff-Methode zusammen gestrickt sind. Die Links zu Videotutorials sind in der Anleitung enthalten. Am Ende werden B\u00fcndchen an den Hals und die Armausschnitte gestrickt. Meine spezielle Art der Maschenaufnahme verhindert L\u00f6cher beim \u00dcbergang vom Rumpf zum B\u00fcndchen. Auch wenn du noch nie von unten nach oben gestrickt hast, wage dich dran &#8211; die Anleitung ist sehr ausf\u00fchrlich beschrieben. ARYA wird doppelf\u00e4dig gestrickt mit Nadel 4,0 (falls du fest strickst solltest du 0,5 gr\u00f6\u00dfer nehmen). Gr\u00f6\u00dfen XS, S, M, L, XL, 2XL Brustweite: ca 86, 96, 106, 116, 126, 136 cm (gemessen am fertigen Pullunder mit einer Mehrweite von ca. 6-8cm) Verbrauch: Pascuali Merino Baby 150 (150) 200 (200) 250 (250) g zusammen mit Manada 75 (75) 100 (100) 125 (125) oder Lana Grossa Ecopuno 150 (150) 200 (200) 250 (250) g zusammen mit Setasuri 75 (75) 100 (100) 125 (125) g Der Download-Link f\u00fcr die Anleitung wird dir nach Bezahlung per Mail an die angegebene E-Mailadresse gesendet. The ARYA slipover is worked bottom up. First, the back piece\u2019s hem is worked in rib, then a small part in stockinette stitch incl. You then work the front piece the same way and close both pieces to the round. Side slits have been shaped at the body\u2019s sides. Work in stockinette stitch in rounds to the armhole openings. While ARYA has a deep, round neckline, the body has a rather short fit, so that a blouse underneath is excellently accentuated. However, depending on body size or preference, the body can simply be worked longer! At the end, you sew the shoulder stitches together with the Kitchener stitch or the 3 needle bind off. You will work ribbings with slip stitches at neckline and both armhole openings.<\/p>","protected":false},"featured_media":1569,"comment_status":"open","ping_status":"closed","template":"","meta":{"_acf_changed":false},"product_brand":[],"product_cat":[100],"product_tag":[77],"class_list":{"0":"post-1232","1":"product","2":"type-product","3":"status-publish","4":"has-post-thumbnail","6":"product_cat-kleidung-strickdesigns","7":"product_tag-startseite","8":"product_shipping_class-kostenfrei","10":"first","11":"instock","12":"downloadable","13":"taxable","14":"shipping-taxable","15":"purchasable","16":"product-type-simple"},"acf":[],"_links":{"self":[{"href":"https:\/\/kerstinritter-knits.de\/en\/wp-json\/wp\/v2\/product\/1232","targetHints":{"allow":["GET"]}}],"collection":[{"href":"https:\/\/kerstinritter-knits.de\/en\/wp-json\/wp\/v2\/product"}],"about":[{"href":"https:\/\/kerstinritter-knits.de\/en\/wp-json\/wp\/v2\/types\/product"}],"replies":[{"embeddable":true,"href":"https:\/\/kerstinritter-knits.de\/en\/wp-json\/wp\/v2\/comments?post=1232"}],"wp:featuredmedia":[{"embeddable":true,"href":"https:\/\/kerstinritter-knits.de\/en\/wp-json\/wp\/v2\/media\/1569"}],"wp:attachment":[{"href":"https:\/\/kerstinritter-knits.de\/en\/wp-json\/wp\/v2\/media?parent=1232"}],"wp:term":[{"taxonomy":"product_brand","embeddable":true,"href":"https:\/\/kerstinritter-knits.de\/en\/wp-json\/wp\/v2\/product_brand?post=1232"},{"taxonomy":"product_cat","embeddable":true,"href":"https:\/\/kerstinritter-knits.de\/en\/wp-json\/wp\/v2\/product_cat?post=1232"},{"taxonomy":"product_tag","embeddable":true,"href":"https:\/\/kerstinritter-knits.de\/en\/wp-json\/wp\/v2\/product_tag?post=1232"}],"curies":[{"name":"wp","href":"https:\/\/api.w.org\/{rel}","templated":true}]}}