{"id":1258,"date":"2024-08-26T20:37:37","date_gmt":"2024-08-26T18:37:37","guid":{"rendered":"https:\/\/dev.kerstinritter-knits.de\/?post_type=product&#038;p=1258"},"modified":"2025-08-21T13:05:42","modified_gmt":"2025-08-21T11:05:42","slug":"lyanna-kappe","status":"publish","type":"product","link":"https:\/\/kerstinritter-knits.de\/en\/product\/lyanna-kappe\/","title":{"rendered":"LYANNA- Cowl"},"content":{"rendered":"<p>Der Lyanna Cowl ist ein Rollkragenpullover, der wunderbar unter einer Jacke oder einem Mantel getragen werden kann. Er ist nicht einengend, aber kuschelig warm und man hat immer einen weichen, warmen Halsw\u00e4rmer. Auch ideal f\u00fcr B\u00fcro, Homeoffice, Fahrrad oder Spazierg\u00e4nge.<\/p>\n<p>Er wird von oben nach unten gestrickt. Zuerst wird ein langes B\u00fcndchen im 2\/2 verschr\u00e4nkten Rippenmuster gestrickt. Danach wird durch Zunahme an den Raglanlinien der Halsausschnitt geformt. Die Raglanlinien bilden dekorative Z\u00f6pfe. Den Abschluss bildet wieder ein 2\/2 Rippenmuster.<\/p>\n<p>F\u00fcr RVO-Anf\u00e4nger unbedingt geeignet, da hier ohne verk\u00fcrzte Reihen gestrickt wird!<\/p>\n<p>Der Lyanna Cowl ist eine Einheitsgr\u00f6\u00dfe. Du kannst den ihn jederzeit anprobieren, um festzustellen, ob die L\u00e4nge passt. So kannst du f\u00fcr dich die perfekte Gr\u00f6\u00dfe\/L\u00e4nge schlagen. Falls du ihn l\u00e4nger strickst, beachte bitte, dass mehr Garn ben\u00f6tigt wird. F\u00fcr den Cowl Lyanna kannst du prim\u00e4r Wolle aus deinem Stash nehmen, von vielen Garnen reicht ein einziges Kn\u00e4uel.<\/p>\n<p>Maschenprobe: 17Ma x 24 Rh = 10&#215;10 cm glatt rechts<br \/>\nNadeln: Nadelspiel f\u00fcr den Bund oder 40cm kurze Rundstricknadel 4,0 \u2013 sp\u00e4ter 60cm Rundstricknadel\/Seil 4,0<br \/>\nZubeh\u00f6r: 9 Maschenmarkierer (wenn du versiert bist beim Raglan von oben stricken, reichen auch 5 Maschenmarkierer)<br \/>\nVerbrauch: 1 Kn\u00e4uel mit 200 m Laufl\u00e4nge pro 100g Strang\/Kn\u00e4uel (DK-St\u00e4rke).<br \/>\nDu kannst auch d\u00fcnneres Garn nehmen, brauchst dann aber 2 Kn\u00e4uel (mit jeweils 200m). In diesem Herbst strickst du doppelf\u00e4dig oder nimmst ein Lace\/Mohairgarn dazu. Bitte Maschenprobe beachten.<\/p>\n<p>Der Lyanna Cowl ist ein Rollkragenpullover, der sich wunderbar unter einer Jacke oder einem Mantel tragen l\u00e4sst. Er engt nicht ein, sondern ist kuschelig warm und man hat immer einen weichen, warmen Halsw\u00e4rmer. Ideal auch f\u00fcrs B\u00fcro, Homeoffice, Fahrrad oder Spazierg\u00e4nge.<\/p>\n<p>Gestrickt wird von oben nach unten. Zun\u00e4chst wird ein langes B\u00fcndchen im 2\/2-Rippenmuster gestrickt. Anschlie\u00dfend wird durch Maschenzunahmen an den Raglanlinien der Halsausschnitt geformt. Die Raglanlinien bilden dekorative Z\u00f6pfe. Den Abschluss bildet wieder ein 2\/2-Rippenmuster.<\/p>\n<p>Auf jeden Fall f\u00fcr RVO-Anf\u00e4nger geeignet, da wir ohne verk\u00fcrzte Reihen stricken!<\/p>\n<p>Der Lyanna Cowl ist in Einheitsgr\u00f6\u00dfe erh\u00e4ltlich. Du kannst ihn jederzeit anprobieren, um zu sehen, ob die L\u00e4nge passt. So kannst du die f\u00fcr dich perfekte Gr\u00f6\u00dfe\/L\u00e4nge stricken. Wenn du l\u00e4nger strickst, beachte bitte, dass mehr Garn ben\u00f6tigt wird. F\u00fcr den Cowl Lyanna kannst du problemlos vorhandene Wolle aus deinem Vorrat verwenden, von vielen Garnen reicht ein einziges Kn\u00e4uel.<\/p>\n<p>Maschenprobe: 17Ma x 24 Rh = 10&#215;10 cm glatt rechts<br \/>\nNadeln: Nadelset f\u00fcr den Bund oder 40cm kurze Rundstricknadel 4.0 &#8211; sp\u00e4ter 60cm Rundstricknadel\/Kette 4.0<br \/>\nZubeh\u00f6r: 9 Maschenmarkierer (wenn Sie ge\u00fcbt darin sind, den Raglan von oben zu stricken, reichen 5 Maschenmarkierer)<br \/>\nVerbrauch: 1 Kn\u00e4uel mit 200m Laufl\u00e4nge pro 100g Strang\/Kn\u00e4uel (DK-St\u00e4rke).<br \/>\nSie k\u00f6nnen auch d\u00fcnneres Garn verwenden, ben\u00f6tigen dann aber 2 Kn\u00e4uel (\u00e0 200m). In diesem Fall stricken Sie mit doppeltem Faden oder nehmen ein Lace-\/Mohairgarn hinzu. Bitte Maschenprobe beachten!<\/p>\n<p>Der Download-Link f\u00fcr die Anleitung wird dir nach Bezahlung per Mail an die angegebene E-Mailadresse gesendet.<\/p>","protected":false},"excerpt":{"rendered":"<p>Der Lyanna Cowl ist ein Rollkragenpullover, der wunderbar unter einer Jacke oder einem Mantel getragen werden kann. Er ist nicht einengend, aber kuschelig warm und man hat immer einen weichen, warmen Halsw\u00e4rmer. Auch ideal f\u00fcr B\u00fcro, Homeoffice, Fahrrad oder Spazierg\u00e4nge. Er wird von oben nach unten gestrickt. Zuerst wird ein langes B\u00fcndchen im 2\/2 verschr\u00e4nkten Rippenmuster gestrickt. Danach wird durch Zunahme an den Raglanlinien der Halsausschnitt geformt. Die Raglanlinien bilden dekorative Z\u00f6pfe. Den Abschluss bildet wieder ein 2\/2 Rippenmuster. F\u00fcr RVO-Anf\u00e4nger unbedingt geeignet, da hier ohne verk\u00fcrzte Reihen gestrickt wird! Der Lyanna Cowl ist eine Einheitsgr\u00f6\u00dfe. Du kannst den ihn jederzeit anprobieren, um festzustellen, ob die L\u00e4nge passt. So kannst du f\u00fcr dich die perfekte Gr\u00f6\u00dfe\/L\u00e4nge schlagen. Falls du ihn l\u00e4nger strickst, beachte bitte, dass mehr Garn ben\u00f6tigt wird. F\u00fcr den Cowl Lyanna kannst du prim\u00e4r Wolle aus deinem Stash nehmen, von vielen Garnen reicht ein einziges Kn\u00e4uel. Maschenprobe: 17Ma x 24 Rh = 10&#215;10 cm glatt rechts Nadeln: Nadelspiel f\u00fcr den Bund oder 40cm kurze Rundstricknadel 4,0 \u2013 sp\u00e4ter 60cm Rundstricknadel\/Seil 4,0 Zubeh\u00f6r: 9 Maschenmarkierer (wenn du versiert bist beim Raglan von oben stricken, reichen auch 5 Maschenmarkierer) Verbrauch: 1 Kn\u00e4uel mit 200 m Laufl\u00e4nge pro 100g Strang\/Kn\u00e4uel (DK-St\u00e4rke). Du kannst auch d\u00fcnneres Garn nehmen, brauchst dann aber 2 Kn\u00e4uel (mit jeweils 200m). In diesem Herbst strickst du doppelf\u00e4dig oder nimmst ein Lace\/Mohairgarn dazu. Bitte Maschenprobe beachten. Der Lyanna Cowl ist ein Rollkragenpullover, der sich wunderbar unter einer Jacke oder einem Mantel tragen l\u00e4sst. Er engt nicht ein, sondern ist kuschelig warm und man hat immer einen weichen, warmen Halsw\u00e4rmer. Ideal auch f\u00fcrs B\u00fcro, Homeoffice, Fahrrad oder Spazierg\u00e4nge. Gestrickt wird von oben nach unten. Zun\u00e4chst wird ein langes B\u00fcndchen im 2\/2-Rippenmuster gestrickt. Anschlie\u00dfend wird durch Maschenzunahmen an den Raglanlinien der Halsausschnitt geformt. Die Raglanlinien bilden dekorative Z\u00f6pfe. Den Abschluss bildet wieder ein 2\/2-Rippenmuster. Auf jeden Fall f\u00fcr RVO-Anf\u00e4nger geeignet, da wir ohne verk\u00fcrzte Reihen stricken! Der Lyanna Cowl ist in Einheitsgr\u00f6\u00dfe erh\u00e4ltlich. Du kannst ihn jederzeit anprobieren, um zu sehen, ob die L\u00e4nge passt. So kannst du die f\u00fcr dich perfekte Gr\u00f6\u00dfe\/L\u00e4nge stricken. Wenn du l\u00e4nger strickst, beachte bitte, dass mehr Garn ben\u00f6tigt wird. F\u00fcr den Cowl Lyanna kannst du problemlos vorhandene Wolle aus deinem Vorrat verwenden, von vielen Garnen reicht ein einziges Kn\u00e4uel. Maschenprobe: 17Ma x 24 Rh = 10&#215;10 cm glatt rechts Nadeln: Nadelset f\u00fcr den Bund oder 40cm kurze Rundstricknadel 4.0 &#8211; sp\u00e4ter 60cm Rundstricknadel\/Kette 4.0 Zubeh\u00f6r: 9 Maschenmarkierer (wenn Sie ge\u00fcbt darin sind, den Raglan von oben zu stricken, reichen 5 Maschenmarkierer) Verbrauch: 1 Kn\u00e4uel mit 200m Laufl\u00e4nge pro 100g Strang\/Kn\u00e4uel (DK-St\u00e4rke). Sie k\u00f6nnen auch d\u00fcnneres Garn verwenden, ben\u00f6tigen dann aber 2 Kn\u00e4uel (\u00e0 200m). In diesem Fall stricken Sie mit doppeltem Faden oder nehmen ein Lace-\/Mohairgarn hinzu. Bitte Maschenprobe beachten! Der Download-Link f\u00fcr die Anleitung wird dir nach Bezahlung per Mail an die angegebene E-Mailadresse gesendet.<\/p>","protected":false},"featured_media":1510,"comment_status":"open","ping_status":"closed","template":"","meta":{"_acf_changed":false},"product_brand":[],"product_cat":[99],"product_tag":[77],"class_list":{"0":"post-1258","1":"product","2":"type-product","3":"status-publish","4":"has-post-thumbnail","6":"product_cat-accessoires-strickdesigns","7":"product_tag-startseite","9":"first","10":"instock","11":"downloadable","12":"taxable","13":"shipping-taxable","14":"purchasable","15":"product-type-simple"},"acf":[],"_links":{"self":[{"href":"https:\/\/kerstinritter-knits.de\/en\/wp-json\/wp\/v2\/product\/1258","targetHints":{"allow":["GET"]}}],"collection":[{"href":"https:\/\/kerstinritter-knits.de\/en\/wp-json\/wp\/v2\/product"}],"about":[{"href":"https:\/\/kerstinritter-knits.de\/en\/wp-json\/wp\/v2\/types\/product"}],"replies":[{"embeddable":true,"href":"https:\/\/kerstinritter-knits.de\/en\/wp-json\/wp\/v2\/comments?post=1258"}],"wp:featuredmedia":[{"embeddable":true,"href":"https:\/\/kerstinritter-knits.de\/en\/wp-json\/wp\/v2\/media\/1510"}],"wp:attachment":[{"href":"https:\/\/kerstinritter-knits.de\/en\/wp-json\/wp\/v2\/media?parent=1258"}],"wp:term":[{"taxonomy":"product_brand","embeddable":true,"href":"https:\/\/kerstinritter-knits.de\/en\/wp-json\/wp\/v2\/product_brand?post=1258"},{"taxonomy":"product_cat","embeddable":true,"href":"https:\/\/kerstinritter-knits.de\/en\/wp-json\/wp\/v2\/product_cat?post=1258"},{"taxonomy":"product_tag","embeddable":true,"href":"https:\/\/kerstinritter-knits.de\/en\/wp-json\/wp\/v2\/product_tag?post=1258"}],"curies":[{"name":"wp","href":"https:\/\/api.w.org\/{rel}","templated":true}]}}