{"id":1259,"date":"2024-08-26T20:42:52","date_gmt":"2024-08-26T18:42:52","guid":{"rendered":"https:\/\/dev.kerstinritter-knits.de\/?post_type=product&#038;p=1259"},"modified":"2025-08-21T13:05:18","modified_gmt":"2025-08-21T11:05:18","slug":"nazare-poncho","status":"publish","type":"product","link":"https:\/\/kerstinritter-knits.de\/en\/product\/nazare-poncho\/","title":{"rendered":"NAZARE Poncho"},"content":{"rendered":"<p>Der Poncho Nazare wird als Rechteck quer gestrickt &#8211; die Gr\u00f6\u00dfen 1-4 richten sich nach der L\u00e4nge und Breite des gestrickten Rechtecks. Am Ende wird das Rechteck zusammengelegt und an einer L\u00e4ngsseite teilweise mit dem Maschenstich zusammen gen\u00e4ht.<br \/>\nZu Beginn und Ende wird ein B\u00fcndchen mit verschr\u00e4nkten Maschen gestrickt. Am linken Rand wird eine kleine Kante als Doubleface gestrickt (das erzeugt einen sch\u00f6nen Abschluss am Hals).<br \/>\nAu\u00dferdem werden am Ende Maschen aus der L\u00e4ngskante aufgenommen und daraus ein B\u00fcndchen aus verschr\u00e4nkten Maschen gestrickt, welches dann die untere B\u00fcndchenkante bildet.<br \/>\nNazare kann auch als Stola\/Wrap getragen werden &#8211; dann muss nichts zusammen gen\u00e4ht werden.<br \/>\nEs ist auf jeden Fall unumg\u00e4nglich, am Ende das gestrickte Rechteck zu waschen und zu spannen.<br \/>\nQuasten sind optional.<\/p>\n<p>Ma\u00dfe und Verbrauch: (die Gr\u00f6\u00dfen sind in der Anleitung explizit erkl\u00e4rt!)<\/p>\n<p>Gr\u00f6\u00dfe 1 (80cm breit, 60cm lang)<\/p>\n<p>Gr\u00f6\u00dfe 2 (80cm breit, 70cm lang)<\/p>\n<p>Gr\u00f6\u00dfe 3 (95cm breit, 60cm lang)<\/p>\n<p>Gr\u00f6\u00dfe 4 (95cm breit, 70cm lang)<\/p>\n<p>Verbrauch:<\/p>\n<p>Gr. 1: 350g, Gr. 2: 400g, Gr. 3: 400g, Gr. 4: 450g<\/p>\n<p>Saffira von Pascuali, Nadelst\u00e4rke 3,25 (f\u00fcr die B\u00fcndchen 3,00) bei einer Maschenprobe von 24 Ma x 34 Rh (falls deine Mapro nicht passt, passe deine Nadelst\u00e4rke an).<\/p>\n<p>Der Download-Link f\u00fcr die Anleitung wird dir nach Bezahlung per Mail an die angegebene E-Mailadresse gesendet.<\/p>\n<p>The Poncho Nazare is knitted sideways as a rectangle &#8211; sizes 1-4 depend on the length and width of the knitted rectangle. At the end, the rectangle is folded and partly sewn together on one long side with the mesh stitch.<br \/>\nAt the beginning and end a cuff with twisted stitches is knitted. On the left edge a small edge is knitted as a double face (this creates a nice finish at the neck).<br \/>\nIn addition, stitches are picked up from the long edge at the end and a cuff made of crossed stitches is knitted from them, which then forms the lower cuff edge.<br \/>\nNazare can also be worn as a stole\/wrap &#8211; then nothing needs to be sewn together.<br \/>\nIn any case, it is essential to wash and stretch the knitted rectangle at the end.<br \/>\nTassels are optional.<\/p>\n<p>&nbsp;<\/p>","protected":false},"excerpt":{"rendered":"<p>Der Poncho Nazare wird als Rechteck quer gestrickt &#8211; die Gr\u00f6\u00dfen 1-4 richten sich nach der L\u00e4nge und Breite des gestrickten Rechtecks. Am Ende wird das Rechteck zusammengelegt und an einer L\u00e4ngsseite teilweise mit dem Maschenstich zusammen gen\u00e4ht. Zu Beginn und Ende wird ein B\u00fcndchen mit verschr\u00e4nkten Maschen gestrickt. Am linken Rand wird eine kleine Kante als Doubleface gestrickt (das erzeugt einen sch\u00f6nen Abschluss am Hals). Au\u00dferdem werden am Ende Maschen aus der L\u00e4ngskante aufgenommen und daraus ein B\u00fcndchen aus verschr\u00e4nkten Maschen gestrickt, welches dann die untere B\u00fcndchenkante bildet. Nazare kann auch als Stola\/Wrap getragen werden &#8211; dann muss nichts zusammen gen\u00e4ht werden. Es ist auf jeden Fall unumg\u00e4nglich, am Ende das gestrickte Rechteck zu waschen und zu spannen. Quasten sind optional. Ma\u00dfe und Verbrauch: (die Gr\u00f6\u00dfen sind in der Anleitung explizit erkl\u00e4rt!) Gr\u00f6\u00dfe 1 (80cm breit, 60cm lang) Gr\u00f6\u00dfe 2 (80cm breit, 70cm lang) Gr\u00f6\u00dfe 3 (95cm breit, 60cm lang) Gr\u00f6\u00dfe 4 (95cm breit, 70cm lang) Verbrauch: Gr. 1: 350g, Gr. 2: 400g, Gr. 3: 400g, Gr. 4: 450g Saffira von Pascuali, Nadelst\u00e4rke 3,25 (f\u00fcr die B\u00fcndchen 3,00) bei einer Maschenprobe von 24 Ma x 34 Rh (falls deine Mapro nicht passt, passe deine Nadelst\u00e4rke an). Der Download-Link f\u00fcr die Anleitung wird dir nach Bezahlung per Mail an die angegebene E-Mailadresse gesendet. The Poncho Nazare is knitted sideways as a rectangle &#8211; sizes 1-4 depend on the length and width of the knitted rectangle. At the end, the rectangle is folded and partly sewn together on one long side with the mesh stitch. At the beginning and end a cuff with twisted stitches is knitted. On the left edge a small edge is knitted as a double face (this creates a nice finish at the neck). In addition, stitches are picked up from the long edge at the end and a cuff made of crossed stitches is knitted from them, which then forms the lower cuff edge. Nazare can also be worn as a stole\/wrap &#8211; then nothing needs to be sewn together. In any case, it is essential to wash and stretch the knitted rectangle at the end. Tassels are optional. &nbsp;<\/p>","protected":false},"featured_media":1505,"comment_status":"open","ping_status":"closed","template":"","meta":{"_acf_changed":false},"product_brand":[],"product_cat":[100],"product_tag":[],"class_list":{"0":"post-1259","1":"product","2":"type-product","3":"status-publish","4":"has-post-thumbnail","6":"product_cat-kleidung-strickdesigns","7":"product_shipping_class-kostenfrei","9":"first","10":"instock","11":"downloadable","12":"taxable","13":"shipping-taxable","14":"purchasable","15":"product-type-simple"},"acf":[],"_links":{"self":[{"href":"https:\/\/kerstinritter-knits.de\/en\/wp-json\/wp\/v2\/product\/1259","targetHints":{"allow":["GET"]}}],"collection":[{"href":"https:\/\/kerstinritter-knits.de\/en\/wp-json\/wp\/v2\/product"}],"about":[{"href":"https:\/\/kerstinritter-knits.de\/en\/wp-json\/wp\/v2\/types\/product"}],"replies":[{"embeddable":true,"href":"https:\/\/kerstinritter-knits.de\/en\/wp-json\/wp\/v2\/comments?post=1259"}],"wp:featuredmedia":[{"embeddable":true,"href":"https:\/\/kerstinritter-knits.de\/en\/wp-json\/wp\/v2\/media\/1505"}],"wp:attachment":[{"href":"https:\/\/kerstinritter-knits.de\/en\/wp-json\/wp\/v2\/media?parent=1259"}],"wp:term":[{"taxonomy":"product_brand","embeddable":true,"href":"https:\/\/kerstinritter-knits.de\/en\/wp-json\/wp\/v2\/product_brand?post=1259"},{"taxonomy":"product_cat","embeddable":true,"href":"https:\/\/kerstinritter-knits.de\/en\/wp-json\/wp\/v2\/product_cat?post=1259"},{"taxonomy":"product_tag","embeddable":true,"href":"https:\/\/kerstinritter-knits.de\/en\/wp-json\/wp\/v2\/product_tag?post=1259"}],"curies":[{"name":"wp","href":"https:\/\/api.w.org\/{rel}","templated":true}]}}