{"id":12668,"date":"2026-04-28T12:27:10","date_gmt":"2026-04-28T10:27:10","guid":{"rendered":"https:\/\/kerstinritter-knits.de\/?post_type=product&#038;p=12668"},"modified":"2026-04-29T00:03:04","modified_gmt":"2026-04-28T22:03:04","slug":"syrio-shawl-dt-engl","status":"publish","type":"product","link":"https:\/\/kerstinritter-knits.de\/en\/product\/syrio-shawl-dt-engl\/","title":{"rendered":"SYRIO Shawl, dt. \/ engl."},"content":{"rendered":"<p>Der Syrio Shawl besticht durch sein bezauberndes Lace-Muster, das ihm eine besondere Leichtigkeit und Eleganz verleiht. Das Lace-Muster steigt kunstvoll verschlungen nach oben und wird so zum stilvollen Blickfang. An den Seiten wird der Shawl von einer eleganten, klaren Kante eingerahmt, die durch ihre Schlichtheit perfekt zum Lace-Muster passt. Damit wird dem Design Struktur und Harmonie verliehen.<\/p>\n<p>Sowohl der Anfang als auch das Abschlussb\u00fcndchen greifen das feine Lace-Muster erneut auf und sorgen f\u00fcr einen stimmige, flie\u00dfende Kante. Hierzu sind wenige Zu- und Abnahmen erforderlich. Das Lace-Muster entsteht ebenfalls lediglich aus Umschl\u00e4gen, Zu- und Abnahmen.<\/p>\n<p>Insgesamt wirkt der Syrio-Shawl durch seinen Schnitt klassisch. Das Muster verleiht ihm jedoch eine gewisse Verspieltheit und Eleganz \u2013 so wird er zum zeitlosen Accessoire, das jedem Outfit die besondere Note verleiht.<\/p>\n<p>Entsprechende Erkl\u00e4rungen, Videos und Abk\u00fcrzungen findest du auf der letzten Seite.<\/p>\n<p>Ma\u00dfe\u00a0\u00a0\u00a0\u00a0\u00a0\u00a0\u00a0\u00a0\u00a0\u00a0\u00a0\u00a0\u00a0\u00a0\u00a0\u00a0\u00a0\u00a0\u00a0\u00a0 L\u00e4nge: ca. 175 cm, Breite: ca. 35 cm \u00a0\u00a0\u00a0\u00a0\u00a0\u00a0\u00a0\u00a0\u00a0\u00a0\u00a0\u00a0\u00a0\u00a0\u00a0\u00a0\u00a0\u00a0\u00a0\u00a0\u00a0\u00a0\u00a0\u00a0\u00a0\u00a0\u00a0\u00a0\u00a0\u00a0\u00a0\u00a0\u00a0\u00a0\u00a0\u00a0\u00a0\u00a0\u00a0\u00a0\u00a0\u00a0\u00a0\u00a0\u00a0\u00a0\u00a0\u00a0\u00a0\u00a0\u00a0\u00a0\u00a0\u00a0\u00a0\u00a0\u00a0\u00a0\u00a0\u00a0\u00a0\u00a0\u00a0\u00a0\u00a0\u00a0\u00a0\u00a0\u00a0\u00a0\u00a0\u00a0\u00a0\u00a0\u00a0\u00a0\u00a0 \u00a0\u00a0\u00a0\u00a0\u00a0\u00a0\u00a0\u00a0\u00a0\u00a0\u00a0\u00a0\u00a0\u00a0\u00a0 Maschenprobe\u00a0 \u00a0 \u00a0 24 Ma x\u00a0 38 Rh = 10 x 10 cm glatt rechts NACH dem Waschen und Spannen.<\/p>\n<p>Bitte wasche deinen fertigen Shawl auf jeden Fall \u2013 das Lace-Muster entfaltet sich dadurch und wirkt durch das vorsichtige Spannen bzw. in Form ziehen noch sch\u00f6ner!<\/p>\n<p>Nadeln\u00a0 \u00a0 \u00a0 \u00a0 \u00a0 \u00a0 \u00a0 \u00a0 \u00a0 3,25<\/p>\n<p>Verbrauch\u00a0\u00a0\u00a0\u00a0\u00a0\u00a0\u00a0\u00a0\u00a0\u00a0\u00a0\u00a0 ca. 1100 m Laufl\u00e4nge<\/p>\n<p>Zubeh\u00f6r\u00a0\u00a0\u00a0\u00a0\u00a0\u00a0\u00a0\u00a0\u00a0\u00a0\u00a0\u00a0\u00a0\u00a0\u00a0 2 Maschenmarkierer<\/p>\n<p>(und evtl. 6 MM zwischen die einzelnen Rapporte und seitlichen Kanten)<\/p>\n<p>&nbsp;<\/p>\n<p>Material\/Garnempfehlung<\/p>\n<p>Lang Yarns \u201eNomad\u201c, (85% Schurwolle, 15% Yak),<\/p>\n<p>25g = 125m, 9 Kn\u00e4uel (hier Farbe Fb. 0039)<\/p>\n<p>Du kannst den Syrio Shawl mit jedem anderen Garn stricken, das die gleiche Laufl\u00e4nge hat und eine \u00e4hnliche Zusammensetzung. Wenn du ihn mit einem Beilauffaden, z.B. Mohair, stricken m\u00f6chtest, ben\u00f6tigst du die Laufl\u00e4nge 2x.<\/p>\n<p>&nbsp;<\/p>\n<p>Syrio Shawl charms with its enchanting lace pattern, which lends it a distinctive lightness and elegance. Within the pattern, the lace design rises upwards in an artfully intertwined manner, creating a stylish eye-catcher. The shawl is framed at the sides by a beautiful, clean edge, which, thanks to its simplicity, perfectly matches the lace pattern. This adds structure and harmony to the design.<\/p>\n<p>Both the ribbings at beginning and end repeat the delicate lace pattern, creating a harmonious, flowing transition. This requires only a few increases and decreases. The lace pattern itself is created solely from yarn overs, increases and decreases.<\/p>\n<p>Overall, the Syrio shawl has a classic cut, yet the pattern gives it a certain playfulness and elegance \u2013 making it a timeless accessory that adds a special touch to any outfit.<\/p>\n<p>Explanations, videos and abbreviations can be found on the last page.<\/p>\n<p>Measurements\u00a0\u00a0\u00a0 \u00a0\u00a0\u00a0\u00a0\u00a0\u00a0\u00a0\u00a0\u00a0\u00a0\u00a0\u00a0\u00a0\u00a0\u00a0 Length: approx. 175 cm, width: approx. 35 cm\u00a0 \u00a0 \u00a0 \u00a0 \u00a0 \u00a0 \u00a0 \u00a0 \u00a0 \u00a0 \u00a0 \u00a0 \u00a0 \u00a0 \u00a0 \u00a0 \u00a0 \u00a0 \u00a0 \u00a0 \u00a0 \u00a0 \u00a0 \u00a0 \u00a0 \u00a0 \u00a0 \u00a0 \u00a0 \u00a0 \u00a0 \u00a0 \u00a0 \u00a0 Gauge\u00a0 \u00a0 \u00a0 \u00a0 \u00a0 \u00a0 \u00a0 \u00a0 \u00a0 \u00a0 \u00a0 \u00a0 \u00a0 \u00a0 \u00a0 \u00a0 \u00a024 stitches x 38 rows in stockinette stitch = 10 x 10 cm AFTER washing and blocking<\/p>\n<p>Please wash your finished shawl \u2013 this allows the lace pattern to unfold, and careful stretching or shaping makes it look even more beautiful!<\/p>\n<p>Recommended needles\u00a0 \u00a0 \u00a0 3,25 mm<\/p>\n<p>Amount of yarn\u00a0 \u00a0 \u00a0 \u00a0 \u00a0 \u00a0 \u00a0 \u00a0 \u00a0 approx. 1100 m meterage<\/p>\n<p>Supplies\u00a0\u00a0\u00a0\u00a0\u00a0\u00a0\u00a0\u00a0\u00a0\u00a0\u00a0\u00a0\u00a0\u00a0\u00a0\u00a0\u00a0\u00a0\u00a0\u00a0\u00a0\u00a0\u00a0\u00a0\u00a0\u00a0\u00a0\u00a0\u00a0\u00a0 2 stitch markers<\/p>\n<p>(or possibly 6 stitch markers to place in between each pattern repeat and the side edges)<\/p>\n<p>&nbsp;<\/p>\n<p>Material\/Recommended yarn<\/p>\n<p>Lang Yarns \u201eNomad\u201c, (85% wool, 15% yak)<\/p>\n<p>25g = 125m, 9 skeins (here: in col. 0039)<\/p>\n<p>You can knit Syrio Shawl using any other yarn that has the same meterage and a similar composition. If you want to knit it with a contrasting yarn, such as mohair, you will need twice the meterage<\/p>","protected":false},"excerpt":{"rendered":"<p>Der Syrio Shawl besticht durch sein bezauberndes Lace-Muster, das ihm eine besondere Leichtigkeit und Eleganz verleiht. Das Lace-Muster steigt kunstvoll verschlungen nach oben und wird so zum stilvollen Blickfang. An den Seiten wird der Shawl von einer eleganten, klaren Kante eingerahmt, die durch ihre Schlichtheit perfekt zum Lace-Muster passt. Damit wird dem Design Struktur und Harmonie verliehen. Sowohl der Anfang als auch das Abschlussb\u00fcndchen greifen das feine Lace-Muster erneut auf und sorgen f\u00fcr einen stimmige, flie\u00dfende Kante. Hierzu sind wenige Zu- und Abnahmen erforderlich. Das Lace-Muster entsteht ebenfalls lediglich aus Umschl\u00e4gen, Zu- und Abnahmen. Insgesamt wirkt der Syrio-Shawl durch seinen Schnitt klassisch. Das Muster verleiht ihm jedoch eine gewisse Verspieltheit und Eleganz \u2013 so wird er zum zeitlosen Accessoire, das jedem Outfit die besondere Note verleiht. Entsprechende Erkl\u00e4rungen, Videos und Abk\u00fcrzungen findest du auf der letzten Seite. Ma\u00dfe\u00a0\u00a0\u00a0\u00a0\u00a0\u00a0\u00a0\u00a0\u00a0\u00a0\u00a0\u00a0\u00a0\u00a0\u00a0\u00a0\u00a0\u00a0\u00a0\u00a0 L\u00e4nge: ca. 175 cm, Breite: ca. 35 cm \u00a0\u00a0\u00a0\u00a0\u00a0\u00a0\u00a0\u00a0\u00a0\u00a0\u00a0\u00a0\u00a0\u00a0\u00a0\u00a0\u00a0\u00a0\u00a0\u00a0\u00a0\u00a0\u00a0\u00a0\u00a0\u00a0\u00a0\u00a0\u00a0\u00a0\u00a0\u00a0\u00a0\u00a0\u00a0\u00a0\u00a0\u00a0\u00a0\u00a0\u00a0\u00a0\u00a0\u00a0\u00a0\u00a0\u00a0\u00a0\u00a0\u00a0\u00a0\u00a0\u00a0\u00a0\u00a0\u00a0\u00a0\u00a0\u00a0\u00a0\u00a0\u00a0\u00a0\u00a0\u00a0\u00a0\u00a0\u00a0\u00a0\u00a0\u00a0\u00a0\u00a0\u00a0\u00a0\u00a0\u00a0 \u00a0\u00a0\u00a0\u00a0\u00a0\u00a0\u00a0\u00a0\u00a0\u00a0\u00a0\u00a0\u00a0\u00a0\u00a0 Maschenprobe\u00a0 \u00a0 \u00a0 24 Ma x\u00a0 38 Rh = 10 x 10 cm glatt rechts NACH dem Waschen und Spannen. Bitte wasche deinen fertigen Shawl auf jeden Fall \u2013 das Lace-Muster entfaltet sich dadurch und wirkt durch das vorsichtige Spannen bzw. in Form ziehen noch sch\u00f6ner! Nadeln\u00a0 \u00a0 \u00a0 \u00a0 \u00a0 \u00a0 \u00a0 \u00a0 \u00a0 3,25 Verbrauch\u00a0\u00a0\u00a0\u00a0\u00a0\u00a0\u00a0\u00a0\u00a0\u00a0\u00a0\u00a0 ca. 1100 m Laufl\u00e4nge Zubeh\u00f6r\u00a0\u00a0\u00a0\u00a0\u00a0\u00a0\u00a0\u00a0\u00a0\u00a0\u00a0\u00a0\u00a0\u00a0\u00a0 2 Maschenmarkierer (und evtl. 6 MM zwischen die einzelnen Rapporte und seitlichen Kanten) &nbsp; Material\/Garnempfehlung Lang Yarns \u201eNomad\u201c, (85% Schurwolle, 15% Yak), 25g = 125m, 9 Kn\u00e4uel (hier Farbe Fb. 0039) Du kannst den Syrio Shawl mit jedem anderen Garn stricken, das die gleiche Laufl\u00e4nge hat und eine \u00e4hnliche Zusammensetzung. Wenn du ihn mit einem Beilauffaden, z.B. Mohair, stricken m\u00f6chtest, ben\u00f6tigst du die Laufl\u00e4nge 2x. &nbsp; Syrio Shawl charms with its enchanting lace pattern, which lends it a distinctive lightness and elegance. Within the pattern, the lace design rises upwards in an artfully intertwined manner, creating a stylish eye-catcher. The shawl is framed at the sides by a beautiful, clean edge, which, thanks to its simplicity, perfectly matches the lace pattern. This adds structure and harmony to the design. Both the ribbings at beginning and end repeat the delicate lace pattern, creating a harmonious, flowing transition. This requires only a few increases and decreases. The lace pattern itself is created solely from yarn overs, increases and decreases. Overall, the Syrio shawl has a classic cut, yet the pattern gives it a certain playfulness and elegance \u2013 making it a timeless accessory that adds a special touch to any outfit. Explanations, videos and abbreviations can be found on the last page. Measurements\u00a0\u00a0\u00a0 \u00a0\u00a0\u00a0\u00a0\u00a0\u00a0\u00a0\u00a0\u00a0\u00a0\u00a0\u00a0\u00a0\u00a0\u00a0 Length: approx. 175 cm, width: approx. 35 cm\u00a0 \u00a0 \u00a0 \u00a0 \u00a0 \u00a0 \u00a0 \u00a0 \u00a0 \u00a0 \u00a0 \u00a0 \u00a0 \u00a0 \u00a0 \u00a0 \u00a0 \u00a0 \u00a0 \u00a0 \u00a0 \u00a0 \u00a0 \u00a0 \u00a0 \u00a0 \u00a0 \u00a0 \u00a0 \u00a0 \u00a0 \u00a0 \u00a0 \u00a0 Gauge\u00a0 \u00a0 \u00a0 \u00a0 \u00a0 \u00a0 \u00a0 \u00a0 \u00a0 \u00a0 \u00a0 \u00a0 \u00a0 \u00a0 \u00a0 \u00a0 \u00a024 stitches x 38 rows in stockinette stitch = 10 x 10 cm AFTER washing and blocking Please wash your finished shawl \u2013 this allows the lace pattern to unfold, and careful stretching or shaping makes it look even more beautiful! Recommended needles\u00a0 \u00a0 \u00a0 3,25 mm Amount of yarn\u00a0 \u00a0 \u00a0 \u00a0 \u00a0 \u00a0 \u00a0 \u00a0 \u00a0 approx. 1100 m meterage Supplies\u00a0\u00a0\u00a0\u00a0\u00a0\u00a0\u00a0\u00a0\u00a0\u00a0\u00a0\u00a0\u00a0\u00a0\u00a0\u00a0\u00a0\u00a0\u00a0\u00a0\u00a0\u00a0\u00a0\u00a0\u00a0\u00a0\u00a0\u00a0\u00a0\u00a0 2 stitch markers (or possibly 6 stitch markers to place in between each pattern repeat and the side edges) &nbsp; Material\/Recommended yarn Lang Yarns \u201eNomad\u201c, (85% wool, 15% yak) 25g = 125m, 9 skeins (here: in col. 0039) You can knit Syrio Shawl using any other yarn that has the same meterage and a similar composition. If you want to knit it with a contrasting yarn, such as mohair, you will need twice the meterage<\/p>","protected":false},"featured_media":12671,"comment_status":"open","ping_status":"closed","template":"","meta":{"_acf_changed":false},"product_brand":[],"product_cat":[99,23],"product_tag":[294,295,293,77,321,323],"class_list":{"0":"post-12668","1":"product","2":"type-product","3":"status-publish","4":"has-post-thumbnail","6":"product_cat-accessoires-strickdesigns","7":"product_cat-strickdesigns","8":"product_tag-scarf","9":"product_tag-schal","10":"product_tag-shawl","11":"product_tag-startseite","12":"product_tag-uni","13":"product_tag-unisex","14":"product_shipping_class-kostenfrei","16":"first","17":"outofstock","18":"sale","19":"downloadable","20":"taxable","21":"shipping-taxable","22":"purchasable","23":"product-type-simple"},"acf":[],"_links":{"self":[{"href":"https:\/\/kerstinritter-knits.de\/en\/wp-json\/wp\/v2\/product\/12668","targetHints":{"allow":["GET"]}}],"collection":[{"href":"https:\/\/kerstinritter-knits.de\/en\/wp-json\/wp\/v2\/product"}],"about":[{"href":"https:\/\/kerstinritter-knits.de\/en\/wp-json\/wp\/v2\/types\/product"}],"replies":[{"embeddable":true,"href":"https:\/\/kerstinritter-knits.de\/en\/wp-json\/wp\/v2\/comments?post=12668"}],"wp:featuredmedia":[{"embeddable":true,"href":"https:\/\/kerstinritter-knits.de\/en\/wp-json\/wp\/v2\/media\/12671"}],"wp:attachment":[{"href":"https:\/\/kerstinritter-knits.de\/en\/wp-json\/wp\/v2\/media?parent=12668"}],"wp:term":[{"taxonomy":"product_brand","embeddable":true,"href":"https:\/\/kerstinritter-knits.de\/en\/wp-json\/wp\/v2\/product_brand?post=12668"},{"taxonomy":"product_cat","embeddable":true,"href":"https:\/\/kerstinritter-knits.de\/en\/wp-json\/wp\/v2\/product_cat?post=12668"},{"taxonomy":"product_tag","embeddable":true,"href":"https:\/\/kerstinritter-knits.de\/en\/wp-json\/wp\/v2\/product_tag?post=12668"}],"curies":[{"name":"wp","href":"https:\/\/api.w.org\/{rel}","templated":true}]}}