{"id":1277,"date":"2024-08-26T20:48:20","date_gmt":"2024-08-26T18:48:20","guid":{"rendered":"https:\/\/dev.kerstinritter-knits.de\/?post_type=product&#038;p=1277"},"modified":"2025-11-25T02:55:47","modified_gmt":"2025-11-25T01:55:47","slug":"nazare-shawl","status":"publish","type":"product","link":"https:\/\/kerstinritter-knits.de\/en\/product\/nazare-shawl\/","title":{"rendered":"NAZARE Shawl"},"content":{"rendered":"<p>Der Nazareshawl ist ein asymmetrisches, gro\u00dfes Dreieckstuch, welches komplett aus einem Wellenmuster gestrickt wird. Inspiriert wurde ich durch die h\u00f6chsten Wellen der Welt in Nazar\u00e9 \/ Portugal (zu sehen zwischen Oktober und Februar).<\/p>\n<p>Das Dreieckstuch wird von der Spitze aus gestrickt. Auf der rechten Seite wird eine gleichm\u00e4\u00dfige und sch\u00f6ne Kante gestrickt. In jeder Hinreihe werden am linken Rand Ma zugenommen \u2013 nach der erforderlichen Gesamtl\u00e4nge bzw. -h\u00f6he wird am Ende ein B\u00fcndchen gestrickt, bei dem sich das Kantenmuster der rechten Seite wiederholt.<br \/>\nDas Tuch hat die Ma\u00dfe ca. 190&#215;120 cm, Garnbedarf: ca. 1300-1400m.<\/p>\n<p>Als Variante zum Dreieckstuch findest du hier auch die Anleitung f\u00fcr einen Schal mit einer Breite von ca. 45 cm und L\u00e4nge von ca. 1,90 m.<br \/>\nFalls du ein Alternativgarn verwenden m\u00f6chtest, empfehle ich dir ein Fingering Garn mit Seidenanteil.<\/p>\n<p>Nadeln: je nach Garn zwischen 3,0 und 3,5.<br \/>\nMaschenprobe 24M x 34R = 10cm im Muster, gemessen nach dem waschen und spannen.<\/p>\n<p>Der Download-Link f\u00fcr die Anleitung wird dir nach Bezahlung per Mail an die angegebene E-Mailadresse gesendet.<\/p>\n<p>Nazareshawl is an asymmetrical, large triangular scarf, worked completely in a wave pattern.<br \/>\nInspired by the world\u2019s largest waves in Nazar\u00e9 \/ Portugal (from October to February).<\/p>\n<p>The triangular scarf is worked from the tip, with an even and beautiful edge at the right side. Along the left side, increases are worked every rs-row. Once the complete length has been reached, a ribbed edge is worked, where the edge pattern from the right side is repeated. approx. 190 x 120 cm<\/p>\n<p>As a variation, the instruction for a long and narrow scarf is also included here \u2013 with a width of approx. 45 cm and a length of approx. 1,90 m, it is great to wear.<\/p>\n<p>If you want to knit your shawl with a different yarn, my recommendation is a fingering weight yarn with silk. Needles: 3,0 or 3,25 or 3,5.<br \/>\nGauge: 24 sts x 34 rows to 10 cm in Garter St, after blocking<\/p>\n<p>&nbsp;<\/p>","protected":false},"excerpt":{"rendered":"<p>Der Nazareshawl ist ein asymmetrisches, gro\u00dfes Dreieckstuch, welches komplett aus einem Wellenmuster gestrickt wird. Inspiriert wurde ich durch die h\u00f6chsten Wellen der Welt in Nazar\u00e9 \/ Portugal (zu sehen zwischen Oktober und Februar). Das Dreieckstuch wird von der Spitze aus gestrickt. Auf der rechten Seite wird eine gleichm\u00e4\u00dfige und sch\u00f6ne Kante gestrickt. In jeder Hinreihe werden am linken Rand Ma zugenommen \u2013 nach der erforderlichen Gesamtl\u00e4nge bzw. -h\u00f6he wird am Ende ein B\u00fcndchen gestrickt, bei dem sich das Kantenmuster der rechten Seite wiederholt. Das Tuch hat die Ma\u00dfe ca. 190&#215;120 cm, Garnbedarf: ca. 1300-1400m. Als Variante zum Dreieckstuch findest du hier auch die Anleitung f\u00fcr einen Schal mit einer Breite von ca. 45 cm und L\u00e4nge von ca. 1,90 m. Falls du ein Alternativgarn verwenden m\u00f6chtest, empfehle ich dir ein Fingering Garn mit Seidenanteil. Nadeln: je nach Garn zwischen 3,0 und 3,5. Maschenprobe 24M x 34R = 10cm im Muster, gemessen nach dem waschen und spannen. Der Download-Link f\u00fcr die Anleitung wird dir nach Bezahlung per Mail an die angegebene E-Mailadresse gesendet. Nazareshawl is an asymmetrical, large triangular scarf, worked completely in a wave pattern. Inspired by the world\u2019s largest waves in Nazar\u00e9 \/ Portugal (from October to February). The triangular scarf is worked from the tip, with an even and beautiful edge at the right side. Along the left side, increases are worked every rs-row. Once the complete length has been reached, a ribbed edge is worked, where the edge pattern from the right side is repeated. approx. 190 x 120 cm As a variation, the instruction for a long and narrow scarf is also included here \u2013 with a width of approx. 45 cm and a length of approx. 1,90 m, it is great to wear. If you want to knit your shawl with a different yarn, my recommendation is a fingering weight yarn with silk. Needles: 3,0 or 3,25 or 3,5. Gauge: 24 sts x 34 rows to 10 cm in Garter St, after blocking &nbsp;<\/p>","protected":false},"featured_media":1470,"comment_status":"open","ping_status":"closed","template":"","meta":{"_acf_changed":false},"product_brand":[],"product_cat":[99],"product_tag":[77],"class_list":{"0":"post-1277","1":"product","2":"type-product","3":"status-publish","4":"has-post-thumbnail","6":"product_cat-accessoires-strickdesigns","7":"product_tag-startseite","8":"product_shipping_class-kostenfrei","10":"first","11":"instock","12":"downloadable","13":"taxable","14":"shipping-taxable","15":"purchasable","16":"product-type-simple"},"acf":[],"_links":{"self":[{"href":"https:\/\/kerstinritter-knits.de\/en\/wp-json\/wp\/v2\/product\/1277","targetHints":{"allow":["GET"]}}],"collection":[{"href":"https:\/\/kerstinritter-knits.de\/en\/wp-json\/wp\/v2\/product"}],"about":[{"href":"https:\/\/kerstinritter-knits.de\/en\/wp-json\/wp\/v2\/types\/product"}],"replies":[{"embeddable":true,"href":"https:\/\/kerstinritter-knits.de\/en\/wp-json\/wp\/v2\/comments?post=1277"}],"wp:featuredmedia":[{"embeddable":true,"href":"https:\/\/kerstinritter-knits.de\/en\/wp-json\/wp\/v2\/media\/1470"}],"wp:attachment":[{"href":"https:\/\/kerstinritter-knits.de\/en\/wp-json\/wp\/v2\/media?parent=1277"}],"wp:term":[{"taxonomy":"product_brand","embeddable":true,"href":"https:\/\/kerstinritter-knits.de\/en\/wp-json\/wp\/v2\/product_brand?post=1277"},{"taxonomy":"product_cat","embeddable":true,"href":"https:\/\/kerstinritter-knits.de\/en\/wp-json\/wp\/v2\/product_cat?post=1277"},{"taxonomy":"product_tag","embeddable":true,"href":"https:\/\/kerstinritter-knits.de\/en\/wp-json\/wp\/v2\/product_tag?post=1277"}],"curies":[{"name":"wp","href":"https:\/\/api.w.org\/{rel}","templated":true}]}}