{"id":1282,"date":"2024-08-26T20:51:39","date_gmt":"2024-08-26T18:51:39","guid":{"rendered":"https:\/\/dev.kerstinritter-knits.de\/?post_type=product&#038;p=1282"},"modified":"2025-10-16T13:05:37","modified_gmt":"2025-10-16T11:05:37","slug":"olenna-kaputze","status":"publish","type":"product","link":"https:\/\/kerstinritter-knits.de\/en\/product\/olenna-kaputze\/","title":{"rendered":"OLENNA Cowl"},"content":{"rendered":"<p>Der Olenna Cowl ist ein Rollkragen, der weich und warm anliegt und prima unter einer Jacke, einem Blazer oder einem Mantel getragen werden kann. Er ist nicht einengend, aber kuschelig warm und man hat immer einen weichen, warmen Halsw\u00e4rmer. Auch ideal f\u00fcr B\u00fcro, Fahrrad oder Spazierg\u00e4nge.<\/p>\n<p>Er wird von oben nach unten gestrickt, beginnend mit einem italienischen Maschenanschlag in Runden und einem 1&#215;1 Rippenmuster. Danach wird eine Rundpasse geformt und das Muster mit verkreuzten Maschen gestrickt. Regelm\u00e4\u00dfige Steigerungen gew\u00e4hrleisten die Verbreiterung. Video-Tutorials sind ebenfalls verlinkt.<\/p>\n<p>Der Olenna Cowl ist eine Einheitsgr\u00f6\u00dfe. Du kannst ihn jederzeit anprobieren, um festzustellen, ob die L\u00e4nge f\u00fcr dich passt.<\/p>\n<p>Maschenprobe: 20Ma x 24R = 10cm<br \/>\nNadeln: Nadelspiel oder 40cm kurze Rundstricknadel 4,0 &#8211; sp\u00e4ter 60cm Rundstricknadel\/Seil.<br \/>\nZubeh\u00f6r: 1 Maschenmarkierer f\u00fcr den Rundenbeginn.<\/p>\n<p>viel Freude!<\/p>\n<p>Der Download-Link f\u00fcr die Anleitung wird dir nach Bezahlung per Mail an die angegebene E-Mailadresse gesendet.<\/p>","protected":false},"excerpt":{"rendered":"<p>Der Olenna Cowl ist ein Rollkragen, der weich und warm anliegt und prima unter einer Jacke, einem Blazer oder einem Mantel getragen werden kann. Er ist nicht einengend, aber kuschelig warm und man hat immer einen weichen, warmen Halsw\u00e4rmer. Auch ideal f\u00fcr B\u00fcro, Fahrrad oder Spazierg\u00e4nge. Er wird von oben nach unten gestrickt, beginnend mit einem italienischen Maschenanschlag in Runden und einem 1&#215;1 Rippenmuster. Danach wird eine Rundpasse geformt und das Muster mit verkreuzten Maschen gestrickt. Regelm\u00e4\u00dfige Steigerungen gew\u00e4hrleisten die Verbreiterung. Video-Tutorials sind ebenfalls verlinkt. Der Olenna Cowl ist eine Einheitsgr\u00f6\u00dfe. Du kannst ihn jederzeit anprobieren, um festzustellen, ob die L\u00e4nge f\u00fcr dich passt. Maschenprobe: 20Ma x 24R = 10cm Nadeln: Nadelspiel oder 40cm kurze Rundstricknadel 4,0 &#8211; sp\u00e4ter 60cm Rundstricknadel\/Seil. Zubeh\u00f6r: 1 Maschenmarkierer f\u00fcr den Rundenbeginn. viel Freude! Der Download-Link f\u00fcr die Anleitung wird dir nach Bezahlung per Mail an die angegebene E-Mailadresse gesendet.<\/p>","protected":false},"featured_media":1454,"comment_status":"open","ping_status":"closed","template":"","meta":{"_acf_changed":false},"product_brand":[],"product_cat":[99],"product_tag":[],"class_list":{"0":"post-1282","1":"product","2":"type-product","3":"status-publish","4":"has-post-thumbnail","6":"product_cat-accessoires-strickdesigns","7":"product_shipping_class-kostenfrei","9":"first","10":"instock","11":"downloadable","12":"taxable","13":"shipping-taxable","14":"purchasable","15":"product-type-simple"},"acf":[],"_links":{"self":[{"href":"https:\/\/kerstinritter-knits.de\/en\/wp-json\/wp\/v2\/product\/1282","targetHints":{"allow":["GET"]}}],"collection":[{"href":"https:\/\/kerstinritter-knits.de\/en\/wp-json\/wp\/v2\/product"}],"about":[{"href":"https:\/\/kerstinritter-knits.de\/en\/wp-json\/wp\/v2\/types\/product"}],"replies":[{"embeddable":true,"href":"https:\/\/kerstinritter-knits.de\/en\/wp-json\/wp\/v2\/comments?post=1282"}],"wp:featuredmedia":[{"embeddable":true,"href":"https:\/\/kerstinritter-knits.de\/en\/wp-json\/wp\/v2\/media\/1454"}],"wp:attachment":[{"href":"https:\/\/kerstinritter-knits.de\/en\/wp-json\/wp\/v2\/media?parent=1282"}],"wp:term":[{"taxonomy":"product_brand","embeddable":true,"href":"https:\/\/kerstinritter-knits.de\/en\/wp-json\/wp\/v2\/product_brand?post=1282"},{"taxonomy":"product_cat","embeddable":true,"href":"https:\/\/kerstinritter-knits.de\/en\/wp-json\/wp\/v2\/product_cat?post=1282"},{"taxonomy":"product_tag","embeddable":true,"href":"https:\/\/kerstinritter-knits.de\/en\/wp-json\/wp\/v2\/product_tag?post=1282"}],"curies":[{"name":"wp","href":"https:\/\/api.w.org\/{rel}","templated":true}]}}