{"id":1290,"date":"2024-08-26T20:55:01","date_gmt":"2024-08-26T18:55:01","guid":{"rendered":"https:\/\/dev.kerstinritter-knits.de\/?post_type=product&#038;p=1290"},"modified":"2025-10-16T13:05:08","modified_gmt":"2025-10-16T11:05:08","slug":"olenna-kaputze-kopie","status":"publish","type":"product","link":"https:\/\/kerstinritter-knits.de\/en\/product\/olenna-kaputze-kopie\/","title":{"rendered":"SAMWELL- Shawl"},"content":{"rendered":"<div class=\"downloadable core_item_content__text_block\">Diese Anleitung ist kostenlos erh\u00e4ltlich !<\/div>\n<div class=\"notes markdown core_item_content__text_block core_item_content__text_block--notes\">\n<p>Samwellschal ist der typische Schal one \u201cSchnickSchnack\u201d &#8211; ideal f\u00fcr M\u00e4nner oder auch Frauen, die ein puristisches klassisches Design m\u00f6chten.<br \/>\nEr wird mit einer sch\u00f6nen Randmasche gestrickt, so dass die Kanten sauber gearbeitet werden.<br \/>\nVielen Dank f\u00fcr dein Interesse an meiner Anleitung. 2019 strickte ich dieses Modell f\u00fcr meinen Sohn zum Geburtstag und f\u00fcr meinen Bruder zum Renteneintritt. Ich hoffe, dir hiermit eine Anregung geben zu k\u00f6nnen. Samwell ist unisex.<\/p>\n<p>Der Download-Link f\u00fcr die Anleitung wird dir per Mail an die angegebene E-Mailadresse gesendet.<\/p>\n<p>Samwell scarf is the typical shawl without \u201cfrills\u201d &#8211; ideal for men or women who want a purist, classic design.<br \/>\nIt is knitted with a nice edge stitch so that the edges are neatly worked.<br \/>\nThank you for your interest in my instructions. In 2019 I knitted this model for my son for his birthday and for my brothers retirement. I hope this can give you some inspiration. Samwell is unisex.<\/p>\n<\/div>\n<p>&nbsp;<\/p>","protected":false},"excerpt":{"rendered":"<p>Diese Anleitung ist kostenlos erh\u00e4ltlich ! Samwellschal ist der typische Schal one \u201cSchnickSchnack\u201d &#8211; ideal f\u00fcr M\u00e4nner oder auch Frauen, die ein puristisches klassisches Design m\u00f6chten. Er wird mit einer sch\u00f6nen Randmasche gestrickt, so dass die Kanten sauber gearbeitet werden. Vielen Dank f\u00fcr dein Interesse an meiner Anleitung. 2019 strickte ich dieses Modell f\u00fcr meinen Sohn zum Geburtstag und f\u00fcr meinen Bruder zum Renteneintritt. Ich hoffe, dir hiermit eine Anregung geben zu k\u00f6nnen. Samwell ist unisex. Der Download-Link f\u00fcr die Anleitung wird dir per Mail an die angegebene E-Mailadresse gesendet. Samwell scarf is the typical shawl without \u201cfrills\u201d &#8211; ideal for men or women who want a purist, classic design. It is knitted with a nice edge stitch so that the edges are neatly worked. Thank you for your interest in my instructions. In 2019 I knitted this model for my son for his birthday and for my brothers retirement. I hope this can give you some inspiration. Samwell is unisex. &nbsp;<\/p>","protected":false},"featured_media":1449,"comment_status":"open","ping_status":"closed","template":"","meta":{"_acf_changed":false},"product_brand":[],"product_cat":[99],"product_tag":[77],"class_list":{"0":"post-1290","1":"product","2":"type-product","3":"status-publish","4":"has-post-thumbnail","6":"product_cat-accessoires-strickdesigns","7":"product_tag-startseite","8":"product_shipping_class-kostenfrei","10":"first","11":"instock","12":"downloadable","13":"taxable","14":"shipping-taxable","15":"purchasable","16":"product-type-simple"},"acf":[],"_links":{"self":[{"href":"https:\/\/kerstinritter-knits.de\/en\/wp-json\/wp\/v2\/product\/1290","targetHints":{"allow":["GET"]}}],"collection":[{"href":"https:\/\/kerstinritter-knits.de\/en\/wp-json\/wp\/v2\/product"}],"about":[{"href":"https:\/\/kerstinritter-knits.de\/en\/wp-json\/wp\/v2\/types\/product"}],"replies":[{"embeddable":true,"href":"https:\/\/kerstinritter-knits.de\/en\/wp-json\/wp\/v2\/comments?post=1290"}],"wp:featuredmedia":[{"embeddable":true,"href":"https:\/\/kerstinritter-knits.de\/en\/wp-json\/wp\/v2\/media\/1449"}],"wp:attachment":[{"href":"https:\/\/kerstinritter-knits.de\/en\/wp-json\/wp\/v2\/media?parent=1290"}],"wp:term":[{"taxonomy":"product_brand","embeddable":true,"href":"https:\/\/kerstinritter-knits.de\/en\/wp-json\/wp\/v2\/product_brand?post=1290"},{"taxonomy":"product_cat","embeddable":true,"href":"https:\/\/kerstinritter-knits.de\/en\/wp-json\/wp\/v2\/product_cat?post=1290"},{"taxonomy":"product_tag","embeddable":true,"href":"https:\/\/kerstinritter-knits.de\/en\/wp-json\/wp\/v2\/product_tag?post=1290"}],"curies":[{"name":"wp","href":"https:\/\/api.w.org\/{rel}","templated":true}]}}