{"id":1319,"date":"2024-08-26T21:02:34","date_gmt":"2024-08-26T19:02:34","guid":{"rendered":"https:\/\/dev.kerstinritter-knits.de\/?post_type=product&#038;p=1319"},"modified":"2025-10-16T13:03:03","modified_gmt":"2025-10-16T11:03:03","slug":"talisa-poncho-2","status":"publish","type":"product","link":"https:\/\/kerstinritter-knits.de\/en\/product\/talisa-poncho-2\/","title":{"rendered":"TALISA Poncho"},"content":{"rendered":"<p>Der Poncho Talisa zeichnet sich durch seinen klassischen, bequemes Stil aus. Er kann sowohl in einer Hauptfarbe mit fortlaufenden Streifen gestrickt werden, als auch nur mit Hauptfarbe und einem Streifenverlauf bei den B\u00fcndchen unten.<\/p>\n<p>Er wird\u00a0<strong>unten nach oben<\/strong>\u00a0glatt rechts mit offenen Kanten gestrickt. Beginn ist am Vorderteil mit einem B\u00fcndchen aus Hebemaschen. Beim Halsausschnittes werden beide Seiten getrennt weiter gearbeitet. Danach werden die fehlenden Maschen f\u00fcr das R\u00fcckenteil wieder aufgenommen und der R\u00fccken weiter\u00a0<strong>von oben nach unten<\/strong>\u00a0gestrickt. Die Kanten werden im Doubleface gestrickt, so dass sich nichts einrollt. Am Ende werden f\u00fcr den Halsausschnitt Maschen aufgenommen und ein I-Cord Rand als Abschluss gestrickt.<\/p>\n<p>Die Breite und L\u00e4nge des Ponchos k\u00f6nnen individuell angepasst werden, Tipps sind in der Anleitung erl\u00e4utert.<\/p>\n<p><strong>Gr\u00f6\u00dfe 1<\/strong>\u00a0(120 cm Breite, 60 cm L\u00e4nge)<br \/>\n<strong>Gr\u00f6\u00dfe 2<\/strong>\u00a0(140 cm Breite, 60 cm L\u00e4nge)<br \/>\n(meine Teststrickerinnen haben eine K\u00f6rpergr\u00f6\u00dfe zwischen 1,65m und 1,87m)<\/p>\n<p><strong>Maschenprobe:<\/strong><br \/>\n17Ma x 24 R = 10 cm mit\u00a0<strong>Nadel 4,5<\/strong>\u00a0in glatt rechts<\/p>\n<p>Garn: Lana Grossa Ecopuno &amp; Setasuri, doppelf\u00e4dig mit 4,5 (B\u00fcndchen wird mit 4,0 gestrickt)<br \/>\nin den Fotos seht ihr alle Modelle meiner Teststrickerinnen mit den Farbnummern!<\/p>\n<p>Anzahl der Kn\u00e4uel (<strong>jeweils<\/strong>\u00a0Ecopuno und Setasuri) am Beispiel von den Fotos oben:<br \/>\nHauptfarbe (a): dunkelgrau\u00a0<strong>je<\/strong>\u00a05 (6)<br \/>\nStreifen Kontrast (b): rot\u00a0<strong>je<\/strong>\u00a00,5 (1)<br \/>\nStreifen dunkel (c): schwarz\u00a0<strong>je<\/strong>\u00a01,5 (2)<br \/>\nStreifen hell (d): wei\u00df\u00a0<strong>je<\/strong>\u00a01 (2)<\/p>\n<p>Der Download-Link f\u00fcr die Anleitung wird dir nach Bezahlung per Mail an die angegebene E-Mailadresse gesendet.<\/p>\n<p>The Talisa poncho is characterized by its classic, comfortable style. It can be knitted in one main color with continuous stripes, or just with main color and stripes at the bottom cuffs.<\/p>\n<p>It is knitted bottom up in stocking stitch with open edges. The beginning is at the front with a cuff made of lifting stitches. Both sides of the neckline are worked separately. Then the missing stitches for the back piece are picked up again and the back is knitted from the top down. The edges are knitted in double face so that nothing curls up. At the end, stitches are picked up for the neckline and an i-cord edge is knitted to finish.<\/p>\n<p>The width and length of the poncho can be adjusted individually, tips are explained in the instructions.<\/p>\n<p>Size 1 (120 cm width, 60 cm length)<br \/>\nSize 2 (140 cm width, 60 cm length)<br \/>\n(my test knitters are between 1.65m and 1.87m tall)<\/p>\n<p>Gauge:<br \/>\n17 stitches x 24 rows = 10 cm with needle size 4.5 in stockinette stitch<\/p>\n<p>Yarn: Lana Grossa Ecopuno &amp; Setasuri, double stranded with 4.5 (rib is knitted with 4.0)<br \/>\nin the photos you can see all the models of my test knitters with the color numbers!<\/p>","protected":false},"excerpt":{"rendered":"<p>Der Poncho Talisa zeichnet sich durch seinen klassischen, bequemes Stil aus. Er kann sowohl in einer Hauptfarbe mit fortlaufenden Streifen gestrickt werden, als auch nur mit Hauptfarbe und einem Streifenverlauf bei den B\u00fcndchen unten. Er wird\u00a0unten nach oben\u00a0glatt rechts mit offenen Kanten gestrickt. Beginn ist am Vorderteil mit einem B\u00fcndchen aus Hebemaschen. Beim Halsausschnittes werden beide Seiten getrennt weiter gearbeitet. Danach werden die fehlenden Maschen f\u00fcr das R\u00fcckenteil wieder aufgenommen und der R\u00fccken weiter\u00a0von oben nach unten\u00a0gestrickt. Die Kanten werden im Doubleface gestrickt, so dass sich nichts einrollt. Am Ende werden f\u00fcr den Halsausschnitt Maschen aufgenommen und ein I-Cord Rand als Abschluss gestrickt. Die Breite und L\u00e4nge des Ponchos k\u00f6nnen individuell angepasst werden, Tipps sind in der Anleitung erl\u00e4utert. Gr\u00f6\u00dfe 1\u00a0(120 cm Breite, 60 cm L\u00e4nge) Gr\u00f6\u00dfe 2\u00a0(140 cm Breite, 60 cm L\u00e4nge) (meine Teststrickerinnen haben eine K\u00f6rpergr\u00f6\u00dfe zwischen 1,65m und 1,87m) Maschenprobe: 17Ma x 24 R = 10 cm mit\u00a0Nadel 4,5\u00a0in glatt rechts Garn: Lana Grossa Ecopuno &amp; Setasuri, doppelf\u00e4dig mit 4,5 (B\u00fcndchen wird mit 4,0 gestrickt) in den Fotos seht ihr alle Modelle meiner Teststrickerinnen mit den Farbnummern! Anzahl der Kn\u00e4uel (jeweils\u00a0Ecopuno und Setasuri) am Beispiel von den Fotos oben: Hauptfarbe (a): dunkelgrau\u00a0je\u00a05 (6) Streifen Kontrast (b): rot\u00a0je\u00a00,5 (1) Streifen dunkel (c): schwarz\u00a0je\u00a01,5 (2) Streifen hell (d): wei\u00df\u00a0je\u00a01 (2) Der Download-Link f\u00fcr die Anleitung wird dir nach Bezahlung per Mail an die angegebene E-Mailadresse gesendet. The Talisa poncho is characterized by its classic, comfortable style. It can be knitted in one main color with continuous stripes, or just with main color and stripes at the bottom cuffs. It is knitted bottom up in stocking stitch with open edges. The beginning is at the front with a cuff made of lifting stitches. Both sides of the neckline are worked separately. Then the missing stitches for the back piece are picked up again and the back is knitted from the top down. The edges are knitted in double face so that nothing curls up. At the end, stitches are picked up for the neckline and an i-cord edge is knitted to finish. The width and length of the poncho can be adjusted individually, tips are explained in the instructions. Size 1 (120 cm width, 60 cm length) Size 2 (140 cm width, 60 cm length) (my test knitters are between 1.65m and 1.87m tall) Gauge: 17 stitches x 24 rows = 10 cm with needle size 4.5 in stockinette stitch Yarn: Lana Grossa Ecopuno &amp; Setasuri, double stranded with 4.5 (rib is knitted with 4.0) in the photos you can see all the models of my test knitters with the color numbers!<\/p>","protected":false},"featured_media":1398,"comment_status":"open","ping_status":"closed","template":"","meta":{"_acf_changed":false},"product_brand":[],"product_cat":[15],"product_tag":[],"class_list":{"0":"post-1319","1":"product","2":"type-product","3":"status-publish","4":"has-post-thumbnail","6":"product_cat-poncho","7":"product_shipping_class-kostenfrei","9":"first","10":"instock","11":"downloadable","12":"taxable","13":"shipping-taxable","14":"purchasable","15":"product-type-simple"},"acf":[],"_links":{"self":[{"href":"https:\/\/kerstinritter-knits.de\/en\/wp-json\/wp\/v2\/product\/1319","targetHints":{"allow":["GET"]}}],"collection":[{"href":"https:\/\/kerstinritter-knits.de\/en\/wp-json\/wp\/v2\/product"}],"about":[{"href":"https:\/\/kerstinritter-knits.de\/en\/wp-json\/wp\/v2\/types\/product"}],"replies":[{"embeddable":true,"href":"https:\/\/kerstinritter-knits.de\/en\/wp-json\/wp\/v2\/comments?post=1319"}],"wp:featuredmedia":[{"embeddable":true,"href":"https:\/\/kerstinritter-knits.de\/en\/wp-json\/wp\/v2\/media\/1398"}],"wp:attachment":[{"href":"https:\/\/kerstinritter-knits.de\/en\/wp-json\/wp\/v2\/media?parent=1319"}],"wp:term":[{"taxonomy":"product_brand","embeddable":true,"href":"https:\/\/kerstinritter-knits.de\/en\/wp-json\/wp\/v2\/product_brand?post=1319"},{"taxonomy":"product_cat","embeddable":true,"href":"https:\/\/kerstinritter-knits.de\/en\/wp-json\/wp\/v2\/product_cat?post=1319"},{"taxonomy":"product_tag","embeddable":true,"href":"https:\/\/kerstinritter-knits.de\/en\/wp-json\/wp\/v2\/product_tag?post=1319"}],"curies":[{"name":"wp","href":"https:\/\/api.w.org\/{rel}","templated":true}]}}