{"id":1936,"date":"2024-11-21T16:58:13","date_gmt":"2024-11-21T15:58:13","guid":{"rendered":"https:\/\/dev.kerstinritter-knits.de\/?post_type=product&#038;p=1936"},"modified":"2025-10-16T13:00:22","modified_gmt":"2025-10-16T11:00:22","slug":"brienne-vest","status":"publish","type":"product","link":"https:\/\/kerstinritter-knits.de\/en\/product\/brienne-vest\/","title":{"rendered":"BRIENNE Vest"},"content":{"rendered":"<p>Die Brienne Vest ist ein kurze Weste mit einem breiten Schalkragen, der von Beginn an breiter gestrickt und am Ende nach innen umgeschlagen wird. Das Muster ist einfach, aber raffiniert und dennoch ohne Zopfnadel zu stricken.<br \/>\nSie wird von oben nach unten in einem St\u00fcck gestrickt. Zuerst wird die Halsblende im Nacken gestrickt, danach der obere Teil des R\u00fcckens mit einer sch\u00f6nen sichtbaren Schulterlinie. Im Anschluss werden Maschen f\u00fcr die beiden Vorderteile aus der Schulternaht herausgestrickt. Durch Maschenaufnahmen bildet sich die sch\u00f6ne Form vorne an der Brust. Entlang der Armausschnitte l\u00e4uft eine dekorative Zopflinie nach unten.<br \/>\nUnter den Armausschnitten werden Vorder- und R\u00fcckenteil zur Runde geschlossen. Dabei werden Maschen f\u00fcr den Rumpf zugenommen &#8211; diese werden ebenfalls mit dem dekorativen Zopfmuster nach unten weiter gestrickt. Der Rumpf wird weiter in Reihen hin und her bis zum Bund gestrickt.<br \/>\nIm Bund wiederholt sich das raffinierte Zopfmuster und in der vorletzten Reihe wird der Kragen nach innen umgeschlagen und ohne vern\u00e4hen zusammen gestrickt.<br \/>\nDu kannst entscheiden, ob du die Brienne Vest ohne Arm tragen m\u00f6chtest oder mit einem kurzen Arm \u2013 diese Anleitung beinhaltet beide Varianten.<\/p>\n<p>ben\u00f6tigst.<br \/>\nUS-Gr\u00f6\u00dfe S M L XL<br \/>\nBrustumfang in cm 84 -94 95-99 100-109 110-119<br \/>\nKragen insgesamt cm 16 16 16 16<br \/>\nBU Brienne (ohne Kragen) cm 91 104 114 124<br \/>\nBU Brienne (mit Kragen) cm 107 120 130 140<br \/>\nGesamtl\u00e4nge (ohne Kragen) 45 47 50 54<br \/>\nArml\u00e4nge in cm 12 12 15 15<br \/>\nArmumfang in cm 40 40 45 50<\/p>\n<p>Nadeln: 4,5 und 3,5 .<br \/>\nFalls du fest strickst, solltest du jeweils eine gr\u00f6\u00dfere Nadelst\u00e4rke w\u00e4hlen. Au\u00dferdem ben\u00f6tigst du eine 4,5 Nadel vom Nadelspiel f\u00fcr den Umschlag des Kragens am Ende ( Videoturorial hinterlegt!).<\/p>\n<p>Maschenprobe: 16 Ma x 26 R glatt rechts auf Nadel 4,5 = 10&#215;10 cm<br \/>\nNACH dem Waschen und Spannen. Falls deine Maschenprobe nicht passt, probiere eine andere Nadelst\u00e4rke.<\/p>\n<p>Material: 6 Maschenmarkierer, Seile zum Maschen stilllegen<\/p>\n<p>Garnempfehlung: Woolfolk FAR, 50 gr \u2013 130 m LL<br \/>\nCamarose Snefnug, 50 gr \u2013 110 m LL<\/p>\n<p>Garnmenge:<\/p>\n<pre><code>           ohne Arm\/ mit kurzem Arm<\/code><\/pre>\n<p>Gr. S 800 m 950 m<br \/>\nGr. M 900 m 1.020 m<br \/>\nGr. L 1.050 m 1.180 m<br \/>\nGr. XL 1.150 m 1.300 m<\/p>\n<p>Der Download-Link f\u00fcr die Anleitung wird dir nach Bezahlung per Mail an die angegebene E-Mailadresse gesendet.<\/p>\n<p>Brienne Vest is a short vest with a wide shawl collar, which is worked wider at the beginning and folded to the wrong side at the end. The pattern is simple yet intricate, and can be worked without a cable needle.<br \/>\nThe vest is worked top down in one piece. First, the neckband is worked at the back of the neck, then the upper part of the back with a lovely visible shoulder lone. Thereafter, you pick up stitches for both front pieces at the shoulder seam. Due to the picked-up stitches, the vest has a beautiful fit at the bust. A decorative cable stitch pattern runs along the armholes.<br \/>\nFront and back piece are joined under the armhole and additional stitches for the body are increased. These stitches are worked in the decorative cable stitch pattern, too. The body is worked flat to the hem.<br \/>\nThe hem is worked in the same cable stitch pattern and in the second last row, the neckband is folded to the wrong side and sewn or knit together.<br \/>\nIt is up to you, if you want to work your Brienne Vest without sleeves or with short sleeves \u2013 this instruction holds both versions.<\/p>","protected":false},"excerpt":{"rendered":"<p>Die Brienne Vest ist ein kurze Weste mit einem breiten Schalkragen, der von Beginn an breiter gestrickt und am Ende nach innen umgeschlagen wird. Das Muster ist einfach, aber raffiniert und dennoch ohne Zopfnadel zu stricken. Sie wird von oben nach unten in einem St\u00fcck gestrickt. Zuerst wird die Halsblende im Nacken gestrickt, danach der obere Teil des R\u00fcckens mit einer sch\u00f6nen sichtbaren Schulterlinie. Im Anschluss werden Maschen f\u00fcr die beiden Vorderteile aus der Schulternaht herausgestrickt. Durch Maschenaufnahmen bildet sich die sch\u00f6ne Form vorne an der Brust. Entlang der Armausschnitte l\u00e4uft eine dekorative Zopflinie nach unten. Unter den Armausschnitten werden Vorder- und R\u00fcckenteil zur Runde geschlossen. Dabei werden Maschen f\u00fcr den Rumpf zugenommen &#8211; diese werden ebenfalls mit dem dekorativen Zopfmuster nach unten weiter gestrickt. Der Rumpf wird weiter in Reihen hin und her bis zum Bund gestrickt. Im Bund wiederholt sich das raffinierte Zopfmuster und in der vorletzten Reihe wird der Kragen nach innen umgeschlagen und ohne vern\u00e4hen zusammen gestrickt. Du kannst entscheiden, ob du die Brienne Vest ohne Arm tragen m\u00f6chtest oder mit einem kurzen Arm \u2013 diese Anleitung beinhaltet beide Varianten. ben\u00f6tigst. US-Gr\u00f6\u00dfe S M L XL Brustumfang in cm 84 -94 95-99 100-109 110-119 Kragen insgesamt cm 16 16 16 16 BU Brienne (ohne Kragen) cm 91 104 114 124 BU Brienne (mit Kragen) cm 107 120 130 140 Gesamtl\u00e4nge (ohne Kragen) 45 47 50 54 Arml\u00e4nge in cm 12 12 15 15 Armumfang in cm 40 40 45 50 Nadeln: 4,5 und 3,5 . Falls du fest strickst, solltest du jeweils eine gr\u00f6\u00dfere Nadelst\u00e4rke w\u00e4hlen. Au\u00dferdem ben\u00f6tigst du eine 4,5 Nadel vom Nadelspiel f\u00fcr den Umschlag des Kragens am Ende ( Videoturorial hinterlegt!). Maschenprobe: 16 Ma x 26 R glatt rechts auf Nadel 4,5 = 10&#215;10 cm NACH dem Waschen und Spannen. Falls deine Maschenprobe nicht passt, probiere eine andere Nadelst\u00e4rke. Material: 6 Maschenmarkierer, Seile zum Maschen stilllegen Garnempfehlung: Woolfolk FAR, 50 gr \u2013 130 m LL Camarose Snefnug, 50 gr \u2013 110 m LL Garnmenge: ohne Arm\/ mit kurzem Arm Gr. S 800 m 950 m Gr. M 900 m 1.020 m Gr. L 1.050 m 1.180 m Gr. XL 1.150 m 1.300 m Der Download-Link f\u00fcr die Anleitung wird dir nach Bezahlung per Mail an die angegebene E-Mailadresse gesendet. Brienne Vest is a short vest with a wide shawl collar, which is worked wider at the beginning and folded to the wrong side at the end. The pattern is simple yet intricate, and can be worked without a cable needle. The vest is worked top down in one piece. First, the neckband is worked at the back of the neck, then the upper part of the back with a lovely visible shoulder lone. Thereafter, you pick up stitches for both front pieces at the shoulder seam. Due to the picked-up stitches, the vest has a beautiful fit at the bust. A decorative cable stitch pattern runs along the armholes. Front and back piece are joined under the armhole and additional stitches for the body are increased. These stitches are worked in the decorative cable stitch pattern, too. The body is worked flat to the hem. The hem is worked in the same cable stitch pattern and in the second last row, the neckband is folded to the wrong side and sewn or knit together. It is up to you, if you want to work your Brienne Vest without sleeves or with short sleeves \u2013 this instruction holds both versions.<\/p>","protected":false},"featured_media":1911,"comment_status":"open","ping_status":"closed","template":"","meta":{"_acf_changed":false},"product_brand":[],"product_cat":[100],"product_tag":[77],"class_list":{"0":"post-1936","1":"product","2":"type-product","3":"status-publish","4":"has-post-thumbnail","6":"product_cat-kleidung-strickdesigns","7":"product_tag-startseite","8":"product_shipping_class-kostenfrei","10":"first","11":"instock","12":"downloadable","13":"taxable","14":"shipping-taxable","15":"purchasable","16":"product-type-simple"},"acf":[],"_links":{"self":[{"href":"https:\/\/kerstinritter-knits.de\/en\/wp-json\/wp\/v2\/product\/1936","targetHints":{"allow":["GET"]}}],"collection":[{"href":"https:\/\/kerstinritter-knits.de\/en\/wp-json\/wp\/v2\/product"}],"about":[{"href":"https:\/\/kerstinritter-knits.de\/en\/wp-json\/wp\/v2\/types\/product"}],"replies":[{"embeddable":true,"href":"https:\/\/kerstinritter-knits.de\/en\/wp-json\/wp\/v2\/comments?post=1936"}],"wp:featuredmedia":[{"embeddable":true,"href":"https:\/\/kerstinritter-knits.de\/en\/wp-json\/wp\/v2\/media\/1911"}],"wp:attachment":[{"href":"https:\/\/kerstinritter-knits.de\/en\/wp-json\/wp\/v2\/media?parent=1936"}],"wp:term":[{"taxonomy":"product_brand","embeddable":true,"href":"https:\/\/kerstinritter-knits.de\/en\/wp-json\/wp\/v2\/product_brand?post=1936"},{"taxonomy":"product_cat","embeddable":true,"href":"https:\/\/kerstinritter-knits.de\/en\/wp-json\/wp\/v2\/product_cat?post=1936"},{"taxonomy":"product_tag","embeddable":true,"href":"https:\/\/kerstinritter-knits.de\/en\/wp-json\/wp\/v2\/product_tag?post=1936"}],"curies":[{"name":"wp","href":"https:\/\/api.w.org\/{rel}","templated":true}]}}