{"id":1995,"date":"2024-11-15T14:32:03","date_gmt":"2024-11-15T13:32:03","guid":{"rendered":"https:\/\/dev.kerstinritter-knits.de\/?post_type=product&#038;p=1995"},"modified":"2025-10-16T13:02:03","modified_gmt":"2025-10-16T11:02:03","slug":"khaleesi-shawl","status":"publish","type":"product","link":"https:\/\/kerstinritter-knits.de\/en\/product\/khaleesi-shawl\/","title":{"rendered":"KHALEESI Shawl"},"content":{"rendered":"<p>Der Khaleesishawl ist ein asymmetrisches, gro\u00dfes Dreieckstuch mit dekorativen Z\u00f6pfen (die kleine Verzopfung ist die gleiche wie beim Catelyn-Cardigan und der Brienne-Vest).<\/p>\n<p>Das Tuch wird von der Spitze aus gestrickt. Auf der rechten Seite wird eine gleichm\u00e4\u00dfige und sch\u00f6ne Kante gestrickt. In jeder Hinreihe werden am linken Rand Ma zugenommen \u2013 nach der erforderlichen Gesamtl\u00e4nge bzw. -h\u00f6he wird am Ende ein I-Cord-B\u00fcndchen als Abschluss gearbeitet.<\/p>\n<p>Du hast die M\u00f6glichkeit, Khaleesi mit einem DK-Garn oder mit einem Fingeringgarn zu stricken, welches dann nur die H\u00e4lfte wiegt. Grunds\u00e4tzlich gilt: je d\u00fcnner, desto feiner und lockerer oder je dicker, desto kuscheliger und w\u00e4rmer \u2013 ganz wie du m\u00f6chtest.<br \/>\nJe nach Garn und Nadelst\u00e4rke kann die Gr\u00f6\u00dfe und das Gewicht variieren.<\/p>\n<p>Ich empfehle dir auf jeden Fall eine Maschenprobe im Muster zu stricken und diese anschlie\u00dfend zu waschen und zu spannen, damit du die f\u00fcr dich richtige Nadelst\u00e4rke findest, mit der das Muster am sch\u00f6nsten aussieht und f\u00e4llt.<\/p>\n<p>In der \u201eLight-Version\u201c wird nur jeden 2. Gro\u00dfen Zopfrapport verzopft, die 16 Maschen dazwischen werden glatt rechts gestrickt.<\/p>\n<p>Du hast also mehrere Garnm\u00f6glichkeiten!<br \/>\nIn meinem Fall wurde der rosa Khaleesi aus zweif\u00e4dig Schwendrot Yarns (Angelhair &amp; Lux Glam 600, farbe Powder) und der rote Khaleesi habe ich aus Como Cashmere von Lamana, Farbe rubinrot, einf\u00e4dig gestrickt. Die Nadelst\u00e4rke war bei beiden 3,75 &#8211; und somit wurde der rosa eng und warm gestrickt w\u00e4hrend der rubinrote locker und luftiger f\u00e4llt.<\/p>\n<p>Material \/ Garnempfehlung \/ Verbrauch<\/p>\n<p>Rosa: Schwedenrot Yarns \/ zweif\u00e4dig<br \/>\nAngelhair &amp; Lux Glam 600 (hier Farbe \u201epowder\u201c)<br \/>\njeweils 1050m<\/p>\n<p>Rubinrot: Lamana \/ einf\u00e4dig<br \/>\nComo Cashmere (hier Farbe \u201eRubin\u201c) 1050m<\/p>\n<p>verstrickt mit Nadel 3,75.<\/p>\n<p>Der Download-Link f\u00fcr die Anleitung wird dir nach Bezahlung per Mail an die angegebene E-Mailadresse gesendet.<\/p>\n<p>Khaleesi shawl is an asymmetrical, large triangular shawl with decorative cables (the small cables are the same as at the Catelyn cardigan or Brienne vest).<br \/>\nThe shawl is worked from one tip. On the right side, a neat and beautiful edge is worked. Every right-side row, stitches are increased at the left edge \u2013 once the final length and height is reached, an I-cord edge is worked.<br \/>\nYou can choose to work Khaleesi with a DK weight yarn or with fingering weight yarn, which is half the weight. Generally speaking, the thinner the yarn, the finer and looser the stitch, and the thicker the yarn, the cosier and warmer the stitch \u2013 it\u2019s entirely up to you. Size and weight can vary depending on the yarn and needle size.<br \/>\nI definitely recommend that you make a swatch in the pattern, then wash and block it, so that you can find the right needle size for you, with which the pattern looks and drapes most beautifully.<br \/>\nDue to the pattern, I strongly recommend that you wash and block your Khaleesishawl, as the shawl shrinks a lot because of the cable pattern. Only then the stitches will unfold beautifully.<\/p>","protected":false},"excerpt":{"rendered":"<p>Der Khaleesishawl ist ein asymmetrisches, gro\u00dfes Dreieckstuch mit dekorativen Z\u00f6pfen (die kleine Verzopfung ist die gleiche wie beim Catelyn-Cardigan und der Brienne-Vest). Das Tuch wird von der Spitze aus gestrickt. Auf der rechten Seite wird eine gleichm\u00e4\u00dfige und sch\u00f6ne Kante gestrickt. In jeder Hinreihe werden am linken Rand Ma zugenommen \u2013 nach der erforderlichen Gesamtl\u00e4nge bzw. -h\u00f6he wird am Ende ein I-Cord-B\u00fcndchen als Abschluss gearbeitet. Du hast die M\u00f6glichkeit, Khaleesi mit einem DK-Garn oder mit einem Fingeringgarn zu stricken, welches dann nur die H\u00e4lfte wiegt. Grunds\u00e4tzlich gilt: je d\u00fcnner, desto feiner und lockerer oder je dicker, desto kuscheliger und w\u00e4rmer \u2013 ganz wie du m\u00f6chtest. Je nach Garn und Nadelst\u00e4rke kann die Gr\u00f6\u00dfe und das Gewicht variieren. Ich empfehle dir auf jeden Fall eine Maschenprobe im Muster zu stricken und diese anschlie\u00dfend zu waschen und zu spannen, damit du die f\u00fcr dich richtige Nadelst\u00e4rke findest, mit der das Muster am sch\u00f6nsten aussieht und f\u00e4llt. In der \u201eLight-Version\u201c wird nur jeden 2. Gro\u00dfen Zopfrapport verzopft, die 16 Maschen dazwischen werden glatt rechts gestrickt. Du hast also mehrere Garnm\u00f6glichkeiten! In meinem Fall wurde der rosa Khaleesi aus zweif\u00e4dig Schwendrot Yarns (Angelhair &amp; Lux Glam 600, farbe Powder) und der rote Khaleesi habe ich aus Como Cashmere von Lamana, Farbe rubinrot, einf\u00e4dig gestrickt. Die Nadelst\u00e4rke war bei beiden 3,75 &#8211; und somit wurde der rosa eng und warm gestrickt w\u00e4hrend der rubinrote locker und luftiger f\u00e4llt. Material \/ Garnempfehlung \/ Verbrauch Rosa: Schwedenrot Yarns \/ zweif\u00e4dig Angelhair &amp; Lux Glam 600 (hier Farbe \u201epowder\u201c) jeweils 1050m Rubinrot: Lamana \/ einf\u00e4dig Como Cashmere (hier Farbe \u201eRubin\u201c) 1050m verstrickt mit Nadel 3,75. Der Download-Link f\u00fcr die Anleitung wird dir nach Bezahlung per Mail an die angegebene E-Mailadresse gesendet. Khaleesi shawl is an asymmetrical, large triangular shawl with decorative cables (the small cables are the same as at the Catelyn cardigan or Brienne vest). The shawl is worked from one tip. On the right side, a neat and beautiful edge is worked. Every right-side row, stitches are increased at the left edge \u2013 once the final length and height is reached, an I-cord edge is worked. You can choose to work Khaleesi with a DK weight yarn or with fingering weight yarn, which is half the weight. Generally speaking, the thinner the yarn, the finer and looser the stitch, and the thicker the yarn, the cosier and warmer the stitch \u2013 it\u2019s entirely up to you. Size and weight can vary depending on the yarn and needle size. I definitely recommend that you make a swatch in the pattern, then wash and block it, so that you can find the right needle size for you, with which the pattern looks and drapes most beautifully. Due to the pattern, I strongly recommend that you wash and block your Khaleesishawl, as the shawl shrinks a lot because of the cable pattern. Only then the stitches will unfold beautifully.<\/p>","protected":false},"featured_media":1922,"comment_status":"open","ping_status":"closed","template":"","meta":{"_acf_changed":false},"product_brand":[],"product_cat":[99],"product_tag":[77],"class_list":{"0":"post-1995","1":"product","2":"type-product","3":"status-publish","4":"has-post-thumbnail","6":"product_cat-accessoires-strickdesigns","7":"product_tag-startseite","8":"product_shipping_class-kostenfrei","10":"first","11":"instock","12":"downloadable","13":"taxable","14":"shipping-taxable","15":"purchasable","16":"product-type-simple"},"acf":[],"_links":{"self":[{"href":"https:\/\/kerstinritter-knits.de\/en\/wp-json\/wp\/v2\/product\/1995","targetHints":{"allow":["GET"]}}],"collection":[{"href":"https:\/\/kerstinritter-knits.de\/en\/wp-json\/wp\/v2\/product"}],"about":[{"href":"https:\/\/kerstinritter-knits.de\/en\/wp-json\/wp\/v2\/types\/product"}],"replies":[{"embeddable":true,"href":"https:\/\/kerstinritter-knits.de\/en\/wp-json\/wp\/v2\/comments?post=1995"}],"wp:featuredmedia":[{"embeddable":true,"href":"https:\/\/kerstinritter-knits.de\/en\/wp-json\/wp\/v2\/media\/1922"}],"wp:attachment":[{"href":"https:\/\/kerstinritter-knits.de\/en\/wp-json\/wp\/v2\/media?parent=1995"}],"wp:term":[{"taxonomy":"product_brand","embeddable":true,"href":"https:\/\/kerstinritter-knits.de\/en\/wp-json\/wp\/v2\/product_brand?post=1995"},{"taxonomy":"product_cat","embeddable":true,"href":"https:\/\/kerstinritter-knits.de\/en\/wp-json\/wp\/v2\/product_cat?post=1995"},{"taxonomy":"product_tag","embeddable":true,"href":"https:\/\/kerstinritter-knits.de\/en\/wp-json\/wp\/v2\/product_tag?post=1995"}],"curies":[{"name":"wp","href":"https:\/\/api.w.org\/{rel}","templated":true}]}}