{"id":1997,"date":"2024-11-15T14:51:23","date_gmt":"2024-11-15T13:51:23","guid":{"rendered":"https:\/\/dev.kerstinritter-knits.de\/?post_type=product&#038;p=1997"},"modified":"2025-08-21T12:59:17","modified_gmt":"2025-08-21T10:59:17","slug":"missandei-sweater","status":"publish","type":"product","link":"https:\/\/kerstinritter-knits.de\/en\/product\/missandei-sweater\/","title":{"rendered":"MISSANDEI Sweater"},"content":{"rendered":"<p>Der Sweater Missandei ist ein oversized Sweater mit kurzem enganliegendem Arm. Er wird nahtlos von unten nach oben gestrickt. Zuerst wird das B\u00fcndchen des R\u00fcckenteils gearbeitet, dann alle Maschen stillgelegt. Danach wird das Vorderteil gearbeitet, bevor beide Teile zur Runde geschlossen werden. Bis zur H\u00f6he des Armausschnittes wird in glatt rechts gestrickten Runden gearbeitet. Bei Beginn des Armausschnittes werden die Maschen des R\u00fcckenteils stillgelegt und beide Teile getrennt in Reihen weitergearbeitet.<br \/>\nMissandei hat einen bequem tiefen, runden Halsausschnitt und ist insgesamt im Boxy-Style geschnitten. Je nach K\u00f6rpergr\u00f6\u00dfe oder Vorliebe kann der Rumpf jedoch auch einfach l\u00e4nger gestrickt werden!<br \/>\nAm Ende werden die Schultermaschen im Maschenstich zusammengen\u00e4ht oder mit der 3-needle-bindoff-Methode zusammen gestrickt. Am Hals und an beiden Armausschnitten werden B\u00fcndchen im 2&#215;2 Rippenmuster gestrickt.<\/p>\n<p>Die Gr\u00f6\u00dfen sind 1, 2 und 3 (XS &#8211; 2XL) und haben einen Bewegungsspielraum von ca. 45-70cm! Dieser sollte auch eingehalten werden, um die Optik dieses oversized Sweaters zu garantieren.<br \/>\nBrustumfang: Gr. 1 = 140cm, Gr. 2 = 160cm, Gr. 3 = 180cm<\/p>\n<p>In der Anleitung sind verschiedene Garnvorschl\u00e4ge enthalten, sowie eine Skizze, mit der du deine eigenen Streifen individuell planen kannst!<\/p>\n<p>Missandei wird zweif\u00e4dig gestrickt. Du brauchst pro Faden ca 1450m \/ 1750m \/ 2250m Laufl\u00e4nge.<\/p>\n<p>z.B: meine Varianten bestehen aus zweif\u00e4dig CASHMERE CLOUD von Wooloffame in den Farben \u201cI love Kermit, natur und Himbeersorbet\u201d.<br \/>\nMeine einfarbige schwarze Variante ist aus je einem Faden LANG YARNS Merino B\u00e9b\u00e9 200 &amp; Cashmere Dreams.<\/p>\n<p>du brauchst zwei Maschenmarkierer, sowie eine 4,0 und 3,5 Stricknadel und 1 Maschenseil, um Maschen stillzulegen.<\/p>\n<p>Der Download-Link f\u00fcr die Anleitung wird dir nach Bezahlung per Mail an die angegebene E-Mailadresse gesendet.<\/p>\n<p>English:<br \/>\nMissandei sweater is an oversize sweater with short, tight-fitting sleeves. It is worked bottom up.<br \/>\nFirst, the ribbed hem of the back piece is worked, then all stitches are placed on hold. Thereafter, the front piece is worked, before both pieces are joined and closed to the round. Up to the armhole, the body is worked in stockinette stitch in rounds. When you start with the armholes, the back piece stitches are placed on hold and both pieces are finished separately.<br \/>\nMissandei has a comfortably low, round neckline and is cut in an overall boxy style. Depending on body size or preference, the body can easily be worked longer!<br \/>\nAt the end, the shoulder stitches are sewn together with the Kitchener stitch or the 3-needle-bind-off method.<br \/>\nAt the neckline and both armholes, 2&#215;2 ribbings are worked.<br \/>\nPlease knit a gauge swatch first, wash and block it to determine your correct needle size.<\/p>","protected":false},"excerpt":{"rendered":"<p>Der Sweater Missandei ist ein oversized Sweater mit kurzem enganliegendem Arm. Er wird nahtlos von unten nach oben gestrickt. Zuerst wird das B\u00fcndchen des R\u00fcckenteils gearbeitet, dann alle Maschen stillgelegt. Danach wird das Vorderteil gearbeitet, bevor beide Teile zur Runde geschlossen werden. Bis zur H\u00f6he des Armausschnittes wird in glatt rechts gestrickten Runden gearbeitet. Bei Beginn des Armausschnittes werden die Maschen des R\u00fcckenteils stillgelegt und beide Teile getrennt in Reihen weitergearbeitet. Missandei hat einen bequem tiefen, runden Halsausschnitt und ist insgesamt im Boxy-Style geschnitten. Je nach K\u00f6rpergr\u00f6\u00dfe oder Vorliebe kann der Rumpf jedoch auch einfach l\u00e4nger gestrickt werden! Am Ende werden die Schultermaschen im Maschenstich zusammengen\u00e4ht oder mit der 3-needle-bindoff-Methode zusammen gestrickt. Am Hals und an beiden Armausschnitten werden B\u00fcndchen im 2&#215;2 Rippenmuster gestrickt. Die Gr\u00f6\u00dfen sind 1, 2 und 3 (XS &#8211; 2XL) und haben einen Bewegungsspielraum von ca. 45-70cm! Dieser sollte auch eingehalten werden, um die Optik dieses oversized Sweaters zu garantieren. Brustumfang: Gr. 1 = 140cm, Gr. 2 = 160cm, Gr. 3 = 180cm In der Anleitung sind verschiedene Garnvorschl\u00e4ge enthalten, sowie eine Skizze, mit der du deine eigenen Streifen individuell planen kannst! Missandei wird zweif\u00e4dig gestrickt. Du brauchst pro Faden ca 1450m \/ 1750m \/ 2250m Laufl\u00e4nge. z.B: meine Varianten bestehen aus zweif\u00e4dig CASHMERE CLOUD von Wooloffame in den Farben \u201cI love Kermit, natur und Himbeersorbet\u201d. Meine einfarbige schwarze Variante ist aus je einem Faden LANG YARNS Merino B\u00e9b\u00e9 200 &amp; Cashmere Dreams. du brauchst zwei Maschenmarkierer, sowie eine 4,0 und 3,5 Stricknadel und 1 Maschenseil, um Maschen stillzulegen. Der Download-Link f\u00fcr die Anleitung wird dir nach Bezahlung per Mail an die angegebene E-Mailadresse gesendet. English: Missandei sweater is an oversize sweater with short, tight-fitting sleeves. It is worked bottom up. First, the ribbed hem of the back piece is worked, then all stitches are placed on hold. Thereafter, the front piece is worked, before both pieces are joined and closed to the round. Up to the armhole, the body is worked in stockinette stitch in rounds. When you start with the armholes, the back piece stitches are placed on hold and both pieces are finished separately. Missandei has a comfortably low, round neckline and is cut in an overall boxy style. Depending on body size or preference, the body can easily be worked longer! At the end, the shoulder stitches are sewn together with the Kitchener stitch or the 3-needle-bind-off method. At the neckline and both armholes, 2&#215;2 ribbings are worked. Please knit a gauge swatch first, wash and block it to determine your correct needle size.<\/p>","protected":false},"featured_media":1896,"comment_status":"open","ping_status":"closed","template":"","meta":{"_acf_changed":false},"product_brand":[],"product_cat":[100],"product_tag":[77],"class_list":{"0":"post-1997","1":"product","2":"type-product","3":"status-publish","4":"has-post-thumbnail","6":"product_cat-kleidung-strickdesigns","7":"product_tag-startseite","8":"product_shipping_class-kostenfrei","10":"first","11":"instock","12":"downloadable","13":"taxable","14":"shipping-taxable","15":"purchasable","16":"product-type-simple"},"acf":[],"_links":{"self":[{"href":"https:\/\/kerstinritter-knits.de\/en\/wp-json\/wp\/v2\/product\/1997","targetHints":{"allow":["GET"]}}],"collection":[{"href":"https:\/\/kerstinritter-knits.de\/en\/wp-json\/wp\/v2\/product"}],"about":[{"href":"https:\/\/kerstinritter-knits.de\/en\/wp-json\/wp\/v2\/types\/product"}],"replies":[{"embeddable":true,"href":"https:\/\/kerstinritter-knits.de\/en\/wp-json\/wp\/v2\/comments?post=1997"}],"wp:featuredmedia":[{"embeddable":true,"href":"https:\/\/kerstinritter-knits.de\/en\/wp-json\/wp\/v2\/media\/1896"}],"wp:attachment":[{"href":"https:\/\/kerstinritter-knits.de\/en\/wp-json\/wp\/v2\/media?parent=1997"}],"wp:term":[{"taxonomy":"product_brand","embeddable":true,"href":"https:\/\/kerstinritter-knits.de\/en\/wp-json\/wp\/v2\/product_brand?post=1997"},{"taxonomy":"product_cat","embeddable":true,"href":"https:\/\/kerstinritter-knits.de\/en\/wp-json\/wp\/v2\/product_cat?post=1997"},{"taxonomy":"product_tag","embeddable":true,"href":"https:\/\/kerstinritter-knits.de\/en\/wp-json\/wp\/v2\/product_tag?post=1997"}],"curies":[{"name":"wp","href":"https:\/\/api.w.org\/{rel}","templated":true}]}}