{"id":2163,"date":"2024-11-16T11:42:24","date_gmt":"2024-11-16T10:42:24","guid":{"rendered":"https:\/\/dev.kerstinritter-knits.de\/?post_type=product&#038;p=2163"},"modified":"2026-04-04T09:22:08","modified_gmt":"2026-04-04T07:22:08","slug":"lava-maschenmarkierer-5-teiliges-set","status":"publish","type":"product","link":"https:\/\/kerstinritter-knits.de\/en\/product\/lava-maschenmarkierer-5-teiliges-set\/","title":{"rendered":"&#8222;LAVA&#8220; Maschenmarkierer, 5-teiliges Set"},"content":{"rendered":"<p>Maschenmarkierer Set &#8222;Lava&#8220; &#8211; wunderbar kraftvolle Perlen.<\/p>\n<p>Jedes Set besteht aus 5 Maschenmarkierern, von denen einer &#8222;besonders&#8220; ist &#8211; wir nennen sie liebevolle &#8222;die K\u00f6nigin&#8220;. Sie zeigt euch an, wenn eine neue Runde oder Farbe kommt (Rundenmarkierer). Somit l\u00e4sst es sich noch leichter losstricken und das leidige Z\u00e4hlen hat ein Ende. Au\u00dferdem lassen sich die Maschenmarkierer ebenfalls prima zwischen einzelne Musterrapporte setzen und ihr erhaltet dadurch einen besseren \u00dcberblick!<\/p>\n<p>Passende Reihenz\u00e4hler und Engel-Maschenmarkierer findet ihr ebenfalls im Shop!<\/p>\n<p>Alle Maschenmarkierer und Reihenz\u00e4hler werden von meiner Tochter Maya designt und hergestellt. Die Idee entstand, als ich (leidenschaftliche Strickerin) mal wieder vergeblich auf der Suche nach &#8222;sch\u00f6nen&#8220; Maschenmarkiern war und Maya mir welche gebastelt hatte. Ich finde sie einfach zauberhaft &#8211; wir hoffen, ihr auch?!<\/p>\n<p>Die Reihenz\u00e4hler und Maschenmarkierer eignen sich auch hervorragend als Geschenk!\u00a0 Wir freuen uns \u00fcber euren Kauf!<\/p>","protected":false},"excerpt":{"rendered":"<p>Maschenmarkierer Set &#8222;Lava&#8220; &#8211; wunderbar kraftvolle Perlen. Jedes Set besteht aus 5 Maschenmarkierern, von denen einer &#8222;besonders&#8220; ist &#8211; wir nennen sie liebevolle &#8222;die K\u00f6nigin&#8220;. Sie zeigt euch an, wenn eine neue Runde oder Farbe kommt (Rundenmarkierer). Somit l\u00e4sst es sich noch leichter losstricken und das leidige Z\u00e4hlen hat ein Ende. Au\u00dferdem lassen sich die Maschenmarkierer ebenfalls prima zwischen einzelne Musterrapporte setzen und ihr erhaltet dadurch einen besseren \u00dcberblick! Passende Reihenz\u00e4hler und Engel-Maschenmarkierer findet ihr ebenfalls im Shop! Alle Maschenmarkierer und Reihenz\u00e4hler werden von meiner Tochter Maya designt und hergestellt. Die Idee entstand, als ich (leidenschaftliche Strickerin) mal wieder vergeblich auf der Suche nach &#8222;sch\u00f6nen&#8220; Maschenmarkiern war und Maya mir welche gebastelt hatte. Ich finde sie einfach zauberhaft &#8211; wir hoffen, ihr auch?! Die Reihenz\u00e4hler und Maschenmarkierer eignen sich auch hervorragend als Geschenk!\u00a0 Wir freuen uns \u00fcber euren Kauf!<\/p>","protected":false},"featured_media":2162,"comment_status":"open","ping_status":"closed","template":"","meta":{"_acf_changed":false},"product_brand":[],"product_cat":[87,86],"product_tag":[],"class_list":{"0":"post-2163","1":"product","2":"type-product","3":"status-publish","4":"has-post-thumbnail","6":"product_cat-maschenmarkierer","7":"product_cat-strickzubehoer","8":"product_shipping_class-sonstiges","10":"first","11":"instock","12":"taxable","13":"shipping-taxable","14":"purchasable","15":"product-type-simple"},"acf":[],"_links":{"self":[{"href":"https:\/\/kerstinritter-knits.de\/en\/wp-json\/wp\/v2\/product\/2163","targetHints":{"allow":["GET"]}}],"collection":[{"href":"https:\/\/kerstinritter-knits.de\/en\/wp-json\/wp\/v2\/product"}],"about":[{"href":"https:\/\/kerstinritter-knits.de\/en\/wp-json\/wp\/v2\/types\/product"}],"replies":[{"embeddable":true,"href":"https:\/\/kerstinritter-knits.de\/en\/wp-json\/wp\/v2\/comments?post=2163"}],"wp:featuredmedia":[{"embeddable":true,"href":"https:\/\/kerstinritter-knits.de\/en\/wp-json\/wp\/v2\/media\/2162"}],"wp:attachment":[{"href":"https:\/\/kerstinritter-knits.de\/en\/wp-json\/wp\/v2\/media?parent=2163"}],"wp:term":[{"taxonomy":"product_brand","embeddable":true,"href":"https:\/\/kerstinritter-knits.de\/en\/wp-json\/wp\/v2\/product_brand?post=2163"},{"taxonomy":"product_cat","embeddable":true,"href":"https:\/\/kerstinritter-knits.de\/en\/wp-json\/wp\/v2\/product_cat?post=2163"},{"taxonomy":"product_tag","embeddable":true,"href":"https:\/\/kerstinritter-knits.de\/en\/wp-json\/wp\/v2\/product_tag?post=2163"}],"curies":[{"name":"wp","href":"https:\/\/api.w.org\/{rel}","templated":true}]}}