{"id":2232,"date":"2024-11-16T17:56:21","date_gmt":"2024-11-16T16:56:21","guid":{"rendered":"https:\/\/dev.kerstinritter-knits.de\/?post_type=product&#038;p=2232"},"modified":"2025-09-12T11:24:31","modified_gmt":"2025-09-12T09:24:31","slug":"mala-tigerauge-apatit","status":"publish","type":"product","link":"https:\/\/kerstinritter-knits.de\/en\/product\/mala-tigerauge-apatit\/","title":{"rendered":"Mala \u201cTIGERAUGE &#038; APATIT&#8220;"},"content":{"rendered":"<p>Diese wundersch\u00f6ne Mala bieten wir in 2 Ausf\u00fchrungen an:<\/p>\n<p>8mm gro\u00dfe Perlen mit vergoldetem Lebensbaum (ca. 57cm L\u00e4nge) und<br \/>\n6mm gro\u00dfe Perlen mit einer gr\u00f6\u00dferen Apatit-Perle als Guruperle und 2 kleinen vergoldeten Zwischenteilen (ca. 45cm L\u00e4nge)<\/p>\n<p>Zur TIGERAUGE Perle: Einfach ausgedr\u00fcckt, bedeutet der Tigerauge-Stein Mut, St\u00e4rke, Vitalit\u00e4t und Kraft. Die Bedeutung ist \u00e4hnlich wie die eines gro\u00dfen Tigers in der Wildnis. Das Tragen dieses Steins kann dabei helfen, schlechte Energie zu blockieren und deine innere Kraft zu steigern. \u00a0Durch die Assoziation zum Auge eines Tigers wurde der Stein als Gl\u00fccksstein f\u00fcr Sehkraft betrachtet.<\/p>\n<p>Zur APATIT Perle: Der Apatit steht f\u00fcr Optimismus, Zielstrebigkeit sowie Flexibilit\u00e4t um das Leben abwechslungsreicher zu gestalten und ihm einen neuen Schwung zu geben. Au\u00dferdem f\u00f6rdert der Apatit die geistige Entwicklung sowie Eigenst\u00e4ndigkeit, schenkt neues Selbstbewusstsein und l\u00e4sst Hemmungen ablegen.<\/p>","protected":false},"excerpt":{"rendered":"<p>Diese wundersch\u00f6ne Mala bieten wir in 2 Ausf\u00fchrungen an: 8mm gro\u00dfe Perlen mit vergoldetem Lebensbaum (ca. 57cm L\u00e4nge) und 6mm gro\u00dfe Perlen mit einer gr\u00f6\u00dferen Apatit-Perle als Guruperle und 2 kleinen vergoldeten Zwischenteilen (ca. 45cm L\u00e4nge) Zur TIGERAUGE Perle: Einfach ausgedr\u00fcckt, bedeutet der Tigerauge-Stein Mut, St\u00e4rke, Vitalit\u00e4t und Kraft. Die Bedeutung ist \u00e4hnlich wie die eines gro\u00dfen Tigers in der Wildnis. Das Tragen dieses Steins kann dabei helfen, schlechte Energie zu blockieren und deine innere Kraft zu steigern. \u00a0Durch die Assoziation zum Auge eines Tigers wurde der Stein als Gl\u00fccksstein f\u00fcr Sehkraft betrachtet. Zur APATIT Perle: Der Apatit steht f\u00fcr Optimismus, Zielstrebigkeit sowie Flexibilit\u00e4t um das Leben abwechslungsreicher zu gestalten und ihm einen neuen Schwung zu geben. Au\u00dferdem f\u00f6rdert der Apatit die geistige Entwicklung sowie Eigenst\u00e4ndigkeit, schenkt neues Selbstbewusstsein und l\u00e4sst Hemmungen ablegen.<\/p>","protected":false},"featured_media":2228,"comment_status":"open","ping_status":"closed","template":"","meta":{"_acf_changed":false},"product_brand":[],"product_cat":[78,75],"product_tag":[],"class_list":{"0":"post-2232","1":"product","2":"type-product","3":"status-publish","4":"has-post-thumbnail","6":"product_cat-malas","7":"product_cat-schmuck","8":"product_shipping_class-malas","10":"first","11":"instock","12":"taxable","13":"shipping-taxable","14":"purchasable","15":"product-type-variable","16":"has-default-attributes"},"acf":[],"_links":{"self":[{"href":"https:\/\/kerstinritter-knits.de\/en\/wp-json\/wp\/v2\/product\/2232","targetHints":{"allow":["GET"]}}],"collection":[{"href":"https:\/\/kerstinritter-knits.de\/en\/wp-json\/wp\/v2\/product"}],"about":[{"href":"https:\/\/kerstinritter-knits.de\/en\/wp-json\/wp\/v2\/types\/product"}],"replies":[{"embeddable":true,"href":"https:\/\/kerstinritter-knits.de\/en\/wp-json\/wp\/v2\/comments?post=2232"}],"wp:featuredmedia":[{"embeddable":true,"href":"https:\/\/kerstinritter-knits.de\/en\/wp-json\/wp\/v2\/media\/2228"}],"wp:attachment":[{"href":"https:\/\/kerstinritter-knits.de\/en\/wp-json\/wp\/v2\/media?parent=2232"}],"wp:term":[{"taxonomy":"product_brand","embeddable":true,"href":"https:\/\/kerstinritter-knits.de\/en\/wp-json\/wp\/v2\/product_brand?post=2232"},{"taxonomy":"product_cat","embeddable":true,"href":"https:\/\/kerstinritter-knits.de\/en\/wp-json\/wp\/v2\/product_cat?post=2232"},{"taxonomy":"product_tag","embeddable":true,"href":"https:\/\/kerstinritter-knits.de\/en\/wp-json\/wp\/v2\/product_tag?post=2232"}],"curies":[{"name":"wp","href":"https:\/\/api.w.org\/{rel}","templated":true}]}}