{"id":2238,"date":"2024-11-16T18:17:26","date_gmt":"2024-11-16T17:17:26","guid":{"rendered":"https:\/\/dev.kerstinritter-knits.de\/?post_type=product&#038;p=2238"},"modified":"2025-12-06T12:22:03","modified_gmt":"2025-12-06T11:22:03","slug":"mala-perlmutt-amethyst-rosenquarz","status":"publish","type":"product","link":"https:\/\/kerstinritter-knits.de\/en\/product\/mala-perlmutt-amethyst-rosenquarz\/","title":{"rendered":"Mala &#8222;PERLMUTT, AMETHYST &#038; ROSENQUARZ&#8220;"},"content":{"rendered":"<div id=\"content-toggle-product-details-read-more\" class=\"wt-content-toggle__body wt-content-toggle__body--truncated wt-content-toggle__body--truncated-02\" aria-hidden=\"false\">\n<p class=\"wt-text-body-01 wt-break-word\" data-product-details-description-text-content=\"\">Diese Mala besteht aus 8mm runden Amethyst, Perlmutt und Rosenquarz Perlen. Der Abschluss ist eine 14mm gro\u00dfe silberne Schnecke<\/p>\n<p>Die Mala wird von mir auf einer lila Seidenschnur geknotet.<\/p>\n<p data-product-details-description-text-content=\"\">Zur PERLMUTT Perle: Perlmutt kann in unruhigen Lebenssituationen gelassener machen und seinem Tr\u00e4ger mehr Selbstbewusstsein bringen. In verschiedenen Kulturen wurde Perlmutt als Symbol f\u00fcr Reinheit, Weiblichkeit und Schutz verehrt.<\/p>\n<\/div>\n<p data-product-details-description-text-content=\"\">Zur ROSENQUARZ Perle: Man sagt dem Rosenquarz nach, Liebe und Freundschaft positiv beeinflussen zu k\u00f6nnen und gilt als der Stein f\u00fcr Selbstliebe. Der Edelstein kann auch helfen, seelische Wunden zu lindern. K\u00f6rperlich kann der Rosenquarz Brust, Eierst\u00f6cke, Geb\u00e4rmutter und Hoden sch\u00fctzen.<\/p>\n<p data-product-details-description-text-content=\"\">zur Amethyst Perle: Der Amethyst soll beruhigend auf die Nerven und Herz wirken, zudem verbessert er die Konzentrationsf\u00e4higkeit. Unter dem Kopfkissen verhilft Amethyst zu einem erholsamen ruhigen Schlaf, da er vor Albtr\u00e4umen sch\u00fctzt. Amethyst stabilisiert den Blutdruck, egal ob zu hoch oder zu niedrig.<\/p>\n<p data-product-details-description-text-content=\"\">","protected":false},"excerpt":{"rendered":"<p>Diese Mala besteht aus 8mm runden Amethyst, Perlmutt und Rosenquarz Perlen. Der Abschluss ist eine 14mm gro\u00dfe silberne Schnecke Die Mala wird von mir auf einer lila Seidenschnur geknotet. Zur PERLMUTT Perle: Perlmutt kann in unruhigen Lebenssituationen gelassener machen und seinem Tr\u00e4ger mehr Selbstbewusstsein bringen. In verschiedenen Kulturen wurde Perlmutt als Symbol f\u00fcr Reinheit, Weiblichkeit und Schutz verehrt. Zur ROSENQUARZ Perle: Man sagt dem Rosenquarz nach, Liebe und Freundschaft positiv beeinflussen zu k\u00f6nnen und gilt als der Stein f\u00fcr Selbstliebe. Der Edelstein kann auch helfen, seelische Wunden zu lindern. K\u00f6rperlich kann der Rosenquarz Brust, Eierst\u00f6cke, Geb\u00e4rmutter und Hoden sch\u00fctzen. zur Amethyst Perle: Der Amethyst soll beruhigend auf die Nerven und Herz wirken, zudem verbessert er die Konzentrationsf\u00e4higkeit. Unter dem Kopfkissen verhilft Amethyst zu einem erholsamen ruhigen Schlaf, da er vor Albtr\u00e4umen sch\u00fctzt. Amethyst stabilisiert den Blutdruck, egal ob zu hoch oder zu niedrig.<\/p>","protected":false},"featured_media":2240,"comment_status":"open","ping_status":"closed","template":"","meta":{"_acf_changed":false},"product_brand":[],"product_cat":[78,75],"product_tag":[],"class_list":{"0":"post-2238","1":"product","2":"type-product","3":"status-publish","4":"has-post-thumbnail","6":"product_cat-malas","7":"product_cat-schmuck","8":"product_shipping_class-malas","10":"first","11":"outofstock","12":"taxable","13":"shipping-taxable","14":"purchasable","15":"product-type-simple"},"acf":[],"_links":{"self":[{"href":"https:\/\/kerstinritter-knits.de\/en\/wp-json\/wp\/v2\/product\/2238","targetHints":{"allow":["GET"]}}],"collection":[{"href":"https:\/\/kerstinritter-knits.de\/en\/wp-json\/wp\/v2\/product"}],"about":[{"href":"https:\/\/kerstinritter-knits.de\/en\/wp-json\/wp\/v2\/types\/product"}],"replies":[{"embeddable":true,"href":"https:\/\/kerstinritter-knits.de\/en\/wp-json\/wp\/v2\/comments?post=2238"}],"wp:featuredmedia":[{"embeddable":true,"href":"https:\/\/kerstinritter-knits.de\/en\/wp-json\/wp\/v2\/media\/2240"}],"wp:attachment":[{"href":"https:\/\/kerstinritter-knits.de\/en\/wp-json\/wp\/v2\/media?parent=2238"}],"wp:term":[{"taxonomy":"product_brand","embeddable":true,"href":"https:\/\/kerstinritter-knits.de\/en\/wp-json\/wp\/v2\/product_brand?post=2238"},{"taxonomy":"product_cat","embeddable":true,"href":"https:\/\/kerstinritter-knits.de\/en\/wp-json\/wp\/v2\/product_cat?post=2238"},{"taxonomy":"product_tag","embeddable":true,"href":"https:\/\/kerstinritter-knits.de\/en\/wp-json\/wp\/v2\/product_tag?post=2238"}],"curies":[{"name":"wp","href":"https:\/\/api.w.org\/{rel}","templated":true}]}}