{"id":2248,"date":"2024-11-16T18:53:55","date_gmt":"2024-11-16T17:53:55","guid":{"rendered":"https:\/\/dev.kerstinritter-knits.de\/?post_type=product&#038;p=2248"},"modified":"2025-12-05T18:31:49","modified_gmt":"2025-12-05T17:31:49","slug":"mala-rosenquarz-rhodonit","status":"publish","type":"product","link":"https:\/\/kerstinritter-knits.de\/en\/product\/mala-rosenquarz-rhodonit\/","title":{"rendered":"Mala &#8222;ROSENQUARZ &#038; RHODONIT&#8220;, zwei Varianten (mit Perlmutt!)"},"content":{"rendered":"<div id=\"content-toggle-product-details-read-more\" class=\"wt-content-toggle__body wt-content-toggle__body--truncated wt-content-toggle__body--truncated-02\" aria-hidden=\"false\">\n<p data-product-details-description-text-content=\"\">Diese sch\u00f6ne Mala besteht aus Rosenquarz und Rhodonit Perlen &#8211; und kommt in zwei Ausfertigungen:<\/p>\n<p data-product-details-description-text-content=\"\">Aus 8mm runden Rosenquarz und Perlmutt Perlen und dazwischen facettierten 8mm Rhodonit-Perlen auf wei\u00dfer Seidenschnur von mir geknotet. Den Abschluss bildet eine facettierte Rhodonit-Perle und sie ist ca 53 cm lang.<\/p>\n<p data-product-details-description-text-content=\"\">aus 6mm runden Rosenquarz und Rhodonit Perlen, dazwischen und als Abschluss eine 8mm facettierte Rhodonit Perlen &#8211; sie ist ca 43 cm lang.<\/p>\n<p data-product-details-description-text-content=\"\">Die Malas werden in einem sch\u00f6nen Samtbeutel zu euch reisen.<\/p>\n<p data-product-details-description-text-content=\"\">Zur ROSENQUARZ Perle: Man sagt dem Rosenquarz nach, Liebe und Freundschaft positiv beeinflussen zu k\u00f6nnen und gilt als der Stein f\u00fcr Selbstliebe. Der Edelstein kann auch helfen, seelische Wunden zu lindern. K\u00f6rperlich kann der Rosenquarz Brust, Eierst\u00f6cke, Geb\u00e4rmutter und Hoden sch\u00fctzen.<\/p>\n<p data-product-details-description-text-content=\"\">Zur RHODONIT Perle: Man sagt dem Rhodonit nach, dass er mit seiner Kraft f\u00fcr eine harmonische Grundstimmung sorgen kann: er bringt Verzeihen und Vers\u00f6hnen zum Vorschein, so dass Wut, \u00c4rger und negative Gedanken losgelassen werden k\u00f6nnen. Er soll Stress, Angst und emotionale Unruhe lindern und ein Gef\u00fchl von innerer Ruhe und Ausgeglichenheit vermitteln. Rhodonit wird auch mit dem Herzchakra in Verbindung gebracht, das f\u00fcr Liebe, Mitgef\u00fchl und Beziehungen steht. Er soll emotionale Wunden heilen und die Liebe und Verbundenheit mit anderen st\u00e4rken.<\/p>\n<\/div>\n<p>&nbsp;<\/p>","protected":false},"excerpt":{"rendered":"<p>Diese sch\u00f6ne Mala besteht aus Rosenquarz und Rhodonit Perlen &#8211; und kommt in zwei Ausfertigungen: Aus 8mm runden Rosenquarz und Perlmutt Perlen und dazwischen facettierten 8mm Rhodonit-Perlen auf wei\u00dfer Seidenschnur von mir geknotet. Den Abschluss bildet eine facettierte Rhodonit-Perle und sie ist ca 53 cm lang. aus 6mm runden Rosenquarz und Rhodonit Perlen, dazwischen und als Abschluss eine 8mm facettierte Rhodonit Perlen &#8211; sie ist ca 43 cm lang. Die Malas werden in einem sch\u00f6nen Samtbeutel zu euch reisen. Zur ROSENQUARZ Perle: Man sagt dem Rosenquarz nach, Liebe und Freundschaft positiv beeinflussen zu k\u00f6nnen und gilt als der Stein f\u00fcr Selbstliebe. Der Edelstein kann auch helfen, seelische Wunden zu lindern. K\u00f6rperlich kann der Rosenquarz Brust, Eierst\u00f6cke, Geb\u00e4rmutter und Hoden sch\u00fctzen. Zur RHODONIT Perle: Man sagt dem Rhodonit nach, dass er mit seiner Kraft f\u00fcr eine harmonische Grundstimmung sorgen kann: er bringt Verzeihen und Vers\u00f6hnen zum Vorschein, so dass Wut, \u00c4rger und negative Gedanken losgelassen werden k\u00f6nnen. Er soll Stress, Angst und emotionale Unruhe lindern und ein Gef\u00fchl von innerer Ruhe und Ausgeglichenheit vermitteln. Rhodonit wird auch mit dem Herzchakra in Verbindung gebracht, das f\u00fcr Liebe, Mitgef\u00fchl und Beziehungen steht. Er soll emotionale Wunden heilen und die Liebe und Verbundenheit mit anderen st\u00e4rken. &nbsp;<\/p>","protected":false},"featured_media":4987,"comment_status":"open","ping_status":"closed","template":"","meta":{"_acf_changed":false},"product_brand":[],"product_cat":[78,75],"product_tag":[],"class_list":{"0":"post-2248","1":"product","2":"type-product","3":"status-publish","4":"has-post-thumbnail","6":"product_cat-malas","7":"product_cat-schmuck","8":"product_shipping_class-malas","10":"first","11":"instock","12":"taxable","13":"shipping-taxable","14":"purchasable","15":"product-type-variable"},"acf":[],"_links":{"self":[{"href":"https:\/\/kerstinritter-knits.de\/en\/wp-json\/wp\/v2\/product\/2248","targetHints":{"allow":["GET"]}}],"collection":[{"href":"https:\/\/kerstinritter-knits.de\/en\/wp-json\/wp\/v2\/product"}],"about":[{"href":"https:\/\/kerstinritter-knits.de\/en\/wp-json\/wp\/v2\/types\/product"}],"replies":[{"embeddable":true,"href":"https:\/\/kerstinritter-knits.de\/en\/wp-json\/wp\/v2\/comments?post=2248"}],"wp:featuredmedia":[{"embeddable":true,"href":"https:\/\/kerstinritter-knits.de\/en\/wp-json\/wp\/v2\/media\/4987"}],"wp:attachment":[{"href":"https:\/\/kerstinritter-knits.de\/en\/wp-json\/wp\/v2\/media?parent=2248"}],"wp:term":[{"taxonomy":"product_brand","embeddable":true,"href":"https:\/\/kerstinritter-knits.de\/en\/wp-json\/wp\/v2\/product_brand?post=2248"},{"taxonomy":"product_cat","embeddable":true,"href":"https:\/\/kerstinritter-knits.de\/en\/wp-json\/wp\/v2\/product_cat?post=2248"},{"taxonomy":"product_tag","embeddable":true,"href":"https:\/\/kerstinritter-knits.de\/en\/wp-json\/wp\/v2\/product_tag?post=2248"}],"curies":[{"name":"wp","href":"https:\/\/api.w.org\/{rel}","templated":true}]}}