{"id":2477,"date":"2024-12-04T14:04:28","date_gmt":"2024-12-04T13:04:28","guid":{"rendered":"https:\/\/kerstinritter-knits.de\/?post_type=product&#038;p=2477"},"modified":"2026-03-31T16:34:39","modified_gmt":"2026-03-31T14:34:39","slug":"perlenarmband-apatit","status":"publish","type":"product","link":"https:\/\/kerstinritter-knits.de\/en\/product\/perlenarmband-apatit\/","title":{"rendered":"Perlenarmband &#8222;APATIT&#8220;"},"content":{"rendered":"<p>Edles Armband aus 6 Apatit Perlen inklusive silberfarbener Abschlussm\u00fcnze.<\/p>\n<p>Die Perlen sind auf einer hochwertigen, dehnbaren Silikonschnur zum leichten An-und Ausziehen gef\u00e4delt und werden in einem Beutel aus Satin verschickt!<\/p>\n<p>Die passende Mala ist ebenfalls im Shop verf\u00fcgbar.<\/p>\n<p><span class=\"BxUVEf ILfuVd\" lang=\"de\"><span class=\"hgKElc\">Der Apatit gilt als Stein der Inspiration und Kreativit\u00e4t und kann helfen, die Kommunikation zu verbessern.<\/span><\/span><\/p>","protected":false},"excerpt":{"rendered":"<p>Edles Armband aus 6 Apatit Perlen inklusive silberfarbener Abschlussm\u00fcnze. Die Perlen sind auf einer hochwertigen, dehnbaren Silikonschnur zum leichten An-und Ausziehen gef\u00e4delt und werden in einem Beutel aus Satin verschickt! Die passende Mala ist ebenfalls im Shop verf\u00fcgbar. Der Apatit gilt als Stein der Inspiration und Kreativit\u00e4t und kann helfen, die Kommunikation zu verbessern.<\/p>","protected":false},"featured_media":2424,"comment_status":"open","ping_status":"closed","template":"","meta":{"_acf_changed":false},"product_brand":[],"product_cat":[88,75],"product_tag":[],"class_list":{"0":"post-2477","1":"product","2":"type-product","3":"status-publish","4":"has-post-thumbnail","6":"product_cat-perlenarmbaender","7":"product_cat-schmuck","8":"product_shipping_class-sonstiges","10":"first","11":"instock","12":"taxable","13":"shipping-taxable","14":"purchasable","15":"product-type-variable"},"acf":[],"_links":{"self":[{"href":"https:\/\/kerstinritter-knits.de\/en\/wp-json\/wp\/v2\/product\/2477","targetHints":{"allow":["GET"]}}],"collection":[{"href":"https:\/\/kerstinritter-knits.de\/en\/wp-json\/wp\/v2\/product"}],"about":[{"href":"https:\/\/kerstinritter-knits.de\/en\/wp-json\/wp\/v2\/types\/product"}],"replies":[{"embeddable":true,"href":"https:\/\/kerstinritter-knits.de\/en\/wp-json\/wp\/v2\/comments?post=2477"}],"wp:featuredmedia":[{"embeddable":true,"href":"https:\/\/kerstinritter-knits.de\/en\/wp-json\/wp\/v2\/media\/2424"}],"wp:attachment":[{"href":"https:\/\/kerstinritter-knits.de\/en\/wp-json\/wp\/v2\/media?parent=2477"}],"wp:term":[{"taxonomy":"product_brand","embeddable":true,"href":"https:\/\/kerstinritter-knits.de\/en\/wp-json\/wp\/v2\/product_brand?post=2477"},{"taxonomy":"product_cat","embeddable":true,"href":"https:\/\/kerstinritter-knits.de\/en\/wp-json\/wp\/v2\/product_cat?post=2477"},{"taxonomy":"product_tag","embeddable":true,"href":"https:\/\/kerstinritter-knits.de\/en\/wp-json\/wp\/v2\/product_tag?post=2477"}],"curies":[{"name":"wp","href":"https:\/\/api.w.org\/{rel}","templated":true}]}}