{"id":2501,"date":"2024-12-04T14:09:08","date_gmt":"2024-12-04T13:09:08","guid":{"rendered":"https:\/\/kerstinritter-knits.de\/?post_type=product&#038;p=2501"},"modified":"2025-10-18T21:14:53","modified_gmt":"2025-10-18T19:14:53","slug":"perlenarmband-jade-pink-rosenquarz","status":"publish","type":"product","link":"https:\/\/kerstinritter-knits.de\/en\/product\/perlenarmband-jade-pink-rosenquarz\/","title":{"rendered":"Perlenarmband &#8222;JADE pink &#038; ROSENQUARZ&#8220;"},"content":{"rendered":"<p>Edles Armband aus 6 mm Rosenquarz und 2 Jade pink Perlen mit silberfarbener Abschlussm\u00fcnze. Passt auch prima zum &#8222;Jade pink&#8220; Armband im Shop.<\/p>\n<p>Alle Armb\u00e4nder werden in einem Beutel aus Satin verschickt!<\/p>\n<p>Die Perlen sind auf einer hochwertigen, dehnbaren Silikonschnur zum leichten An-und Ausziehen gef\u00e4delt.<\/p>\n<p>zu den Steinen:<\/p>\n<p><span class=\"BxUVEf ILfuVd\" lang=\"de\"><span class=\"hgKElc\">Der Jade gilt als der Stein der <b>Beruhigung und Harmonie<\/b> und ihm werden vielf\u00e4ltige Heilwirkungen zugesprochen.\u00a0 Zudem soll er inneren Frieden und Toleranz hervorrufen und somit einf\u00fchlsamer machen. Passt auch ideal zum Rosenquarz Stein, den Stein der Liebe und Selbstliebe. Er soll das Herz \u00f6ffnen und die Verbundheit zweier Menschen st\u00e4rken, Beziehungs\u00e4ngste heilen und Streit schlichten.<br \/>\n<\/span><\/span><\/p>","protected":false},"excerpt":{"rendered":"<p>Edles Armband aus 6 mm Rosenquarz und 2 Jade pink Perlen mit silberfarbener Abschlussm\u00fcnze. Passt auch prima zum &#8222;Jade pink&#8220; Armband im Shop. Alle Armb\u00e4nder werden in einem Beutel aus Satin verschickt! Die Perlen sind auf einer hochwertigen, dehnbaren Silikonschnur zum leichten An-und Ausziehen gef\u00e4delt. zu den Steinen: Der Jade gilt als der Stein der Beruhigung und Harmonie und ihm werden vielf\u00e4ltige Heilwirkungen zugesprochen.\u00a0 Zudem soll er inneren Frieden und Toleranz hervorrufen und somit einf\u00fchlsamer machen. Passt auch ideal zum Rosenquarz Stein, den Stein der Liebe und Selbstliebe. Er soll das Herz \u00f6ffnen und die Verbundheit zweier Menschen st\u00e4rken, Beziehungs\u00e4ngste heilen und Streit schlichten.<\/p>","protected":false},"featured_media":2425,"comment_status":"open","ping_status":"closed","template":"","meta":{"_acf_changed":false},"product_brand":[],"product_cat":[88,75],"product_tag":[],"class_list":{"0":"post-2501","1":"product","2":"type-product","3":"status-publish","4":"has-post-thumbnail","6":"product_cat-perlenarmbaender","7":"product_cat-schmuck","8":"product_shipping_class-sonstiges","10":"first","11":"instock","12":"taxable","13":"shipping-taxable","14":"purchasable","15":"product-type-variable"},"acf":[],"_links":{"self":[{"href":"https:\/\/kerstinritter-knits.de\/en\/wp-json\/wp\/v2\/product\/2501","targetHints":{"allow":["GET"]}}],"collection":[{"href":"https:\/\/kerstinritter-knits.de\/en\/wp-json\/wp\/v2\/product"}],"about":[{"href":"https:\/\/kerstinritter-knits.de\/en\/wp-json\/wp\/v2\/types\/product"}],"replies":[{"embeddable":true,"href":"https:\/\/kerstinritter-knits.de\/en\/wp-json\/wp\/v2\/comments?post=2501"}],"wp:featuredmedia":[{"embeddable":true,"href":"https:\/\/kerstinritter-knits.de\/en\/wp-json\/wp\/v2\/media\/2425"}],"wp:attachment":[{"href":"https:\/\/kerstinritter-knits.de\/en\/wp-json\/wp\/v2\/media?parent=2501"}],"wp:term":[{"taxonomy":"product_brand","embeddable":true,"href":"https:\/\/kerstinritter-knits.de\/en\/wp-json\/wp\/v2\/product_brand?post=2501"},{"taxonomy":"product_cat","embeddable":true,"href":"https:\/\/kerstinritter-knits.de\/en\/wp-json\/wp\/v2\/product_cat?post=2501"},{"taxonomy":"product_tag","embeddable":true,"href":"https:\/\/kerstinritter-knits.de\/en\/wp-json\/wp\/v2\/product_tag?post=2501"}],"curies":[{"name":"wp","href":"https:\/\/api.w.org\/{rel}","templated":true}]}}