{"id":2917,"date":"2025-02-06T09:06:18","date_gmt":"2025-02-06T08:06:18","guid":{"rendered":"https:\/\/kerstinritter-knits.de\/?post_type=product&#038;p=2917"},"modified":"2026-04-15T16:02:42","modified_gmt":"2026-04-15T14:02:42","slug":"neu-mashan-jade-rot-maschenmarkierer-5-teiliges-set-fuer-kurze-zeit-mit-14-valentins-rabatt","status":"publish","type":"product","link":"https:\/\/kerstinritter-knits.de\/en\/product\/neu-mashan-jade-rot-maschenmarkierer-5-teiliges-set-fuer-kurze-zeit-mit-14-valentins-rabatt\/","title":{"rendered":"&#8222;MASHAN JADE rot&#8220; Maschenmarkierer, 5-teiliges Set"},"content":{"rendered":"<p>Das Maschenmarkierer Set &#8222;Mashan Jade rot&#8220; besteht aus 5 einzelnen Maschenmarkierern, von denen einer &#8222;besonders&#8220; ist &#8211; wir nennen sie liebevoll &#8222;die K\u00f6nigin&#8220;. Au\u00dferdem sind kleine silberfarbene Herzen an 3 der Maschenmarkierer &#8211; einfach so lieb!<\/p>\n<p>Mashan Jade rot tritt mit einem kr\u00e4ftigen Feuer und Leidenschaft auf!<\/p>\n<p>Sie zeigt euch z.B. an wenn eine neue Runde oder Farbe kommt (Rundenmarkierer). Somit l\u00e4sst es sich noch leichter losstricken und das leidige Z\u00e4hlen hat ein Ende. Au\u00dferdem lassen sich die Maschenmarkierer ebenfalls prima zwischen einzelne Musterrapporte setzen und ihr erhaltet dadurch einen besseren \u00dcberblick! Gerade f\u00fcr Lace- oder Zopfmuster sehr hilfreich!<\/p>\n<p>Passende Engel-Maschenmarkierer und Reihenz\u00e4hler findet ihr ebenfalls im Shop! Die Reihenz\u00e4hler haben einen Karabiner, der eingeh\u00e4ngt bleiben und sp\u00e4ter entfernt werden kann.<\/p>\n<p>Alle Maschenmarkierer und Reihenz\u00e4hler werden von meiner Tochter Maya designt und hergestellt. Die Idee entstand, als ich (leidenschaftliche Strickerin) mal wieder vergeblich auf der Suche nach &#8222;sch\u00f6nen&#8220; Maschenmarkierern war und Maya mir welche gebastelt hatte. Ich finde sie einfach zauberhaft &#8211; wir hoffen, ihr auch?!<\/p>\n<p>Die Reihenz\u00e4hler und Maschenmarkierer eignen sich auch hervorragend als Geschenk!\u00a0 Wir freuen uns \u00fcber euren Kauf!<\/p>","protected":false},"excerpt":{"rendered":"<p>Das Maschenmarkierer Set &#8222;Mashan Jade rot&#8220; besteht aus 5 einzelnen Maschenmarkierern, von denen einer &#8222;besonders&#8220; ist &#8211; wir nennen sie liebevoll &#8222;die K\u00f6nigin&#8220;. Au\u00dferdem sind kleine silberfarbene Herzen an 3 der Maschenmarkierer &#8211; einfach so lieb! Mashan Jade rot tritt mit einem kr\u00e4ftigen Feuer und Leidenschaft auf! Sie zeigt euch z.B. an wenn eine neue Runde oder Farbe kommt (Rundenmarkierer). Somit l\u00e4sst es sich noch leichter losstricken und das leidige Z\u00e4hlen hat ein Ende. Au\u00dferdem lassen sich die Maschenmarkierer ebenfalls prima zwischen einzelne Musterrapporte setzen und ihr erhaltet dadurch einen besseren \u00dcberblick! Gerade f\u00fcr Lace- oder Zopfmuster sehr hilfreich! Passende Engel-Maschenmarkierer und Reihenz\u00e4hler findet ihr ebenfalls im Shop! Die Reihenz\u00e4hler haben einen Karabiner, der eingeh\u00e4ngt bleiben und sp\u00e4ter entfernt werden kann. Alle Maschenmarkierer und Reihenz\u00e4hler werden von meiner Tochter Maya designt und hergestellt. Die Idee entstand, als ich (leidenschaftliche Strickerin) mal wieder vergeblich auf der Suche nach &#8222;sch\u00f6nen&#8220; Maschenmarkierern war und Maya mir welche gebastelt hatte. Ich finde sie einfach zauberhaft &#8211; wir hoffen, ihr auch?! Die Reihenz\u00e4hler und Maschenmarkierer eignen sich auch hervorragend als Geschenk!\u00a0 Wir freuen uns \u00fcber euren Kauf!<\/p>","protected":false},"featured_media":2913,"comment_status":"open","ping_status":"closed","template":"","meta":{"_acf_changed":false},"product_brand":[],"product_cat":[87,86],"product_tag":[],"class_list":{"0":"post-2917","1":"product","2":"type-product","3":"status-publish","4":"has-post-thumbnail","6":"product_cat-maschenmarkierer","7":"product_cat-strickzubehoer","8":"product_shipping_class-sonstiges","10":"first","11":"instock","12":"taxable","13":"shipping-taxable","14":"purchasable","15":"product-type-simple"},"acf":[],"_links":{"self":[{"href":"https:\/\/kerstinritter-knits.de\/en\/wp-json\/wp\/v2\/product\/2917","targetHints":{"allow":["GET"]}}],"collection":[{"href":"https:\/\/kerstinritter-knits.de\/en\/wp-json\/wp\/v2\/product"}],"about":[{"href":"https:\/\/kerstinritter-knits.de\/en\/wp-json\/wp\/v2\/types\/product"}],"replies":[{"embeddable":true,"href":"https:\/\/kerstinritter-knits.de\/en\/wp-json\/wp\/v2\/comments?post=2917"}],"wp:featuredmedia":[{"embeddable":true,"href":"https:\/\/kerstinritter-knits.de\/en\/wp-json\/wp\/v2\/media\/2913"}],"wp:attachment":[{"href":"https:\/\/kerstinritter-knits.de\/en\/wp-json\/wp\/v2\/media?parent=2917"}],"wp:term":[{"taxonomy":"product_brand","embeddable":true,"href":"https:\/\/kerstinritter-knits.de\/en\/wp-json\/wp\/v2\/product_brand?post=2917"},{"taxonomy":"product_cat","embeddable":true,"href":"https:\/\/kerstinritter-knits.de\/en\/wp-json\/wp\/v2\/product_cat?post=2917"},{"taxonomy":"product_tag","embeddable":true,"href":"https:\/\/kerstinritter-knits.de\/en\/wp-json\/wp\/v2\/product_tag?post=2917"}],"curies":[{"name":"wp","href":"https:\/\/api.w.org\/{rel}","templated":true}]}}