{"id":2918,"date":"2025-02-06T09:24:08","date_gmt":"2025-02-06T08:24:08","guid":{"rendered":"https:\/\/kerstinritter-knits.de\/?post_type=product&#038;p=2918"},"modified":"2026-01-19T20:19:17","modified_gmt":"2026-01-19T19:19:17","slug":"neu-mashan-jade-rot-reihenzaehler-7-teiliges-set-mit-aufbewahrungsring-fuer-kurze-zeit-mit-14-valentinsrabatt","status":"publish","type":"product","link":"https:\/\/kerstinritter-knits.de\/en\/product\/neu-mashan-jade-rot-reihenzaehler-7-teiliges-set-mit-aufbewahrungsring-fuer-kurze-zeit-mit-14-valentinsrabatt\/","title":{"rendered":"&#8222;MASHAN JADE rot&#8220;, Reihenz\u00e4hler 7-teiliges Set mit Aufbewahrungsring"},"content":{"rendered":"<p>Reihenz\u00e4hler Set &#8222;MASHAN JADE rot&#8220; &#8211; 7teilig mit Aufbewahrungsring.<\/p>\n<p>Dieses Set besteht aus 7 Reihenz\u00e4hler mit Karabinerverschluss, welche sich wunderbar zum Z\u00e4hlen eurer Reihen eignen. Genauso k\u00f6nnt ihr eine Stelle eures Strickprojektes markieren, wenn die Anleitung dies erfordert.<\/p>\n<p>Mashan Jade rot tritt hier mit einem kr\u00e4ftigen Feuer und Leidenschaft auf!<\/p>\n<p>Die Reihenz\u00e4hler werden mit viele Liebe und Handarbeit von meiner Tochter Maya hergestellt &#8211; passende Maschenmarkierer findet ihr ebenfalls im Shop.<\/p>\n<p>Wir freuen uns \u00fcber euren Kauf.<\/p>","protected":false},"excerpt":{"rendered":"<p>Reihenz\u00e4hler Set &#8222;MASHAN JADE rot&#8220; &#8211; 7teilig mit Aufbewahrungsring. Dieses Set besteht aus 7 Reihenz\u00e4hler mit Karabinerverschluss, welche sich wunderbar zum Z\u00e4hlen eurer Reihen eignen. Genauso k\u00f6nnt ihr eine Stelle eures Strickprojektes markieren, wenn die Anleitung dies erfordert. Mashan Jade rot tritt hier mit einem kr\u00e4ftigen Feuer und Leidenschaft auf! Die Reihenz\u00e4hler werden mit viele Liebe und Handarbeit von meiner Tochter Maya hergestellt &#8211; passende Maschenmarkierer findet ihr ebenfalls im Shop. Wir freuen uns \u00fcber euren Kauf.<\/p>","protected":false},"featured_media":2916,"comment_status":"open","ping_status":"closed","template":"","meta":{"_acf_changed":false},"product_brand":[],"product_cat":[102,86],"product_tag":[],"class_list":{"0":"post-2918","1":"product","2":"type-product","3":"status-publish","4":"has-post-thumbnail","6":"product_cat-reihenzaehler","7":"product_cat-strickzubehoer","8":"product_shipping_class-sonstiges","10":"first","11":"instock","12":"taxable","13":"shipping-taxable","14":"purchasable","15":"product-type-simple"},"acf":[],"_links":{"self":[{"href":"https:\/\/kerstinritter-knits.de\/en\/wp-json\/wp\/v2\/product\/2918","targetHints":{"allow":["GET"]}}],"collection":[{"href":"https:\/\/kerstinritter-knits.de\/en\/wp-json\/wp\/v2\/product"}],"about":[{"href":"https:\/\/kerstinritter-knits.de\/en\/wp-json\/wp\/v2\/types\/product"}],"replies":[{"embeddable":true,"href":"https:\/\/kerstinritter-knits.de\/en\/wp-json\/wp\/v2\/comments?post=2918"}],"wp:featuredmedia":[{"embeddable":true,"href":"https:\/\/kerstinritter-knits.de\/en\/wp-json\/wp\/v2\/media\/2916"}],"wp:attachment":[{"href":"https:\/\/kerstinritter-knits.de\/en\/wp-json\/wp\/v2\/media?parent=2918"}],"wp:term":[{"taxonomy":"product_brand","embeddable":true,"href":"https:\/\/kerstinritter-knits.de\/en\/wp-json\/wp\/v2\/product_brand?post=2918"},{"taxonomy":"product_cat","embeddable":true,"href":"https:\/\/kerstinritter-knits.de\/en\/wp-json\/wp\/v2\/product_cat?post=2918"},{"taxonomy":"product_tag","embeddable":true,"href":"https:\/\/kerstinritter-knits.de\/en\/wp-json\/wp\/v2\/product_tag?post=2918"}],"curies":[{"name":"wp","href":"https:\/\/api.w.org\/{rel}","templated":true}]}}