{"id":3065,"date":"2025-02-20T16:53:36","date_gmt":"2025-02-20T15:53:36","guid":{"rendered":"https:\/\/kerstinritter-knits.de\/?post_type=product&#038;p=3065"},"modified":"2025-10-16T12:58:21","modified_gmt":"2025-10-16T10:58:21","slug":"lyanna-sweater","status":"publish","type":"product","link":"https:\/\/kerstinritter-knits.de\/en\/product\/lyanna-sweater\/","title":{"rendered":"LYANNA Sweater"},"content":{"rendered":"<p>Der Lyannasweater ist ein dicker, kuscheliger Rollkragenpullover, der von oben nach unten gestrickt wird. Seitlich des Rumpfes sowie an den \u00c4rmeln laufen dekorative Z\u00f6pfe und 2&#215;2 Rippen nach unten.<\/p>\n<p>Zuerst wird die Halsblende im Nacken gestrickt, danach werden Maschen entlang der dekorativen Schulterlinie zugenommen. Im Anschluss werden nacheinander die beiden Vorderteile geformt und das Rippen- und Zopfmuster flie\u00dft dort ebenfalls mit ein. Nach Formung der Hals- und Armausschnitte wird der Rumpf zur Runde geschlossen und der Sweater wird nun in Runden weiter nach unten gestrickt. Um die richtige L\u00e4nge zu bestimmen, kann der Sweater also jederzeit anprobiert werden.<\/p>\n<p>Das B\u00fcndchen wird in Reihen beendet und hat seitlich offene Schlitze. Das R\u00fcckenteil wird etwas l\u00e4nger gestrickt.<br \/>\nAus den Armausschnitten werden die \u00c4rmel im Anschluss von oben nach unten und im 2&#215;2 Rippenmuster gestrickt. Auf H\u00f6he der Schulter l\u00e4uft das Zopfmuster mittig nach unten \u2013 das B\u00fcndchen der \u00c4rmel wird \u00fcberlang gestrickt und dann umgeschlagen getragen.<br \/>\nF\u00fcr den Kragen werden Maschen aus dem Halsausschnitt aufgenommen und im 2&#215;2 Rippenmuster hoch gestrickt.<\/p>\n<p>Durch das italienische Abketten im 1&#215;1 Rippenmuster entsteht eine sehr sch\u00f6ne Abkettkante. Hierzu m\u00fcssen die Maschen aus dem 2&#215;2 Rippenmuster in das 1&#215;1 Rippenmuster \u201egetauscht\u201c werden. Ein einfaches Videotutorial findest du auf der letzten Seite unter den Links.<\/p>\n<p>Falls du Lyanna gerne als Slipover tragen m\u00f6chtest, findest du die Anleitung ebenfalls hier.<\/p>\n<p>Maschenprobe nach dem Waschen und Spannen:<br \/>\n18Ma x 24Rh = 10 x 10 cm glatt rechts oder<br \/>\n26Ma x 24Rh = 10 x 10 cm im Zopf- und Rippenmuster<\/p>\n<p>Nadeln 4,0 (und 3,5 f\u00fcr die B\u00fcndchen und den Rollkragen)<\/p>\n<p>Verbrauch zwischen 1.350 \u2013 1.800m Laufl\u00e4nge<\/p>\n<p>Ma\u00dfe in cm \/ Gr\u00f6\u00dfe S M L XL<br \/>\nBrustumfang Lyanna 107 112 120 134<br \/>\nL\u00e4nge RT 61 63 65 70<br \/>\nArml\u00e4nge 56 57 57 57<br \/>\nArmumfang 25 30 34 38<br \/>\nRollkragen Umfang\u00a0 34 35 36 37<\/p>\n<p>Garnmenge:<br \/>\nGr. S ca. 1350m<br \/>\nGr. M ca. 1500m<br \/>\nGr. L ca. 1650m<br \/>\nGr. XL ca. 1800m<\/p>\n<p>der violett-farbene Lyannasweater wurde aus Pascuali Filati &#8222;Sayama&#8220; gestrickt, Farbe Traube.<\/p>\n<p>der graue Lyannasweater wurde aus Schwedenrot Yarns &#8222;Lux Lama DK&#8220; gestrickt, Farbe Mouse.<\/p>\n<p>Der Download-Link f\u00fcr die Anleitung wird dir nach Bezahlung per Mail an die angegebene E-Mailadresse gesendet.<\/p>\n<p>englisch:<\/p>\n<p>Lyanna sweater is a thick, cosy turtleneck sweater that is worked top down. It features decorative cables and 2&#215;2 ribbings along the sides of the body and sleeves.<\/p>\n<p>First the neck is worked, whereafter new stitches are picked up along the decorative shoulder line. Then, both front pieces are shaped and the ribbing- and cable pattern is incorporated here. Once the neckline and the armholes are shaped, the body is closed to the round and the sweater is worked in rounds down to the hem. To determine your perfect length, you can try on the sweater at any time.<\/p>\n<p>To create slits at the sides, the hem is worked flat, with a slightly longer back piece.<br \/>\nSleeve stitches are picked up around the armholes, so that the sleeves can be worked top down. They are finished with 2&#215;2 ribbed cuffs. From shoulder height, the cable pattern continues downward in the centre \u2013 the cuffs are worked extra long and are folded up.<br \/>\nFor the turtleneck, new stitches are picked up around the neckline and are worked in 2&#215;2 rib.<\/p>\n<p>Due to the tubular bind-off in 1&#215;1 rib, the sweater gets a neat bind-off edge. Therefore, you have to \u201crearrange\u201d the stitches from a 2&#215;2 rib to a 1&#215;1 rib. You can find a simple video tutorial on the last page, see: links.<\/p>\n<p>If you prefer to wear your Lyanna as a slipover, you will find the instruction here, too.<\/p>\n<p>&nbsp;<\/p>","protected":false},"excerpt":{"rendered":"<p>Der Lyannasweater ist ein dicker, kuscheliger Rollkragenpullover, der von oben nach unten gestrickt wird. Seitlich des Rumpfes sowie an den \u00c4rmeln laufen dekorative Z\u00f6pfe und 2&#215;2 Rippen nach unten. Zuerst wird die Halsblende im Nacken gestrickt, danach werden Maschen entlang der dekorativen Schulterlinie zugenommen. Im Anschluss werden nacheinander die beiden Vorderteile geformt und das Rippen- und Zopfmuster flie\u00dft dort ebenfalls mit ein. Nach Formung der Hals- und Armausschnitte wird der Rumpf zur Runde geschlossen und der Sweater wird nun in Runden weiter nach unten gestrickt. Um die richtige L\u00e4nge zu bestimmen, kann der Sweater also jederzeit anprobiert werden. Das B\u00fcndchen wird in Reihen beendet und hat seitlich offene Schlitze. Das R\u00fcckenteil wird etwas l\u00e4nger gestrickt. Aus den Armausschnitten werden die \u00c4rmel im Anschluss von oben nach unten und im 2&#215;2 Rippenmuster gestrickt. Auf H\u00f6he der Schulter l\u00e4uft das Zopfmuster mittig nach unten \u2013 das B\u00fcndchen der \u00c4rmel wird \u00fcberlang gestrickt und dann umgeschlagen getragen. F\u00fcr den Kragen werden Maschen aus dem Halsausschnitt aufgenommen und im 2&#215;2 Rippenmuster hoch gestrickt. Durch das italienische Abketten im 1&#215;1 Rippenmuster entsteht eine sehr sch\u00f6ne Abkettkante. Hierzu m\u00fcssen die Maschen aus dem 2&#215;2 Rippenmuster in das 1&#215;1 Rippenmuster \u201egetauscht\u201c werden. Ein einfaches Videotutorial findest du auf der letzten Seite unter den Links. Falls du Lyanna gerne als Slipover tragen m\u00f6chtest, findest du die Anleitung ebenfalls hier. Maschenprobe nach dem Waschen und Spannen: 18Ma x 24Rh = 10 x 10 cm glatt rechts oder 26Ma x 24Rh = 10 x 10 cm im Zopf- und Rippenmuster Nadeln 4,0 (und 3,5 f\u00fcr die B\u00fcndchen und den Rollkragen) Verbrauch zwischen 1.350 \u2013 1.800m Laufl\u00e4nge Ma\u00dfe in cm \/ Gr\u00f6\u00dfe S M L XL Brustumfang Lyanna 107 112 120 134 L\u00e4nge RT 61 63 65 70 Arml\u00e4nge 56 57 57 57 Armumfang 25 30 34 38 Rollkragen Umfang\u00a0 34 35 36 37 Garnmenge: Gr. S ca. 1350m Gr. M ca. 1500m Gr. L ca. 1650m Gr. XL ca. 1800m der violett-farbene Lyannasweater wurde aus Pascuali Filati &#8222;Sayama&#8220; gestrickt, Farbe Traube. der graue Lyannasweater wurde aus Schwedenrot Yarns &#8222;Lux Lama DK&#8220; gestrickt, Farbe Mouse. Der Download-Link f\u00fcr die Anleitung wird dir nach Bezahlung per Mail an die angegebene E-Mailadresse gesendet. englisch: Lyanna sweater is a thick, cosy turtleneck sweater that is worked top down. It features decorative cables and 2&#215;2 ribbings along the sides of the body and sleeves. First the neck is worked, whereafter new stitches are picked up along the decorative shoulder line. Then, both front pieces are shaped and the ribbing- and cable pattern is incorporated here. Once the neckline and the armholes are shaped, the body is closed to the round and the sweater is worked in rounds down to the hem. To determine your perfect length, you can try on the sweater at any time. To create slits at the sides, the hem is worked flat, with a slightly longer back piece. Sleeve stitches are picked up around the armholes, so that the sleeves can be worked top down. They are finished with 2&#215;2 ribbed cuffs. From shoulder height, the cable pattern continues downward in the centre \u2013 the cuffs are worked extra long and are folded up. For the turtleneck, new stitches are picked up around the neckline and are worked in 2&#215;2 rib. Due to the tubular bind-off in 1&#215;1 rib, the sweater gets a neat bind-off edge. Therefore, you have to \u201crearrange\u201d the stitches from a 2&#215;2 rib to a 1&#215;1 rib. You can find a simple video tutorial on the last page, see: links. If you prefer to wear your Lyanna as a slipover, you will find the instruction here, too. &nbsp;<\/p>","protected":false},"featured_media":3095,"comment_status":"open","ping_status":"closed","template":"","meta":{"_acf_changed":false},"product_brand":[],"product_cat":[100],"product_tag":[77],"class_list":{"0":"post-3065","1":"product","2":"type-product","3":"status-publish","4":"has-post-thumbnail","6":"product_cat-kleidung-strickdesigns","7":"product_tag-startseite","8":"product_shipping_class-kostenfrei","10":"first","11":"instock","12":"downloadable","13":"taxable","14":"shipping-taxable","15":"purchasable","16":"product-type-simple"},"acf":[],"_links":{"self":[{"href":"https:\/\/kerstinritter-knits.de\/en\/wp-json\/wp\/v2\/product\/3065","targetHints":{"allow":["GET"]}}],"collection":[{"href":"https:\/\/kerstinritter-knits.de\/en\/wp-json\/wp\/v2\/product"}],"about":[{"href":"https:\/\/kerstinritter-knits.de\/en\/wp-json\/wp\/v2\/types\/product"}],"replies":[{"embeddable":true,"href":"https:\/\/kerstinritter-knits.de\/en\/wp-json\/wp\/v2\/comments?post=3065"}],"wp:featuredmedia":[{"embeddable":true,"href":"https:\/\/kerstinritter-knits.de\/en\/wp-json\/wp\/v2\/media\/3095"}],"wp:attachment":[{"href":"https:\/\/kerstinritter-knits.de\/en\/wp-json\/wp\/v2\/media?parent=3065"}],"wp:term":[{"taxonomy":"product_brand","embeddable":true,"href":"https:\/\/kerstinritter-knits.de\/en\/wp-json\/wp\/v2\/product_brand?post=3065"},{"taxonomy":"product_cat","embeddable":true,"href":"https:\/\/kerstinritter-knits.de\/en\/wp-json\/wp\/v2\/product_cat?post=3065"},{"taxonomy":"product_tag","embeddable":true,"href":"https:\/\/kerstinritter-knits.de\/en\/wp-json\/wp\/v2\/product_tag?post=3065"}],"curies":[{"name":"wp","href":"https:\/\/api.w.org\/{rel}","templated":true}]}}