{"id":3318,"date":"2025-03-13T19:02:33","date_gmt":"2025-03-13T18:02:33","guid":{"rendered":"https:\/\/kerstinritter-knits.de\/?post_type=product&#038;p=3318"},"modified":"2026-05-06T08:37:16","modified_gmt":"2026-05-06T06:37:16","slug":"jorah-scarf","status":"publish","type":"product","link":"https:\/\/kerstinritter-knits.de\/en\/product\/jorah-scarf\/","title":{"rendered":"JORAH Scarf"},"content":{"rendered":"<p>Der Jorah Scarf ist ein langes, schmales Tuch mit kleinen Verzopfungen.<br \/>\nDer Scarf wird von der Spitze aus gestrickt. Auf der rechten Seite wird eine<br \/>\ngleichm\u00e4\u00dfige und sch\u00f6ne Kante gestrickt.<br \/>\nAm linken Rand werden bis zu einer gewissen H\u00f6he gleichm\u00e4\u00dfig Maschen zugenommen. Danach wird geraudeaus ohne Zunahmen gestrickt. Sp\u00e4ter erfolgen dann wieder Abnahmen, um die Spitze des Schals zu formen.<\/p>\n<p>Die kleinen Z\u00f6pfe werden ohne Zopfnadel verzopft &#8211; ein Videotutorial dazu ist hinterlegt.<\/p>\n<p>Der Jorah Scarf ist ideal, um Garn aus dem Stash zu benutzen. Du kannst jederzeit die Mitte des Scarfs festlegen, und die 2. H\u00e4lfe mit der 2. H\u00e4lfte des Garns fertig stricken.<br \/>\nDu ben\u00f6tigst ca. 330m Laufl\u00e4nge und eine Nadel 3,0 bis 3,5.<br \/>\nMaschenprobe: 26Ma x 26 Rh = 10cm.<\/p>\n<p>Je nach Garn und Nadelst\u00e4rke kann die Gr\u00f6\u00dfe und das Gewicht variieren.<br \/>\nIch empfehle dir aufgrund des Musters, deinen Jorah Scarf nach Fertigstellung unbedingt zu waschen und etwas zu spannen.<\/p>\n<p>Die fertigen Ma\u00dfe von Spitze zu Spitze sind ca. 150cm die breiteste Stelle betr\u00e4gt ca. 18-20 cm.<\/p>\n<p>Nach wenigen Rapporten hast du das Muster verinnerlicht.<\/p>\n<p>Der Download-Link f\u00fcr die Anleitung wird dir nach Bezahlung per Mail an die angegebene E-Mailadresse gesendet.<\/p>\n<p>Jorah Scarf is a long, slim scarf with small cables.<br \/>\nThe scarf is worked from tip to tip. At the right side, you work an even and pretty edge.<br \/>\nAt the left edge, you work increases. From a height of approx. 30 cm, continue knitting<br \/>\nwithout further increases. After approx. 120 cm, start working decreases, to shape<br \/>\nthe other tip of the scarf.<\/p>\n<p>Jorah Scarf is the perfect project to use some of your stash yarn.<br \/>\nYou can always determine the centre of the scarf when you have used half of the yarn.<\/p>\n<p>The size and weight can vary depending on the yarn and needle size.<br \/>\nDue to the pattern, I recommend that you definitely wash and stretch your Jorah Scarf a little.<br \/>\nGauge 26 stitches x 26 rows = 10 x 10 cm<br \/>\nin pattern, after washing and blocking.<\/p>\n<p>Recommended needles 3 \u2013 3,5 mm<\/p>\n<p>Amount of yarn approx. 330 m meterage<\/p>","protected":false},"excerpt":{"rendered":"<p>Der Jorah Scarf ist ein langes, schmales Tuch mit kleinen Verzopfungen. Der Scarf wird von der Spitze aus gestrickt. Auf der rechten Seite wird eine gleichm\u00e4\u00dfige und sch\u00f6ne Kante gestrickt. Am linken Rand werden bis zu einer gewissen H\u00f6he gleichm\u00e4\u00dfig Maschen zugenommen. Danach wird geraudeaus ohne Zunahmen gestrickt. Sp\u00e4ter erfolgen dann wieder Abnahmen, um die Spitze des Schals zu formen. Die kleinen Z\u00f6pfe werden ohne Zopfnadel verzopft &#8211; ein Videotutorial dazu ist hinterlegt. Der Jorah Scarf ist ideal, um Garn aus dem Stash zu benutzen. Du kannst jederzeit die Mitte des Scarfs festlegen, und die 2. H\u00e4lfe mit der 2. H\u00e4lfte des Garns fertig stricken. Du ben\u00f6tigst ca. 330m Laufl\u00e4nge und eine Nadel 3,0 bis 3,5. Maschenprobe: 26Ma x 26 Rh = 10cm. Je nach Garn und Nadelst\u00e4rke kann die Gr\u00f6\u00dfe und das Gewicht variieren. Ich empfehle dir aufgrund des Musters, deinen Jorah Scarf nach Fertigstellung unbedingt zu waschen und etwas zu spannen. Die fertigen Ma\u00dfe von Spitze zu Spitze sind ca. 150cm die breiteste Stelle betr\u00e4gt ca. 18-20 cm. Nach wenigen Rapporten hast du das Muster verinnerlicht. Der Download-Link f\u00fcr die Anleitung wird dir nach Bezahlung per Mail an die angegebene E-Mailadresse gesendet. Jorah Scarf is a long, slim scarf with small cables. The scarf is worked from tip to tip. At the right side, you work an even and pretty edge. At the left edge, you work increases. From a height of approx. 30 cm, continue knitting without further increases. After approx. 120 cm, start working decreases, to shape the other tip of the scarf. Jorah Scarf is the perfect project to use some of your stash yarn. You can always determine the centre of the scarf when you have used half of the yarn. The size and weight can vary depending on the yarn and needle size. Due to the pattern, I recommend that you definitely wash and stretch your Jorah Scarf a little. Gauge 26 stitches x 26 rows = 10 x 10 cm in pattern, after washing and blocking. Recommended needles 3 \u2013 3,5 mm Amount of yarn approx. 330 m meterage<\/p>","protected":false},"featured_media":3285,"comment_status":"open","ping_status":"closed","template":"","meta":{"_acf_changed":false},"product_brand":[],"product_cat":[99],"product_tag":[77],"class_list":{"0":"post-3318","1":"product","2":"type-product","3":"status-publish","4":"has-post-thumbnail","6":"product_cat-accessoires-strickdesigns","7":"product_tag-startseite","8":"product_shipping_class-kostenfrei","10":"first","11":"instock","12":"downloadable","13":"taxable","14":"shipping-taxable","15":"purchasable","16":"product-type-simple"},"acf":[],"_links":{"self":[{"href":"https:\/\/kerstinritter-knits.de\/en\/wp-json\/wp\/v2\/product\/3318","targetHints":{"allow":["GET"]}}],"collection":[{"href":"https:\/\/kerstinritter-knits.de\/en\/wp-json\/wp\/v2\/product"}],"about":[{"href":"https:\/\/kerstinritter-knits.de\/en\/wp-json\/wp\/v2\/types\/product"}],"replies":[{"embeddable":true,"href":"https:\/\/kerstinritter-knits.de\/en\/wp-json\/wp\/v2\/comments?post=3318"}],"wp:featuredmedia":[{"embeddable":true,"href":"https:\/\/kerstinritter-knits.de\/en\/wp-json\/wp\/v2\/media\/3285"}],"wp:attachment":[{"href":"https:\/\/kerstinritter-knits.de\/en\/wp-json\/wp\/v2\/media?parent=3318"}],"wp:term":[{"taxonomy":"product_brand","embeddable":true,"href":"https:\/\/kerstinritter-knits.de\/en\/wp-json\/wp\/v2\/product_brand?post=3318"},{"taxonomy":"product_cat","embeddable":true,"href":"https:\/\/kerstinritter-knits.de\/en\/wp-json\/wp\/v2\/product_cat?post=3318"},{"taxonomy":"product_tag","embeddable":true,"href":"https:\/\/kerstinritter-knits.de\/en\/wp-json\/wp\/v2\/product_tag?post=3318"}],"curies":[{"name":"wp","href":"https:\/\/api.w.org\/{rel}","templated":true}]}}