{"id":3602,"date":"2025-03-18T17:28:50","date_gmt":"2025-03-18T16:28:50","guid":{"rendered":"https:\/\/kerstinritter-knits.de\/?post_type=product&#038;p=3602"},"modified":"2025-12-06T12:29:13","modified_gmt":"2025-12-06T11:29:13","slug":"mala-set-jaspis-color-mit-6mm-oder-8mm-perlen-mala-inkl-armband-kopie","status":"publish","type":"product","link":"https:\/\/kerstinritter-knits.de\/en\/product\/mala-set-jaspis-color-mit-6mm-oder-8mm-perlen-mala-inkl-armband-kopie\/","title":{"rendered":"Mala Set &#8222;JASPIS Color&#8220; mit 6mm oder 8mm Perlen &#8211; Mala inkl. Armband"},"content":{"rendered":"<div id=\"content-toggle-product-details-read-more\" class=\"wt-content-toggle__body wt-content-toggle__body--truncated wt-content-toggle__body--truncated-02\" aria-hidden=\"false\">\n<p class=\"wt-text-body-01 wt-break-word\" data-product-details-description-text-content=\"\">Neu im Sortiment: JASPIS Color,<\/p>\n<p data-product-details-description-text-content=\"\">wundersch\u00f6ne, sanfte Perlen mit silberner Schnecke als Abschluss.<\/p>\n<p data-product-details-description-text-content=\"\">Du kannst das Set wahlweise in 6mm Perlen bekommen und ca. 10mm silberner Schnecke &#8211;<\/p>\n<p data-product-details-description-text-content=\"\">oder in 8mm Perlen mit 14mm silberner Schnecke.<\/p>\n<p data-product-details-description-text-content=\"\">Entscheide selbst nach Gr\u00f6\u00dfe und Vorliebe.<\/p>\n<p data-product-details-description-text-content=\"\"><span class=\"BxUVEf ILfuVd\" lang=\"de\"><span class=\"hgKElc\">Der Jaspis wird oft als Stein der St\u00e4rke und des Mutes betrachtet und soll Energie und Lebensfreude f\u00f6rdern.<\/span><\/span><\/p>\n<\/div>\n<p data-product-details-description-text-content=\"\">Beides wird f\u00fcr dich angefertigt &#8211; teile uns bitte die Gr\u00f6\u00dfe deines Handgelenksumfang mit damit wir f\u00fcr dich das passende Armband herstellen k\u00f6nnen.<\/p>","protected":false},"excerpt":{"rendered":"<p>Neu im Sortiment: JASPIS Color, wundersch\u00f6ne, sanfte Perlen mit silberner Schnecke als Abschluss. Du kannst das Set wahlweise in 6mm Perlen bekommen und ca. 10mm silberner Schnecke &#8211; oder in 8mm Perlen mit 14mm silberner Schnecke. Entscheide selbst nach Gr\u00f6\u00dfe und Vorliebe. Der Jaspis wird oft als Stein der St\u00e4rke und des Mutes betrachtet und soll Energie und Lebensfreude f\u00f6rdern. Beides wird f\u00fcr dich angefertigt &#8211; teile uns bitte die Gr\u00f6\u00dfe deines Handgelenksumfang mit damit wir f\u00fcr dich das passende Armband herstellen k\u00f6nnen.<\/p>","protected":false},"featured_media":3595,"comment_status":"open","ping_status":"closed","template":"","meta":{"_acf_changed":false},"product_brand":[],"product_cat":[78,75],"product_tag":[],"class_list":{"0":"post-3602","1":"product","2":"type-product","3":"status-publish","4":"has-post-thumbnail","6":"product_cat-malas","7":"product_cat-schmuck","8":"product_shipping_class-malas","10":"first","11":"outofstock","12":"taxable","13":"shipping-taxable","14":"purchasable","15":"product-type-variable","16":"has-default-attributes"},"acf":[],"_links":{"self":[{"href":"https:\/\/kerstinritter-knits.de\/en\/wp-json\/wp\/v2\/product\/3602","targetHints":{"allow":["GET"]}}],"collection":[{"href":"https:\/\/kerstinritter-knits.de\/en\/wp-json\/wp\/v2\/product"}],"about":[{"href":"https:\/\/kerstinritter-knits.de\/en\/wp-json\/wp\/v2\/types\/product"}],"replies":[{"embeddable":true,"href":"https:\/\/kerstinritter-knits.de\/en\/wp-json\/wp\/v2\/comments?post=3602"}],"wp:featuredmedia":[{"embeddable":true,"href":"https:\/\/kerstinritter-knits.de\/en\/wp-json\/wp\/v2\/media\/3595"}],"wp:attachment":[{"href":"https:\/\/kerstinritter-knits.de\/en\/wp-json\/wp\/v2\/media?parent=3602"}],"wp:term":[{"taxonomy":"product_brand","embeddable":true,"href":"https:\/\/kerstinritter-knits.de\/en\/wp-json\/wp\/v2\/product_brand?post=3602"},{"taxonomy":"product_cat","embeddable":true,"href":"https:\/\/kerstinritter-knits.de\/en\/wp-json\/wp\/v2\/product_cat?post=3602"},{"taxonomy":"product_tag","embeddable":true,"href":"https:\/\/kerstinritter-knits.de\/en\/wp-json\/wp\/v2\/product_tag?post=3602"}],"curies":[{"name":"wp","href":"https:\/\/api.w.org\/{rel}","templated":true}]}}