{"id":3837,"date":"2025-04-03T20:05:10","date_gmt":"2025-04-03T18:05:10","guid":{"rendered":"https:\/\/kerstinritter-knits.de\/?post_type=product&#038;p=3837"},"modified":"2025-10-17T17:34:30","modified_gmt":"2025-10-17T15:34:30","slug":"catelyn-sweater","status":"publish","type":"product","link":"https:\/\/kerstinritter-knits.de\/en\/product\/catelyn-sweater\/","title":{"rendered":"CATELYN Sweater"},"content":{"rendered":"<p>Der Catelynsweater ist ein klassischer Raglan-Sweater, der von oben nach unten gestrickt wird. Die dekorativen Catelynz\u00f6pfe, die wir bereits vom Catelyn Cardigan und Catelyn Scarf kennen, bilden die B\u00fcndchen und Raglanlinien.<\/p>\n<p>Zuerst wird das B\u00fcndchen gestrickt, danach werden die Maschen und die Raglanlinien aufgeteilt. Mittels verk\u00fcrzter Reihen wird die Nackenpartie geformt, so dass ein gro\u00dfz\u00fcgiger Rundhalsausschnitt entsteht. Nachdem durch Zunahmen entlang der Raglanlinien die erforderliche L\u00e4nge erreicht wurde, wird der Rumpf zur<br \/>\nRunde geschlossen, die Maschen f\u00fcr die Arme still gelegt und der Sweater nun in Runden weiter gestrickt. Seitlich laufen die Catelynz\u00f6pfe rechts und links nach unten.<br \/>\nUm die richtige L\u00e4nge zu bestimmen, kann der Sweater also jederzeit anprobiert werden.<\/p>\n<p>Kurz vor dem B\u00fcndchen wird mittels einiger verk\u00fcrzter Reihen das R\u00fcckenteil l\u00e4nger gestrickt. Danach wird das B\u00fcndchen wieder mit den Catelynz\u00f6pfen gestrickt und der Rumpf beendet. Aus den stillgelegten Maschen der \u00c4rmel wird ein Arm nach dem anderen bequem in Runden nach unten gestrickt \u2013 auch hier werden die Armb\u00fcndchen aus Catelynz\u00f6pfen gearbeitet.<\/p>\n<p>Maschenprobe nach dem Waschen und Spannen:<br \/>\n21Ma x 27Rh = 10 x 10 cm glatt rechts<\/p>\n<p>Nadeln 3,25 (und 3,0 f\u00fcr die B\u00fcndchen)<\/p>\n<p>Der Catelyn Sweater hat eine Mehrweite (positive ease) von ca. 10-15cm.<\/p>\n<p>Dein BU:<\/p>\n<p>Gr. S: 82-89 \/ Gr. M: 90-97 \/ Gr. L: 98-107 \/ Gr. XL: 108-118<\/p>\n<p>Fertiger BU: Catelyn Sweater:<\/p>\n<p>Gr. S: 100cm \/ Gr. M: 110cm \/ Gr. L: 120cm \/ Gr. XL: 130cm<\/p>\n<p>Verbrauch zwischen 950 und 1420m Laufl\u00e4nge<br \/>\nGarnmenge<br \/>\nLaufl\u00e4nge<br \/>\nGr. S ca. 950m<br \/>\nGr. M ca. 1080m<br \/>\nGr. L ca. 1250m<br \/>\nGr. XL ca. 1420m<\/p>\n<p>Zubeh\u00f6r 9 Maschenmarkierer, Vern\u00e4hnadel, evtl. Reihenmarkierer<\/p>\n<p>Material\/Garnempfehlung Pascuali &#8211; Pinta &amp; Mohair Bliss (hier Fb. 101 und 809), je Garn die LL nehmen, weil zweif\u00e4dig gestrickt!<\/p>\n<p>Der Download-Link f\u00fcr die Anleitung wird dir nach Bezahlung per Mail an die angegebene E-Mailadresse gesendet.<\/p>\n<p>First, the ribbing at the neckline is worked, whereafter the stitches and raglan<br \/>\nlines are divided. The neck is shaped with short rows, creating a generous round<br \/>\nneck. After the required length has been achieved by increases at the raglan<br \/>\nlines, the body is closed to the round, the sleeve stitches are placed on hold and<br \/>\nthe sweater is worked in rounds. The Catelyn-cables run along the sides of the body.<br \/>\nTo determine the correct length, you can try on the sweater at any time.<\/p>\n<p>Shortly before the hem, a few short rows are worked to lengthen the back. Then the body is finished by working the hem with the Cately-cables. The sleeves are worked one after the other top down in rounds from the held sleeve-stitches, before they are finished with cuffs with the Cately-cables.<\/p>\n<p>Gauge after washing and blocking:<br \/>\n21 stitches x 27 rows in stockinette stitch = 10 x 10 cm<\/p>\n<p>Recommended needles 3,25 mm (and 3 mm for the ribbing)<\/p>\n<p>Amount of yarn 950 \u2013 1420 m<\/p>\n<p>meterage<br \/>\nSize S approx. 950m<br \/>\nSize M approx. 1080m<br \/>\nSize L approx. 1250m<br \/>\nSize XL approx. 1420m<\/p>\n<p>Supplies 9 stitch markers, wool needle, possibly row markers<\/p>\n<p>Material\/Recommended yarn<br \/>\nPascuali &#8211; Pinta &amp; Mohair Bliss (here in col. 101 and 809), meterage per yarn, as the sweater is worked with 2 threads!<\/p>","protected":false},"excerpt":{"rendered":"<p>Der Catelynsweater ist ein klassischer Raglan-Sweater, der von oben nach unten gestrickt wird. Die dekorativen Catelynz\u00f6pfe, die wir bereits vom Catelyn Cardigan und Catelyn Scarf kennen, bilden die B\u00fcndchen und Raglanlinien. Zuerst wird das B\u00fcndchen gestrickt, danach werden die Maschen und die Raglanlinien aufgeteilt. Mittels verk\u00fcrzter Reihen wird die Nackenpartie geformt, so dass ein gro\u00dfz\u00fcgiger Rundhalsausschnitt entsteht. Nachdem durch Zunahmen entlang der Raglanlinien die erforderliche L\u00e4nge erreicht wurde, wird der Rumpf zur Runde geschlossen, die Maschen f\u00fcr die Arme still gelegt und der Sweater nun in Runden weiter gestrickt. Seitlich laufen die Catelynz\u00f6pfe rechts und links nach unten. Um die richtige L\u00e4nge zu bestimmen, kann der Sweater also jederzeit anprobiert werden. Kurz vor dem B\u00fcndchen wird mittels einiger verk\u00fcrzter Reihen das R\u00fcckenteil l\u00e4nger gestrickt. Danach wird das B\u00fcndchen wieder mit den Catelynz\u00f6pfen gestrickt und der Rumpf beendet. Aus den stillgelegten Maschen der \u00c4rmel wird ein Arm nach dem anderen bequem in Runden nach unten gestrickt \u2013 auch hier werden die Armb\u00fcndchen aus Catelynz\u00f6pfen gearbeitet. Maschenprobe nach dem Waschen und Spannen: 21Ma x 27Rh = 10 x 10 cm glatt rechts Nadeln 3,25 (und 3,0 f\u00fcr die B\u00fcndchen) Der Catelyn Sweater hat eine Mehrweite (positive ease) von ca. 10-15cm. Dein BU: Gr. S: 82-89 \/ Gr. M: 90-97 \/ Gr. L: 98-107 \/ Gr. XL: 108-118 Fertiger BU: Catelyn Sweater: Gr. S: 100cm \/ Gr. M: 110cm \/ Gr. L: 120cm \/ Gr. XL: 130cm Verbrauch zwischen 950 und 1420m Laufl\u00e4nge Garnmenge Laufl\u00e4nge Gr. S ca. 950m Gr. M ca. 1080m Gr. L ca. 1250m Gr. XL ca. 1420m Zubeh\u00f6r 9 Maschenmarkierer, Vern\u00e4hnadel, evtl. Reihenmarkierer Material\/Garnempfehlung Pascuali &#8211; Pinta &amp; Mohair Bliss (hier Fb. 101 und 809), je Garn die LL nehmen, weil zweif\u00e4dig gestrickt! Der Download-Link f\u00fcr die Anleitung wird dir nach Bezahlung per Mail an die angegebene E-Mailadresse gesendet. First, the ribbing at the neckline is worked, whereafter the stitches and raglan lines are divided. The neck is shaped with short rows, creating a generous round neck. After the required length has been achieved by increases at the raglan lines, the body is closed to the round, the sleeve stitches are placed on hold and the sweater is worked in rounds. The Catelyn-cables run along the sides of the body. To determine the correct length, you can try on the sweater at any time. Shortly before the hem, a few short rows are worked to lengthen the back. Then the body is finished by working the hem with the Cately-cables. The sleeves are worked one after the other top down in rounds from the held sleeve-stitches, before they are finished with cuffs with the Cately-cables. Gauge after washing and blocking: 21 stitches x 27 rows in stockinette stitch = 10 x 10 cm Recommended needles 3,25 mm (and 3 mm for the ribbing) Amount of yarn 950 \u2013 1420 m meterage Size S approx. 950m Size M approx. 1080m Size L approx. 1250m Size XL approx. 1420m Supplies 9 stitch markers, wool needle, possibly row markers Material\/Recommended yarn Pascuali &#8211; Pinta &amp; Mohair Bliss (here in col. 101 and 809), meterage per yarn, as the sweater is worked with 2 threads!<\/p>","protected":false},"featured_media":3839,"comment_status":"open","ping_status":"closed","template":"","meta":{"_acf_changed":false},"product_brand":[],"product_cat":[100],"product_tag":[77],"class_list":{"0":"post-3837","1":"product","2":"type-product","3":"status-publish","4":"has-post-thumbnail","6":"product_cat-kleidung-strickdesigns","7":"product_tag-startseite","8":"product_shipping_class-kostenfrei","10":"first","11":"instock","12":"downloadable","13":"taxable","14":"shipping-taxable","15":"purchasable","16":"product-type-simple"},"acf":[],"_links":{"self":[{"href":"https:\/\/kerstinritter-knits.de\/en\/wp-json\/wp\/v2\/product\/3837","targetHints":{"allow":["GET"]}}],"collection":[{"href":"https:\/\/kerstinritter-knits.de\/en\/wp-json\/wp\/v2\/product"}],"about":[{"href":"https:\/\/kerstinritter-knits.de\/en\/wp-json\/wp\/v2\/types\/product"}],"replies":[{"embeddable":true,"href":"https:\/\/kerstinritter-knits.de\/en\/wp-json\/wp\/v2\/comments?post=3837"}],"wp:featuredmedia":[{"embeddable":true,"href":"https:\/\/kerstinritter-knits.de\/en\/wp-json\/wp\/v2\/media\/3839"}],"wp:attachment":[{"href":"https:\/\/kerstinritter-knits.de\/en\/wp-json\/wp\/v2\/media?parent=3837"}],"wp:term":[{"taxonomy":"product_brand","embeddable":true,"href":"https:\/\/kerstinritter-knits.de\/en\/wp-json\/wp\/v2\/product_brand?post=3837"},{"taxonomy":"product_cat","embeddable":true,"href":"https:\/\/kerstinritter-knits.de\/en\/wp-json\/wp\/v2\/product_cat?post=3837"},{"taxonomy":"product_tag","embeddable":true,"href":"https:\/\/kerstinritter-knits.de\/en\/wp-json\/wp\/v2\/product_tag?post=3837"}],"curies":[{"name":"wp","href":"https:\/\/api.w.org\/{rel}","templated":true}]}}