{"id":3967,"date":"2025-04-04T10:58:41","date_gmt":"2025-04-04T08:58:41","guid":{"rendered":"https:\/\/kerstinritter-knits.de\/?post_type=product&#038;p=3967"},"modified":"2026-02-07T16:17:15","modified_gmt":"2026-02-07T15:17:15","slug":"perlenarmband-jade-pink-gruen-4mm","status":"publish","type":"product","link":"https:\/\/kerstinritter-knits.de\/en\/product\/perlenarmband-jade-pink-gruen-4mm\/","title":{"rendered":"Perlenarmband &#8222;JADE pink, gr\u00fcn&#8220;, 4mm"},"content":{"rendered":"<p>Zauberhafte Armb\u00e4nder aus 4 mm Perlen aus wundersch\u00f6nen gr\u00fcn\/pinkfarbenen runden Jade-Perlen.<\/p>\n<p>Ideal dazu passt das kleine Rosenquarz-Armband in 4mm &#8211; oder andere. Ihr k\u00f6nnt unsere Armb\u00e4nder auch prima zusammen kombinieren.<\/p>\n<p>Alle Armb\u00e4nder werden in einem Beutel aus Satin verschickt!<\/p>\n<p>Die Perlen sind auf einer hochwertigen, dehnbaren Silikonschnur zum leichten An-und Ausziehen gef\u00e4delt.<\/p>\n<p>&nbsp;<\/p>","protected":false},"excerpt":{"rendered":"<p>Zauberhafte Armb\u00e4nder aus 4 mm Perlen aus wundersch\u00f6nen gr\u00fcn\/pinkfarbenen runden Jade-Perlen. Ideal dazu passt das kleine Rosenquarz-Armband in 4mm &#8211; oder andere. Ihr k\u00f6nnt unsere Armb\u00e4nder auch prima zusammen kombinieren. Alle Armb\u00e4nder werden in einem Beutel aus Satin verschickt! Die Perlen sind auf einer hochwertigen, dehnbaren Silikonschnur zum leichten An-und Ausziehen gef\u00e4delt. &nbsp;<\/p>","protected":false},"featured_media":3933,"comment_status":"open","ping_status":"closed","template":"","meta":{"_acf_changed":false},"product_brand":[],"product_cat":[88,75],"product_tag":[],"class_list":{"0":"post-3967","1":"product","2":"type-product","3":"status-publish","4":"has-post-thumbnail","6":"product_cat-perlenarmbaender","7":"product_cat-schmuck","8":"product_shipping_class-sonstiges","10":"first","11":"instock","12":"taxable","13":"shipping-taxable","14":"purchasable","15":"product-type-variable"},"acf":[],"_links":{"self":[{"href":"https:\/\/kerstinritter-knits.de\/en\/wp-json\/wp\/v2\/product\/3967","targetHints":{"allow":["GET"]}}],"collection":[{"href":"https:\/\/kerstinritter-knits.de\/en\/wp-json\/wp\/v2\/product"}],"about":[{"href":"https:\/\/kerstinritter-knits.de\/en\/wp-json\/wp\/v2\/types\/product"}],"replies":[{"embeddable":true,"href":"https:\/\/kerstinritter-knits.de\/en\/wp-json\/wp\/v2\/comments?post=3967"}],"wp:featuredmedia":[{"embeddable":true,"href":"https:\/\/kerstinritter-knits.de\/en\/wp-json\/wp\/v2\/media\/3933"}],"wp:attachment":[{"href":"https:\/\/kerstinritter-knits.de\/en\/wp-json\/wp\/v2\/media?parent=3967"}],"wp:term":[{"taxonomy":"product_brand","embeddable":true,"href":"https:\/\/kerstinritter-knits.de\/en\/wp-json\/wp\/v2\/product_brand?post=3967"},{"taxonomy":"product_cat","embeddable":true,"href":"https:\/\/kerstinritter-knits.de\/en\/wp-json\/wp\/v2\/product_cat?post=3967"},{"taxonomy":"product_tag","embeddable":true,"href":"https:\/\/kerstinritter-knits.de\/en\/wp-json\/wp\/v2\/product_tag?post=3967"}],"curies":[{"name":"wp","href":"https:\/\/api.w.org\/{rel}","templated":true}]}}