{"id":4011,"date":"2025-04-04T12:09:50","date_gmt":"2025-04-04T10:09:50","guid":{"rendered":"https:\/\/kerstinritter-knits.de\/?post_type=product&#038;p=4011"},"modified":"2026-03-25T16:49:59","modified_gmt":"2026-03-25T15:49:59","slug":"jade-pink-mala-mit-8-und-6mm-perlen","status":"publish","type":"product","link":"https:\/\/kerstinritter-knits.de\/en\/product\/jade-pink-mala-mit-8-und-6mm-perlen\/","title":{"rendered":"Mala &#8222;MONDSTEIN multicolor, 8 oder 6mm Perlen mit silbernem Abschluss"},"content":{"rendered":"<p>diese Mala besteht wie gewohnt aus 108 Perlen &#8211; hier aus zarten, multicolor Mondstein-Perlen. Die runden Perlen sind 8mm und werden auf einer Seidenschnur von mir geknotet. Der Abschluss bildet eine gro\u00dfe silberne Schnecke. Die Gesamtl\u00e4nge betr\u00e4gt ca. 55cm.<\/p>\n<p>Die etwas kleinere Variante besteht aus 108 runden 6mm gro\u00dfen Perlen und hat eine etwas kleinere silberne Schnecke als Abschluss. Die Gesamtl\u00e4nge betr\u00e4gt hier ca. 43cm.<\/p>\n<p>Der Mondstein tritt hier in zarten Colorfarben auf und wird oft mit Intuition, weiblicher Energie und emotionaler Balance in Verbindung gebracht. Er st\u00e4rkt vor allem die weibliche Energie und hilft, Blockaden auszugleichen (Kinderwunsch, Menopause). Au\u00dferdem steht der Mondstein f\u00fcr innere Weisheit und Kreativit\u00e4t.<\/p>\n<p>&nbsp;<\/p>","protected":false},"excerpt":{"rendered":"<p>diese Mala besteht wie gewohnt aus 108 Perlen &#8211; hier aus zarten, multicolor Mondstein-Perlen. Die runden Perlen sind 8mm und werden auf einer Seidenschnur von mir geknotet. Der Abschluss bildet eine gro\u00dfe silberne Schnecke. Die Gesamtl\u00e4nge betr\u00e4gt ca. 55cm. Die etwas kleinere Variante besteht aus 108 runden 6mm gro\u00dfen Perlen und hat eine etwas kleinere silberne Schnecke als Abschluss. Die Gesamtl\u00e4nge betr\u00e4gt hier ca. 43cm. Der Mondstein tritt hier in zarten Colorfarben auf und wird oft mit Intuition, weiblicher Energie und emotionaler Balance in Verbindung gebracht. Er st\u00e4rkt vor allem die weibliche Energie und hilft, Blockaden auszugleichen (Kinderwunsch, Menopause). Au\u00dferdem steht der Mondstein f\u00fcr innere Weisheit und Kreativit\u00e4t. &nbsp;<\/p>","protected":false},"featured_media":5024,"comment_status":"open","ping_status":"closed","template":"","meta":{"_acf_changed":false},"product_brand":[],"product_cat":[78,75],"product_tag":[],"class_list":{"0":"post-4011","1":"product","2":"type-product","3":"status-publish","4":"has-post-thumbnail","6":"product_cat-malas","7":"product_cat-schmuck","8":"product_shipping_class-malas","10":"first","11":"instock","12":"taxable","13":"shipping-taxable","14":"purchasable","15":"product-type-variable","16":"has-default-attributes"},"acf":[],"_links":{"self":[{"href":"https:\/\/kerstinritter-knits.de\/en\/wp-json\/wp\/v2\/product\/4011","targetHints":{"allow":["GET"]}}],"collection":[{"href":"https:\/\/kerstinritter-knits.de\/en\/wp-json\/wp\/v2\/product"}],"about":[{"href":"https:\/\/kerstinritter-knits.de\/en\/wp-json\/wp\/v2\/types\/product"}],"replies":[{"embeddable":true,"href":"https:\/\/kerstinritter-knits.de\/en\/wp-json\/wp\/v2\/comments?post=4011"}],"wp:featuredmedia":[{"embeddable":true,"href":"https:\/\/kerstinritter-knits.de\/en\/wp-json\/wp\/v2\/media\/5024"}],"wp:attachment":[{"href":"https:\/\/kerstinritter-knits.de\/en\/wp-json\/wp\/v2\/media?parent=4011"}],"wp:term":[{"taxonomy":"product_brand","embeddable":true,"href":"https:\/\/kerstinritter-knits.de\/en\/wp-json\/wp\/v2\/product_brand?post=4011"},{"taxonomy":"product_cat","embeddable":true,"href":"https:\/\/kerstinritter-knits.de\/en\/wp-json\/wp\/v2\/product_cat?post=4011"},{"taxonomy":"product_tag","embeddable":true,"href":"https:\/\/kerstinritter-knits.de\/en\/wp-json\/wp\/v2\/product_tag?post=4011"}],"curies":[{"name":"wp","href":"https:\/\/api.w.org\/{rel}","templated":true}]}}