{"id":4013,"date":"2025-04-04T12:14:52","date_gmt":"2025-04-04T10:14:52","guid":{"rendered":"https:\/\/kerstinritter-knits.de\/?post_type=product&#038;p=4013"},"modified":"2025-09-12T11:37:31","modified_gmt":"2025-09-12T09:37:31","slug":"silver-obsidian-mala-mit-6mm-und-facettierten-haematit-perlen","status":"publish","type":"product","link":"https:\/\/kerstinritter-knits.de\/en\/product\/silver-obsidian-mala-mit-6mm-und-facettierten-haematit-perlen\/","title":{"rendered":"&#8222;Silver Obsidian&#8220;, Mala mit 6mm und facettierten H\u00e4matit-Perlen, zwei Varianten!"},"content":{"rendered":"<p>Tolle ausdrucksstarke Mala in 6mm Perlen aus &#8222;Silver Obsidian&#8220; &#8211; schwarz, und doch nicht schwarz durch die Perlen erscheint die Mala je nach Outfit immer etwas anders.<\/p>\n<p>es gibt sie in zwei Varianten: mit 8mm facettierten H\u00e4matit Perlen oder mit silberner Schnecke als Abschluss. Beide Malas werdenauf einer schwarzen Seidenschnur geknotet.<\/p>\n<p><span class=\"BxUVEf ILfuVd\" lang=\"de\"><span class=\"hgKElc\">Silver Obsidian kann uns Schutz auf spirituellen Reisen bieten und uns helfen, die Verbindung zwischen Seele und K\u00f6rper aufrechtzuerhalten, damit wir uns nicht verirren . Silberschimmernder Obsidian steigert die psychische Sensibilit\u00e4t und ist einer der besten Steine \u200b\u200bf\u00fcr die Kristallkugel-Wahrsagerei, um Probleme zu l\u00f6sen oder Klarheit \u00fcber verborgene Beweggr\u00fcnde zu gewinnen.<\/span><\/span><\/p>\n<p>Passende doppelte Armb\u00e4nder Silver Obsidian sind im Shop verf\u00fcgbar.<\/p>\n<p>Sie ist etwa 42 cm lang und wird in einem sch\u00f6nen Samtbeutel geliefert.<\/p>","protected":false},"excerpt":{"rendered":"<p>Tolle ausdrucksstarke Mala in 6mm Perlen aus &#8222;Silver Obsidian&#8220; &#8211; schwarz, und doch nicht schwarz durch die Perlen erscheint die Mala je nach Outfit immer etwas anders. es gibt sie in zwei Varianten: mit 8mm facettierten H\u00e4matit Perlen oder mit silberner Schnecke als Abschluss. Beide Malas werdenauf einer schwarzen Seidenschnur geknotet. Silver Obsidian kann uns Schutz auf spirituellen Reisen bieten und uns helfen, die Verbindung zwischen Seele und K\u00f6rper aufrechtzuerhalten, damit wir uns nicht verirren . Silberschimmernder Obsidian steigert die psychische Sensibilit\u00e4t und ist einer der besten Steine \u200b\u200bf\u00fcr die Kristallkugel-Wahrsagerei, um Probleme zu l\u00f6sen oder Klarheit \u00fcber verborgene Beweggr\u00fcnde zu gewinnen. Passende doppelte Armb\u00e4nder Silver Obsidian sind im Shop verf\u00fcgbar. Sie ist etwa 42 cm lang und wird in einem sch\u00f6nen Samtbeutel geliefert.<\/p>","protected":false},"featured_media":3948,"comment_status":"open","ping_status":"closed","template":"","meta":{"_acf_changed":false},"product_brand":[],"product_cat":[78,75],"product_tag":[],"class_list":{"0":"post-4013","1":"product","2":"type-product","3":"status-publish","4":"has-post-thumbnail","6":"product_cat-malas","7":"product_cat-schmuck","8":"product_shipping_class-malas","10":"first","11":"instock","12":"taxable","13":"shipping-taxable","14":"purchasable","15":"product-type-variable","16":"has-default-attributes"},"acf":[],"_links":{"self":[{"href":"https:\/\/kerstinritter-knits.de\/en\/wp-json\/wp\/v2\/product\/4013","targetHints":{"allow":["GET"]}}],"collection":[{"href":"https:\/\/kerstinritter-knits.de\/en\/wp-json\/wp\/v2\/product"}],"about":[{"href":"https:\/\/kerstinritter-knits.de\/en\/wp-json\/wp\/v2\/types\/product"}],"replies":[{"embeddable":true,"href":"https:\/\/kerstinritter-knits.de\/en\/wp-json\/wp\/v2\/comments?post=4013"}],"wp:featuredmedia":[{"embeddable":true,"href":"https:\/\/kerstinritter-knits.de\/en\/wp-json\/wp\/v2\/media\/3948"}],"wp:attachment":[{"href":"https:\/\/kerstinritter-knits.de\/en\/wp-json\/wp\/v2\/media?parent=4013"}],"wp:term":[{"taxonomy":"product_brand","embeddable":true,"href":"https:\/\/kerstinritter-knits.de\/en\/wp-json\/wp\/v2\/product_brand?post=4013"},{"taxonomy":"product_cat","embeddable":true,"href":"https:\/\/kerstinritter-knits.de\/en\/wp-json\/wp\/v2\/product_cat?post=4013"},{"taxonomy":"product_tag","embeddable":true,"href":"https:\/\/kerstinritter-knits.de\/en\/wp-json\/wp\/v2\/product_tag?post=4013"}],"curies":[{"name":"wp","href":"https:\/\/api.w.org\/{rel}","templated":true}]}}