{"id":4092,"date":"2025-04-26T18:46:09","date_gmt":"2025-04-26T16:46:09","guid":{"rendered":"https:\/\/kerstinritter-knits.de\/?post_type=product&#038;p=4092"},"modified":"2025-12-06T12:18:32","modified_gmt":"2025-12-06T11:18:32","slug":"set-mala-candy-aus-bunten-jadeperlen-mit-goldschimmer-inkl-armband","status":"publish","type":"product","link":"https:\/\/kerstinritter-knits.de\/en\/product\/set-mala-candy-aus-bunten-jadeperlen-mit-goldschimmer-inkl-armband\/","title":{"rendered":"Mala &#8222;Candy&#8220; aus bunten Jadeperlen mit Goldschimmer, verschiedene Varianten"},"content":{"rendered":"<p>Diese wundersch\u00f6ne Mala bringt euch den Fr\u00fchling und die Sonne in euer Herz &#8211; es gibt sie in 2 Ausf\u00fchrungen:<\/p>\n<p>Sie besteht aus 6mm und 8mm bunten Jade-Perlen und gro\u00dfer Jade-Perle als Abschluss oder etwas kleiner aus 6mm bunten Jade-Perlen und gro\u00dfer Jade-Perle als Abschluss.<\/p>\n<p>Sie ist ein absoluter Hingucker, durch den Goldschimmer gl\u00e4nzt sie in der Sonne fantastisch. Ein idealer Begleiter, gerade mit wei\u00dfer Kleidung oder als Statement f\u00fcr gute Laune!<\/p>\n<p>Die Mala wird von mir auf einer wei\u00dfen Seidenschnur geknotet und ist ca. 42 bzw. 49 cm lang. Jede Mala ist ein Unikat!<\/p>\n<p>&nbsp;<\/p>","protected":false},"excerpt":{"rendered":"<p>Diese wundersch\u00f6ne Mala bringt euch den Fr\u00fchling und die Sonne in euer Herz &#8211; es gibt sie in 2 Ausf\u00fchrungen: Sie besteht aus 6mm und 8mm bunten Jade-Perlen und gro\u00dfer Jade-Perle als Abschluss oder etwas kleiner aus 6mm bunten Jade-Perlen und gro\u00dfer Jade-Perle als Abschluss. Sie ist ein absoluter Hingucker, durch den Goldschimmer gl\u00e4nzt sie in der Sonne fantastisch. Ein idealer Begleiter, gerade mit wei\u00dfer Kleidung oder als Statement f\u00fcr gute Laune! Die Mala wird von mir auf einer wei\u00dfen Seidenschnur geknotet und ist ca. 42 bzw. 49 cm lang. Jede Mala ist ein Unikat! &nbsp;<\/p>","protected":false},"featured_media":4077,"comment_status":"open","ping_status":"closed","template":"","meta":{"_acf_changed":false},"product_brand":[],"product_cat":[78,75],"product_tag":[],"class_list":{"0":"post-4092","1":"product","2":"type-product","3":"status-publish","4":"has-post-thumbnail","6":"product_cat-malas","7":"product_cat-schmuck","8":"product_shipping_class-malas","10":"first","11":"instock","12":"taxable","13":"shipping-taxable","14":"purchasable","15":"product-type-variable"},"acf":[],"_links":{"self":[{"href":"https:\/\/kerstinritter-knits.de\/en\/wp-json\/wp\/v2\/product\/4092","targetHints":{"allow":["GET"]}}],"collection":[{"href":"https:\/\/kerstinritter-knits.de\/en\/wp-json\/wp\/v2\/product"}],"about":[{"href":"https:\/\/kerstinritter-knits.de\/en\/wp-json\/wp\/v2\/types\/product"}],"replies":[{"embeddable":true,"href":"https:\/\/kerstinritter-knits.de\/en\/wp-json\/wp\/v2\/comments?post=4092"}],"wp:featuredmedia":[{"embeddable":true,"href":"https:\/\/kerstinritter-knits.de\/en\/wp-json\/wp\/v2\/media\/4077"}],"wp:attachment":[{"href":"https:\/\/kerstinritter-knits.de\/en\/wp-json\/wp\/v2\/media?parent=4092"}],"wp:term":[{"taxonomy":"product_brand","embeddable":true,"href":"https:\/\/kerstinritter-knits.de\/en\/wp-json\/wp\/v2\/product_brand?post=4092"},{"taxonomy":"product_cat","embeddable":true,"href":"https:\/\/kerstinritter-knits.de\/en\/wp-json\/wp\/v2\/product_cat?post=4092"},{"taxonomy":"product_tag","embeddable":true,"href":"https:\/\/kerstinritter-knits.de\/en\/wp-json\/wp\/v2\/product_tag?post=4092"}],"curies":[{"name":"wp","href":"https:\/\/api.w.org\/{rel}","templated":true}]}}