{"id":4970,"date":"2025-06-14T11:04:52","date_gmt":"2025-06-14T09:04:52","guid":{"rendered":"https:\/\/kerstinritter-knits.de\/?post_type=product&#038;p=4970"},"modified":"2026-02-20T17:11:50","modified_gmt":"2026-02-20T16:11:50","slug":"achat-gelb-maschenmarkierer-5-teiliges-set","status":"publish","type":"product","link":"https:\/\/kerstinritter-knits.de\/en\/product\/achat-gelb-maschenmarkierer-5-teiliges-set\/","title":{"rendered":"&#8222;ACHAT gelb&#8220; Maschenmarkierer, 5-teiliges Set"},"content":{"rendered":"<p>Das Maschenmarkierer Set &#8222;Achat gelb&#8220; besteht aus 5 einzelnen Maschenmarkierern, von denen einer &#8222;besonders&#8220; ist &#8211; wir nennen sie liebevoll &#8222;die K\u00f6nigin&#8220;. Au\u00dferdem sind kleine silberfarbene Bl\u00fcmchen an 3 der Maschenmarkierer &#8211; einfach so sch\u00f6n! Die \u00d6sen lassen sich bei den Maschenmarkierern nicht \u00f6ffnen, sie werden einfach von der linken auf die rechte Stricknadel gelegt.<\/p>\n<p>Sie zeigt euch z.B. an wenn eine neue Runde oder Farbe kommt und ihr k\u00f6nnt die K\u00f6nigin als Rundenmarkierer einsetzen. Somit l\u00e4sst es sich noch leichter losstricken und das leidige Z\u00e4hlen hat ein Ende. Au\u00dferdem lassen sich die Maschenmarkierer ebenfalls prima zwischen einzelne Musterrapporte setzen und ihr erhaltet dadurch einen besseren \u00dcberblick! Gerade f\u00fcr Lace- oder Zopfmuster sehr hilfreich!<\/p>\n<p>Passende Engel-Maschenmarkierer und Reihenz\u00e4hler findet ihr ebenfalls im Shop! Die Reihenz\u00e4hler haben einen Karabiner, der eingeh\u00e4ngt bleiben und sp\u00e4ter entfernt werden kann.<\/p>\n<p>Alle Maschenmarkierer und Reihenz\u00e4hler werden von meiner Tochter Maya designt und hergestellt. Die Idee entstand, als ich (leidenschaftliche Strickerin) mal wieder vergeblich auf der Suche nach &#8222;sch\u00f6nen&#8220; Maschenmarkierern war und Maya mir welche gebastelt hatte. Ich finde sie einfach zauberhaft &#8211; wir hoffen, ihr auch?!<\/p>\n<p>Die Reihenz\u00e4hler und Maschenmarkierer eignen sich auch hervorragend als Geschenk!\u00a0 Wir freuen uns \u00fcber euren Kauf!<\/p>","protected":false},"excerpt":{"rendered":"<p>Das Maschenmarkierer Set &#8222;Achat gelb&#8220; besteht aus 5 einzelnen Maschenmarkierern, von denen einer &#8222;besonders&#8220; ist &#8211; wir nennen sie liebevoll &#8222;die K\u00f6nigin&#8220;. Au\u00dferdem sind kleine silberfarbene Bl\u00fcmchen an 3 der Maschenmarkierer &#8211; einfach so sch\u00f6n! Die \u00d6sen lassen sich bei den Maschenmarkierern nicht \u00f6ffnen, sie werden einfach von der linken auf die rechte Stricknadel gelegt. Sie zeigt euch z.B. an wenn eine neue Runde oder Farbe kommt und ihr k\u00f6nnt die K\u00f6nigin als Rundenmarkierer einsetzen. Somit l\u00e4sst es sich noch leichter losstricken und das leidige Z\u00e4hlen hat ein Ende. Au\u00dferdem lassen sich die Maschenmarkierer ebenfalls prima zwischen einzelne Musterrapporte setzen und ihr erhaltet dadurch einen besseren \u00dcberblick! Gerade f\u00fcr Lace- oder Zopfmuster sehr hilfreich! Passende Engel-Maschenmarkierer und Reihenz\u00e4hler findet ihr ebenfalls im Shop! Die Reihenz\u00e4hler haben einen Karabiner, der eingeh\u00e4ngt bleiben und sp\u00e4ter entfernt werden kann. Alle Maschenmarkierer und Reihenz\u00e4hler werden von meiner Tochter Maya designt und hergestellt. Die Idee entstand, als ich (leidenschaftliche Strickerin) mal wieder vergeblich auf der Suche nach &#8222;sch\u00f6nen&#8220; Maschenmarkierern war und Maya mir welche gebastelt hatte. Ich finde sie einfach zauberhaft &#8211; wir hoffen, ihr auch?! Die Reihenz\u00e4hler und Maschenmarkierer eignen sich auch hervorragend als Geschenk!\u00a0 Wir freuen uns \u00fcber euren Kauf!<\/p>","protected":false},"featured_media":4962,"comment_status":"open","ping_status":"closed","template":"","meta":{"_acf_changed":false},"product_brand":[],"product_cat":[87,86],"product_tag":[],"class_list":{"0":"post-4970","1":"product","2":"type-product","3":"status-publish","4":"has-post-thumbnail","6":"product_cat-maschenmarkierer","7":"product_cat-strickzubehoer","8":"product_shipping_class-sonstiges","10":"first","11":"instock","12":"taxable","13":"shipping-taxable","14":"purchasable","15":"product-type-simple"},"acf":[],"_links":{"self":[{"href":"https:\/\/kerstinritter-knits.de\/en\/wp-json\/wp\/v2\/product\/4970","targetHints":{"allow":["GET"]}}],"collection":[{"href":"https:\/\/kerstinritter-knits.de\/en\/wp-json\/wp\/v2\/product"}],"about":[{"href":"https:\/\/kerstinritter-knits.de\/en\/wp-json\/wp\/v2\/types\/product"}],"replies":[{"embeddable":true,"href":"https:\/\/kerstinritter-knits.de\/en\/wp-json\/wp\/v2\/comments?post=4970"}],"wp:featuredmedia":[{"embeddable":true,"href":"https:\/\/kerstinritter-knits.de\/en\/wp-json\/wp\/v2\/media\/4962"}],"wp:attachment":[{"href":"https:\/\/kerstinritter-knits.de\/en\/wp-json\/wp\/v2\/media?parent=4970"}],"wp:term":[{"taxonomy":"product_brand","embeddable":true,"href":"https:\/\/kerstinritter-knits.de\/en\/wp-json\/wp\/v2\/product_brand?post=4970"},{"taxonomy":"product_cat","embeddable":true,"href":"https:\/\/kerstinritter-knits.de\/en\/wp-json\/wp\/v2\/product_cat?post=4970"},{"taxonomy":"product_tag","embeddable":true,"href":"https:\/\/kerstinritter-knits.de\/en\/wp-json\/wp\/v2\/product_tag?post=4970"}],"curies":[{"name":"wp","href":"https:\/\/api.w.org\/{rel}","templated":true}]}}