{"id":4972,"date":"2025-06-14T11:14:04","date_gmt":"2025-06-14T09:14:04","guid":{"rendered":"https:\/\/kerstinritter-knits.de\/?post_type=product&#038;p=4972"},"modified":"2026-04-16T19:53:44","modified_gmt":"2026-04-16T17:53:44","slug":"achat-gelb-reihenzaehler-7-teiliges-set-mit-aufbewahrungsring-limited-summer-edition","status":"publish","type":"product","link":"https:\/\/kerstinritter-knits.de\/en\/product\/achat-gelb-reihenzaehler-7-teiliges-set-mit-aufbewahrungsring-limited-summer-edition\/","title":{"rendered":"&#8222;ACHAT gelb&#8220;, Reihenz\u00e4hler 7-teiliges Set mit Aufbewahrungsring"},"content":{"rendered":"<p>Reihenz\u00e4hler Set &#8222;Achat gelb&#8220; &#8211; 7teilig mit Aufbewahrungsring.<\/p>\n<p>Dieses Set besteht aus 7 Reihenz\u00e4hler mit Karabinerverschluss, welche sich wunderbar zum Z\u00e4hlen eurer Reihen eignen. Genauso k\u00f6nnt ihr eine Stelle eures Strickprojektes markieren, wenn die Anleitung dies erfordert.<\/p>\n<p>Die Reihenz\u00e4hler werden mit viele Liebe und Handarbeit von meiner Tochter Maya hergestellt &#8211; passende Maschenmarkierer und Engel-Maschenmarkierer findet ihr ebenfalls im Shop.<\/p>\n<p>Wir freuen uns \u00fcber euren Kauf.<\/p>","protected":false},"excerpt":{"rendered":"<p>Reihenz\u00e4hler Set &#8222;Achat gelb&#8220; &#8211; 7teilig mit Aufbewahrungsring. Dieses Set besteht aus 7 Reihenz\u00e4hler mit Karabinerverschluss, welche sich wunderbar zum Z\u00e4hlen eurer Reihen eignen. Genauso k\u00f6nnt ihr eine Stelle eures Strickprojektes markieren, wenn die Anleitung dies erfordert. Die Reihenz\u00e4hler werden mit viele Liebe und Handarbeit von meiner Tochter Maya hergestellt &#8211; passende Maschenmarkierer und Engel-Maschenmarkierer findet ihr ebenfalls im Shop. Wir freuen uns \u00fcber euren Kauf.<\/p>","protected":false},"featured_media":4966,"comment_status":"open","ping_status":"closed","template":"","meta":{"_acf_changed":false},"product_brand":[],"product_cat":[102,86],"product_tag":[],"class_list":{"0":"post-4972","1":"product","2":"type-product","3":"status-publish","4":"has-post-thumbnail","6":"product_cat-reihenzaehler","7":"product_cat-strickzubehoer","8":"product_shipping_class-sonstiges","10":"first","11":"instock","12":"taxable","13":"shipping-taxable","14":"purchasable","15":"product-type-simple"},"acf":[],"_links":{"self":[{"href":"https:\/\/kerstinritter-knits.de\/en\/wp-json\/wp\/v2\/product\/4972","targetHints":{"allow":["GET"]}}],"collection":[{"href":"https:\/\/kerstinritter-knits.de\/en\/wp-json\/wp\/v2\/product"}],"about":[{"href":"https:\/\/kerstinritter-knits.de\/en\/wp-json\/wp\/v2\/types\/product"}],"replies":[{"embeddable":true,"href":"https:\/\/kerstinritter-knits.de\/en\/wp-json\/wp\/v2\/comments?post=4972"}],"wp:featuredmedia":[{"embeddable":true,"href":"https:\/\/kerstinritter-knits.de\/en\/wp-json\/wp\/v2\/media\/4966"}],"wp:attachment":[{"href":"https:\/\/kerstinritter-knits.de\/en\/wp-json\/wp\/v2\/media?parent=4972"}],"wp:term":[{"taxonomy":"product_brand","embeddable":true,"href":"https:\/\/kerstinritter-knits.de\/en\/wp-json\/wp\/v2\/product_brand?post=4972"},{"taxonomy":"product_cat","embeddable":true,"href":"https:\/\/kerstinritter-knits.de\/en\/wp-json\/wp\/v2\/product_cat?post=4972"},{"taxonomy":"product_tag","embeddable":true,"href":"https:\/\/kerstinritter-knits.de\/en\/wp-json\/wp\/v2\/product_tag?post=4972"}],"curies":[{"name":"wp","href":"https:\/\/api.w.org\/{rel}","templated":true}]}}