{"id":5495,"date":"2025-07-08T17:46:56","date_gmt":"2025-07-08T15:46:56","guid":{"rendered":"https:\/\/kerstinritter-knits.de\/?post_type=product&#038;p=5495"},"modified":"2025-10-16T11:48:05","modified_gmt":"2025-10-16T09:48:05","slug":"margaery-shirt-and-tube-dt-engl","status":"publish","type":"product","link":"https:\/\/kerstinritter-knits.de\/en\/product\/margaery-shirt-and-tube-dt-engl\/","title":{"rendered":"MARGAERY Shirt and Tube dt.\/engl."},"content":{"rendered":"<p>Das Margaery <strong>Shirt<\/strong> ist ein leichtes Shirt mit sch\u00f6nem Lacemuster und wird von unten nach oben gestrickt. Zuerst wird das R\u00fcckenteil in Hin- und R\u00fcckreihen gestrickt und abgekettet, danach das Vorderteil ebenso. Im Anschluss werden die beiden Seiten zusammen gen\u00e4ht und eine sch\u00f6ne, sichtbare Naht entsteht, die hervorragend zum Muster passt. Der Halsausschnitt wird offen gelassen, die Schultern mit Maschenstich zusammen gen\u00e4ht (entsprechende Videotutorials sind hinterlegt).<\/p>\n<p>Das Margaery Shirt besitzt einen klassischen U-Boot-Ausschnitt, den du nach deinem Geschmack gr\u00f6\u00dfer oder kleiner w\u00e4hlen kannst. Da du die Gr\u00f6\u00dfe deines Halsausschnittes und auch den Armumfang erst festlegen musst, bist du hier sehr flexibel.<\/p>\n<p>F\u00fcr die \u00c4rmel werden im Anschluss Maschen aus dem Armausschnitt aufgenommen und diese in Runden gestrickt. Die Anleitung sieht vor, dasselbe B\u00fcndchen wie beim Rumpf zu stricken. Du hast selbstverst\u00e4ndlich die M\u00f6glichkeit, die \u00c4rmel l\u00e4nger zu stricken (bedenke dann, dass du in diesem Fall mehr Garn ben\u00f6tigst).<\/p>\n<p>Der Margaery <strong>Tube<\/strong> ist ein in Runden gestrickter Schlauchschal mit den Ma\u00dfen von ca. 170cm x 26cm und ist eine ideale Erg\u00e4nzung zu diesem Shirt. Der Tube wird nach dem Maschenanschlag zur Runde geschlossen und geradeaus im Muster hoch gestrickt. Durch den Rundenstrick hast du immer die sch\u00f6ne Vorderseite des Musters sichtbar.<\/p>\n<p>Du brauchst f\u00fcr den Schlauchschal ca. 1050 m LL (in den Angaben der Tabelle wurde nur das Shirt ber\u00fccksichtigt!)<\/p>\n<p>Maschenprobe: 22Ma x 32 Rh = 10 cm<\/p>\n<p>Lana Grossa<br \/>\nSolo Lino (100% Leinen) 120m LL auf 50g<br \/>\noder<br \/>\nEcopuno (72% Baumwolle, 17% Schurwolle Merino, 11% Alpaka)<\/p>\n<p>Um die f\u00fcr dich richtige Gr\u00f6\u00dfe zu finden, solltest du deinen Brustumfang messen.<\/p>\n<p>Das Margaery Shirt f\u00e4llt nach dem Waschen und Spannen mit einer bequemen Mehrweite (positive ease) von ca. 5-15 cm aus.<br \/>\nBeispiel: wenn dein Brustumfang 95 cm misst, solltest du Gr\u00f6\u00dfe M w\u00e4hlen. Das Shirt in Gr. M hat einen Brustumfang nach dem Waschen und Spannen von ca. 110 cm.<\/p>\n<p>Gr\u00f6\u00dfen S \/ M \/ L \/ XL \/ XXL<br \/>\nBrustumfang Measurements Margaery 94 \/ 110 \/ 120 \/ 132 \/ 144<br \/>\nL\u00e4nge RT 55 \/ 56 \/ 58 \/ 62 \/ 65<br \/>\nArml\u00e4nge 5 \/ 5 \/ 6 \/ 7 \/ 7<br \/>\nArmumfang 32 \/ 32 \/ 36 \/ 38 \/ 40<\/p>\n<p>Garnmenge Laufl\u00e4nge \/ Amount of Yarn<br \/>\nGr. S ca. 750m<br \/>\nGr. M ca. 920m<br \/>\nGr. L ca. 1.080m<br \/>\nGr. XL ca. 1.200m<br \/>\nGr. XXL ca. 1.350m<br \/>\nf\u00fcr den Tube ca. 1.050m<\/p>\n<p>Der Download-Link f\u00fcr die Anleitung wird dir nach Bezahlung per Mail an die angegebene E-Mailadresse gesendet.<\/p>\n<p>The <strong>Margaery Shirt<\/strong> is a delicate shirt with a beautiful lace pattern and is worked bottom up. First, the back is worked flat and bound off, then the front is worked the same way. Thereafter, both pieces are sewn together at the sides and a beautiful, visible seam is created that perfectly matches the pattern. The neckline is kept open, the shoulders are sewn together with the Kitchener stitch (video tutorials are available).<\/p>\n<p>Margaery Shirt has a classic boat neckline that you can work larger or smaller. Since the front and back are sewn together, you can decide on the size of the neckline and armholes at the end.<\/p>\n<p>You pick up stitches for the sleeves around the armholes, which are then worked in rounds. The pattern suggests knitting the same cuffs as for the body. Of course, you can work the sleeves longer if you want (please note that you will need more yarn in this case).<\/p>\n<p>The <strong>Margaery Tube<\/strong> is a tube scarf worked in rounds, measuring approx. 170 cm x 26 cm and is the perfect addition to this shirt. Once the stitches have been cast on, the tube is closed to the round and is worked bottom up in pattern. Due to working in rounds, you only see the beautiful side and no wrong side.<\/p>\n<p>For the tube scarf, you\u2019ll need approx. 1050 m yarn.<\/p>\n<p>&nbsp;<\/p>","protected":false},"excerpt":{"rendered":"<p>Das Margaery Shirt ist ein leichtes Shirt mit sch\u00f6nem Lacemuster und wird von unten nach oben gestrickt. Zuerst wird das R\u00fcckenteil in Hin- und R\u00fcckreihen gestrickt und abgekettet, danach das Vorderteil ebenso. Im Anschluss werden die beiden Seiten zusammen gen\u00e4ht und eine sch\u00f6ne, sichtbare Naht entsteht, die hervorragend zum Muster passt. Der Halsausschnitt wird offen gelassen, die Schultern mit Maschenstich zusammen gen\u00e4ht (entsprechende Videotutorials sind hinterlegt). Das Margaery Shirt besitzt einen klassischen U-Boot-Ausschnitt, den du nach deinem Geschmack gr\u00f6\u00dfer oder kleiner w\u00e4hlen kannst. Da du die Gr\u00f6\u00dfe deines Halsausschnittes und auch den Armumfang erst festlegen musst, bist du hier sehr flexibel. F\u00fcr die \u00c4rmel werden im Anschluss Maschen aus dem Armausschnitt aufgenommen und diese in Runden gestrickt. Die Anleitung sieht vor, dasselbe B\u00fcndchen wie beim Rumpf zu stricken. Du hast selbstverst\u00e4ndlich die M\u00f6glichkeit, die \u00c4rmel l\u00e4nger zu stricken (bedenke dann, dass du in diesem Fall mehr Garn ben\u00f6tigst). Der Margaery Tube ist ein in Runden gestrickter Schlauchschal mit den Ma\u00dfen von ca. 170cm x 26cm und ist eine ideale Erg\u00e4nzung zu diesem Shirt. Der Tube wird nach dem Maschenanschlag zur Runde geschlossen und geradeaus im Muster hoch gestrickt. Durch den Rundenstrick hast du immer die sch\u00f6ne Vorderseite des Musters sichtbar. Du brauchst f\u00fcr den Schlauchschal ca. 1050 m LL (in den Angaben der Tabelle wurde nur das Shirt ber\u00fccksichtigt!) Maschenprobe: 22Ma x 32 Rh = 10 cm Lana Grossa Solo Lino (100% Leinen) 120m LL auf 50g oder Ecopuno (72% Baumwolle, 17% Schurwolle Merino, 11% Alpaka) Um die f\u00fcr dich richtige Gr\u00f6\u00dfe zu finden, solltest du deinen Brustumfang messen. Das Margaery Shirt f\u00e4llt nach dem Waschen und Spannen mit einer bequemen Mehrweite (positive ease) von ca. 5-15 cm aus. Beispiel: wenn dein Brustumfang 95 cm misst, solltest du Gr\u00f6\u00dfe M w\u00e4hlen. Das Shirt in Gr. M hat einen Brustumfang nach dem Waschen und Spannen von ca. 110 cm. Gr\u00f6\u00dfen S \/ M \/ L \/ XL \/ XXL Brustumfang Measurements Margaery 94 \/ 110 \/ 120 \/ 132 \/ 144 L\u00e4nge RT 55 \/ 56 \/ 58 \/ 62 \/ 65 Arml\u00e4nge 5 \/ 5 \/ 6 \/ 7 \/ 7 Armumfang 32 \/ 32 \/ 36 \/ 38 \/ 40 Garnmenge Laufl\u00e4nge \/ Amount of Yarn Gr. S ca. 750m Gr. M ca. 920m Gr. L ca. 1.080m Gr. XL ca. 1.200m Gr. XXL ca. 1.350m f\u00fcr den Tube ca. 1.050m Der Download-Link f\u00fcr die Anleitung wird dir nach Bezahlung per Mail an die angegebene E-Mailadresse gesendet. The Margaery Shirt is a delicate shirt with a beautiful lace pattern and is worked bottom up. First, the back is worked flat and bound off, then the front is worked the same way. Thereafter, both pieces are sewn together at the sides and a beautiful, visible seam is created that perfectly matches the pattern. The neckline is kept open, the shoulders are sewn together with the Kitchener stitch (video tutorials are available). Margaery Shirt has a classic boat neckline that you can work larger or smaller. Since the front and back are sewn together, you can decide on the size of the neckline and armholes at the end. You pick up stitches for the sleeves around the armholes, which are then worked in rounds. The pattern suggests knitting the same cuffs as for the body. Of course, you can work the sleeves longer if you want (please note that you will need more yarn in this case). The Margaery Tube is a tube scarf worked in rounds, measuring approx. 170 cm x 26 cm and is the perfect addition to this shirt. Once the stitches have been cast on, the tube is closed to the round and is worked bottom up in pattern. Due to working in rounds, you only see the beautiful side and no wrong side. For the tube scarf, you\u2019ll need approx. 1050 m yarn. &nbsp;<\/p>","protected":false},"featured_media":5192,"comment_status":"open","ping_status":"closed","template":"","meta":{"_acf_changed":false},"product_brand":[],"product_cat":[100],"product_tag":[77],"class_list":{"0":"post-5495","1":"product","2":"type-product","3":"status-publish","4":"has-post-thumbnail","6":"product_cat-kleidung-strickdesigns","7":"product_tag-startseite","8":"product_shipping_class-kostenfrei","10":"first","11":"instock","12":"downloadable","13":"taxable","14":"shipping-taxable","15":"purchasable","16":"product-type-simple"},"acf":[],"_links":{"self":[{"href":"https:\/\/kerstinritter-knits.de\/en\/wp-json\/wp\/v2\/product\/5495","targetHints":{"allow":["GET"]}}],"collection":[{"href":"https:\/\/kerstinritter-knits.de\/en\/wp-json\/wp\/v2\/product"}],"about":[{"href":"https:\/\/kerstinritter-knits.de\/en\/wp-json\/wp\/v2\/types\/product"}],"replies":[{"embeddable":true,"href":"https:\/\/kerstinritter-knits.de\/en\/wp-json\/wp\/v2\/comments?post=5495"}],"wp:featuredmedia":[{"embeddable":true,"href":"https:\/\/kerstinritter-knits.de\/en\/wp-json\/wp\/v2\/media\/5192"}],"wp:attachment":[{"href":"https:\/\/kerstinritter-knits.de\/en\/wp-json\/wp\/v2\/media?parent=5495"}],"wp:term":[{"taxonomy":"product_brand","embeddable":true,"href":"https:\/\/kerstinritter-knits.de\/en\/wp-json\/wp\/v2\/product_brand?post=5495"},{"taxonomy":"product_cat","embeddable":true,"href":"https:\/\/kerstinritter-knits.de\/en\/wp-json\/wp\/v2\/product_cat?post=5495"},{"taxonomy":"product_tag","embeddable":true,"href":"https:\/\/kerstinritter-knits.de\/en\/wp-json\/wp\/v2\/product_tag?post=5495"}],"curies":[{"name":"wp","href":"https:\/\/api.w.org\/{rel}","templated":true}]}}