{"id":6676,"date":"2025-09-03T14:35:12","date_gmt":"2025-09-03T12:35:12","guid":{"rendered":"https:\/\/kerstinritter-knits.de\/?post_type=product&#038;p=6676"},"modified":"2025-10-16T12:51:12","modified_gmt":"2025-10-16T10:51:12","slug":"ellaria-scarf","status":"publish","type":"product","link":"https:\/\/kerstinritter-knits.de\/en\/product\/ellaria-scarf\/","title":{"rendered":"ELLARIA Scarf"},"content":{"rendered":"<p>Der Ellaria Scarf ist ein schmaler, langer Schal mit dem wundersch\u00f6nen Muster des Ellaria Shirts.<\/p>\n<p>Der Scarf wird von der Spitze aus gestrickt. Auf beiden Seiten werden regelm\u00e4\u00dfig Maschen zugenommen und eine sch\u00f6ne Kante gestrickt. Wenn die Breite erreicht ist, geht es ohne Zunahmen weiter, nach der H\u00e4lfte deines Garnes wird die Mitte markiert und gegengleich zur anderen Spitze gestrickt, danach abgekettet.<\/p>\n<p>Der Ellaria Scarf ist auch ideal, um Garn aus dem Stash oder Reste zu verstricken. Du kannst den Scarf auch breiter oder l\u00e4nger stricken \u2013 je nach Vorliebe oder Garnvorrat.<\/p>\n<p>Je nach Garn und Nadelst\u00e4rke kann die Gr\u00f6\u00dfe und das Gewicht variieren. Falls du den Ellaria Scarf mit einem dicken Garn stricken m\u00f6chtest, erh\u00e4ltst du damit automatisch einen gro\u00dfen, langen Schal \u2013 die Anleitung ist fast dieselbe. Bei meinem gro\u00dfen Modell habe ich 3 Str\u00e4nge \u201eBig Merino Hug\u201c (Fb. \u201eAmethyst\u201c) von Rosy Green Wool mit Nd 5,0 verstrickt (= insgesamt a. 480m Laufl\u00e4nge).<\/p>\n<p>Ma\u00dfe:\u00a0\u00a0\u00a0 klein: ca. 170cm lang, 20cm breit \/ gro\u00df: ca. 210cm lang, 30cm breit)<\/p>\n<p>Maschenprobe: 26Ma x 30Rh = 10 x 10 cm im Muster gestrickt nach dem Waschen <u>und<\/u> vorsichtigem Spannen.<\/p>\n<p>Nadeln: 3,0 \u2013 3,5 oder 5,0 &#8211; 5,5<\/p>\n<p>Verbrauch: klein: ca. 360 m Laufl\u00e4nge gro\u00df: ca. 480m Laufl\u00e4nge<\/p>\n<p>Zubeh\u00f6r\u00a0\u00a0\u00a0\u00a0\u00a0\u00a0\u00a0\u00a0\u00a0\u00a0\u00a0\u00a0\u00a0\u00a0\u00a0\u00a0\u00a0\u00a0\u00a0\u00a0\u00a0\u00a0\u00a0\u00a0\u00a0\u00a0\u00a0\u00a0\u00a0\u00a0\u00a0\u00a0\u00a0\u00a0\u00a0 3 Reihenz\u00e4hler und 4 Maschenmarkierer f\u00fcr die einzelnen Rapporte<\/p>\n<p><strong>Material\/Garnempfehlung<\/strong><\/p>\n<p><u>F\u00fcr den kleinen schmalen Scarf:<\/u><\/p>\n<p>Pascuali: \u00a0\u00a0\u00a0\u00a0\u00a0\u00a0\u00a0\u00a0\u00a0\u00a0\u00a0\u00a0\u00a0\u00a0\u00a0\u00a0\u00a0\u00a0\u00a0\u00a0\u00a0\u00a0 2 Kn\u00e4uel Saffira (hier Fb. \u201eschwarz\u201c)<\/p>\n<p>Schwedenrot Yarns:\u00a0 \u00a0 \u00a0 1 Strang Lux Yak (hier Fb. \u201enatural grey\u201c)<\/p>\n<p>Fiberpassion:\u00a0 \u00a0 \u00a0 \u00a0 \u00a0 \u00a0 \u00a0 \u00a0 1 Strang Mystic Silk Light (hier Fb. \u201eKarmen\u201c)<\/p>\n<p>die Anleitung erh\u00e4ltst du per Download nach Zahlungseingang per email.<\/p>\n<p>__________________________________________________________________________________________________________________________<\/p>\n<p>Ellaria Scarf is a slim, long scarf with the beautiful pattern of the Ellaria Shirt. The scarf is worked from the tip. Stitches are increased regularly on both sides for a neat edge. Once the width has been reached, continue without increases. When you have used half of your yarn, mark the centre and work in the opposite direction to the other tip, then bind off.<\/p>\n<p>&nbsp;<\/p>\n<p>The Ellaria Scarf is also ideal for using up yarn from your stash or leftovers. You can also work the scarf wider or longer, depending on your preference or the amount of yarn you have available.<\/p>\n<p>Depending on the yarn and needle size, the size and weight may vary. If you want to use thick yarn to make the Ellaria Scarf, you will automatically end up with a large, long scarf \u2013 the pattern is the same. For my large model, I used 3 skeins \u201cBig Merino Hug\u201d (col \u201camethyst\u201d) of Rosy Green Wool&#8217;s \u2018Big Merino Hug\u2019 with 5 mm needles (approx. 480 m total length).<\/p>\n<p>Measurements\u00a0\u00a0\u00a0 small: approx. 170 cm long, 20 cm wide \/ large: approx. 210 cm long, 30 cm wide<\/p>\n<p>Gauge\u00a0\u00a0\u00a0\u00a0\u00a0\u00a0\u00a0\u00a0\u00a0\u00a0\u00a0\u00a0\u00a0\u00a0 26 stitches x 30 rows = 10 x 10 cm in pattern after washing <u>and<\/u> gentle blocking<\/p>\n<p>Needles\u00a0\u00a0\u00a0\u00a0\u00a0\u00a0\u00a0\u00a0\u00a0\u00a0\u00a0\u00a0 3 \u2013 3,5 or 5,0 \u2013 5,5<\/p>\n<p>Amount\u00a0\u00a0\u00a0\u00a0\u00a0\u00a0\u00a0\u00a0\u00a0\u00a0\u00a0\u00a0\u00a0 Scarf: approx. 360 m meterage \/ Shawl: approx. 480m meterage<\/p>\n<p>Supplies\u00a0\u00a0\u00a0\u00a0\u00a0\u00a0\u00a0\u00a0\u00a0\u00a0\u00a0\u00a0 3 row counters and 4 stitch markers in between the single repeats<\/p>\n<p><strong>Material\/Recommended yarn<\/strong><\/p>\n<p><u>For the smaller scarf:<\/u><\/p>\n<p>Pascuali: \u00a0\u00a0\u00a0\u00a0\u00a0\u00a0\u00a0\u00a0\u00a0\u00a0\u00a0\u00a0\u00a0\u00a0\u00a0\u00a0\u00a0\u00a0\u00a0\u00a0\u00a0\u00a0 2 skeins Saffira<\/p>\n<p>Schwedenrot Yarns:\u00a0 \u00a0 \u00a0 1 skein Lux Yak (here in col. \u201enatural grey\u201c)<\/p>\n<p>Fiberpassion:\u00a0 \u00a0 \u00a0 \u00a0 \u00a0 \u00a0 \u00a0 \u00a0 1 skein Mystic Silk Light (here in col. \u201eKarmen\u201c)<\/p>\n<p>&nbsp;<\/p>\n<p>&nbsp;<\/p>","protected":false},"excerpt":{"rendered":"<p>Der Ellaria Scarf ist ein schmaler, langer Schal mit dem wundersch\u00f6nen Muster des Ellaria Shirts. Der Scarf wird von der Spitze aus gestrickt. Auf beiden Seiten werden regelm\u00e4\u00dfig Maschen zugenommen und eine sch\u00f6ne Kante gestrickt. Wenn die Breite erreicht ist, geht es ohne Zunahmen weiter, nach der H\u00e4lfte deines Garnes wird die Mitte markiert und gegengleich zur anderen Spitze gestrickt, danach abgekettet. Der Ellaria Scarf ist auch ideal, um Garn aus dem Stash oder Reste zu verstricken. Du kannst den Scarf auch breiter oder l\u00e4nger stricken \u2013 je nach Vorliebe oder Garnvorrat. Je nach Garn und Nadelst\u00e4rke kann die Gr\u00f6\u00dfe und das Gewicht variieren. Falls du den Ellaria Scarf mit einem dicken Garn stricken m\u00f6chtest, erh\u00e4ltst du damit automatisch einen gro\u00dfen, langen Schal \u2013 die Anleitung ist fast dieselbe. Bei meinem gro\u00dfen Modell habe ich 3 Str\u00e4nge \u201eBig Merino Hug\u201c (Fb. \u201eAmethyst\u201c) von Rosy Green Wool mit Nd 5,0 verstrickt (= insgesamt a. 480m Laufl\u00e4nge). Ma\u00dfe:\u00a0\u00a0\u00a0 klein: ca. 170cm lang, 20cm breit \/ gro\u00df: ca. 210cm lang, 30cm breit) Maschenprobe: 26Ma x 30Rh = 10 x 10 cm im Muster gestrickt nach dem Waschen und vorsichtigem Spannen. Nadeln: 3,0 \u2013 3,5 oder 5,0 &#8211; 5,5 Verbrauch: klein: ca. 360 m Laufl\u00e4nge gro\u00df: ca. 480m Laufl\u00e4nge Zubeh\u00f6r\u00a0\u00a0\u00a0\u00a0\u00a0\u00a0\u00a0\u00a0\u00a0\u00a0\u00a0\u00a0\u00a0\u00a0\u00a0\u00a0\u00a0\u00a0\u00a0\u00a0\u00a0\u00a0\u00a0\u00a0\u00a0\u00a0\u00a0\u00a0\u00a0\u00a0\u00a0\u00a0\u00a0\u00a0\u00a0 3 Reihenz\u00e4hler und 4 Maschenmarkierer f\u00fcr die einzelnen Rapporte Material\/Garnempfehlung F\u00fcr den kleinen schmalen Scarf: Pascuali: \u00a0\u00a0\u00a0\u00a0\u00a0\u00a0\u00a0\u00a0\u00a0\u00a0\u00a0\u00a0\u00a0\u00a0\u00a0\u00a0\u00a0\u00a0\u00a0\u00a0\u00a0\u00a0 2 Kn\u00e4uel Saffira (hier Fb. \u201eschwarz\u201c) Schwedenrot Yarns:\u00a0 \u00a0 \u00a0 1 Strang Lux Yak (hier Fb. \u201enatural grey\u201c) Fiberpassion:\u00a0 \u00a0 \u00a0 \u00a0 \u00a0 \u00a0 \u00a0 \u00a0 1 Strang Mystic Silk Light (hier Fb. \u201eKarmen\u201c) die Anleitung erh\u00e4ltst du per Download nach Zahlungseingang per email. __________________________________________________________________________________________________________________________ Ellaria Scarf is a slim, long scarf with the beautiful pattern of the Ellaria Shirt. The scarf is worked from the tip. Stitches are increased regularly on both sides for a neat edge. Once the width has been reached, continue without increases. When you have used half of your yarn, mark the centre and work in the opposite direction to the other tip, then bind off. &nbsp; The Ellaria Scarf is also ideal for using up yarn from your stash or leftovers. You can also work the scarf wider or longer, depending on your preference or the amount of yarn you have available. Depending on the yarn and needle size, the size and weight may vary. If you want to use thick yarn to make the Ellaria Scarf, you will automatically end up with a large, long scarf \u2013 the pattern is the same. For my large model, I used 3 skeins \u201cBig Merino Hug\u201d (col \u201camethyst\u201d) of Rosy Green Wool&#8217;s \u2018Big Merino Hug\u2019 with 5 mm needles (approx. 480 m total length). Measurements\u00a0\u00a0\u00a0 small: approx. 170 cm long, 20 cm wide \/ large: approx. 210 cm long, 30 cm wide Gauge\u00a0\u00a0\u00a0\u00a0\u00a0\u00a0\u00a0\u00a0\u00a0\u00a0\u00a0\u00a0\u00a0\u00a0 26 stitches x 30 rows = 10 x 10 cm in pattern after washing and gentle blocking Needles\u00a0\u00a0\u00a0\u00a0\u00a0\u00a0\u00a0\u00a0\u00a0\u00a0\u00a0\u00a0 3 \u2013 3,5 or 5,0 \u2013 5,5 Amount\u00a0\u00a0\u00a0\u00a0\u00a0\u00a0\u00a0\u00a0\u00a0\u00a0\u00a0\u00a0\u00a0 Scarf: approx. 360 m meterage \/ Shawl: approx. 480m meterage Supplies\u00a0\u00a0\u00a0\u00a0\u00a0\u00a0\u00a0\u00a0\u00a0\u00a0\u00a0\u00a0 3 row counters and 4 stitch markers in between the single repeats Material\/Recommended yarn For the smaller scarf: Pascuali: \u00a0\u00a0\u00a0\u00a0\u00a0\u00a0\u00a0\u00a0\u00a0\u00a0\u00a0\u00a0\u00a0\u00a0\u00a0\u00a0\u00a0\u00a0\u00a0\u00a0\u00a0\u00a0 2 skeins Saffira Schwedenrot Yarns:\u00a0 \u00a0 \u00a0 1 skein Lux Yak (here in col. \u201enatural grey\u201c) Fiberpassion:\u00a0 \u00a0 \u00a0 \u00a0 \u00a0 \u00a0 \u00a0 \u00a0 1 skein Mystic Silk Light (here in col. \u201eKarmen\u201c) &nbsp; &nbsp;<\/p>","protected":false},"featured_media":6659,"comment_status":"open","ping_status":"closed","template":"","meta":{"_acf_changed":false},"product_brand":[],"product_cat":[99],"product_tag":[294,295,293,77],"class_list":{"0":"post-6676","1":"product","2":"type-product","3":"status-publish","4":"has-post-thumbnail","6":"product_cat-accessoires-strickdesigns","7":"product_tag-scarf","8":"product_tag-schal","9":"product_tag-shawl","10":"product_tag-startseite","11":"product_shipping_class-kostenfrei","13":"first","14":"instock","15":"downloadable","16":"taxable","17":"shipping-taxable","18":"purchasable","19":"product-type-simple"},"acf":[],"_links":{"self":[{"href":"https:\/\/kerstinritter-knits.de\/en\/wp-json\/wp\/v2\/product\/6676","targetHints":{"allow":["GET"]}}],"collection":[{"href":"https:\/\/kerstinritter-knits.de\/en\/wp-json\/wp\/v2\/product"}],"about":[{"href":"https:\/\/kerstinritter-knits.de\/en\/wp-json\/wp\/v2\/types\/product"}],"replies":[{"embeddable":true,"href":"https:\/\/kerstinritter-knits.de\/en\/wp-json\/wp\/v2\/comments?post=6676"}],"wp:featuredmedia":[{"embeddable":true,"href":"https:\/\/kerstinritter-knits.de\/en\/wp-json\/wp\/v2\/media\/6659"}],"wp:attachment":[{"href":"https:\/\/kerstinritter-knits.de\/en\/wp-json\/wp\/v2\/media?parent=6676"}],"wp:term":[{"taxonomy":"product_brand","embeddable":true,"href":"https:\/\/kerstinritter-knits.de\/en\/wp-json\/wp\/v2\/product_brand?post=6676"},{"taxonomy":"product_cat","embeddable":true,"href":"https:\/\/kerstinritter-knits.de\/en\/wp-json\/wp\/v2\/product_cat?post=6676"},{"taxonomy":"product_tag","embeddable":true,"href":"https:\/\/kerstinritter-knits.de\/en\/wp-json\/wp\/v2\/product_tag?post=6676"}],"curies":[{"name":"wp","href":"https:\/\/api.w.org\/{rel}","templated":true}]}}