{"id":7140,"date":"2025-09-22T16:08:33","date_gmt":"2025-09-22T14:08:33","guid":{"rendered":"https:\/\/kerstinritter-knits.de\/?post_type=product&#038;p=7140"},"modified":"2025-10-23T08:35:25","modified_gmt":"2025-10-23T06:35:25","slug":"ros-v-neck-dt-engl","status":"publish","type":"product","link":"https:\/\/kerstinritter-knits.de\/en\/product\/ros-v-neck-dt-engl\/","title":{"rendered":"ROS V-Neck"},"content":{"rendered":"<p>Der Ros V-Neck ist ein Sweater, der von oben nach unten gestrickt wird und sich durch einen sehr tiefen V-Ausschnitt auszeichnet. Der V-Ausschnitt wird durch ein zartes Muster und seiner wundersch\u00f6ner Kante zum Blickfang und sieht gro\u00dfartig \u00fcber eine Bluse oder Longsleeve aus. Er kann auch prima \u00fcber ein Top geworfen werden.<\/p>\n<p>Begonnen wird im Nacken mit der Halskante, danach werden an der Kante Maschen aufgenommen und die r\u00fcckseitige Passe gearbeitet. Die Maschen werden stillgelegt und an den Schultern werden neue Maschen f\u00fcr beide Vorderseiten aufgenommen und diese geformt. Der V-Ausschnitt wird dabei im Muster mitgestrickt und beide Vorderteile werden sp\u00e4ter zusammengefasst.<\/p>\n<p>Wenn die H\u00f6he der Armausschnitte erreicht ist, werden Vorder- und R\u00fcckenteil zusammengefasst und in Runden weiter gestrickt, dabei wird unter den Armen das Muster des V-Ausschnittes weiter gef\u00fchrt. Wenn die L\u00e4nge f\u00fcr das B\u00fcndchen erreicht ist, werden alle Maschen im Muster gestrickt, und so das B\u00fcndchen gearbeitet.<\/p>\n<p>Die \u00c4rmelmaschen werden aus dem Armausschnitt aufgenommen und ebenfalls komplett im Muster gestrickt.<\/p>\n<p>Du kannst die L\u00e4nge deines Rumpfes und der Arme individuell nach deiner Vorliebe bestimmen und stricken.<\/p>\n<p>Maschenprobe nach dem Waschen und Spannen: 20Ma x 24Rh\u00a0\u00a0\u00a0\u00a0\u00a0 = 10 x 10 cm glatt rechts<\/p>\n<p>Nadeln\u00a0\u00a0\u00a0\u00a0\u00a0\u00a0\u00a0\u00a0\u00a0\u00a0\u00a0\u00a0\u00a0\u00a0 4,00 (und 3,5 f\u00fcr die B\u00fcndchen)<\/p>\n<p>Verbrauch\u00a0 \u00a0 \u00a0 \u00a0 \u00a0 Gr. 1: 900m, Gr. 2: 1100m, Gr. 3: 1300 m Laufl\u00e4nge<\/p>\n<p>Ma\u00dfe:<\/p>\n<table>\n<tbody>\n<tr>\n<td width=\"152\">Ma\u00dfe in cm<\/td>\n<td width=\"103\"><strong>Gr. 1 (XS-S)<\/strong><\/td>\n<td width=\"85\"><strong>Gr. 2 (M-L)<\/strong><\/td>\n<td width=\"104\"><strong>Gr. 3 (XL-3XL)<\/strong><\/td>\n<\/tr>\n<tr>\n<td width=\"152\">Dein Brustumfang in cm<\/td>\n<td width=\"103\">74-89<\/td>\n<td width=\"85\">90-107<\/td>\n<td width=\"104\">108-130<\/td>\n<\/tr>\n<tr>\n<td width=\"152\">Brustumfang Ros<\/td>\n<td width=\"103\">120<\/td>\n<td width=\"85\">140<\/td>\n<td width=\"104\">160<\/td>\n<\/tr>\n<tr>\n<td width=\"152\">L\u00e4nge RT<\/td>\n<td width=\"103\">59<\/td>\n<td width=\"85\">60<\/td>\n<td width=\"104\">62<\/td>\n<\/tr>\n<tr>\n<td width=\"152\">Tiefe V-Ausschnitt<\/td>\n<td width=\"103\">35<\/td>\n<td width=\"85\">35<\/td>\n<td width=\"104\">35<\/td>\n<\/tr>\n<tr>\n<td width=\"152\">Arml\u00e4nge<\/td>\n<td width=\"103\">9<\/td>\n<td width=\"85\">11<\/td>\n<td width=\"104\">12<\/td>\n<\/tr>\n<tr>\n<td width=\"152\">Armumfang<\/td>\n<td width=\"103\">32<\/td>\n<td width=\"85\">36<\/td>\n<td width=\"104\">40<\/td>\n<\/tr>\n<\/tbody>\n<\/table>\n<p>Die Anleitung erh\u00e4ltst du in deutsch und englisch nach erfolgtem Zahlungseingang direkt per Email als Download.<\/p>\n<p>&#8212;&#8212;&#8212;&#8212;&#8212;&#8212;&#8212;&#8212;&#8212;&#8212;&#8212;&#8212;&#8212;&#8212;&#8212;&#8212;&#8212;&#8212;&#8212;&#8212;&#8212;&#8212;&#8212;&#8212;&#8212;&#8212;&#8212;&#8212;&#8212;&#8212;&#8212;&#8212;&#8212;&#8212;&#8212;&#8212;&#8212;&#8212;&#8212;&#8212;&#8212;&#8212;&#8212;&#8212;&#8212;&#8212;&#8212;&#8212;&#8212;&#8212;&#8212;&#8212;&#8212;&#8212;&#8212;&#8212;&#8212;&#8212;&#8212;&#8212;&#8212;&#8212;&#8212;&#8212;&#8212;&#8212;&#8212;&#8212;&#8212;-<\/p>\n<p>Ros V-Neck is a sweater that is worked top down and features a very deep V-neck. The V-neck is eye-catching thanks to its delicate pattern and beautiful edging, and looks great over a blouse or long-sleeved top. It can also be worn over a top.<\/p>\n<p>Start at the neck with the edge, then pick up stitches along this edge and work the back yoke. The stitches are placed on hold and new stitches are picked up at the shoulders for both front pieces, which are then shaped. At the same time, the V-neck is worked in pattern and both front pieces are joined later.<\/p>\n<p>Once the armhole height is reached, front and back pieces are joined and worked in rounds, continuing with the V-neck pattern under the arms. Once you reach the stated length, all stitches are worked in pattern to form the hem.<\/p>\n<p>The sleeve stitches are picked up around the armholes and are worked in pattern, too.<\/p>\n<p>The body and sleeves can be worked to your preferred length.<\/p>\n<p>Gauge\u00a0 \u00a0 \u00a0 \u00a0 \u00a0 \u00a0 \u00a0 \u00a0 \u00a0 \u00a0 \u00a0 \u00a0 \u00a0 after washing and blocking:<\/p>\n<p>20 stitches x 24 rows = 10 x 10 cm in stockinette stitch<\/p>\n<p>Recommended needles\u00a0\u00a0\u00a0\u00a0 4 mm (and 3,5 mm for the ribbings)<\/p>\n<p>Amount of yarn\u00a0\u00a0\u00a0\u00a0\u00a0\u00a0\u00a0\u00a0\u00a0 \u00a0\u00a0\u00a0\u00a0\u00a0\u00a0900 &#8211; 1300 m meterage<\/p>","protected":false},"excerpt":{"rendered":"<p>Der Ros V-Neck ist ein Sweater, der von oben nach unten gestrickt wird und sich durch einen sehr tiefen V-Ausschnitt auszeichnet. Der V-Ausschnitt wird durch ein zartes Muster und seiner wundersch\u00f6ner Kante zum Blickfang und sieht gro\u00dfartig \u00fcber eine Bluse oder Longsleeve aus. Er kann auch prima \u00fcber ein Top geworfen werden. Begonnen wird im Nacken mit der Halskante, danach werden an der Kante Maschen aufgenommen und die r\u00fcckseitige Passe gearbeitet. Die Maschen werden stillgelegt und an den Schultern werden neue Maschen f\u00fcr beide Vorderseiten aufgenommen und diese geformt. Der V-Ausschnitt wird dabei im Muster mitgestrickt und beide Vorderteile werden sp\u00e4ter zusammengefasst. Wenn die H\u00f6he der Armausschnitte erreicht ist, werden Vorder- und R\u00fcckenteil zusammengefasst und in Runden weiter gestrickt, dabei wird unter den Armen das Muster des V-Ausschnittes weiter gef\u00fchrt. Wenn die L\u00e4nge f\u00fcr das B\u00fcndchen erreicht ist, werden alle Maschen im Muster gestrickt, und so das B\u00fcndchen gearbeitet. Die \u00c4rmelmaschen werden aus dem Armausschnitt aufgenommen und ebenfalls komplett im Muster gestrickt. Du kannst die L\u00e4nge deines Rumpfes und der Arme individuell nach deiner Vorliebe bestimmen und stricken. Maschenprobe nach dem Waschen und Spannen: 20Ma x 24Rh\u00a0\u00a0\u00a0\u00a0\u00a0 = 10 x 10 cm glatt rechts Nadeln\u00a0\u00a0\u00a0\u00a0\u00a0\u00a0\u00a0\u00a0\u00a0\u00a0\u00a0\u00a0\u00a0\u00a0 4,00 (und 3,5 f\u00fcr die B\u00fcndchen) Verbrauch\u00a0 \u00a0 \u00a0 \u00a0 \u00a0 Gr. 1: 900m, Gr. 2: 1100m, Gr. 3: 1300 m Laufl\u00e4nge Ma\u00dfe: Ma\u00dfe in cm Gr. 1 (XS-S) Gr. 2 (M-L) Gr. 3 (XL-3XL) Dein Brustumfang in cm 74-89 90-107 108-130 Brustumfang Ros 120 140 160 L\u00e4nge RT 59 60 62 Tiefe V-Ausschnitt 35 35 35 Arml\u00e4nge 9 11 12 Armumfang 32 36 40 Die Anleitung erh\u00e4ltst du in deutsch und englisch nach erfolgtem Zahlungseingang direkt per Email als Download. &#8212;&#8212;&#8212;&#8212;&#8212;&#8212;&#8212;&#8212;&#8212;&#8212;&#8212;&#8212;&#8212;&#8212;&#8212;&#8212;&#8212;&#8212;&#8212;&#8212;&#8212;&#8212;&#8212;&#8212;&#8212;&#8212;&#8212;&#8212;&#8212;&#8212;&#8212;&#8212;&#8212;&#8212;&#8212;&#8212;&#8212;&#8212;&#8212;&#8212;&#8212;&#8212;&#8212;&#8212;&#8212;&#8212;&#8212;&#8212;&#8212;&#8212;&#8212;&#8212;&#8212;&#8212;&#8212;&#8212;&#8212;&#8212;&#8212;&#8212;&#8212;&#8212;&#8212;&#8212;&#8212;&#8212;&#8212;&#8212;&#8212;- Ros V-Neck is a sweater that is worked top down and features a very deep V-neck. The V-neck is eye-catching thanks to its delicate pattern and beautiful edging, and looks great over a blouse or long-sleeved top. It can also be worn over a top. Start at the neck with the edge, then pick up stitches along this edge and work the back yoke. The stitches are placed on hold and new stitches are picked up at the shoulders for both front pieces, which are then shaped. At the same time, the V-neck is worked in pattern and both front pieces are joined later. Once the armhole height is reached, front and back pieces are joined and worked in rounds, continuing with the V-neck pattern under the arms. Once you reach the stated length, all stitches are worked in pattern to form the hem. The sleeve stitches are picked up around the armholes and are worked in pattern, too. The body and sleeves can be worked to your preferred length. Gauge\u00a0 \u00a0 \u00a0 \u00a0 \u00a0 \u00a0 \u00a0 \u00a0 \u00a0 \u00a0 \u00a0 \u00a0 \u00a0 after washing and blocking: 20 stitches x 24 rows = 10 x 10 cm in stockinette stitch Recommended needles\u00a0\u00a0\u00a0\u00a0 4 mm (and 3,5 mm for the ribbings) Amount of yarn\u00a0\u00a0\u00a0\u00a0\u00a0\u00a0\u00a0\u00a0\u00a0 \u00a0\u00a0\u00a0\u00a0\u00a0\u00a0900 &#8211; 1300 m meterage<\/p>","protected":false},"featured_media":7204,"comment_status":"open","ping_status":"closed","template":"","meta":{"_acf_changed":false},"product_brand":[],"product_cat":[100,23],"product_tag":[77],"class_list":{"0":"post-7140","1":"product","2":"type-product","3":"status-publish","4":"has-post-thumbnail","6":"product_cat-kleidung-strickdesigns","7":"product_cat-strickdesigns","8":"product_tag-startseite","9":"product_shipping_class-kostenfrei","11":"first","12":"instock","13":"downloadable","14":"taxable","15":"shipping-taxable","16":"purchasable","17":"product-type-simple"},"acf":[],"_links":{"self":[{"href":"https:\/\/kerstinritter-knits.de\/en\/wp-json\/wp\/v2\/product\/7140","targetHints":{"allow":["GET"]}}],"collection":[{"href":"https:\/\/kerstinritter-knits.de\/en\/wp-json\/wp\/v2\/product"}],"about":[{"href":"https:\/\/kerstinritter-knits.de\/en\/wp-json\/wp\/v2\/types\/product"}],"replies":[{"embeddable":true,"href":"https:\/\/kerstinritter-knits.de\/en\/wp-json\/wp\/v2\/comments?post=7140"}],"wp:featuredmedia":[{"embeddable":true,"href":"https:\/\/kerstinritter-knits.de\/en\/wp-json\/wp\/v2\/media\/7204"}],"wp:attachment":[{"href":"https:\/\/kerstinritter-knits.de\/en\/wp-json\/wp\/v2\/media?parent=7140"}],"wp:term":[{"taxonomy":"product_brand","embeddable":true,"href":"https:\/\/kerstinritter-knits.de\/en\/wp-json\/wp\/v2\/product_brand?post=7140"},{"taxonomy":"product_cat","embeddable":true,"href":"https:\/\/kerstinritter-knits.de\/en\/wp-json\/wp\/v2\/product_cat?post=7140"},{"taxonomy":"product_tag","embeddable":true,"href":"https:\/\/kerstinritter-knits.de\/en\/wp-json\/wp\/v2\/product_tag?post=7140"}],"curies":[{"name":"wp","href":"https:\/\/api.w.org\/{rel}","templated":true}]}}