{"id":7744,"date":"2025-10-16T11:30:05","date_gmt":"2025-10-16T09:30:05","guid":{"rendered":"https:\/\/kerstinritter-knits.de\/?post_type=product&#038;p=7744"},"modified":"2025-12-30T11:27:23","modified_gmt":"2025-12-30T10:27:23","slug":"ramsay-shawl-unisex-schal","status":"publish","type":"product","link":"https:\/\/kerstinritter-knits.de\/en\/product\/ramsay-shawl-unisex-schal\/","title":{"rendered":"RAMSAY Shawl, unisex"},"content":{"rendered":"<p>Der Ramsay Shawl ist ein Schal, der sowohl M\u00e4nner und Frauen gleicherma\u00dfen gut steht. Er zeichnet sich durch seine geraden, klaren Linien aus, die dem Schal durch seine abwechselnd senkrechten Streifen eine tolle Struktur geben.<\/p>\n<p>Die Patentmaschen werden in dieser Anleitung als tiefergestochenes Patent gestrickt. Ansonsten werden nur rechte und \u00a0linke Maschen gestrickt. Die Randmaschen sind sehr eing\u00e4ngig und bilden eine sehr sch\u00f6ne Kante an den Seiten.<\/p>\n<p>Entsprechende Erkl\u00e4rungen, Videos und Abk\u00fcrzungen sind in der Anleitung enthalten.<\/p>\n<p>Ma\u00dfe\u00a0\u00a0\u00a0\u00a0\u00a0\u00a0\u00a0\u00a0\u00a0\u00a0\u00a0\u00a0\u00a0\u00a0\u00a0\u00a0 L\u00e4nge: 180 cm, Breite: 36 cm<\/p>\n<p>Maschenprobe\u00a0\u00a0\u00a0\u00a0 26 Ma x 48 Rh = 10 x 10 cm im Muster VOR dem Waschen <u>und<\/u> Trocknen(Bitte beachte, dass beim Z\u00e4hlen der Reihen eine sichtbare Patentmasche 2 Reihen entspricht!)<\/p>\n<p>Bitte wasche deine Maschenprobe auf jeden Fall \u2013 das Patentmuster hat ein ergiebiges Resultat und kann \u201eauseinander fallen\u201c, wenn die Nadelst\u00e4rke zu gro\u00df gew\u00e4hlt wurde!<\/p>\n<p>Nadeln \u00a0\u00a0\u00a0\u00a0\u00a0\u00a0\u00a0\u00a0\u00a0\u00a0\u00a0\u00a0\u00a0 3,5 \u2013 dieses Muster sollte eher eng gestrickt werden. Wenn du also zwischen 2 Nadelst\u00e4rken \u00fcberlegst, welche richtig ist, w\u00e4hle die D\u00fcnnere!<\/p>\n<p>Verbrauch\u00a0\u00a0\u00a0\u00a0\u00a0\u00a0\u00a0\u00a0\u00a0 ca. 960 m Laufl\u00e4nge<\/p>\n<p>Zubeh\u00f6r\u00a0\u00a0\u00a0\u00a0\u00a0\u00a0\u00a0\u00a0\u00a0\u00a0\u00a0\u00a0 evtl. Maschenmarkierer zwischen die einzelnen Rapporte<\/p>\n<p>Material\/Garnempfehlung<\/p>\n<p>Rosy Green Wool: \u00a0\u00a0\u00a0\u00a0\u00a0\u00a0\u00a0\u00a0\u00a0\u00a0\u00a0 Cheeky Merino Joy, 3 Str\u00e4nge<\/p>\n<p>(hier Farbe Fb. 133, Wave und Fb. 105, Blackberry Sorbet)<\/p>\n<p>Du kannst den Ramsay Shawl mit jedem anderen Garn stricken, das die gleiche Laufl\u00e4nge hat und eine \u00e4hnliche Zusammensetzung. Wenn du ihn mit einem Beilauffaden, z.B. Mohair, stricken m\u00f6chtest, ben\u00f6tigst du die Laufl\u00e4nge 2x.<\/p>\n<p>________________________________________________________________________________________<\/p>\n<p>Ramsay Shawl is a scarf that looks equally good on both men and women. It is characterised by its straight, clean lines, which give the scarf a great texture thanks to its alternating vertical stripes.<\/p>\n<p>The brioche stitches in this instruction are worked by stitching in the row below. Otherwise, only knit and purl stitches are used. The edge stitches are very easy to work and form a very attractive edge on the sides.<\/p>\n<p>All techniques, videos and abbreviations can be found on the last page.<\/p>\n<p>Measurements\u00a0\u00a0\u00a0\u00a0\u00a0\u00a0\u00a0\u00a0\u00a0\u00a0\u00a0\u00a0\u00a0\u00a0\u00a0 Length: 180 cm, width: 36 cm<\/p>\n<p>Gauge\u00a0\u00a0\u00a0\u00a0\u00a0\u00a0\u00a0\u00a0\u00a0\u00a0\u00a0\u00a0\u00a0\u00a0 \u00a0\u00a0\u00a0\u00a0\u00a0\u00a0\u00a0\u00a0\u00a0\u00a0\u00a0 26 stitches x 48 rows = 10 x 10 cm in pattern before washing <u>and<\/u> drying<\/p>\n<p>(Please note that when counting the rows, one visible patent stitch corresponds to 2 rows!)<\/p>\n<p>Please be sure to wash your swatch \u2013 the brioche stitch produces a rich result and can &#8222;fall apart&#8220; if the needle size is too large!<\/p>\n<p>Recommended needles\u00a0\u00a0\u00a0\u00a0 3,25 &#8211; 3,5 mm \u2013 this pattern should be worked fairly tightly. Hence, if you are unsure which of two needle sizes to use, choose the thinner one.<\/p>\n<p>Amount of yarn\u00a0 \u00a0 \u00a0 \u00a0 \u00a0 \u00a0 \u00a0 approx. 960 m meterage<\/p>\n<p>Supplies\u00a0\u00a0\u00a0\u00a0\u00a0\u00a0\u00a0\u00a0\u00a0\u00a0\u00a0\u00a0\u00a0\u00a0\u00a0\u00a0\u00a0\u00a0\u00a0\u00a0\u00a0\u00a0\u00a0\u00a0 possibly stitch markers in between the pattern repeats<\/p>\n<p><strong>Material\/Recommended yarn\u00a0\u00a0\u00a0\u00a0\u00a0\u00a0\u00a0\u00a0\u00a0\u00a0\u00a0\u00a0\u00a0\u00a0\u00a0\u00a0\u00a0\u00a0\u00a0\u00a0\u00a0\u00a0\u00a0\u00a0\u00a0\u00a0\u00a0\u00a0\u00a0\u00a0 \u00a0\u00a0\u00a0\u00a0\u00a0\u00a0\u00a0\u00a0\u00a0\u00a0\u00a0\u00a0 <\/strong><\/p>\n<p>Rosy Green Wool: \u00a0\u00a0\u00a0\u00a0\u00a0\u00a0\u00a0\u00a0\u00a0\u00a0 Cheeky Merino Joy, 3 skeins<\/p>\n<p>(here: in col. 133, Wave and col. 105, Blackberry Sorbet)<\/p>\n<p>You can knit the Ramsay Shawl with any other yarn that has the same yardage and a similar composition. If you want to knit it with a yarn filler, such as mohair, you&#8217;ll need twice the yardage.<\/p>\n<p>&nbsp;<\/p>\n<p>&nbsp;<\/p>","protected":false},"excerpt":{"rendered":"<p>Der Ramsay Shawl ist ein Schal, der sowohl M\u00e4nner und Frauen gleicherma\u00dfen gut steht. Er zeichnet sich durch seine geraden, klaren Linien aus, die dem Schal durch seine abwechselnd senkrechten Streifen eine tolle Struktur geben. Die Patentmaschen werden in dieser Anleitung als tiefergestochenes Patent gestrickt. Ansonsten werden nur rechte und \u00a0linke Maschen gestrickt. Die Randmaschen sind sehr eing\u00e4ngig und bilden eine sehr sch\u00f6ne Kante an den Seiten. Entsprechende Erkl\u00e4rungen, Videos und Abk\u00fcrzungen sind in der Anleitung enthalten. Ma\u00dfe\u00a0\u00a0\u00a0\u00a0\u00a0\u00a0\u00a0\u00a0\u00a0\u00a0\u00a0\u00a0\u00a0\u00a0\u00a0\u00a0 L\u00e4nge: 180 cm, Breite: 36 cm Maschenprobe\u00a0\u00a0\u00a0\u00a0 26 Ma x 48 Rh = 10 x 10 cm im Muster VOR dem Waschen und Trocknen(Bitte beachte, dass beim Z\u00e4hlen der Reihen eine sichtbare Patentmasche 2 Reihen entspricht!) Bitte wasche deine Maschenprobe auf jeden Fall \u2013 das Patentmuster hat ein ergiebiges Resultat und kann \u201eauseinander fallen\u201c, wenn die Nadelst\u00e4rke zu gro\u00df gew\u00e4hlt wurde! Nadeln \u00a0\u00a0\u00a0\u00a0\u00a0\u00a0\u00a0\u00a0\u00a0\u00a0\u00a0\u00a0\u00a0 3,5 \u2013 dieses Muster sollte eher eng gestrickt werden. Wenn du also zwischen 2 Nadelst\u00e4rken \u00fcberlegst, welche richtig ist, w\u00e4hle die D\u00fcnnere! Verbrauch\u00a0\u00a0\u00a0\u00a0\u00a0\u00a0\u00a0\u00a0\u00a0 ca. 960 m Laufl\u00e4nge Zubeh\u00f6r\u00a0\u00a0\u00a0\u00a0\u00a0\u00a0\u00a0\u00a0\u00a0\u00a0\u00a0\u00a0 evtl. Maschenmarkierer zwischen die einzelnen Rapporte Material\/Garnempfehlung Rosy Green Wool: \u00a0\u00a0\u00a0\u00a0\u00a0\u00a0\u00a0\u00a0\u00a0\u00a0\u00a0 Cheeky Merino Joy, 3 Str\u00e4nge (hier Farbe Fb. 133, Wave und Fb. 105, Blackberry Sorbet) Du kannst den Ramsay Shawl mit jedem anderen Garn stricken, das die gleiche Laufl\u00e4nge hat und eine \u00e4hnliche Zusammensetzung. Wenn du ihn mit einem Beilauffaden, z.B. Mohair, stricken m\u00f6chtest, ben\u00f6tigst du die Laufl\u00e4nge 2x. ________________________________________________________________________________________ Ramsay Shawl is a scarf that looks equally good on both men and women. It is characterised by its straight, clean lines, which give the scarf a great texture thanks to its alternating vertical stripes. The brioche stitches in this instruction are worked by stitching in the row below. Otherwise, only knit and purl stitches are used. The edge stitches are very easy to work and form a very attractive edge on the sides. All techniques, videos and abbreviations can be found on the last page. Measurements\u00a0\u00a0\u00a0\u00a0\u00a0\u00a0\u00a0\u00a0\u00a0\u00a0\u00a0\u00a0\u00a0\u00a0\u00a0 Length: 180 cm, width: 36 cm Gauge\u00a0\u00a0\u00a0\u00a0\u00a0\u00a0\u00a0\u00a0\u00a0\u00a0\u00a0\u00a0\u00a0\u00a0 \u00a0\u00a0\u00a0\u00a0\u00a0\u00a0\u00a0\u00a0\u00a0\u00a0\u00a0 26 stitches x 48 rows = 10 x 10 cm in pattern before washing and drying (Please note that when counting the rows, one visible patent stitch corresponds to 2 rows!) Please be sure to wash your swatch \u2013 the brioche stitch produces a rich result and can &#8222;fall apart&#8220; if the needle size is too large! Recommended needles\u00a0\u00a0\u00a0\u00a0 3,25 &#8211; 3,5 mm \u2013 this pattern should be worked fairly tightly. Hence, if you are unsure which of two needle sizes to use, choose the thinner one. Amount of yarn\u00a0 \u00a0 \u00a0 \u00a0 \u00a0 \u00a0 \u00a0 approx. 960 m meterage Supplies\u00a0\u00a0\u00a0\u00a0\u00a0\u00a0\u00a0\u00a0\u00a0\u00a0\u00a0\u00a0\u00a0\u00a0\u00a0\u00a0\u00a0\u00a0\u00a0\u00a0\u00a0\u00a0\u00a0\u00a0 possibly stitch markers in between the pattern repeats Material\/Recommended yarn\u00a0\u00a0\u00a0\u00a0\u00a0\u00a0\u00a0\u00a0\u00a0\u00a0\u00a0\u00a0\u00a0\u00a0\u00a0\u00a0\u00a0\u00a0\u00a0\u00a0\u00a0\u00a0\u00a0\u00a0\u00a0\u00a0\u00a0\u00a0\u00a0\u00a0 \u00a0\u00a0\u00a0\u00a0\u00a0\u00a0\u00a0\u00a0\u00a0\u00a0\u00a0\u00a0 Rosy Green Wool: \u00a0\u00a0\u00a0\u00a0\u00a0\u00a0\u00a0\u00a0\u00a0\u00a0 Cheeky Merino Joy, 3 skeins (here: in col. 133, Wave and col. 105, Blackberry Sorbet) You can knit the Ramsay Shawl with any other yarn that has the same yardage and a similar composition. If you want to knit it with a yarn filler, such as mohair, you&#8217;ll need twice the yardage. &nbsp; &nbsp;<\/p>","protected":false},"featured_media":7765,"comment_status":"open","ping_status":"closed","template":"","meta":{"_acf_changed":false},"product_brand":[],"product_cat":[99],"product_tag":[294,295,293,77],"class_list":{"0":"post-7744","1":"product","2":"type-product","3":"status-publish","4":"has-post-thumbnail","6":"product_cat-accessoires-strickdesigns","7":"product_tag-scarf","8":"product_tag-schal","9":"product_tag-shawl","10":"product_tag-startseite","11":"product_shipping_class-kostenfrei","13":"first","14":"instock","15":"downloadable","16":"taxable","17":"shipping-taxable","18":"purchasable","19":"product-type-simple"},"acf":[],"_links":{"self":[{"href":"https:\/\/kerstinritter-knits.de\/en\/wp-json\/wp\/v2\/product\/7744","targetHints":{"allow":["GET"]}}],"collection":[{"href":"https:\/\/kerstinritter-knits.de\/en\/wp-json\/wp\/v2\/product"}],"about":[{"href":"https:\/\/kerstinritter-knits.de\/en\/wp-json\/wp\/v2\/types\/product"}],"replies":[{"embeddable":true,"href":"https:\/\/kerstinritter-knits.de\/en\/wp-json\/wp\/v2\/comments?post=7744"}],"wp:featuredmedia":[{"embeddable":true,"href":"https:\/\/kerstinritter-knits.de\/en\/wp-json\/wp\/v2\/media\/7765"}],"wp:attachment":[{"href":"https:\/\/kerstinritter-knits.de\/en\/wp-json\/wp\/v2\/media?parent=7744"}],"wp:term":[{"taxonomy":"product_brand","embeddable":true,"href":"https:\/\/kerstinritter-knits.de\/en\/wp-json\/wp\/v2\/product_brand?post=7744"},{"taxonomy":"product_cat","embeddable":true,"href":"https:\/\/kerstinritter-knits.de\/en\/wp-json\/wp\/v2\/product_cat?post=7744"},{"taxonomy":"product_tag","embeddable":true,"href":"https:\/\/kerstinritter-knits.de\/en\/wp-json\/wp\/v2\/product_tag?post=7744"}],"curies":[{"name":"wp","href":"https:\/\/api.w.org\/{rel}","templated":true}]}}