{"id":8697,"date":"2025-11-05T17:22:46","date_gmt":"2025-11-05T16:22:46","guid":{"rendered":"https:\/\/kerstinritter-knits.de\/?post_type=product&#038;p=8697"},"modified":"2026-01-29T19:49:35","modified_gmt":"2026-01-29T18:49:35","slug":"ros-v-shawl-dt-engl","status":"publish","type":"product","link":"https:\/\/kerstinritter-knits.de\/en\/product\/ros-v-shawl-dt-engl\/","title":{"rendered":"ROS V-SHAWL, dt.\/engl."},"content":{"rendered":"<p>Der Ros V-Shawl ist ein asymmetrisches, gro\u00dfes Dreieckstuch mit wundersch\u00f6nen Kaffeeb\u00f6hnchenmuster und passt ideal zum Ros V-Neck Sweater und zu den Ros fingerless mittens (= Release ebenfalls 14.11.25).<\/p>\n<p>Das Tuch wird von der Spitze aus gestrickt und bekommt durch die Randmaschen wundersch\u00f6ne Kanten. An der linken Kante werden regelm\u00e4\u00dfig Maschen zugenommen. Das Kaffeeb\u00f6hnchenmuster wird in die zugenommenen Maschen mit eingebaut.<\/p>\n<p>Nach einer gewissen H\u00f6he wird ein \u201eV\u201c in glatt rechts eingestrickt.<\/p>\n<p>Wenn der Hauptteil beendet ist, werden Maschen f\u00fcr die kontrastfarbene Kante zugenommen, die senkrecht zum Schal gestrickt wird. Als besonderer Eyecatcher werden diese Maschen in einer Kontrastfarbe gearbeitet &#8211; du kannst selbstverst\u00e4ndlich entscheiden, das Tuch einfarbig\/uni zu stricken. Die Kante wird in einem einfachen Vorgang an den Schal fest gestrickt. Dieser Vorgang wird explizit beschrieben und ist mit einem Video in der Anleitung hinterlegt.<\/p>\n<p>Ich empfehle dir aufgrund des Musters, deinen Ros V-Shawl nach Fertigstellung unbedingt zu waschen und zu spannen, da sich die ganze Sch\u00f6nheit des Musters und Fall der Wolle erst danach richtig entfaltet.<\/p>\n<p>Ma\u00dfe:<\/p>\n<p>gewaschen\/gespannt\u00a0 \u00a0 \u00a0 \u00a0 \u00a0 \u00a0 \u00a0 \u00a0 190 x 166 x 105 cm (ungewaschen 150 x 140 x 98 cm)<\/p>\n<p>Maschenprobe\u00a0 \u00a0 \u00a0 \u00a0 \u00a0 \u00a0 \u00a0 \u00a0 \u00a0 \u00a0 \u00a0 \u00a0 \u00a0 20Ma x 24Rh = 10 x 10 cm glatt rechts, nach dem Waschen <u>und<\/u> Spannen<\/p>\n<p>Nadeln\u00a0 \u00a0 \u00a0 \u00a0 \u00a0 \u00a0 \u00a0 \u00a0 \u00a0 \u00a0 \u00a0 \u00a0 \u00a0 \u00a0 \u00a0 \u00a0 \u00a0 \u00a0 \u00a0 \u00a04,0 und 3,75 f\u00fcr die Kante am Ende (wenn du mit der Maschenprobe nicht hinkommst, w\u00e4hle eine andere Nadelst\u00e4rke<\/p>\n<p>Zubeh\u00f6r\u00a0 \u00a0 \u00a0 \u00a0 \u00a0 \u00a0 \u00a0 \u00a0 \u00a0 \u00a0 \u00a0 \u00a0 \u00a0 \u00a0 \u00a0 \u00a0 \u00a0 \u00a0 \u00a02 Maschenmarkierer, 2 Nadeln vom Nadelspiel 3,75<\/p>\n<p>Garnempfehlung: Lang Yarns &#8211; der komplette Schal wird zweif\u00e4dig gestrickt: mit je 1 Faden Baby Alpaka und 1 Faden Lace.<\/p>\n<p>Verbrauch\u00a0 \u00a0 \u00a0 \u00a0 \u00a0 \u00a0 \u00a0 \u00a0 \u00a0 \u00a0 \u00a0 \u00a0 \u00a0 \u00a0 \u00a0 \u00a0 \u00a0 Gesamtlaufl\u00e4nge bzw. einfarbig gestrickt: ca. 1080 m Laufl\u00e4nge, zweif\u00e4dig gestrickt (je Garn 1080m).<\/p>\n<p>zweifarbig: ca. 930m LL jeweils f\u00fcr die Hauptfarbe (HF) und ca. 150m LL jeweils f\u00fcr die Kontrastfarbe (KF)<\/p>\n<p>Anzahl Kn\u00e4uel zweifarbig:<\/p>\n<p>In der Hauptfarbe (hier: grau) 930m LL, das entspricht: 6x Baby Alpaka und 3x Lace.<\/p>\n<p>Danach w\u00e4hlst du die Kontrastfarbe (hier: pink) 150m LL, das entspricht 1x Baby Alpaka und 1x Lace.<\/p>\n<p>Wenn du einfarbig stricken m\u00f6chtest, ben\u00f6tigst du 7x Baby Alpaka und 4x Lace.<\/p>\n<p><span style=\"color: #800080;\">Die Anleitung bekommst du nach erfolgtem Zahlungseingang per Email als Download zugeschickt.<\/span><\/p>\n<p>&nbsp;<\/p>\n<p>Ros V-Shawl is an asymmetrical, large triangular shawl with a beautiful coffee bean pattern and goes perfectly with the Ros V-Neck Sweater an the cute Ros fingerless mittens.<\/p>\n<p>The shawl is worked from the tip and has beautiful edges thanks to the edge stitches. Stitches are increased regularly along the left edge. The coffee bean pattern is incorporated into the increased stitches.<\/p>\n<p>After a certain height, a \u2018V\u2019 is worked in stockinette stitch.<\/p>\n<p>Once the main section is complete, stitches are increased for the contrasting edge, which is worked vertically to the shawl. These stitches are worked in a contrasting colour to create a special eye-catching effect \u2013 but you can of course choose to work the shawl in one colour. The edge is worked onto the shawl in a simple process. This process is described in detail and is accompanied by a video in the instructions.<\/p>\n<p>Due to the pattern, I recommend that you wash and block your Ros V-Shawl after completion, as the full beauty of the pattern and drape of the wool will only really unfold afterwards.<\/p>\n<p>Measurements:<\/p>\n<p>washed\/blocked\u00a0 \u00a0\u00a0\u00a0\u00a0\u00a0\u00a0\u00a0\u00a0\u00a0\u00a0\u00a0\u00a0\u00a0\u00a0\u00a0\u00a0\u00a0\u00a0\u00a0\u00a0\u00a0\u00a0\u00a0 190 x 166 x 105 cm (before washing 150 x 140 x 98 cm)<\/p>\n<p>Gauge\u00a0 \u00a0 \u00a0 \u00a0 \u00a0 \u00a0 \u00a0 \u00a0 \u00a0 \u00a0 \u00a0 \u00a0 \u00a0 \u00a0 \u00a0 \u00a0 \u00a0 \u00a0 \u00a0 \u00a0 \u00a0 20 stitches x 24 rows = 10 x 10 cm in stockinette stitch, afterwashing <u>and<\/u> blocking<\/p>\n<p>Recommended needles\u00a0 \u00a0 \u00a0 \u00a0 \u00a0 \u00a0 \u00a0 \u00a04 mm \u2013<\/p>\n<p>if you are a tight knitter, choose a larger needle size &#8211;<br \/>\n3,75 mm for the edge at the end<\/p>\n<p>Supplies\u00a0\u00a0\u00a0\u00a0\u00a0\u00a0\u00a0\u00a0\u00a0\u00a0\u00a0\u00a0\u00a0\u00a0\u00a0\u00a0\u00a0\u00a0\u00a0\u00a0\u00a0\u00a0\u00a0\u00a0\u00a0\u00a0\u00a0\u00a0\u00a0\u00a0\u00a0\u00a0\u00a0\u00a0\u00a0\u00a0 2 stitch markers, 2 dpns 3,75 mm<\/p>\n<p>Amount of yarn\u00a0 \u00a0 \u00a0 \u00a0 \u00a0 \u00a0 \u00a0 \u00a0 \u00a0 \u00a0 \u00a0 \u00a0 \u00a0in total: approx. 1080 m meterage, held double (1080 m per yarn).<\/p>\n<p>2-threads: approx. 930 m meterage (main colour), approx. 150 m (contrasting colour)<\/p>\n<p>The original shawl is worked with double thread: 1 thread Baby Alpaka and 1 thread Lace.<\/p>\n<p>If you want to work with 2 threads, as the original, you need:<\/p>\n<p>For the main colour (MC) (here: in col. grey): the stated number of skeins of Baby Alpaka (6x) and Lace (3x).<\/p>\n<p>For the contrasting colour (CC) (here: in col. pink): the stated amount of yarn for both threads (Baby Alpaka (1x) and Lace (1x).<\/p>\n<p><strong>Material\/Recommended yarn\u00a0\u00a0\u00a0 \u00a0\u00a0\u00a0\u00a0\u00a0\u00a0\u00a0\u00a0\u00a0\u00a0\u00a0\u00a0\u00a0\u00a0\u00a0\u00a0\u00a0\u00a0\u00a0\u00a0\u00a0\u00a0\u00a0\u00a0\u00a0\u00a0 \u00a0\u00a0\u00a0\u00a0\u00a0\u00a0\u00a0\u00a0\u00a0\u00a0\u00a0\u00a0\u00a0\u00a0\u00a0\u00a0\u00a0\u00a0\u00a0\u00a0\u00a0\u00a0\u00a0\u00a0\u00a0\u00a0 Amount of yarn<\/strong><\/p>\n<p>Lang Yarns \/ 2-threads:\u00a0\u00a0\u00a0\u00a0\u00a0\u00a0\u00a0\u00a0\u00a0\u00a0\u00a0\u00a0\u00a0\u00a0\u00a0 Baby Alpaka &amp; Lace\u00a0\u00a0\u00a0\u00a0\u00a0\u00a0\u00a0\u00a0\u00a0\u00a0\u00a0\u00a0\u00a0\u00a0\u00a0\u00a0\u00a0\u00a0\u00a0\u00a0\u00a0\u00a0\u00a0 in total 1080 m meterage <u>each <\/u>Number of skeins:<\/p>\n<p>Baby Alpaka\u00a0 \u00a0 \u00a0 \u00a0 \u00a0 \u00a0 \u00a0 \u00a0 \u00a0 \u00a0 \u00a0 \u00a0 \u00a0 \u00a0 \u00a0 \u00a0 6 skeins (MC)\u00a0\u00a0\u00a0\u00a0\u00a0 1 skeins (CC)<\/p>\n<p>Lace\u00a0 \u00a0 \u00a0 \u00a0 \u00a0 \u00a0 \u00a0 \u00a0 \u00a0 \u00a0 \u00a0 \u00a0 \u00a0 \u00a0 \u00a0 \u00a0 \u00a0 \u00a0 \u00a0 \u00a0 \u00a0 \u00a0 3 skeins (MC)\u00a0\u00a0\u00a0\u00a0\u00a0 1 skein (CC)<\/p>","protected":false},"excerpt":{"rendered":"<p>Der Ros V-Shawl ist ein asymmetrisches, gro\u00dfes Dreieckstuch mit wundersch\u00f6nen Kaffeeb\u00f6hnchenmuster und passt ideal zum Ros V-Neck Sweater und zu den Ros fingerless mittens (= Release ebenfalls 14.11.25). Das Tuch wird von der Spitze aus gestrickt und bekommt durch die Randmaschen wundersch\u00f6ne Kanten. An der linken Kante werden regelm\u00e4\u00dfig Maschen zugenommen. Das Kaffeeb\u00f6hnchenmuster wird in die zugenommenen Maschen mit eingebaut. Nach einer gewissen H\u00f6he wird ein \u201eV\u201c in glatt rechts eingestrickt. Wenn der Hauptteil beendet ist, werden Maschen f\u00fcr die kontrastfarbene Kante zugenommen, die senkrecht zum Schal gestrickt wird. Als besonderer Eyecatcher werden diese Maschen in einer Kontrastfarbe gearbeitet &#8211; du kannst selbstverst\u00e4ndlich entscheiden, das Tuch einfarbig\/uni zu stricken. Die Kante wird in einem einfachen Vorgang an den Schal fest gestrickt. Dieser Vorgang wird explizit beschrieben und ist mit einem Video in der Anleitung hinterlegt. Ich empfehle dir aufgrund des Musters, deinen Ros V-Shawl nach Fertigstellung unbedingt zu waschen und zu spannen, da sich die ganze Sch\u00f6nheit des Musters und Fall der Wolle erst danach richtig entfaltet. Ma\u00dfe: gewaschen\/gespannt\u00a0 \u00a0 \u00a0 \u00a0 \u00a0 \u00a0 \u00a0 \u00a0 190 x 166 x 105 cm (ungewaschen 150 x 140 x 98 cm) Maschenprobe\u00a0 \u00a0 \u00a0 \u00a0 \u00a0 \u00a0 \u00a0 \u00a0 \u00a0 \u00a0 \u00a0 \u00a0 \u00a0 20Ma x 24Rh = 10 x 10 cm glatt rechts, nach dem Waschen und Spannen Nadeln\u00a0 \u00a0 \u00a0 \u00a0 \u00a0 \u00a0 \u00a0 \u00a0 \u00a0 \u00a0 \u00a0 \u00a0 \u00a0 \u00a0 \u00a0 \u00a0 \u00a0 \u00a0 \u00a0 \u00a04,0 und 3,75 f\u00fcr die Kante am Ende (wenn du mit der Maschenprobe nicht hinkommst, w\u00e4hle eine andere Nadelst\u00e4rke Zubeh\u00f6r\u00a0 \u00a0 \u00a0 \u00a0 \u00a0 \u00a0 \u00a0 \u00a0 \u00a0 \u00a0 \u00a0 \u00a0 \u00a0 \u00a0 \u00a0 \u00a0 \u00a0 \u00a0 \u00a02 Maschenmarkierer, 2 Nadeln vom Nadelspiel 3,75 Garnempfehlung: Lang Yarns &#8211; der komplette Schal wird zweif\u00e4dig gestrickt: mit je 1 Faden Baby Alpaka und 1 Faden Lace. Verbrauch\u00a0 \u00a0 \u00a0 \u00a0 \u00a0 \u00a0 \u00a0 \u00a0 \u00a0 \u00a0 \u00a0 \u00a0 \u00a0 \u00a0 \u00a0 \u00a0 \u00a0 Gesamtlaufl\u00e4nge bzw. einfarbig gestrickt: ca. 1080 m Laufl\u00e4nge, zweif\u00e4dig gestrickt (je Garn 1080m). zweifarbig: ca. 930m LL jeweils f\u00fcr die Hauptfarbe (HF) und ca. 150m LL jeweils f\u00fcr die Kontrastfarbe (KF) Anzahl Kn\u00e4uel zweifarbig: In der Hauptfarbe (hier: grau) 930m LL, das entspricht: 6x Baby Alpaka und 3x Lace. Danach w\u00e4hlst du die Kontrastfarbe (hier: pink) 150m LL, das entspricht 1x Baby Alpaka und 1x Lace. Wenn du einfarbig stricken m\u00f6chtest, ben\u00f6tigst du 7x Baby Alpaka und 4x Lace. Die Anleitung bekommst du nach erfolgtem Zahlungseingang per Email als Download zugeschickt. &nbsp; Ros V-Shawl is an asymmetrical, large triangular shawl with a beautiful coffee bean pattern and goes perfectly with the Ros V-Neck Sweater an the cute Ros fingerless mittens. The shawl is worked from the tip and has beautiful edges thanks to the edge stitches. Stitches are increased regularly along the left edge. The coffee bean pattern is incorporated into the increased stitches. After a certain height, a \u2018V\u2019 is worked in stockinette stitch. Once the main section is complete, stitches are increased for the contrasting edge, which is worked vertically to the shawl. These stitches are worked in a contrasting colour to create a special eye-catching effect \u2013 but you can of course choose to work the shawl in one colour. The edge is worked onto the shawl in a simple process. This process is described in detail and is accompanied by a video in the instructions. Due to the pattern, I recommend that you wash and block your Ros V-Shawl after completion, as the full beauty of the pattern and drape of the wool will only really unfold afterwards. Measurements: washed\/blocked\u00a0 \u00a0\u00a0\u00a0\u00a0\u00a0\u00a0\u00a0\u00a0\u00a0\u00a0\u00a0\u00a0\u00a0\u00a0\u00a0\u00a0\u00a0\u00a0\u00a0\u00a0\u00a0\u00a0\u00a0 190 x 166 x 105 cm (before washing 150 x 140 x 98 cm) Gauge\u00a0 \u00a0 \u00a0 \u00a0 \u00a0 \u00a0 \u00a0 \u00a0 \u00a0 \u00a0 \u00a0 \u00a0 \u00a0 \u00a0 \u00a0 \u00a0 \u00a0 \u00a0 \u00a0 \u00a0 \u00a0 20 stitches x 24 rows = 10 x 10 cm in stockinette stitch, afterwashing and blocking Recommended needles\u00a0 \u00a0 \u00a0 \u00a0 \u00a0 \u00a0 \u00a0 \u00a04 mm \u2013 if you are a tight knitter, choose a larger needle size &#8211; 3,75 mm for the edge at the end Supplies\u00a0\u00a0\u00a0\u00a0\u00a0\u00a0\u00a0\u00a0\u00a0\u00a0\u00a0\u00a0\u00a0\u00a0\u00a0\u00a0\u00a0\u00a0\u00a0\u00a0\u00a0\u00a0\u00a0\u00a0\u00a0\u00a0\u00a0\u00a0\u00a0\u00a0\u00a0\u00a0\u00a0\u00a0\u00a0\u00a0 2 stitch markers, 2 dpns 3,75 mm Amount of yarn\u00a0 \u00a0 \u00a0 \u00a0 \u00a0 \u00a0 \u00a0 \u00a0 \u00a0 \u00a0 \u00a0 \u00a0 \u00a0in total: approx. 1080 m meterage, held double (1080 m per yarn). 2-threads: approx. 930 m meterage (main colour), approx. 150 m (contrasting colour) The original shawl is worked with double thread: 1 thread Baby Alpaka and 1 thread Lace. If you want to work with 2 threads, as the original, you need: For the main colour (MC) (here: in col. grey): the stated number of skeins of Baby Alpaka (6x) and Lace (3x). For the contrasting colour (CC) (here: in col. pink): the stated amount of yarn for both threads (Baby Alpaka (1x) and Lace (1x). Material\/Recommended yarn\u00a0\u00a0\u00a0 \u00a0\u00a0\u00a0\u00a0\u00a0\u00a0\u00a0\u00a0\u00a0\u00a0\u00a0\u00a0\u00a0\u00a0\u00a0\u00a0\u00a0\u00a0\u00a0\u00a0\u00a0\u00a0\u00a0\u00a0\u00a0\u00a0 \u00a0\u00a0\u00a0\u00a0\u00a0\u00a0\u00a0\u00a0\u00a0\u00a0\u00a0\u00a0\u00a0\u00a0\u00a0\u00a0\u00a0\u00a0\u00a0\u00a0\u00a0\u00a0\u00a0\u00a0\u00a0\u00a0 Amount of yarn Lang Yarns \/ 2-threads:\u00a0\u00a0\u00a0\u00a0\u00a0\u00a0\u00a0\u00a0\u00a0\u00a0\u00a0\u00a0\u00a0\u00a0\u00a0 Baby Alpaka &amp; Lace\u00a0\u00a0\u00a0\u00a0\u00a0\u00a0\u00a0\u00a0\u00a0\u00a0\u00a0\u00a0\u00a0\u00a0\u00a0\u00a0\u00a0\u00a0\u00a0\u00a0\u00a0\u00a0\u00a0 in total 1080 m meterage each Number of skeins: Baby Alpaka\u00a0 \u00a0 \u00a0 \u00a0 \u00a0 \u00a0 \u00a0 \u00a0 \u00a0 \u00a0 \u00a0 \u00a0 \u00a0 \u00a0 \u00a0 \u00a0 6 skeins (MC)\u00a0\u00a0\u00a0\u00a0\u00a0 1 skeins (CC) Lace\u00a0 \u00a0 \u00a0 \u00a0 \u00a0 \u00a0 \u00a0 \u00a0 \u00a0 \u00a0 \u00a0 \u00a0 \u00a0 \u00a0 \u00a0 \u00a0 \u00a0 \u00a0 \u00a0 \u00a0 \u00a0 \u00a0 3 skeins (MC)\u00a0\u00a0\u00a0\u00a0\u00a0 1 skein (CC)<\/p>","protected":false},"featured_media":8809,"comment_status":"open","ping_status":"closed","template":"","meta":{"_acf_changed":false},"product_brand":[],"product_cat":[99],"product_tag":[304,294,295,293,77],"class_list":{"0":"post-8697","1":"product","2":"type-product","3":"status-publish","4":"has-post-thumbnail","6":"product_cat-accessoires-strickdesigns","7":"product_tag-dreieckstuch","8":"product_tag-scarf","9":"product_tag-schal","10":"product_tag-shawl","11":"product_tag-startseite","12":"product_shipping_class-kostenfrei","14":"first","15":"instock","16":"downloadable","17":"taxable","18":"shipping-taxable","19":"purchasable","20":"product-type-simple"},"acf":[],"_links":{"self":[{"href":"https:\/\/kerstinritter-knits.de\/en\/wp-json\/wp\/v2\/product\/8697","targetHints":{"allow":["GET"]}}],"collection":[{"href":"https:\/\/kerstinritter-knits.de\/en\/wp-json\/wp\/v2\/product"}],"about":[{"href":"https:\/\/kerstinritter-knits.de\/en\/wp-json\/wp\/v2\/types\/product"}],"replies":[{"embeddable":true,"href":"https:\/\/kerstinritter-knits.de\/en\/wp-json\/wp\/v2\/comments?post=8697"}],"wp:featuredmedia":[{"embeddable":true,"href":"https:\/\/kerstinritter-knits.de\/en\/wp-json\/wp\/v2\/media\/8809"}],"wp:attachment":[{"href":"https:\/\/kerstinritter-knits.de\/en\/wp-json\/wp\/v2\/media?parent=8697"}],"wp:term":[{"taxonomy":"product_brand","embeddable":true,"href":"https:\/\/kerstinritter-knits.de\/en\/wp-json\/wp\/v2\/product_brand?post=8697"},{"taxonomy":"product_cat","embeddable":true,"href":"https:\/\/kerstinritter-knits.de\/en\/wp-json\/wp\/v2\/product_cat?post=8697"},{"taxonomy":"product_tag","embeddable":true,"href":"https:\/\/kerstinritter-knits.de\/en\/wp-json\/wp\/v2\/product_tag?post=8697"}],"curies":[{"name":"wp","href":"https:\/\/api.w.org\/{rel}","templated":true}]}}