{"id":8700,"date":"2025-11-05T18:00:54","date_gmt":"2025-11-05T17:00:54","guid":{"rendered":"https:\/\/kerstinritter-knits.de\/?post_type=product&#038;p=8700"},"modified":"2025-12-23T16:33:27","modified_gmt":"2025-12-23T15:33:27","slug":"ros-fingerless-mittens-handstulpen-dt-engl-release-14-11-25","status":"publish","type":"product","link":"https:\/\/kerstinritter-knits.de\/en\/product\/ros-fingerless-mittens-handstulpen-dt-engl-release-14-11-25\/","title":{"rendered":"ROS fingerless mittens (Handstulpen), dt.\/engl."},"content":{"rendered":"<p>Die \u201eRos fingerless mittens\u201c sind wundersch\u00f6ne Handstulpen die ideal zu M\u00e4nteln oder Jacken mit weiten \u00c4rmeln passen. Weiterhin passen sie perfekt zum kurz\u00e4meligen \u201eRos Vneck\u201c Sweater \/ Pullunder sowie zum Dreieckstuch &#8222;ROS V-Shawl&#8220;.<\/p>\n<p>Die Handstulpen werden mit einem Nadelspiel vom Arm bis zu den Fingern gestrickt. Selbstverst\u00e4ndlich kannst du auch mit der Magic Loop Methode arbeiten. Zun\u00e4chst strickst du ein B\u00fcndchen, danach das Muster in Runden, bevor Maschen f\u00fcr den Daumenkeil zugenommen werden. Nachdem die Maschen f\u00fcr den Daumen stillgelegt werden, wird zun\u00e4chst die Stulpe zu Ende gestrickt und mit einem B\u00fcndchen beendet.<\/p>\n<p>Anschlie\u00dfend werden die stillgelegten Maschen des Daumens wieder aufgenommen und in Runden im B\u00fcndchenmuster gestrickt.<\/p>\n<p>Gr\u00f6\u00dfen\u00a0\u00a0\u00a0\u00a0\u00a0\u00a0\u00a0\u00a0\u00a0\u00a0\u00a0\u00a0\u00a0\u00a0\u00a0\u00a0\u00a0\u00a0\u00a0\u00a0\u00a0\u00a0\u00a0\u00a0\u00a0\u00a0\u00a0\u00a0\u00a0\u00a0\u00a0\u00a0\u00a0\u00a0\u00a0\u00a0\u00a0 S (M) L\/XL<\/p>\n<p>Handumfang\u00a0 \u00a0 \u00a0 \u00a0 \u00a0 \u00a0 \u00a0 \u00a0 \u00a0 \u00a0 \u00a0 \u00a0 \u00a0 \u00a0 \u00a016-17 (18-19) 20-23 cm \/ Gesamtl\u00e4nge ca. 24cm<\/p>\n<p>Maschenprobe\u00a0 \u00a0 \u00a0 \u00a0 \u00a0 \u00a0 \u00a0 \u00a0 \u00a0 \u00a0 \u00a0 \u00a0 \u00a0 24 Ma x 30Rh = 10 x 10 cm im Muster, vor dem Waschen<\/p>\n<p>Nadeln\u00a0\u00a0\u00a0\u00a0\u00a0\u00a0\u00a0\u00a0\u00a0\u00a0\u00a0\u00a0\u00a0\u00a0\u00a0\u00a0\u00a0\u00a0\u00a0\u00a0\u00a0\u00a0\u00a0\u00a0\u00a0\u00a0\u00a0\u00a0\u00a0\u00a0\u00a0\u00a0\u00a0\u00a0\u00a0\u00a0\u00a0 Nadelspiel 3,5 mm \u2013 wenn du zwischen 2 Nadelst\u00e4rken \u00fcberlegst, w\u00e4hle die Kleinere (die Handstulpen sollten relativ eng gestrickt werden)<\/p>\n<p>Verbrauch\u00a0 \u00a0 \u00a0 \u00a0 \u00a0 \u00a0 \u00a0 \u00a0 \u00a0 \u00a0 \u00a0 \u00a0 \u00a0 \u00a0 \u00a0 \u00a0 \u00a0140 (170) 190 m Laufl\u00e4nge<\/p>\n<p>Zubeh\u00f6r\u00a0\u00a0\u00a0\u00a0\u00a0\u00a0\u00a0\u00a0\u00a0\u00a0\u00a0\u00a0\u00a0\u00a0\u00a0\u00a0\u00a0\u00a0\u00a0\u00a0\u00a0\u00a0\u00a0\u00a0\u00a0\u00a0\u00a0\u00a0\u00a0\u00a0\u00a0\u00a0\u00a0\u00a0\u00a0 2 Maschenmarkierer, 2 Sicherheitsnadeln<\/p>\n<p><strong>Material \/ Garnempfehlung \/ Verbrauch <\/strong>(die Handstulpen werden zweif\u00e4dig gestrickt)<\/p>\n<p>Lang Yarns\u00a0 \u00a0 \u00a0 \u00a0 \u00a0 \u00a0 \u00a0 \u00a0 \u00a0 \u00a0 \u00a0 \u00a0 \u00a0 \u00a0 \u00a0 \u00a0 \u00a0Baby Alpaka &amp; Lace\u00a0\u00a0\u00a0\u00a0\u00a0\u00a0\u00a0\u00a0\u00a0\u00a0\u00a0 je 1 Kn\u00e4uel (Gr. 2 und 3 ben\u00f6tigt 2 Kn\u00e4uel von Baby Alpaka und 1x Lace)<\/p>\n<p>Die Anleitung bekommst du nach erfolgtem Zahlungseingang per Email als Download zugeschickt.<\/p>\n<p>Ros fingerless mittens are beautiful fingerless gloves that go perfectly with coats or jackets with wide sleeves.<br \/>\nThey also match perfectly with the short-sleeved Ros V-neck sweater in the same pattern an the Ros V-Shawl.<\/p>\n<p>The fingerless mittens are worked on dpns or a circular needle from the arm to the fingers. You may as well use the Magic Loop method. First, the cuff is worked, then the pattern in rounds, before you work increases for the thumb gusset. \u00a0Thereafter, the thumb stitches are placed on hold, while you finish the fingerless mitten with a ribbing.<\/p>\n<p>Finally, you pick up the held thumb stitches and work the thumb in a rib pattern in rounds.<\/p>\n<p>&nbsp;<\/p>\n<p>Sizes\u00a0\u00a0\u00a0\u00a0\u00a0\u00a0\u00a0\u00a0\u00a0\u00a0\u00a0\u00a0\u00a0\u00a0\u00a0\u00a0\u00a0\u00a0\u00a0\u00a0\u00a0\u00a0\u00a0\u00a0\u00a0\u00a0\u00a0\u00a0\u00a0\u00a0\u00a0\u00a0\u00a0\u00a0\u00a0\u00a0\u00a0\u00a0\u00a0\u00a0 S (M) L\/XL<\/p>\n<p>Hand circumference\u00a0 \u00a0 \u00a0 \u00a0 \u00a0 \u00a0 \u00a0 \u00a0 \u00a016-17 (18-19) 20-23 cm<\/p>\n<p>Gauge\u00a0\u00a0 \u00a0\u00a0\u00a0\u00a0\u00a0\u00a0\u00a0\u00a0\u00a0\u00a0\u00a0\u00a0\u00a0\u00a0\u00a0\u00a0\u00a0\u00a0\u00a0\u00a0\u00a0\u00a0\u00a0\u00a0\u00a0\u00a0\u00a0\u00a0\u00a0\u00a0\u00a0\u00a0\u00a0\u00a0\u00a0 24 stitches x 30 rows = 10 x 10 cm in pattern, before washing<\/p>\n<p>Recommended needles\u00a0 \u00a0 \u00a0 \u00a0 \u00a0 \u00a0 Dpns 3,5 mm \u2013<\/p>\n<p>if you are in between 2 needle sizes, choose the smaller size (as the fingerless mittens should be worked rather tightly)<\/p>\n<p>Amount of yarn\u00a0\u00a0\u00a0\u00a0\u00a0\u00a0\u00a0\u00a0\u00a0\u00a0\u00a0\u00a0\u00a0\u00a0\u00a0\u00a0\u00a0\u00a0\u00a0\u00a0\u00a0\u00a0\u00a0\u00a0\u00a0\u00a0 140 (170) 190 m<\/p>\n<p>Supplies\u00a0\u00a0\u00a0\u00a0\u00a0\u00a0\u00a0\u00a0\u00a0\u00a0\u00a0\u00a0\u00a0\u00a0\u00a0\u00a0\u00a0\u00a0\u00a0\u00a0\u00a0\u00a0\u00a0\u00a0\u00a0\u00a0\u00a0\u00a0\u00a0\u00a0\u00a0\u00a0\u00a0\u00a0\u00a0 2 stitch markers, 2 safety pins<\/p>\n<p><strong>Material\/Recommended yarn\u00a0\u00a0\u00a0\u00a0\u00a0\u00a0\u00a0\u00a0\u00a0\u00a0\u00a0\u00a0\u00a0\u00a0\u00a0\u00a0\u00a0\u00a0\u00a0\u00a0\u00a0\u00a0\u00a0\u00a0\u00a0\u00a0\u00a0\u00a0\u00a0\u00a0\u00a0\u00a0\u00a0\u00a0\u00a0\u00a0\u00a0 Amount of yarn<\/strong><\/p>\n<p>Lang Yarns \/ 2-threads:\u00a0\u00a0\u00a0\u00a0\u00a0\u00a0\u00a0\u00a0\u00a0\u00a0\u00a0\u00a0\u00a0\u00a0 Baby Alpaka &amp; Lace\u00a0 \u00a0 XS\/S: 1 skein Baby Alpaca, 1x Lace<\/p>\n<p>M-XL: 2 skeins Baby Alpaca, 1x Lace<\/p>\n<p>&nbsp;<\/p>","protected":false},"excerpt":{"rendered":"<p>Die \u201eRos fingerless mittens\u201c sind wundersch\u00f6ne Handstulpen die ideal zu M\u00e4nteln oder Jacken mit weiten \u00c4rmeln passen. Weiterhin passen sie perfekt zum kurz\u00e4meligen \u201eRos Vneck\u201c Sweater \/ Pullunder sowie zum Dreieckstuch &#8222;ROS V-Shawl&#8220;. Die Handstulpen werden mit einem Nadelspiel vom Arm bis zu den Fingern gestrickt. Selbstverst\u00e4ndlich kannst du auch mit der Magic Loop Methode arbeiten. Zun\u00e4chst strickst du ein B\u00fcndchen, danach das Muster in Runden, bevor Maschen f\u00fcr den Daumenkeil zugenommen werden. Nachdem die Maschen f\u00fcr den Daumen stillgelegt werden, wird zun\u00e4chst die Stulpe zu Ende gestrickt und mit einem B\u00fcndchen beendet. Anschlie\u00dfend werden die stillgelegten Maschen des Daumens wieder aufgenommen und in Runden im B\u00fcndchenmuster gestrickt. Gr\u00f6\u00dfen\u00a0\u00a0\u00a0\u00a0\u00a0\u00a0\u00a0\u00a0\u00a0\u00a0\u00a0\u00a0\u00a0\u00a0\u00a0\u00a0\u00a0\u00a0\u00a0\u00a0\u00a0\u00a0\u00a0\u00a0\u00a0\u00a0\u00a0\u00a0\u00a0\u00a0\u00a0\u00a0\u00a0\u00a0\u00a0\u00a0\u00a0 S (M) L\/XL Handumfang\u00a0 \u00a0 \u00a0 \u00a0 \u00a0 \u00a0 \u00a0 \u00a0 \u00a0 \u00a0 \u00a0 \u00a0 \u00a0 \u00a0 \u00a016-17 (18-19) 20-23 cm \/ Gesamtl\u00e4nge ca. 24cm Maschenprobe\u00a0 \u00a0 \u00a0 \u00a0 \u00a0 \u00a0 \u00a0 \u00a0 \u00a0 \u00a0 \u00a0 \u00a0 \u00a0 24 Ma x 30Rh = 10 x 10 cm im Muster, vor dem Waschen Nadeln\u00a0\u00a0\u00a0\u00a0\u00a0\u00a0\u00a0\u00a0\u00a0\u00a0\u00a0\u00a0\u00a0\u00a0\u00a0\u00a0\u00a0\u00a0\u00a0\u00a0\u00a0\u00a0\u00a0\u00a0\u00a0\u00a0\u00a0\u00a0\u00a0\u00a0\u00a0\u00a0\u00a0\u00a0\u00a0\u00a0\u00a0 Nadelspiel 3,5 mm \u2013 wenn du zwischen 2 Nadelst\u00e4rken \u00fcberlegst, w\u00e4hle die Kleinere (die Handstulpen sollten relativ eng gestrickt werden) Verbrauch\u00a0 \u00a0 \u00a0 \u00a0 \u00a0 \u00a0 \u00a0 \u00a0 \u00a0 \u00a0 \u00a0 \u00a0 \u00a0 \u00a0 \u00a0 \u00a0 \u00a0140 (170) 190 m Laufl\u00e4nge Zubeh\u00f6r\u00a0\u00a0\u00a0\u00a0\u00a0\u00a0\u00a0\u00a0\u00a0\u00a0\u00a0\u00a0\u00a0\u00a0\u00a0\u00a0\u00a0\u00a0\u00a0\u00a0\u00a0\u00a0\u00a0\u00a0\u00a0\u00a0\u00a0\u00a0\u00a0\u00a0\u00a0\u00a0\u00a0\u00a0\u00a0 2 Maschenmarkierer, 2 Sicherheitsnadeln Material \/ Garnempfehlung \/ Verbrauch (die Handstulpen werden zweif\u00e4dig gestrickt) Lang Yarns\u00a0 \u00a0 \u00a0 \u00a0 \u00a0 \u00a0 \u00a0 \u00a0 \u00a0 \u00a0 \u00a0 \u00a0 \u00a0 \u00a0 \u00a0 \u00a0 \u00a0Baby Alpaka &amp; Lace\u00a0\u00a0\u00a0\u00a0\u00a0\u00a0\u00a0\u00a0\u00a0\u00a0\u00a0 je 1 Kn\u00e4uel (Gr. 2 und 3 ben\u00f6tigt 2 Kn\u00e4uel von Baby Alpaka und 1x Lace) Die Anleitung bekommst du nach erfolgtem Zahlungseingang per Email als Download zugeschickt. Ros fingerless mittens are beautiful fingerless gloves that go perfectly with coats or jackets with wide sleeves. They also match perfectly with the short-sleeved Ros V-neck sweater in the same pattern an the Ros V-Shawl. The fingerless mittens are worked on dpns or a circular needle from the arm to the fingers. You may as well use the Magic Loop method. First, the cuff is worked, then the pattern in rounds, before you work increases for the thumb gusset. \u00a0Thereafter, the thumb stitches are placed on hold, while you finish the fingerless mitten with a ribbing. Finally, you pick up the held thumb stitches and work the thumb in a rib pattern in rounds. &nbsp; Sizes\u00a0\u00a0\u00a0\u00a0\u00a0\u00a0\u00a0\u00a0\u00a0\u00a0\u00a0\u00a0\u00a0\u00a0\u00a0\u00a0\u00a0\u00a0\u00a0\u00a0\u00a0\u00a0\u00a0\u00a0\u00a0\u00a0\u00a0\u00a0\u00a0\u00a0\u00a0\u00a0\u00a0\u00a0\u00a0\u00a0\u00a0\u00a0\u00a0\u00a0 S (M) L\/XL Hand circumference\u00a0 \u00a0 \u00a0 \u00a0 \u00a0 \u00a0 \u00a0 \u00a0 \u00a016-17 (18-19) 20-23 cm Gauge\u00a0\u00a0 \u00a0\u00a0\u00a0\u00a0\u00a0\u00a0\u00a0\u00a0\u00a0\u00a0\u00a0\u00a0\u00a0\u00a0\u00a0\u00a0\u00a0\u00a0\u00a0\u00a0\u00a0\u00a0\u00a0\u00a0\u00a0\u00a0\u00a0\u00a0\u00a0\u00a0\u00a0\u00a0\u00a0\u00a0\u00a0 24 stitches x 30 rows = 10 x 10 cm in pattern, before washing Recommended needles\u00a0 \u00a0 \u00a0 \u00a0 \u00a0 \u00a0 Dpns 3,5 mm \u2013 if you are in between 2 needle sizes, choose the smaller size (as the fingerless mittens should be worked rather tightly) Amount of yarn\u00a0\u00a0\u00a0\u00a0\u00a0\u00a0\u00a0\u00a0\u00a0\u00a0\u00a0\u00a0\u00a0\u00a0\u00a0\u00a0\u00a0\u00a0\u00a0\u00a0\u00a0\u00a0\u00a0\u00a0\u00a0\u00a0 140 (170) 190 m Supplies\u00a0\u00a0\u00a0\u00a0\u00a0\u00a0\u00a0\u00a0\u00a0\u00a0\u00a0\u00a0\u00a0\u00a0\u00a0\u00a0\u00a0\u00a0\u00a0\u00a0\u00a0\u00a0\u00a0\u00a0\u00a0\u00a0\u00a0\u00a0\u00a0\u00a0\u00a0\u00a0\u00a0\u00a0\u00a0 2 stitch markers, 2 safety pins Material\/Recommended yarn\u00a0\u00a0\u00a0\u00a0\u00a0\u00a0\u00a0\u00a0\u00a0\u00a0\u00a0\u00a0\u00a0\u00a0\u00a0\u00a0\u00a0\u00a0\u00a0\u00a0\u00a0\u00a0\u00a0\u00a0\u00a0\u00a0\u00a0\u00a0\u00a0\u00a0\u00a0\u00a0\u00a0\u00a0\u00a0\u00a0\u00a0 Amount of yarn Lang Yarns \/ 2-threads:\u00a0\u00a0\u00a0\u00a0\u00a0\u00a0\u00a0\u00a0\u00a0\u00a0\u00a0\u00a0\u00a0\u00a0 Baby Alpaka &amp; Lace\u00a0 \u00a0 XS\/S: 1 skein Baby Alpaca, 1x Lace M-XL: 2 skeins Baby Alpaca, 1x Lace &nbsp;<\/p>","protected":false},"featured_media":8806,"comment_status":"open","ping_status":"closed","template":"","meta":{"_acf_changed":false},"product_brand":[],"product_cat":[99],"product_tag":[302,301,303,294,295,293,77],"class_list":{"0":"post-8700","1":"product","2":"type-product","3":"status-publish","4":"has-post-thumbnail","6":"product_cat-accessoires-strickdesigns","7":"product_tag-fingerless-mittens","8":"product_tag-handstulpen","9":"product_tag-mittens","10":"product_tag-scarf","11":"product_tag-schal","12":"product_tag-shawl","13":"product_tag-startseite","14":"product_shipping_class-kostenfrei","16":"first","17":"instock","18":"downloadable","19":"taxable","20":"shipping-taxable","21":"purchasable","22":"product-type-simple"},"acf":[],"_links":{"self":[{"href":"https:\/\/kerstinritter-knits.de\/en\/wp-json\/wp\/v2\/product\/8700","targetHints":{"allow":["GET"]}}],"collection":[{"href":"https:\/\/kerstinritter-knits.de\/en\/wp-json\/wp\/v2\/product"}],"about":[{"href":"https:\/\/kerstinritter-knits.de\/en\/wp-json\/wp\/v2\/types\/product"}],"replies":[{"embeddable":true,"href":"https:\/\/kerstinritter-knits.de\/en\/wp-json\/wp\/v2\/comments?post=8700"}],"wp:featuredmedia":[{"embeddable":true,"href":"https:\/\/kerstinritter-knits.de\/en\/wp-json\/wp\/v2\/media\/8806"}],"wp:attachment":[{"href":"https:\/\/kerstinritter-knits.de\/en\/wp-json\/wp\/v2\/media?parent=8700"}],"wp:term":[{"taxonomy":"product_brand","embeddable":true,"href":"https:\/\/kerstinritter-knits.de\/en\/wp-json\/wp\/v2\/product_brand?post=8700"},{"taxonomy":"product_cat","embeddable":true,"href":"https:\/\/kerstinritter-knits.de\/en\/wp-json\/wp\/v2\/product_cat?post=8700"},{"taxonomy":"product_tag","embeddable":true,"href":"https:\/\/kerstinritter-knits.de\/en\/wp-json\/wp\/v2\/product_tag?post=8700"}],"curies":[{"name":"wp","href":"https:\/\/api.w.org\/{rel}","templated":true}]}}