{"id":898,"date":"2024-08-20T15:58:31","date_gmt":"2024-08-20T13:58:31","guid":{"rendered":"https:\/\/dev.kerstinritter-knits.de\/?post_type=product&#038;p=898"},"modified":"2026-03-12T09:26:27","modified_gmt":"2026-03-12T08:26:27","slug":"mala-maematit-8-mm-perlen-mit-silbener-abschlussperle","status":"publish","type":"product","link":"https:\/\/kerstinritter-knits.de\/en\/product\/mala-maematit-8-mm-perlen-mit-silbener-abschlussperle\/","title":{"rendered":"Mala \u201cH\u00c4MATIT\u201d, 8mm"},"content":{"rendered":"<p>Mala \u201cH\u00c4MATIT\u201d mit facettierten 8mm Perlen und silberner Schnecke als Abschluss.<\/p>\n<p>Diese Mala wird auf einer schwarzen Seidenschnur geknotet.<\/p>\n<p>Das passende Armband findest du ebenfalls im Shop!<\/p>\n<p>Zur H\u00c4MATIT Perle: Dieser Stein kann die Regenerationsf\u00e4higkeit des K\u00f6rpers f\u00f6rdern und somit bei der Rekonvaleszenz unterst\u00fctzen. Man sagt dem Stein zus\u00e4tzlich nach, dass er regenerierend auf die Leber wirken soll und so unserem K\u00f6rper die Entgiftung erleichtern kann. Er f\u00f6rdert die Narbenverheilung und soll seinen Tr\u00e4ger helfen, seine Vitalit\u00e4t und Energie steigern.<\/p>","protected":false},"excerpt":{"rendered":"<p>Mala \u201cH\u00c4MATIT\u201d mit facettierten 8mm Perlen und silberner Schnecke als Abschluss. Diese Mala wird auf einer schwarzen Seidenschnur geknotet. Das passende Armband findest du ebenfalls im Shop! Zur H\u00c4MATIT Perle: Dieser Stein kann die Regenerationsf\u00e4higkeit des K\u00f6rpers f\u00f6rdern und somit bei der Rekonvaleszenz unterst\u00fctzen. Man sagt dem Stein zus\u00e4tzlich nach, dass er regenerierend auf die Leber wirken soll und so unserem K\u00f6rper die Entgiftung erleichtern kann. Er f\u00f6rdert die Narbenverheilung und soll seinen Tr\u00e4ger helfen, seine Vitalit\u00e4t und Energie steigern.<\/p>","protected":false},"featured_media":895,"comment_status":"open","ping_status":"closed","template":"","meta":{"_acf_changed":false},"product_brand":[],"product_cat":[78,75],"product_tag":[],"class_list":{"0":"post-898","1":"product","2":"type-product","3":"status-publish","4":"has-post-thumbnail","6":"product_cat-malas","7":"product_cat-schmuck","8":"product_shipping_class-malas","10":"first","11":"instock","12":"taxable","13":"shipping-taxable","14":"purchasable","15":"product-type-simple"},"acf":[],"_links":{"self":[{"href":"https:\/\/kerstinritter-knits.de\/en\/wp-json\/wp\/v2\/product\/898","targetHints":{"allow":["GET"]}}],"collection":[{"href":"https:\/\/kerstinritter-knits.de\/en\/wp-json\/wp\/v2\/product"}],"about":[{"href":"https:\/\/kerstinritter-knits.de\/en\/wp-json\/wp\/v2\/types\/product"}],"replies":[{"embeddable":true,"href":"https:\/\/kerstinritter-knits.de\/en\/wp-json\/wp\/v2\/comments?post=898"}],"wp:featuredmedia":[{"embeddable":true,"href":"https:\/\/kerstinritter-knits.de\/en\/wp-json\/wp\/v2\/media\/895"}],"wp:attachment":[{"href":"https:\/\/kerstinritter-knits.de\/en\/wp-json\/wp\/v2\/media?parent=898"}],"wp:term":[{"taxonomy":"product_brand","embeddable":true,"href":"https:\/\/kerstinritter-knits.de\/en\/wp-json\/wp\/v2\/product_brand?post=898"},{"taxonomy":"product_cat","embeddable":true,"href":"https:\/\/kerstinritter-knits.de\/en\/wp-json\/wp\/v2\/product_cat?post=898"},{"taxonomy":"product_tag","embeddable":true,"href":"https:\/\/kerstinritter-knits.de\/en\/wp-json\/wp\/v2\/product_tag?post=898"}],"curies":[{"name":"wp","href":"https:\/\/api.w.org\/{rel}","templated":true}]}}